{"id":141,"date":"2016-12-26T22:28:18","date_gmt":"2016-12-26T21:28:18","guid":{"rendered":"https:\/\/akonda-test.key2print.com\/?page_id=141"},"modified":"2025-12-18T13:19:51","modified_gmt":"2025-12-18T12:19:51","slug":"kontakt","status":"publish","type":"page","link":"https:\/\/akonda.pl\/en\/contact\/","title":{"rendered":"Contact"},"content":{"rendered":"<p>[et_pb_section fb_built=&#8221;1&#8243; fullwidth=&#8221;on&#8221; admin_label=&#8221;Section&#8221; _builder_version=&#8221;4.16&#8243; parallax=&#8221;on&#8221; custom_padding=&#8221;0px|0px|0|0px&#8221; transparent_background=&#8221;off&#8221; global_colors_info=&#8221;{}&#8221;][et_pb_fullwidth_header title=&#8221;KONTAKT&#8221; text_orientation=&#8221;center&#8221; admin_label=&#8221;Fullwidth Header&#8221; _builder_version=&#8221;4.16&#8243; title_font=&#8221;|on|||&#8221; title_text_color=&#8221;#ffffff&#8221; background_color=&#8221;rgba(255,255,255,0)&#8221; background_image=&#8221;https:\/\/akonda.pl\/wp-content\/uploads\/2019\/04\/t\u0142o-1920px-1.jpg&#8221; background_layout=&#8221;light&#8221; global_colors_info=&#8221;{}&#8221; button_one_text_size__hover_enabled=&#8221;off&#8221; button_two_text_size__hover_enabled=&#8221;off&#8221; button_one_text_color__hover_enabled=&#8221;off&#8221; button_two_text_color__hover_enabled=&#8221;off&#8221; button_one_border_width__hover_enabled=&#8221;off&#8221; button_two_border_width__hover_enabled=&#8221;off&#8221; button_one_border_color__hover_enabled=&#8221;off&#8221; button_two_border_color__hover_enabled=&#8221;off&#8221; button_one_border_radius__hover_enabled=&#8221;off&#8221; button_two_border_radius__hover_enabled=&#8221;off&#8221; button_one_letter_spacing__hover_enabled=&#8221;off&#8221; button_two_letter_spacing__hover_enabled=&#8221;off&#8221; button_one_bg_color__hover_enabled=&#8221;off&#8221; button_two_bg_color__hover_enabled=&#8221;off&#8221;][\/et_pb_fullwidth_header][\/et_pb_section][et_pb_section fb_built=&#8221;1&#8243; custom_padding_last_edited=&#8221;on|desktop&#8221; admin_label=&#8221;Section&#8221; _builder_version=&#8221;4.16&#8243; custom_padding_tablet=&#8221;50px|0|50px|0&#8243; custom_padding_phone=&#8221;&#8221; padding_mobile=&#8221;off&#8221; global_colors_info=&#8221;{}&#8221;][et_pb_row column_structure=&#8221;1_2,1_2&#8243; padding_mobile=&#8221;off&#8221; column_padding_mobile=&#8221;on&#8221; admin_label=&#8221;Row&#8221; _builder_version=&#8221;4.16&#8243; background_size=&#8221;initial&#8221; background_position=&#8221;top_left&#8221; background_repeat=&#8221;repeat&#8221; global_colors_info=&#8221;{}&#8221;][et_pb_column type=&#8221;1_2&#8243; _builder_version=&#8221;4.16&#8243; custom_padding=&#8221;|||&#8221; global_colors_info=&#8221;{}&#8221; custom_padding__hover=&#8221;|||&#8221;][et_pb_text _builder_version=&#8221;4.27.4&#8243; _module_preset=&#8221;default&#8221; header_2_font=&#8221;|700|||||||&#8221; header_2_text_color=&#8221;#000000&#8243; header_2_font_size=&#8221;2em&#8221; custom_margin=&#8221;||19px|||&#8221; hover_enabled=&#8221;0&#8243; global_colors_info=&#8221;{}&#8221; sticky_enabled=&#8221;0&#8243;]<\/p>\n<h2>Make an appointment online<\/h2>\n<p>[\/et_pb_text][et_pb_code _builder_version=&#8221;4.27.4&#8243; _module_preset=&#8221;default&#8221; hover_enabled=&#8221;0&#8243; sticky_enabled=&#8221;0&#8243;]<!-- Google Calendar Appointment Scheduling begin --><!-- [et_pb_line_break_holder] --><iframe loading=\"lazy\" src=\"https:\/\/calendar.google.com\/calendar\/appointments\/schedules\/AcZssZ14_sOXTM-Z8xcItFvfyWLMXyCIfGcI_3F3MKkCwPSppXJrNqP1CMp824qaZrfrgQyiBDIR7SbO?gv=true\" style=\"border: 0\" width=\"100%\" height=\"600\" frameborder=\"0\"><\/iframe><!-- [et_pb_line_break_holder] --><!-- end Google Calendar Appointment Scheduling --><!-- [et_pb_line_break_holder] --><!-- [et_pb_line_break_holder] --><!-- [et_pb_line_break_holder] --><!-- Google Calendar Appointment Scheduling begin --><!-- [et_pb_line_break_holder] --><link href=\"https:\/\/calendar.google.com\/calendar\/scheduling-button-script.css\" rel=\"stylesheet\"><!-- [et_pb_line_break_holder] --><script src=\"https:\/\/calendar.google.com\/calendar\/scheduling-button-script.js\" async><\/script><!-- [et_pb_line_break_holder] --><script><!-- [et_pb_line_break_holder] -->(function() {<!-- [et_pb_line_break_holder] -->  var target = document.currentScript;<!-- [et_pb_line_break_holder] -->  window.addEventListener('load', function() {<!-- [et_pb_line_break_holder] -->    calendar.schedulingButton.load({<!-- [et_pb_line_break_holder] -->      url: 'https:\/\/calendar.google.com\/calendar\/appointments\/schedules\/AcZssZ14_sOXTM-Z8xcItFvfyWLMXyCIfGcI_3F3MKkCwPSppXJrNqP1CMp824qaZrfrgQyiBDIR7SbO?gv=true',<!-- [et_pb_line_break_holder] -->      color: '#039BE5',<!-- [et_pb_line_break_holder] -->      label: 'Zarezerwuj spotkanie',<!-- [et_pb_line_break_holder] -->      target,<!-- [et_pb_line_break_holder] -->    });<!-- [et_pb_line_break_holder] -->  });<!-- [et_pb_line_break_holder] -->})();<!-- [et_pb_line_break_holder] --><\/script><!-- [et_pb_line_break_holder] --><!-- end Google Calendar Appointment Scheduling --><!-- [et_pb_line_break_holder] -->[\/et_pb_code][et_pb_text _builder_version=&#8221;4.23.1&#8243; _module_preset=&#8221;default&#8221; header_2_font=&#8221;|700|||||||&#8221; header_2_text_color=&#8221;#000000&#8243; header_2_font_size=&#8221;2em&#8221; custom_margin=&#8221;||19px|||&#8221; global_colors_info=&#8221;{}&#8221;]<\/p>\n<h2>Akonda invites:<\/h2>\n<p>[\/et_pb_text][et_pb_code _builder_version=&#8221;4.23.1&#8243; _module_preset=&#8221;default&#8221; background_image=&#8221;https:\/\/akonda.pl\/wp-content\/uploads\/2024\/09\/slack-imgs.jpg&#8221; custom_css_main_element=&#8221;min-height:300px !important&#8221; border_radii=&#8221;on|25px|25px|25px|25px&#8221; global_colors_info=&#8221;{}&#8221;][\/et_pb_code][et_pb_code _builder_version=&#8221;4.23.1&#8243; _module_preset=&#8221;default&#8221; global_colors_info=&#8221;{}&#8221;][\/et_pb_code][et_pb_blurb use_icon=&#8221;on&#8221; font_icon=&#8221;&#x3d;||divi||400&#8243; icon_placement=&#8221;left&#8221; content_max_width=&#8221;100%&#8221; _builder_version=&#8221;4.23.1&#8243; _module_preset=&#8221;default&#8221; body_text_color=&#8221;#000000&#8243; body_font_size=&#8221;18px&#8221; custom_margin=&#8221;||16px|||&#8221; global_colors_info=&#8221;{}&#8221;]<\/p>\n<p>Show-room 17 km from the center of Warsaw<\/p>\n<p>[\/et_pb_blurb][et_pb_blurb use_icon=&#8221;on&#8221; font_icon=&#8221;&#x3d;||divi||400&#8243; icon_placement=&#8221;left&#8221; content_max_width=&#8221;100%&#8221; _builder_version=&#8221;4.23.1&#8243; _module_preset=&#8221;default&#8221; body_text_color=&#8221;#000000&#8243; body_font_size=&#8221;18px&#8221; custom_margin=&#8221;||16px|||&#8221; global_colors_info=&#8221;{}&#8221;]<\/p>\n<p>Professional consulting and live demonstrations<\/p>\n<p>[\/et_pb_blurb][et_pb_blurb use_icon=&#8221;on&#8221; font_icon=&#8221;&#x3d;||divi||400&#8243; icon_placement=&#8221;left&#8221; content_max_width=&#8221;100%&#8221; _builder_version=&#8221;4.23.1&#8243; _module_preset=&#8221;default&#8221; body_text_color=&#8221;#000000&#8243; body_font_size=&#8221;18px&#8221; custom_margin=&#8221;||16px|||&#8221; global_colors_info=&#8221;{}&#8221;]<\/p>\n<p>See revolutions in automation of cutting and finishing processes<\/p>\n<p>[\/et_pb_blurb][et_pb_blurb use_icon=&#8221;on&#8221; font_icon=&#8221;&#x3d;||divi||400&#8243; icon_placement=&#8221;left&#8221; content_max_width=&#8221;100%&#8221; _builder_version=&#8221;4.23.1&#8243; _module_preset=&#8221;default&#8221; body_text_color=&#8221;#000000&#8243; body_font_size=&#8221;18px&#8221; custom_margin=&#8221;||16px|||&#8221; global_colors_info=&#8221;{}&#8221;]<\/p>\n<p>Contact us and schedule your visit today<\/p>\n<p>[\/et_pb_blurb][et_pb_text admin_label=&#8221;Text&#8221; _builder_version=&#8221;4.23.1&#8243; text_text_color=&#8221;#000000&#8243; text_font_size=&#8221;20px&#8221; header_font_size=&#8221;35px&#8221; background_size=&#8221;initial&#8221; background_position=&#8221;top_left&#8221; background_repeat=&#8221;repeat&#8221; header_font_size_tablet=&#8221;&#8221; header_font_size_phone=&#8221;&#8221; header_font_size_last_edited=&#8221;on|desktop&#8221; use_border_color=&#8221;off&#8221; global_colors_info=&#8221;{}&#8221;]<\/p>\n<hr \/>\n<h1 style=\"text-align: left;\"><strong>AKONDA<\/strong><\/h1>\n<h3 style=\"text-align: left;\">176 Geodets Street,<\/h3>\n<h3 style=\"text-align: left;\">05-500 Piaseczno near Warsaw<\/h3>\n<h3>Tel. <a href=\"tel: 48223550192\">(+48) 22 355 01 92<\/a><\/h3>\n<p>\u00a0<strong>Quick response guaranteed!<\/strong> Contact us today:<\/p>\n<ul data-sourcepos=\"23:1-25:0\">\n<li data-sourcepos=\"23:1-23:31\"><strong>Through the contact form<\/strong><\/li>\n<li data-sourcepos=\"23:1-23:31\"><strong>E-mail:<\/strong> <a href=\"mailto:kontakt@akonda.pl\">kontakt@akonda.pl<\/a><\/li>\n<\/ul>\n<p>&nbsp;<\/p>\n<p>If you prefer to talk, contact our Sales Representatives directly.<\/p>\n<p style=\"text-align: left;\">Tel. 1:<a href=\"tel: 48537442929\"><strong> (+48)\u00a0<\/strong><\/a><strong><a href=\"tel: 48537442929\">537 44 29 29<\/a>\u00a0<\/strong><\/p>\n<p style=\"text-align: left;\">Tel. 2: <a href=\"tel: 48796442828\"><strong>(+48)\u00a0<\/strong><strong>796 44 28 28<\/strong><\/a><\/p>\n<p style=\"text-align: left;\">Tel. 3: <a href=\"tel: 48535761122\"><strong>(+48) 535 76 11 22<\/strong><\/a><\/p>\n<p style=\"text-align: left;\">Tel 4: <a href=\"tel: 48501773665\"><strong>(+48) 501 773 665<\/strong><\/a><\/p>\n<p>&nbsp;<\/p>\n<p style=\"text-align: left;\">Please send service requests using the form located at: <a href=\"https:\/\/akonda.pl\/en\/service\/\">https:\/\/akonda.pl\/serwis\/<\/a><\/p>\n<p>[\/et_pb_text][\/et_pb_column][et_pb_column type=&#8221;1_2&#8243; _builder_version=&#8221;4.16&#8243; custom_padding=&#8221;|||&#8221; global_colors_info=&#8221;{}&#8221; custom_padding__hover=&#8221;|||&#8221;][et_pb_text _builder_version=&#8221;4.16&#8243; global_colors_info=&#8221;{}&#8221;]<\/p>\n<div data-paperform-id=\"cendhbla\"><\/div>\n<p><script>(function() {var script = document.createElement('script'); script.src = \"https:\/\/paperform.co\/__embed\"; document.body.appendChild(script); })()<\/script><br \/>\n[\/et_pb_text][\/et_pb_column][\/et_pb_row][\/et_pb_section][et_pb_section fb_built=&#8221;1&#8243; _builder_version=&#8221;4.16&#8243; custom_padding=&#8221;0|0px|0|0px&#8221; global_colors_info=&#8221;{}&#8221;][et_pb_row use_custom_gutter=&#8221;on&#8221; gutter_width=&#8221;1&#8243; module_class=&#8221; et_pb_row_fullwidth&#8221; _builder_version=&#8221;4.16&#8243; background_size=&#8221;initial&#8221; background_position=&#8221;top_left&#8221; background_repeat=&#8221;repeat&#8221; width=&#8221;100%&#8221; width_tablet=&#8221;100%&#8221; width_phone=&#8221;&#8221; width_last_edited=&#8221;on|desktop&#8221; max_width=&#8221;100%&#8221; max_width_tablet=&#8221;100%&#8221; max_width_phone=&#8221;&#8221; max_width_last_edited=&#8221;on|desktop&#8221; custom_padding=&#8221;0|40px|0|40px&#8221; make_fullwidth=&#8221;on&#8221; global_colors_info=&#8221;{}&#8221;][et_pb_column type=&#8221;4_4&#8243; _builder_version=&#8221;4.16&#8243; custom_padding=&#8221;|||&#8221; global_colors_info=&#8221;{}&#8221; custom_padding__hover=&#8221;|||&#8221;][et_pb_map address=&#8221;Geodet\u00f3w 178, 05-500 Piaseczno, Polska&#8221; address_lat=&#8221;52.0915855&#8243; address_lng=&#8221;21.046695&#8243; admin_label=&#8221;Map&#8221; _builder_version=&#8221;4.16&#8243; global_colors_info=&#8221;{}&#8221;][et_pb_map_pin title=&#8221;AKONDA SC&#8221; pin_address=&#8221;Geodet\u00f3w 176, Piaseczno, Polska&#8221; pin_address_lat=&#8221;52.0916656&#8243; pin_address_lng=&#8221;21.04536630000007&#8243; _builder_version=&#8221;3.0.47&#8243; global_colors_info=&#8221;{}&#8221;] [\/et_pb_map_pin][\/et_pb_map][\/et_pb_column][\/et_pb_row][\/et_pb_section]<\/p>","protected":false},"excerpt":{"rendered":"<p>Um\u00f3w spotkanie onlineAkonda zaprasza:Show-room 17 km od centrum WarszawyProfesjonalne doradztwo i demonstracje na \u017cywoZobacz rewolucje w automatyzacji proces\u00f3w wycinania i uszlachetnianiaSkontaktuj si\u0119 z nami i zaplanuj swoj\u0105 wizyt\u0119 ju\u017c dzi\u015b AKONDA ul. Geodet\u00f3w 176, 05-500 Piaseczno k. Warszawy Tel. (+48) 22 355 01 92 \u00a0Szybka odpowied\u017a gwarantowana! Skontaktuj si\u0119 z nami ju\u017c dzi\u015b: Poprzez formularz [&hellip;]<\/p>","protected":false},"author":3,"featured_media":0,"parent":0,"menu_order":0,"comment_status":"closed","ping_status":"closed","template":"","meta":{"_acf_changed":false,"_et_pb_use_builder":"on","_et_pb_old_content":"","_et_gb_content_width":"","inline_featured_image":false,"_monsterinsights_skip_tracking":false,"_monsterinsights_sitenote_active":false,"_monsterinsights_sitenote_note":"","_monsterinsights_sitenote_category":0,"footnotes":""},"class_list":["post-141","page","type-page","status-publish","hentry"],"acf":[],"_links":{"self":[{"href":"https:\/\/akonda.pl\/en\/wp-json\/wp\/v2\/pages\/141","targetHints":{"allow":["GET"]}}],"collection":[{"href":"https:\/\/akonda.pl\/en\/wp-json\/wp\/v2\/pages"}],"about":[{"href":"https:\/\/akonda.pl\/en\/wp-json\/wp\/v2\/types\/page"}],"author":[{"embeddable":true,"href":"https:\/\/akonda.pl\/en\/wp-json\/wp\/v2\/users\/3"}],"replies":[{"embeddable":true,"href":"https:\/\/akonda.pl\/en\/wp-json\/wp\/v2\/comments?post=141"}],"version-history":[{"count":8,"href":"https:\/\/akonda.pl\/en\/wp-json\/wp\/v2\/pages\/141\/revisions"}],"predecessor-version":[{"id":7625,"href":"https:\/\/akonda.pl\/en\/wp-json\/wp\/v2\/pages\/141\/revisions\/7625"}],"wp:attachment":[{"href":"https:\/\/akonda.pl\/en\/wp-json\/wp\/v2\/media?parent=141"}],"curies":[{"name":"wp","href":"https:\/\/api.w.org\/{rel}","templated":true}]}}