{"id":2885,"date":"2021-02-17T16:50:43","date_gmt":"2021-02-17T15:50:43","guid":{"rendered":"https:\/\/akonda.pl\/?page_id=2885"},"modified":"2021-02-18T10:37:38","modified_gmt":"2021-02-18T09:37:38","slug":"demo-digital-box-factory","status":"publish","type":"page","link":"https:\/\/akonda.pl\/en\/demo-digital-box-factory\/","title":{"rendered":"Order demonstration materials made on the Digital Box Factory line"},"content":{"rendered":"<p>[et_pb_section fb_built=&#8221;1&#8243; _builder_version=&#8221;4.2.2&#8243; background_color=&#8221;#fcfcfc&#8221; background_image=&#8221;https:\/\/akonda.pl\/wp-content\/uploads\/2020\/10\/IMG_2547.jpg&#8221; custom_padding=&#8221;100px||100px||true|&#8221;][et_pb_row column_structure=&#8221;1_2,1_2&#8243; make_equal=&#8221;on&#8221; _builder_version=&#8221;4.2.2&#8243;][et_pb_column type=&#8221;1_2&#8243; _builder_version=&#8221;4.2.2&#8243; custom_css_main_element=&#8221;margin: auto&#8221;][et_pb_text _builder_version=&#8221;4.2.2&#8243; header_font=&#8221;|700|||||||&#8221; header_text_color=&#8221;#ffffff&#8221; header_font_size=&#8221;36px&#8221; header_2_text_color=&#8221;#ffffff&#8221;]<\/p>\n<h1>Order a Digital Box Factory demo kit<\/h1>\n<h2>Packaging and label\/sticker printing at your digital print shop at your fingertips<\/h2>\n<p>[\/et_pb_text][\/et_pb_column][et_pb_column type=&#8221;1_2&#8243; _builder_version=&#8221;4.2.2&#8243;][\/et_pb_column][\/et_pb_row][\/et_pb_section][et_pb_section fb_built=&#8221;1&#8243; _builder_version=&#8221;4.2.2&#8243;][et_pb_row _builder_version=&#8221;4.2.2&#8243;][et_pb_column type=&#8221;4_4&#8243; _builder_version=&#8221;4.2.2&#8243;][et_pb_text _builder_version=&#8221;4.2.2&#8243;]<\/p>\n<h1 style=\"text-align: center;\">Watch the video and learn how to get a demonstrator kit<\/h1>\n<p>[\/et_pb_text][et_pb_video src=&#8221;https:\/\/www.youtube.com\/watch?v=RLV2YDxeJdg&#038;feature=youtu.be&#8221; _builder_version=&#8221;4.2.2&#8243;][\/et_pb_video][\/et_pb_column][\/et_pb_row][et_pb_row column_structure=&#8221;1_2,1_2&#8243; _builder_version=&#8221;4.2.2&#8243;][et_pb_column type=&#8221;1_2&#8243; _builder_version=&#8221;4.2.2&#8243;][et_pb_image src=&#8221;https:\/\/akonda.pl\/wp-content\/uploads\/2020\/10\/IMG_2547.jpg&#8221; _builder_version=&#8221;4.2.2&#8243;][\/et_pb_image][et_pb_image src=&#8221;https:\/\/akonda.pl\/wp-content\/uploads\/2020\/10\/IMG_2554.jpg&#8221; _builder_version=&#8221;4.2.2&#8243;][\/et_pb_image][\/et_pb_column][et_pb_column type=&#8221;1_2&#8243; _builder_version=&#8221;4.2.2&#8243;][et_pb_image src=&#8221;https:\/\/akonda.pl\/wp-content\/uploads\/2020\/10\/20200930_222415.jpg&#8221; _builder_version=&#8221;4.2.2&#8243;][\/et_pb_image][\/et_pb_column][\/et_pb_row][\/et_pb_section][et_pb_section fb_built=&#8221;1&#8243; _builder_version=&#8221;4.2.2&#8243; background_color=&#8221;#fcfcfc&#8221; background_image=&#8221;https:\/\/akonda.pl\/wp-content\/uploads\/2019\/04\/t\u0142o-1920px-1.jpg&#8221; custom_padding=&#8221;100px||100px||true|&#8221;][et_pb_row use_custom_gutter=&#8221;on&#8221; gutter_width=&#8221;2&#8243; _builder_version=&#8221;4.2.2&#8243;][et_pb_column type=&#8221;4_4&#8243; _builder_version=&#8221;4.2.2&#8243;][et_pb_text _builder_version=&#8221;4.2.2&#8243; text_text_color=&#8221;#ffffff&#8221; header_font=&#8221;|700|||||||&#8221; header_font_size=&#8221;36px&#8221; header_2_font=&#8221;|700|||||||&#8221; header_2_text_align=&#8221;center&#8221; header_2_text_color=&#8221;#ffffff&#8221; header_2_line_height=&#8221;1.8em&#8221;]<\/p>\n<h2>The capabilities of digital printing, along with the ability to cut and crease cardboard or paperboard for packaging without the need to produce a die-cutting die, provides unlimited possibilities while maintaining a reasonable unit cost even for very low print runs.<\/h2>\n<p>[\/et_pb_text][et_pb_button button_url=&#8221;https:\/\/akonda.pl\/box-factory\/&#8221; button_text=&#8221;Zobacz pe\u0142en opis Digital Box Factory&#8221; button_alignment=&#8221;center&#8221; _builder_version=&#8221;4.2.2&#8243;][\/et_pb_button][\/et_pb_column][\/et_pb_row][\/et_pb_section][et_pb_section fb_built=&#8221;1&#8243; _builder_version=&#8221;4.2.2&#8243;][et_pb_row _builder_version=&#8221;4.2.2&#8243;][et_pb_column type=&#8221;4_4&#8243; _builder_version=&#8221;4.2.2&#8243;][et_pb_text _builder_version=&#8221;4.2.2&#8243; header_font=&#8221;|700|||||||&#8221; header_font_size=&#8221;36px&#8221; header_2_font=&#8221;|700|||||||&#8221; header_2_text_align=&#8221;center&#8221; header_2_font_size=&#8221;40px&#8221; header_2_line_height=&#8221;1.8em&#8221;]<\/p>\n<h2>Fill out the contact form - we will send you a free kit demonstrating the capabilities of the Digital Box Factory line<\/h2>\n<p>[\/et_pb_text][et_pb_code _builder_version=\"4.2.2\u2033].<\/p>\n<div data-paperform-id=\"tvzqnf4x\"><\/div>\n<p><script>(function() {var script = document.createElement('script'); script.src = \"https:\/\/paperform.co\/__embed.min.js\"; document.body.appendChild(script); })()<\/script>[\/et_pb_code][\/et_pb_column][\/et_pb_row][\/et_pb_section].<\/p>","protected":false},"excerpt":{"rendered":"<p>Zam\u00f3w zestaw demonstracyjny Digital Box Factory Druk opakowa\u0144 i etykiet\/naklejek w Twojej drukarni cyfrowej na wyci\u0105gni\u0119cie r\u0119kiZobacz film i dowiedz si\u0119 jak uzyska\u0107 zestaw demonstracynyMo\u017cliwo\u015bci druku cyfrowego wraz z mo\u017cliwo\u015bci\u0105 wyci\u0119cia i bigowania kartonu lub tektury pod opakowanie bez konieczno\u015bci produkcji wykrojnika daje nieograniczone mo\u017cliwo\u015bci przy zachowaniu rozs\u0105dnego kosztu jednostkowego nawet dla bardzo niskich nak\u0142ad\u00f3w.Wype\u0142nij [&hellip;]<\/p>","protected":false},"author":2,"featured_media":2834,"parent":0,"menu_order":0,"comment_status":"closed","ping_status":"closed","template":"","meta":{"_acf_changed":false,"_et_pb_use_builder":"on","_et_pb_old_content":"","_et_gb_content_width":"","inline_featured_image":false,"_monsterinsights_skip_tracking":false,"_monsterinsights_sitenote_active":false,"_monsterinsights_sitenote_note":"","_monsterinsights_sitenote_category":0,"footnotes":""},"class_list":["post-2885","page","type-page","status-publish","has-post-thumbnail","hentry"],"acf":[],"_links":{"self":[{"href":"https:\/\/akonda.pl\/en\/wp-json\/wp\/v2\/pages\/2885","targetHints":{"allow":["GET"]}}],"collection":[{"href":"https:\/\/akonda.pl\/en\/wp-json\/wp\/v2\/pages"}],"about":[{"href":"https:\/\/akonda.pl\/en\/wp-json\/wp\/v2\/types\/page"}],"author":[{"embeddable":true,"href":"https:\/\/akonda.pl\/en\/wp-json\/wp\/v2\/users\/2"}],"replies":[{"embeddable":true,"href":"https:\/\/akonda.pl\/en\/wp-json\/wp\/v2\/comments?post=2885"}],"version-history":[{"count":0,"href":"https:\/\/akonda.pl\/en\/wp-json\/wp\/v2\/pages\/2885\/revisions"}],"wp:featuredmedia":[{"embeddable":true,"href":"https:\/\/akonda.pl\/en\/wp-json\/wp\/v2\/media\/2834"}],"wp:attachment":[{"href":"https:\/\/akonda.pl\/en\/wp-json\/wp\/v2\/media?parent=2885"}],"curies":[{"name":"wp","href":"https:\/\/api.w.org\/{rel}","templated":true}]}}