{"id":4718,"date":"2024-03-27T12:44:25","date_gmt":"2024-03-27T11:44:25","guid":{"rendered":"https:\/\/akonda.pl\/?page_id=4718"},"modified":"2024-09-17T22:44:31","modified_gmt":"2024-09-17T20:44:31","slug":"dni-otwarte-akonda-we-wroclawiu","status":"publish","type":"page","link":"https:\/\/akonda.pl\/en\/akonda-open-days-in-wroclaw\/","title":{"rendered":"Akonda open days in Wroclaw"},"content":{"rendered":"<p>[et_pb_section fb_built=&#8221;1&#8243; _builder_version=&#8221;4.23.1&#8243; _module_preset=&#8221;default&#8221; background_color=&#8221;#f4f4f4&#8243; use_background_color_gradient=&#8221;on&#8221; background_color_gradient_stops=&#8221;rgba(255,255,255,0.84) 0%|rgba(255,255,255,0.4) 100%&#8221; background_color_gradient_overlays_image=&#8221;on&#8221; background_image=&#8221;https:\/\/akonda.pl\/wp-content\/uploads\/2024\/03\/wroclaw-city-panorama-old-town-wroclaw-aerial-view.jpg&#8221; parallax=&#8221;on&#8221; custom_padding=&#8221;100px||100px||true|&#8221; global_colors_info=&#8221;{}&#8221;][et_pb_row _builder_version=&#8221;4.17.6&#8243; _module_preset=&#8221;default&#8221; max_width=&#8221;1240px&#8221; global_colors_info=&#8221;{}&#8221;][et_pb_column type=&#8221;4_4&#8243; _builder_version=&#8221;4.17.6&#8243; _module_preset=&#8221;default&#8221; global_colors_info=&#8221;{}&#8221;][et_pb_text _builder_version=&#8221;4.17.6&#8243; _module_preset=&#8221;default&#8221; header_2_font=&#8221;Poppins|800|||||||&#8221; header_2_text_align=&#8221;center&#8221; custom_margin=&#8221;||3px|||&#8221; custom_padding=&#8221;||1px|||&#8221; global_colors_info=&#8221;{}&#8221;]<\/p>\n<h2>April 17-18, 2024<\/h2>\n<p>[\/et_pb_text][et_pb_text _builder_version=\"4.17.6\u2033 _module_preset=\"default\" header_font=\"Poppins|800|||||||\" header_font_size=\"60px\" custom_margin=\"||10px|||\" header_font_size_tablet=\"60px\" header_font_size_phone=\"36px\" header_font_size_last_edited=\"on|phone\" global_colors_info=\"{}\"]<\/p>\n<h1 class=\"entry-title\" style=\"text-align: center;\"><span>Akonda open days in Wroclaw<\/span><\/h1>\n<p>[\/et_pb_text][et_pb_text _builder_version=\"4.23.1\u2033 _module_preset=\"default\" header_2_font=\"Poppins|800|||||||\" header_2_text_align=\"center\" custom_margin=\"||3px||\" custom_padding=\"||30px||\" global_colors_info=\"{}\"]<\/p>\n<h2><strong>Wroc\u0142aw Technology Park, ALFA building<\/strong><\/h2>\n<p style=\"text-align: center;\"><strong>Wednesday: 10 a.m. to 6 p.m. Thursday: 10 a.m. to 2 p.m.<\/strong><\/p>\n<p style=\"text-align: center;\"><span style=\"font-weight: 400;\"><\/span><\/p>\n<p><span style=\"font-weight: 400;\"><\/span><\/p>\n<p>[\/et_pb_text][et_pb_button button_url=&#8221;#zapis&#8221; button_text=&#8221;PRZEJD\u0179 DO ZAPISU&#8221; button_alignment=&#8221;center&#8221; _builder_version=&#8221;4.23.1&#8243; _module_preset=&#8221;default&#8221; global_colors_info=&#8221;{}&#8221;][\/et_pb_button][\/et_pb_column][\/et_pb_row][\/et_pb_section][et_pb_section fb_built=&#8221;1&#8243; _builder_version=&#8221;4.17.6&#8243; _module_preset=&#8221;default&#8221; custom_padding=&#8221;||0px|||&#8221; global_colors_info=&#8221;{}&#8221;][et_pb_row _builder_version=&#8221;4.17.6&#8243; _module_preset=&#8221;default&#8221; global_colors_info=&#8221;{}&#8221;][et_pb_column type=&#8221;4_4&#8243; _builder_version=&#8221;4.17.6&#8243; _module_preset=&#8221;default&#8221; global_colors_info=&#8221;{}&#8221;][et_pb_text _builder_version=&#8221;4.23.1&#8243; _module_preset=&#8221;default&#8221; header_2_font=&#8221;Poppins||||||||&#8221; header_2_text_align=&#8221;center&#8221; header_2_font_size=&#8221;36px&#8221; global_colors_info=&#8221;{}&#8221;]<\/p>\n<h2><span style=\"font-weight: 400;\">All those who want to see how to develop their bindery based on the <br \/>of Akonda's solutions and technologies, welcome to Wroclaw,<br \/>Where we will present our flagship products!<\/span><\/h2>\n<h2><span style=\"font-weight: 400;\">Among others <a href=\"https:\/\/akonda.pl\/en\/product-category\/plotery-tnace\/\">cutting plotters.\u00a0<\/a><\/span><\/h2>\n<p><span style=\"font-weight: 400;\"><\/span><\/p>\n<p><span style=\"font-weight: 400;\"><\/span><\/p>\n<p>[\/et_pb_text][et_pb_code _builder_version=&#8221;4.23.1&#8243; _module_preset=&#8221;default&#8221; hover_enabled=&#8221;0&#8243; sticky_enabled=&#8221;0&#8243;][\/et_pb_code][\/et_pb_column][\/et_pb_row][et_pb_row column_structure=&#8221;1_4,3_4&#8243; _builder_version=&#8221;4.17.6&#8243; _module_preset=&#8221;default&#8221; global_colors_info=&#8221;{}&#8221;][et_pb_column type=&#8221;1_4&#8243; _builder_version=&#8221;4.17.6&#8243; _module_preset=&#8221;default&#8221; global_colors_info=&#8221;{}&#8221;][et_pb_image src=&#8221;https:\/\/akonda.pl\/wp-content\/uploads\/2024\/03\/image.jpeg&#8221; title_text=&#8221;image&#8221; align=&#8221;center&#8221; _builder_version=&#8221;4.23.1&#8243; _module_preset=&#8221;default&#8221; max_width=&#8221;200px&#8221; module_alignment=&#8221;center&#8221; border_radii=&#8221;on|300px|300px|300px|300px&#8221; global_colors_info=&#8221;{}&#8221;][\/et_pb_image][\/et_pb_column][et_pb_column type=&#8221;3_4&#8243; _builder_version=&#8221;4.17.6&#8243; _module_preset=&#8221;default&#8221; global_colors_info=&#8221;{}&#8221;][et_pb_text _builder_version=&#8221;4.17.6&#8243; _module_preset=&#8221;default&#8221; text_font=&#8221;Poppins|300|on||||||&#8221; text_font_size=&#8221;22px&#8221; module_alignment=&#8221;center&#8221; global_colors_info=&#8221;{}&#8221;]<\/p>\n<p><span id=\"m_8259084537706726337gmail-docs-internal-guid-8e5d0186-7fff-becd-e591-7fe02c709b9e\"><span style=\"color: #000000;\"><span><i><span style=\"font-weight: 400;\">\"We go out of our way to meet our customers who are far from us. We have already had such open days in Gdansk and Szczecin, and we want to visit other cities with our equipment! Seeing the machines live, at work makes our visitors realize how much, how easy and at what stages they can automate various production processes.\"<\/span><\/i> <\/span><\/span><\/span><\/p>\n<p><strong style=\"font-size: 24px; text-align: center;\">Dominik Szulim - Co-owner of Akonda.<\/strong><\/p>\n<p>[\/et_pb_text][\/et_pb_column][\/et_pb_row][et_pb_row _builder_version=&#8221;4.17.6&#8243; _module_preset=&#8221;default&#8221; global_colors_info=&#8221;{}&#8221;][et_pb_column type=&#8221;4_4&#8243; _builder_version=&#8221;4.17.6&#8243; _module_preset=&#8221;default&#8221; global_colors_info=&#8221;{}&#8221;][et_pb_button button_url=&#8221;#zapis&#8221; button_text=&#8221;PRZEJD\u0179 DO ZAPISU&#8221; button_alignment=&#8221;center&#8221; _builder_version=&#8221;4.17.6&#8243; _module_preset=&#8221;default&#8221; global_colors_info=&#8221;{}&#8221;][\/et_pb_button][et_pb_text _builder_version=&#8221;4.17.6&#8243; _module_preset=&#8221;default&#8221; header_2_font=&#8221;Poppins||||||||&#8221; header_2_text_align=&#8221;center&#8221; header_2_font_size=&#8221;36px&#8221; global_colors_info=&#8221;{}&#8221;]<\/p>\n<h2>During the open days, we will present:<\/h2>\n<p>[\/et_pb_text][\/et_pb_column][\/et_pb_row][\/et_pb_section][et_pb_section fb_built=\"1\u2033 _builder_version=\"4.23.1\u2033 _module_preset=\"default\" background_color=\"#f4f4f4\u2033 background_enable_image=\"off\" parallax=\"on\" custom_padding=\"28px||28px||true|\" global_colors_info=\"{}\"][et_pb_row column_structure=\"1_3,2_3\u2033 make_equal=\"on\" _builder_version=\"4.23.1\u2033 _module_preset=\"default\" max_width=\"1240px\" global_colors_info=\"{}\"][et_pb_column type=\"1_3\u2033 _builder_version=\"4.17.6\u2033 _module_preset=\"default\" global_colors_info=\"{}\"][et_pb_image src=\"https:\/\/akonda.pl\/wp-content\/uploads\/2021\/03\/iecho-gwarancja2.png\" alt=\"iEcho PK - Best Price Guarantee\" title_text=\"iEcho PK - Best Price Guarantee\" _builder_version=\"4.23.1\u2033 _module_preset=\"default\" global_colors_info=\"{}\"][\/et_pb_image][\/et_pb_column][et_pb_column type=\"2_3\u2033 _builder_version=\"4.23.1\u2033 _module_preset=\"default\" custom_css_main_element=\"margin:auto\" global_colors_info=\"{}\"][et_pb_text _builder_version=\"4.23.1\u2033 _module_preset=\"default\" global_colors_info=\"{}\"]<\/p>\n<h2><strong>Plotter iEcho PK 0705 Plus<\/strong><\/h2>\n<div>\n<p style=\"font-weight: 400;\">The iEcho 0705 Plus in the 75x53cm size, from the PK family of plotters, which also comes in 60x40cm and120x90cm sizes. Equipped with<strong>\u00a0automatic sheet feeder<\/strong>, trailing, active and creasing knives,<br \/><strong>built-in CCD camera<\/strong> For accurate image positioning on paper.<\/p>\n<\/div>\n<p>[\/et_pb_text][et_pb_button button_url=\"@ET-DC@eyJkeW5hbWljIjp0cnVlLCJjb250ZW50IjoicG9zdF9saW5rX3VybF9wcm9kdWN0Iiwic2V0dGluZ3MiOnsicG9zdF9pZCI6Ij0MDcifX0=@\" button_text=\"Device parameters\" button_alignment=\"left\" _builder_version=\"4.23.1\u2033 _dynamic_attributes=\"button_url\" _module_preset=\"default\" locked=\"off\" global_colors_info=\"{}\"][\/et_pb_button][\/et_pb_column][\/et_pb_row][\/et_pb_section][et_pb_section fb_built=\"1\u2033 _builder_version=\"4.23.1\u2033 _module_preset=\"default\" custom_padding=\"0px||0px|||\" global_colors_info=\"{}\"][et_pb_row column_structure=\"1_3,2_3\u2033 make_equal=\"on\" _builder_version=\"4.23.1\u2033 _module_preset=\"default\" max_width=\"1240px\" global_colors_info=\"{}\"][et_pb_column type=\"1_3\u2033 _builder_version=\"4.17.6\u2033 _module_preset=\"default\" global_colors_info=\"{}\"][et_pb_image src=\"https:\/\/akonda.pl\/wp-content\/uploads\/2023\/11\/sunfung-390.jpg\" alt=\"automatic foil laminator SF390A\" title_text=\"sunfung 390\u2033 _builder_version=\"4.23.1\u2033 _module_preset=\"default\" global_colors_info=\"{}\"][\/et_pb_image][\/et_pb_column][et_pb_column type=\"2_3\u2033 _builder_version=\"4.23.1\u2033 _module_preset=\"default\" custom_css_main_element=\"margin:auto\" global_colors_info=\"{}\"][et_pb_text _builder_version=\"4.23.1\u2033 _module_preset=\"default\" global_colors_info=\"{}\"]<\/p>\n<h2><strong>Foiler SF-390<\/strong><\/h2>\n<p><span style=\"font-weight: 400;\">for digital printing applications, with an extremely powerful and precise hydraulic press for one-person production. The machine is equipped with a winder that allows you to work with sleeking holographic, glossy and gold foils!<\/span><\/p>\n<p>[\/et_pb_text][et_pb_button button_url=\"@ET-DC@eyJkeW5hbWljIjp0cnVlLCJjb250ZW50IjoicG9zdF9saW5rX3VybF9wcm9kdWN0Iiwic2V0dGluZ3MiOnsicG9zdF9pZCI6IjQ0NTcifX0=@\" button_text=\"Device parameters\" button_alignment=\"left\" _builder_version=\"4.23.1\u2033 _dynamic_attributes=\"button_url\" _module_preset=\"default\" global_colors_info=\"{}\"][\/et_pb_button][\/et_pb_column][\/et_pb_row][\/et_pb_section][et_pb_section fb_built=\"1\u2033 _builder_version=\"4.23.1\u2033 _module_preset=\"default\" background_color=\"#f4f4f4\u2033 background_enable_image=\"off\" parallax=\"on\" custom_padding=\"28px||28px||true|\" global_colors_info=\"{}\"][et_pb_row column_structure=\"1_3,2_3\u2033 make_equal=\"on\" _builder_version=\"4.23.1\u2033 _module_preset=\"default\" max_width=\"1240px\" global_colors_info=\"{}\"][et_pb_column type=\"1_3\u2033 _builder_version=\"4.17.6\u2033 _module_preset=\"default\" global_colors_info=\"{}\"][et_pb_image src=\"https:\/\/akonda.pl\/wp-content\/uploads\/2024\/03\/saga-.png\" alt=\"iEcho PK - Best Price Guarantee\" title_text=\"saga-\" _builder_version=\"4.23.1\u2033 _module_preset=\"default\" global_colors_info=\"{}\"][\/et_pb_image][\/et_pb_column][et_pb_column type=\"2_3\u2033 _builder_version=\"4.23.1\u2033 _module_preset=\"default\" custom_css_main_element=\"margin:auto\" global_colors_info=\"{}\"][et_pb_text _builder_version=\"4.23.1\u2033 _module_preset=\"default\" global_colors_info=\"{}\"]<\/p>\n<h2><b>SAGA roller plotter<\/b><\/h2>\n<p><span style=\"font-weight: 400;\">Cutting-big machine, designed for the graphics and advertising industry, for low and medium print runs <br \/>In a convenient and efficient way. The SAGA plotter allows cutting, notching, creasing, marking - all within one machine. The machine is equipped with an automatic sheet feeder, built-in CCD camera<br \/>For accurate image positioning on paper. SAGA has a double handle, so we can simultaneously use two tools of our choice - cutting, creasing or marking.<\/span><\/p>\n<p>[\/et_pb_text][et_pb_button button_url=\"@ET-DC@eyJkeW5hbWljIjp0cnVlLCJjb250ZW50IjoicG9zdF9saW5rX3VybF9wcm9kdWN0Iiwic2V0dGluZ3MiOnsicG9zdF9pZCI6IjQ0MjEifX0=@\" button_text=\"Device parameters\" button_alignment=\"left\" _builder_version=\"4.23.1\u2033 _dynamic_attributes=\"button_url\" _module_preset=\"default\" global_colors_info=\"{}\"][\/et_pb_button][\/et_pb_column][\/et_pb_row][\/et_pb_section][et_pb_section fb_built=\"1\u2033 _builder_version=\"4.23.1\u2033 _module_preset=\"default\" custom_padding=\"0px||0px|||\" global_colors_info=\"{}\"][et_pb_row column_structure=\"1_3,2_3\u2033 make_equal=\"on\" _builder_version=\"4.23.1\u2033 _module_preset=\"default\" max_width=\"1240px\" global_colors_info=\"{}\"][et_pb_column type=\"1_3\u2033 _builder_version=\"4.17.6\u2033 _module_preset=\"default\" global_colors_info=\"{}\"][et_pb_image src=\"https:\/\/akonda.pl\/wp-content\/uploads\/2017\/07\/kombajn-scc.jpg\" alt=\"scc harvester\" title_text=\"scc harvester\" _builder_version=\"4.23.1\u2033 _module_preset=\"default\" global_colors_info=\"{}\"][\/et_pb_image][\/et_pb_column][et_pb_column type=\"2_3\u2033 _builder_version=\"4.23.1\u2033 _module_preset=\"default\" custom_css_main_element=\"margin:auto\" global_colors_info=\"{}\"][et_pb_text _builder_version=\"4.23.1\u2033 _module_preset=\"default\" global_colors_info=\"{}\"]<\/p>\n<h2><strong>SCC bookbinding machine<\/strong><\/h2>\n<p><span style=\"font-weight: 400;\">For cutting simple shapes like postcards, business cards, invitations Akonda will present <\/span><b>SCC bookbinding harvester<\/b><span style=\"font-weight: 400;\">, a compact device with which you will automatically, from the touch panel, realize a significant part of bindery processes in one pass.\u00a0\u00a0<\/span><\/p>\n<p>[\/et_pb_text][et_pb_button button_url=\"@ET-DC@eyJkeW5hbWljIjp0cnVlLCJjb250ZW50IjoicG9zdF9saW5rX3VybF9wcm9kdWN0Iiwic2V0dGluZ3MiOnsicG9zdF9pZCI6IjU2MSJ9fQ==@\" button_text=\"Device parameters\" button_alignment=\"left\" _builder_version=\"4.23.1\u2033 _dynamic_attributes=\"button_url\" _module_preset=\"default\" global_colors_info=\"{}\"][\/et_pb_button][\/et_pb_column][\/et_pb_row][\/et_pb_section][et_pb_section fb_built=\"1\u2033 _builder_version=\"4.23.1\u2033 _module_preset=\"default\" background_color=\"#f4f4f4\u2033 background_enable_image=\"off\" parallax=\"on\" custom_padding=\"28px||28px||true|\" global_colors_info=\"{}\"][et_pb_row column_structure=\"1_3,2_3\u2033 make_equal=\"on\" _builder_version=\"4.23.1\u2033 _module_preset=\"default\" max_width=\"1240px\" global_colors_info=\"{}\"][et_pb_column type=\"1_3\u2033 _builder_version=\"4.17.6\u2033 _module_preset=\"default\" global_colors_info=\"{}\"][et_pb_image src=\"https:\/\/akonda.pl\/wp-content\/uploads\/2024\/03\/wk02-30_640.png\" alt=\"iEcho PK - Best Price Guarantee\" title_text=\"wk02-30_640\u2033 _builder_version=\"4.23.1\u2033 _module_preset=\"default\" global_colors_info=\"{}\"][\/et_pb_image][\/et_pb_column][et_pb_column type=\"2_3\u2033 _builder_version=\"4.23.1\u2033 _module_preset=\"default\" custom_css_main_element=\"margin:auto\" global_colors_info=\"{}\"][et_pb_text _builder_version=\"4.23.1\u2033 _module_preset=\"default\" global_colors_info=\"{}\"]<\/p>\n<h2><b>Wk02-30 banding machine<\/b><\/h2>\n<p><span>The most popular model in Poland <\/span><span>bandwagoners.\u00a0<\/span><span>Works with tape 30mm wide, 0.1mm thick and approximately <\/span><span>190mb.\u00a0<\/span><span>Manual mode, automatic mode.\u00a0<\/span><span>The cycle takes less than 3 seconds, and the M<\/span><span>aximum packaged item - 460 x 190mm, m<\/span><span>inimal packed item - 30x10mm.\u00a0<\/span><span>Optional pedal control.<\/span><\/p>\n<p>[\/et_pb_text][et_pb_button button_url=\"@ET-DC@eyJkeW5hbWljIjp0cnVlLCJjb250ZW50IjoicG9zdF9saW5rX3VybF9wcm9kdWN0Iiwic2V0dGluZ3MiOnsicG9zdF9pZCI6IjE1NDgifX0=@\" button_text=\"Device parameters\" button_alignment=\"left\" _builder_version=\"4.23.1\u2033 _dynamic_attributes=\"button_url\" _module_preset=\"default\" global_colors_info=\"{}\"][\/et_pb_button][\/et_pb_column][\/et_pb_row][\/et_pb_section][et_pb_section fb_built=\"1\u2033 _builder_version=\"4.23.1\u2033 _module_preset=\"default\" custom_padding=\"0px||0px|||\" global_colors_info=\"{}\"][et_pb_row column_structure=\"1_3,2_3\u2033 make_equal=\"on\" _builder_version=\"4.23.1\u2033 _module_preset=\"default\" max_width=\"1240px\" global_colors_info=\"{}\"][et_pb_column type=\"1_3\u2033 _builder_version=\"4.17.6\u2033 _module_preset=\"default\" global_colors_info=\"{}\"][et_pb_image src=\"https:\/\/akonda.pl\/wp-content\/uploads\/2024\/04\/image.jpeg\" alt=\"scc combo\" title_text=\"image\" _builder_version=\"4.23.1\u2033 _module_preset=\"default\" global_colors_info=\"{}\"][\/et_pb_image][\/et_pb_column][et_pb_column type=\"2_3\u2033 _builder_version=\"4.23.1\u2033 _module_preset=\"default\" custom_css_main_element=\"margin:auto\" global_colors_info=\"{}\"][et_pb_text _builder_version=\"4.23.1\u2033 _module_preset=\"default\" global_colors_info=\"{}\"]<\/p>\n<h2><strong>Swift Speed Fold creasing machine<\/strong><\/h2>\n<p><span>Swift Speed Fold creasing machine folding paper up to 350g\/m2 (double break) or even 400g\/m2 <br \/>(single fold) is a multifunctional creasing-perforating-folding machine, dedicated for digital printing.<br \/>and offset printing with vacuum picking from above and a lift table. The creasing and folding machine allows <br \/>for stacking paper sheets up to 10 centimeters and working at speeds of up to 6,300 sheets\/hour, <br \/>Without drawing sheets, with accuracy compensation according to paper thickness.<\/span><\/p>\n<p>[\/et_pb_text][et_pb_button button_url=&#8221;@ET-DC@eyJkeW5hbWljIjp0cnVlLCJjb250ZW50IjoicG9zdF9saW5rX3VybF9wcm9kdWN0Iiwic2V0dGluZ3MiOnsicG9zdF9pZCI6IjIwMjEifX0=@&#8221; button_text=&#8221;Parametry urz\u0105denia&#8221; button_alignment=&#8221;left&#8221; _builder_version=&#8221;4.23.1&#8243; _dynamic_attributes=&#8221;button_url&#8221; _module_preset=&#8221;default&#8221; global_colors_info=&#8221;{}&#8221;][\/et_pb_button][\/et_pb_column][\/et_pb_row][\/et_pb_section][et_pb_section fb_built=&#8221;1&#8243; _builder_version=&#8221;4.23.1&#8243; _module_preset=&#8221;default&#8221; background_color=&#8221;#f7f7f7&#8243; global_colors_info=&#8221;{}&#8221;][et_pb_row column_structure=&#8221;1_4,3_4&#8243; _builder_version=&#8221;4.17.6&#8243; _module_preset=&#8221;default&#8221; global_colors_info=&#8221;{}&#8221;][et_pb_column type=&#8221;1_4&#8243; _builder_version=&#8221;4.17.6&#8243; _module_preset=&#8221;default&#8221; global_colors_info=&#8221;{}&#8221;][et_pb_image src=&#8221;https:\/\/akonda.pl\/wp-content\/uploads\/2024\/03\/image.jpeg&#8221; title_text=&#8221;image&#8221; align=&#8221;center&#8221; _builder_version=&#8221;4.23.1&#8243; _module_preset=&#8221;default&#8221; max_width=&#8221;200px&#8221; module_alignment=&#8221;center&#8221; border_radii=&#8221;on|300px|300px|300px|300px&#8221; global_colors_info=&#8221;{}&#8221;][\/et_pb_image][\/et_pb_column][et_pb_column type=&#8221;3_4&#8243; _builder_version=&#8221;4.17.6&#8243; _module_preset=&#8221;default&#8221; global_colors_info=&#8221;{}&#8221;][et_pb_text _builder_version=&#8221;4.17.6&#8243; _module_preset=&#8221;default&#8221; text_font=&#8221;Poppins|300|on||||||&#8221; text_font_size=&#8221;22px&#8221; module_alignment=&#8221;center&#8221; global_colors_info=&#8221;{}&#8221;]<\/p>\n<p><i><span style=\"font-weight: 400;\">\"We will prepare cutting materials on our equipment, which, when processed, will point out the differences between the machines to make it easier to determine the customer's needs and such meetings always broaden guests' knowledge of our products and build relationships!\"<\/span><\/i><\/p>\n<p><strong style=\"font-size: 24px; text-align: center;\">Invites Dominik Szulim - Co-owner of Akonda<\/strong><\/p>\n<p>[\/et_pb_text][\/et_pb_column][\/et_pb_row][\/et_pb_section][et_pb_section fb_built=&#8221;1&#8243; _builder_version=&#8221;4.23.1&#8243; _module_preset=&#8221;default&#8221; background_color=&#8221;#FFFFFF&#8221; global_colors_info=&#8221;{}&#8221;][et_pb_row column_structure=&#8221;1_2,1_2&#8243; make_equal=&#8221;on&#8221; _builder_version=&#8221;4.23.1&#8243; _module_preset=&#8221;default&#8221; max_width=&#8221;1240px&#8221; global_colors_info=&#8221;{}&#8221;][et_pb_column type=&#8221;1_2&#8243; _builder_version=&#8221;4.23.1&#8243; _module_preset=&#8221;default&#8221; global_colors_info=&#8221;{}&#8221;][et_pb_image src=&#8221;https:\/\/akonda.pl\/wp-content\/uploads\/2024\/03\/image-2.jpeg&#8221; title_text=&#8221;image&#8221; _builder_version=&#8221;4.23.1&#8243; _module_preset=&#8221;default&#8221; global_colors_info=&#8221;{}&#8221;][\/et_pb_image][\/et_pb_column][et_pb_column type=&#8221;1_2&#8243; _builder_version=&#8221;4.23.1&#8243; _module_preset=&#8221;default&#8221; custom_css_main_element=&#8221;margin:auto&#8221; global_colors_info=&#8221;{}&#8221;][et_pb_text _builder_version=&#8221;4.23.1&#8243; _module_preset=&#8221;default&#8221; global_colors_info=&#8221;{}&#8221;]<\/p>\n<h2><b>Wroc\u0142aw Technology Park - Alfa Building<\/b><\/h2>\n<div class=\"fusion-text fusion-text-56 fusion-text-no-margin\">\n<p>ALFA Building<\/p>\n<\/div>\n<div class=\"fusion-text fusion-text-57\">\n<p>123 Kleci\u0144ska Street<br \/>54-413 Wroclaw<\/p>\n<\/div>\n<p>[\/et_pb_text][et_pb_button button_url=&#8221;https:\/\/maps.app.goo.gl\/Rq531giXAxZYyQ6t8&#8243; button_text=&#8221;Jak dojecha\u0107?&#8221; _builder_version=&#8221;4.23.1&#8243; _module_preset=&#8221;default&#8221; global_colors_info=&#8221;{}&#8221;][\/et_pb_button][\/et_pb_column][\/et_pb_row][et_pb_row _builder_version=&#8221;4.23.1&#8243; _module_preset=&#8221;default&#8221;][et_pb_column _builder_version=&#8221;4.23.1&#8243; _module_preset=&#8221;default&#8221; type=&#8221;4_4&#8243;][et_pb_code _builder_version=&#8221;4.23.1&#8243; _module_preset=&#8221;default&#8221; hover_enabled=&#8221;0&#8243; sticky_enabled=&#8221;0&#8243;]Sprawd\u017a r\u00f3wnie\u017c <a href=\"https:\/\/codelivery.tech\" rel=\"dofollow\">Codelivery<\/a>[\/et_pb_code][\/et_pb_column][\/et_pb_row][\/et_pb_section][et_pb_section fb_built=&#8221;1&#8243; module_id=&#8221;zapis&#8221; _builder_version=&#8221;4.23.1&#8243; _module_preset=&#8221;default&#8221; background_color=&#8221;#FFFFFF&#8221; use_background_color_gradient=&#8221;on&#8221; background_color_gradient_stops=&#8221;rgba(255,255,255,0.75) 0%|rgba(255,255,255,0.58) 100%&#8221; background_color_gradient_overlays_image=&#8221;on&#8221; background_image=&#8221;https:\/\/akonda.pl\/wp-content\/uploads\/2024\/03\/wroclaw-city-panorama-old-town-wroclaw-aerial-view.jpg&#8221; parallax=&#8221;on&#8221; custom_padding=&#8221;100px||100px||true|&#8221; global_colors_info=&#8221;{}&#8221;][et_pb_row _builder_version=&#8221;4.23.1&#8243; _module_preset=&#8221;default&#8221; global_colors_info=&#8221;{}&#8221;][et_pb_column type=&#8221;4_4&#8243; _builder_version=&#8221;4.23.1&#8243; _module_preset=&#8221;default&#8221; global_colors_info=&#8221;{}&#8221;][et_pb_text _builder_version=&#8221;4.23.1&#8243; _module_preset=&#8221;default&#8221; text_text_color=&#8221;#000000&#8243; header_text_color=&#8221;#000000&#8243; header_2_font=&#8221;Poppins||||||||&#8221; header_2_text_align=&#8221;center&#8221; header_2_text_color=&#8221;#000000&#8243; header_2_font_size=&#8221;36px&#8221; global_colors_info=&#8221;{}&#8221;]<\/p>\n<h2><strong>Fill out the registration form and see how to improve your bindery's processes!<\/strong><\/h2>\n<p>[\/et_pb_text][et_pb_text _builder_version=&#8221;4.23.1&#8243; _module_preset=&#8221;default&#8221; global_colors_info=&#8221;{}&#8221;]<\/p>\n<div data-paperform-id=\"smnsnff0\"><\/div>\n<p><script>(function() {var script = document.createElement('script'); script.src = \"https:\/\/paperform.co\/__embed.min.js\"; document.body.appendChild(script); })()<\/script>[\/et_pb_text][\/et_pb_column][\/et_pb_row][\/et_pb_section].<\/p>","protected":false},"excerpt":{"rendered":"<p>17-18 Kwietnia 2024Dni otwarte Akonda we Wroc\u0142awiuWroc\u0142awski Park Technologiczny, budynek ALFA \u015aroda: 10.00-18.00 Czwartek: 10.00-14.00 Wszystkich chc\u0105cych zobaczy\u0107, jak rozwin\u0105\u0107 swoj\u0105 introligatorni\u0119 w oparciu o rozwi\u0105zania i technologie Akondy, zapraszamy do Wroc\u0142awia,gdzie zaprezentujemy swoje flagowe produkty! Mi\u0119dzy innymi plotery tn\u0105ce.\u00a0 \u201cWychodzimy naprzeciw naszym Klientom, kt\u00f3rzy maj\u0105 do nas daleko. Takie dni otwarte mieli\u015bmy ju\u017c w [&hellip;]<\/p>","protected":false},"author":3,"featured_media":0,"parent":0,"menu_order":0,"comment_status":"closed","ping_status":"closed","template":"","meta":{"_acf_changed":false,"_et_pb_use_builder":"on","_et_pb_old_content":"","_et_gb_content_width":"","inline_featured_image":false,"_monsterinsights_skip_tracking":false,"_monsterinsights_sitenote_active":false,"_monsterinsights_sitenote_note":"","_monsterinsights_sitenote_category":0,"footnotes":""},"class_list":["post-4718","page","type-page","status-publish","hentry"],"acf":[],"_links":{"self":[{"href":"https:\/\/akonda.pl\/en\/wp-json\/wp\/v2\/pages\/4718","targetHints":{"allow":["GET"]}}],"collection":[{"href":"https:\/\/akonda.pl\/en\/wp-json\/wp\/v2\/pages"}],"about":[{"href":"https:\/\/akonda.pl\/en\/wp-json\/wp\/v2\/types\/page"}],"author":[{"embeddable":true,"href":"https:\/\/akonda.pl\/en\/wp-json\/wp\/v2\/users\/3"}],"replies":[{"embeddable":true,"href":"https:\/\/akonda.pl\/en\/wp-json\/wp\/v2\/comments?post=4718"}],"version-history":[{"count":16,"href":"https:\/\/akonda.pl\/en\/wp-json\/wp\/v2\/pages\/4718\/revisions"}],"predecessor-version":[{"id":4924,"href":"https:\/\/akonda.pl\/en\/wp-json\/wp\/v2\/pages\/4718\/revisions\/4924"}],"wp:attachment":[{"href":"https:\/\/akonda.pl\/en\/wp-json\/wp\/v2\/media?parent=4718"}],"curies":[{"name":"wp","href":"https:\/\/api.w.org\/{rel}","templated":true}]}}