{"id":1435,"date":"2018-04-23T14:51:17","date_gmt":"2018-04-23T12:51:17","guid":{"rendered":"https:\/\/akonda.pl\/?post_type=product&#038;p=1435"},"modified":"2018-04-27T15:37:26","modified_gmt":"2018-04-27T13:37:26","slug":"bigowanie-oprawa-miekka","status":"publish","type":"product","link":"https:\/\/akonda.pl\/en\/product\/creasing-soft-binding\/","title":{"rendered":"Creasing - softcover"},"content":{"rendered":"<p>Modify your soft binding line with Tech-ni-fold creasing discs and eliminate cover cracking.<\/p>\n<p>Our system steps down the factory-mounted metal creasing discs and allows us to realize deeper and flexible creases on covers.<\/p>\n<p>&nbsp;<\/p>\n<p>The system allows you to make 2,4,6 creases on the cover, taking into account the change of creasing direction at the creases on the spine.<\/p>\n<p>It is possible to adjust the distance between the creases for the back of the binding and the creases for side gluing.<\/p>\n<p>&nbsp;<\/p>\n<p>&nbsp;<\/p>\n<p>Check out the benefits:<\/p>\n<p>&nbsp;<\/p>\n<ul>\n<li>No need to remove the tool when changing creasing thicknesses<\/li>\n<li>Eliminates paper cracking<\/li>\n<li>Does not limit the speed of the device<\/li>\n<li>Works perfectly with laminated, UV lacquered as well as digital papers<\/li>\n<\/ul>\n<p>&nbsp;<\/p>\n<p>&nbsp;<\/p>\n<p>Ask for ready-made tool kits for the most reputable brands on the market (prepared kits have the appropriate inner and outer diameters of creasing rings):<\/p>\n<ul>\n<li>Muller Martini<\/li>\n<li>Wohlenberg<\/li>\n<li>Goss<\/li>\n<li>Horizon<\/li>\n<li>Kolbus<\/li>\n<li>Harris US Binder<\/li>\n<li>Inquire about availability under other manufacturers (required diameter of exit shaft for tool installation and diameter of exit roller).<\/li>\n<\/ul>","protected":false},"excerpt":{"rendered":"<p>Zmodyfikuj swoj\u0105 lini\u0119 do oprawy mi\u0119kkiej o kr\u0105\u017cki biguj\u0105ce Tech-ni-fold i wyeliminuj p\u0119kanie ok\u0142adek. Nasz system zst\u0119puje fabrycznie montowane metalowe kr\u0105\u017cki biguj\u0105ce i pozwala na realizacj\u0119 g\u0142\u0119bszych i elastycznych big\u00f3w na ok\u0142adkach. &nbsp; System pozwala na wykonanie 2,4,6 big\u00f3w na ok\u0142adce z uwzgl\u0119dnieniem zmiany kierunku bigowania przy bigach na grzbiecie. Mo\u017cliwa regulacja odleg\u0142o\u015bci pomi\u0119dzy bigami [&hellip;]<\/p>","protected":false},"featured_media":1452,"comment_status":"closed","ping_status":"closed","template":"","meta":{"_acf_changed":false,"_et_pb_use_builder":"","_et_pb_old_content":"","_et_gb_content_width":"","inline_featured_image":false,"_monsterinsights_skip_tracking":false,"_monsterinsights_sitenote_active":false,"_monsterinsights_sitenote_note":"","_monsterinsights_sitenote_category":0},"product_brand":[],"product_cat":[69],"product_tag":[],"class_list":{"0":"post-1435","1":"product","2":"type-product","3":"status-publish","4":"has-post-thumbnail","6":"product_cat-tech-ni-fold","8":"first","9":"instock","10":"shipping-taxable","11":"product-type-simple"},"acf":[],"_links":{"self":[{"href":"https:\/\/akonda.pl\/en\/wp-json\/wp\/v2\/product\/1435","targetHints":{"allow":["GET"]}}],"collection":[{"href":"https:\/\/akonda.pl\/en\/wp-json\/wp\/v2\/product"}],"about":[{"href":"https:\/\/akonda.pl\/en\/wp-json\/wp\/v2\/types\/product"}],"replies":[{"embeddable":true,"href":"https:\/\/akonda.pl\/en\/wp-json\/wp\/v2\/comments?post=1435"}],"wp:featuredmedia":[{"embeddable":true,"href":"https:\/\/akonda.pl\/en\/wp-json\/wp\/v2\/media\/1452"}],"wp:attachment":[{"href":"https:\/\/akonda.pl\/en\/wp-json\/wp\/v2\/media?parent=1435"}],"wp:term":[{"taxonomy":"product_brand","embeddable":true,"href":"https:\/\/akonda.pl\/en\/wp-json\/wp\/v2\/product_brand?post=1435"},{"taxonomy":"product_cat","embeddable":true,"href":"https:\/\/akonda.pl\/en\/wp-json\/wp\/v2\/product_cat?post=1435"},{"taxonomy":"product_tag","embeddable":true,"href":"https:\/\/akonda.pl\/en\/wp-json\/wp\/v2\/product_tag?post=1435"}],"curies":[{"name":"wp","href":"https:\/\/api.w.org\/{rel}","templated":true}]}}