{"id":347,"date":"2020-05-25T23:54:18","date_gmt":"2020-05-25T21:54:18","guid":{"rendered":"https:\/\/akonda-test.key2print.com\/?post_type=product&#038;p=347"},"modified":"2024-10-10T23:39:19","modified_gmt":"2024-10-10T21:39:19","slug":"fastbind-casematic-h32-pro","status":"publish","type":"product","link":"https:\/\/akonda.pl\/en\/product\/fastbind-casematic-h32-pro\/","title":{"rendered":"Fastbind Casematic H32 Pro assembly table"},"content":{"rendered":"<p><strong>Fastbind<\/strong>\u00a0<strong>Casematic H32 Pro<\/strong>\u00a0is an assembly table for making \"on-demand\" personalized hardcovers. In minutes you can now create professional covers and packaging in the format of your choice - with a maximum size of 330 x 330 mm.<\/p>\n<p>You simply print your design on adhesive paper to create your own cover or packaging. Despite its multifunctionality, this compact device is a small table-top unit that is extremely easy to use and will fit perfectly into any workspace.<\/p>\n<p><strong>Versatile applications<\/strong><br \/>\nCasematic H32Pro allows you to create covers for many types of applications: for books, photo books and photo-albums, for CD\/DVD packaging, for binders and many others. It's ideal for photo studios and studios, professional photographers, digital printers, print and copy shops, advertising agencies and on-demand publishing.<\/p>\n<p><strong>Technical data:<\/strong><\/p>\n<ul>\n<li>Max. area of printed veneer: 740 x 370 mm<\/li>\n<li>Max unfolded cover size: 700 x 330 mm<\/li>\n<li>*Maximum closed cover format: 330 x 330 x 40 mm<\/li>\n<li>Maximum veneer wrapping length: 700 mm<\/li>\n<li>Thickness of mounting board: up to 5 mm<\/li>\n<li>Voltage: 220-240 V<\/li>\n<li>Frequency: 50-60 Hz<\/li>\n<li>Maximum current: 1 A<\/li>\n<li>Machine dimensions ( W x L x H ): 550 x 840 x 200 mm<\/li>\n<li>Package dimensions ( W x L x H): 650 x 950 x 305 mm<\/li>\n<li>Weight (net \/ gross): 29.7 \/ 34 kg.<\/li>\n<li>Certification: CE<\/li>\n<\/ul>\n<p>*cover size depends on the width of the spine strip.<\/p>","protected":false},"excerpt":{"rendered":"<p>Fastbind\u00a0Casematic H32 Pro\u00a0to st\u00f3\u0142 monta\u017cowy do wykonywania \u201cna \u017c\u0105danie\u201d personalizowanych ok\u0142adek twardych. W ci\u0105gu kilku minut mo\u017cesz teraz tworzy\u0107 profesjonalne ok\u0142adki oraz opakowania w wybranym przez Ciebie formacie \u2013 o maksymalnych rozmiarach 330 x 330 mm. Po prostu drukujesz sw\u00f3j projekt na papierze samoprzylepnym, aby stworzy\u0107 swoj\u0105 w\u0142asn\u0105 ok\u0142adk\u0119 lub opakowanie. To kompaktowe urz\u0105dzenie, mimo [&hellip;]<\/p>","protected":false},"featured_media":691,"comment_status":"closed","ping_status":"closed","template":"","meta":{"_acf_changed":false,"_et_pb_use_builder":"","_et_pb_old_content":"","_et_gb_content_width":"","inline_featured_image":false,"_monsterinsights_skip_tracking":false,"_monsterinsights_sitenote_active":false,"_monsterinsights_sitenote_note":"","_monsterinsights_sitenote_category":0},"product_brand":[],"product_cat":[18],"product_tag":[],"class_list":{"0":"post-347","1":"product","2":"type-product","3":"status-publish","4":"has-post-thumbnail","6":"product_cat-stoly-montazowe","8":"first","9":"instock","10":"shipping-taxable","11":"product-type-simple"},"acf":[],"_links":{"self":[{"href":"https:\/\/akonda.pl\/en\/wp-json\/wp\/v2\/product\/347","targetHints":{"allow":["GET"]}}],"collection":[{"href":"https:\/\/akonda.pl\/en\/wp-json\/wp\/v2\/product"}],"about":[{"href":"https:\/\/akonda.pl\/en\/wp-json\/wp\/v2\/types\/product"}],"replies":[{"embeddable":true,"href":"https:\/\/akonda.pl\/en\/wp-json\/wp\/v2\/comments?post=347"}],"wp:featuredmedia":[{"embeddable":true,"href":"https:\/\/akonda.pl\/en\/wp-json\/wp\/v2\/media\/691"}],"wp:attachment":[{"href":"https:\/\/akonda.pl\/en\/wp-json\/wp\/v2\/media?parent=347"}],"wp:term":[{"taxonomy":"product_brand","embeddable":true,"href":"https:\/\/akonda.pl\/en\/wp-json\/wp\/v2\/product_brand?post=347"},{"taxonomy":"product_cat","embeddable":true,"href":"https:\/\/akonda.pl\/en\/wp-json\/wp\/v2\/product_cat?post=347"},{"taxonomy":"product_tag","embeddable":true,"href":"https:\/\/akonda.pl\/en\/wp-json\/wp\/v2\/product_tag?post=347"}],"curies":[{"name":"wp","href":"https:\/\/api.w.org\/{rel}","templated":true}]}}