{"id":362,"date":"2020-05-26T00:10:20","date_gmt":"2020-05-25T22:10:20","guid":{"rendered":"https:\/\/akonda-test.key2print.com\/?post_type=product&#038;p=362"},"modified":"2020-05-26T00:11:37","modified_gmt":"2020-05-25T22:11:37","slug":"fastbind-fotomount-f42","status":"publish","type":"product","link":"https:\/\/akonda.pl\/en\/product\/fastbind-fotomount-f42\/","title":{"rendered":"Fastbind FotoMount F42"},"content":{"rendered":"<p><strong>Fastbind FotoMount F42<\/strong>\u00a0is a version of the device based on the Mountinglift\u2122 system (a patented system) designed for mounting photo-albums of larger formats. This unit is equipped with an additional, easy-to-mount or remove worktop for space optimization when producing photo-albums of different formats. With the additional worktop attached, photo albums with a maximum format of 420 x 470 mm (when unfolded: 420 x 940 mm) can be mounted!<\/p>\n<p>The device will enable you to assemble a luxury photo-album with rigid flat-folding interior pages with photos \/ panoramic prints spanning from edge to edge of the page. With the Mountinglift\u2122 system, producing professional and exclusive photo-albums is easier and faster than ever before. The small size of the device and its technical capabilities provide flexibility and a professional binding effect, previously available only with much more expensive solutions.<\/p>\n<p><strong>Ease of use and economy<\/strong><br \/>\nThe Fastbind FotoMount product line provides all the supplies you need to create a photo-album. With just two types of such materials, you can produce photo-albums of standard formats with the FotoMount F42, and also reach for much larger formats - max: 420 x 470 mm (when unfolded: 420 x 940 mm)! Mounting Sheets (Fastbind PhotoBook Mounting Sheets) make it possible to mount the inner pages of the photo-album, while card-end sheets (Fastbind PhotoBook End Sheets) are used to glue the card block to the cover.<\/p>\n<ul>\n<li>Max. printing area: 946 x 426 mm<\/li>\n<li>Min. format of mounted album: 50 x 50 mm<\/li>\n<li>Max format of mounted album: 470 x 420 mm<br \/>\n(with additional worktop)<\/li>\n<li>Max format of mounted album: 310 x 420 mm<br \/>\n(without additional worktop)<\/li>\n<li>Max album thickness: 60 mm<\/li>\n<li>Machine dimensions ( W x L x H): 540 x 790 x 320 mm<br \/>\n(with additional worktop)<\/li>\n<li>Machine dimensions ( W x L x H): 540 x 610 x 320 mm<br \/>\n(without additional worktop)<\/li>\n<\/ul>\n<ul>\n<li>Package dimensions ( W x L x H): 586 x 700 x 406 mm<\/li>\n<li>Weight (net \/ gross): 21 \/ 24 kg.<\/li>\n<li>Certification: CE<\/li>\n<\/ul>","protected":false},"excerpt":{"rendered":"<p>Fastbind\u00a0FotoMount F42\u00a0to wersja urz\u0105dzenia opartego na systemie\u00a0Mountinglift\u2122 (system obj\u0119ty patentem) przeznaczonego do monta\u017cu fotoalbum\u00f3w o wi\u0119kszych formatach. To urz\u0105dzenie wyposa\u017cone jest w dodatkowy, \u0142atwy do monta\u017cu lub demonta\u017cu blat roboczy dla optymalizacji miejsca przy produkcji fotoalbum\u00f3w o r\u00f3\u017cnych formatach. Z domontowanym, dodatkowym blatem roboczym, mo\u017cna montowa\u0107 fotoalbumy o maksymalnym formacie 420 x 470 mm (po [&hellip;]<\/p>","protected":false},"featured_media":705,"comment_status":"closed","ping_status":"closed","template":"","meta":{"_acf_changed":false,"_et_pb_use_builder":"","_et_pb_old_content":"","_et_gb_content_width":"","inline_featured_image":false,"_monsterinsights_skip_tracking":false,"_monsterinsights_sitenote_active":false,"_monsterinsights_sitenote_note":"","_monsterinsights_sitenote_category":0},"product_brand":[],"product_cat":[46],"product_tag":[],"class_list":{"0":"post-362","1":"product","2":"type-product","3":"status-publish","4":"has-post-thumbnail","6":"product_cat-oprawa-fotomount","8":"first","9":"instock","10":"shipping-taxable","11":"product-type-simple"},"acf":[],"_links":{"self":[{"href":"https:\/\/akonda.pl\/en\/wp-json\/wp\/v2\/product\/362","targetHints":{"allow":["GET"]}}],"collection":[{"href":"https:\/\/akonda.pl\/en\/wp-json\/wp\/v2\/product"}],"about":[{"href":"https:\/\/akonda.pl\/en\/wp-json\/wp\/v2\/types\/product"}],"replies":[{"embeddable":true,"href":"https:\/\/akonda.pl\/en\/wp-json\/wp\/v2\/comments?post=362"}],"wp:featuredmedia":[{"embeddable":true,"href":"https:\/\/akonda.pl\/en\/wp-json\/wp\/v2\/media\/705"}],"wp:attachment":[{"href":"https:\/\/akonda.pl\/en\/wp-json\/wp\/v2\/media?parent=362"}],"wp:term":[{"taxonomy":"product_brand","embeddable":true,"href":"https:\/\/akonda.pl\/en\/wp-json\/wp\/v2\/product_brand?post=362"},{"taxonomy":"product_cat","embeddable":true,"href":"https:\/\/akonda.pl\/en\/wp-json\/wp\/v2\/product_cat?post=362"},{"taxonomy":"product_tag","embeddable":true,"href":"https:\/\/akonda.pl\/en\/wp-json\/wp\/v2\/product_tag?post=362"}],"curies":[{"name":"wp","href":"https:\/\/api.w.org\/{rel}","templated":true}]}}