{"id":363,"date":"2020-05-26T00:11:01","date_gmt":"2020-05-25T22:11:01","guid":{"rendered":"https:\/\/akonda-test.key2print.com\/?post_type=product&#038;p=363"},"modified":"2020-05-26T00:12:06","modified_gmt":"2020-05-25T22:12:06","slug":"fastbind-fotomount-f46e","status":"publish","type":"product","link":"https:\/\/akonda.pl\/en\/product\/fastbind-fotomount-f46e\/","title":{"rendered":"Fastbind FotoMount F46e"},"content":{"rendered":"<p><strong>Fastbind<\/strong>\u00a0<strong>FotoMount F46e\u2122<\/strong>\u00a0is an electric device for mounting photo-albums of large formats, based on the innovative Mountinglift\u2122 system (patented system). The device is controlled by a footswitch, leaving the operator's hands free to position materials, which significantly speeds up work, is efficient and comfortable. With the participation of this device, it is possible to mount photo albums with a maximum format of 457 x 457 mm (when unfolded: 457 x 914 mm)!<\/p>\n<p>The device enables precise and comfortable mounting of luxury photo-albums with rigid flat-folding inner pages with photos \/ panoramic prints spanning from edge to edge of the page. With the Mountinglift\u2122 system, producing professional and exclusive photo albums is easier and faster than ever before. The small size of the device and its technical capabilities provide flexibility and a professional binding effect previously available only with much more expensive solutions.<\/p>\n<p><strong>Versatility and high quality<\/strong><br \/>\nUsing photo paper, cardstock, laminated material or any printing paper for your photos, you can now create a photo-album with a maximum format of up to 457 x 457 mm, with edge-to-edge printing on each page. The photo-album cover can be standard or fully personalized, made from printed veneer and assembled on Fastbind Casematic series equipment.* In minutes you can create a professional, flat-opening photo-album yourself, saving time and increasing profit.<\/p>\n<p><strong>Technical data:<\/strong><\/p>\n<ul>\n<li>Max. printing area: 914 x 457 mm<\/li>\n<li>Min. format of mounted album: 50 x 50 mm<\/li>\n<li>Max format of mounted album: 457 x 457 mm<\/li>\n<li>Max album thickness: 80 mm<\/li>\n<li>Voltage: 220-240 V<\/li>\n<li>Frequency: 50-60 Hz<\/li>\n<li>Maximum current: 1 A<\/li>\n<li>Machine dimensions ( W x L x H): 960 x 570 x 630 mm with shelves for consumables<\/li>\n<li>Package Dimensions 1 ( W x L x H): 775 x 480 x 525 mm<\/li>\n<li>Package Dimensions 2( W x L x H ): 610 x 545 x 660 mm<\/li>\n<li>Dimensions of package 3 ( W x L x H): 578 x 1010 x 120 mm<\/li>\n<li>Weight (net \/ gross): 45 \/ 77 kg.<\/li>\n<li>Certification: CE<\/li>\n<\/ul>","protected":false},"excerpt":{"rendered":"<p>Fastbind\u00a0FotoMount F46e\u2122\u00a0to elektryczne urz\u0105dzenie do monta\u017cu fotoalbum\u00f3w o du\u017cych formatach, oparte na nowatorskim systemie Mountinglift\u2122 (system opatentowany). Urz\u0105dzenie sterowane jest za pomoc\u0105 przycisku no\u017cnego, pozostawiaj\u0105c operatorowi wolne r\u0119ce do pozycjonowania materia\u0142\u00f3w, co znaczenie przyspiesza prac\u0119, jest wydajne oraz komfortowe. Z udzia\u0142em tego urz\u0105dzenia, mo\u017cliwy jest monta\u017c fotoalbum\u00f3w o maksymalnym formacie 457 x 457 mm (po [&hellip;]<\/p>","protected":false},"featured_media":704,"comment_status":"closed","ping_status":"closed","template":"","meta":{"_acf_changed":false,"_et_pb_use_builder":"","_et_pb_old_content":"","_et_gb_content_width":"","inline_featured_image":false,"_monsterinsights_skip_tracking":false,"_monsterinsights_sitenote_active":false,"_monsterinsights_sitenote_note":"","_monsterinsights_sitenote_category":0},"product_brand":[],"product_cat":[46],"product_tag":[],"class_list":{"0":"post-363","1":"product","2":"type-product","3":"status-publish","4":"has-post-thumbnail","6":"product_cat-oprawa-fotomount","8":"first","9":"instock","10":"shipping-taxable","11":"product-type-simple"},"acf":[],"_links":{"self":[{"href":"https:\/\/akonda.pl\/en\/wp-json\/wp\/v2\/product\/363","targetHints":{"allow":["GET"]}}],"collection":[{"href":"https:\/\/akonda.pl\/en\/wp-json\/wp\/v2\/product"}],"about":[{"href":"https:\/\/akonda.pl\/en\/wp-json\/wp\/v2\/types\/product"}],"replies":[{"embeddable":true,"href":"https:\/\/akonda.pl\/en\/wp-json\/wp\/v2\/comments?post=363"}],"wp:featuredmedia":[{"embeddable":true,"href":"https:\/\/akonda.pl\/en\/wp-json\/wp\/v2\/media\/704"}],"wp:attachment":[{"href":"https:\/\/akonda.pl\/en\/wp-json\/wp\/v2\/media?parent=363"}],"wp:term":[{"taxonomy":"product_brand","embeddable":true,"href":"https:\/\/akonda.pl\/en\/wp-json\/wp\/v2\/product_brand?post=363"},{"taxonomy":"product_cat","embeddable":true,"href":"https:\/\/akonda.pl\/en\/wp-json\/wp\/v2\/product_cat?post=363"},{"taxonomy":"product_tag","embeddable":true,"href":"https:\/\/akonda.pl\/en\/wp-json\/wp\/v2\/product_tag?post=363"}],"curies":[{"name":"wp","href":"https:\/\/api.w.org\/{rel}","templated":true}]}}