{"id":459,"date":"2017-01-20T14:44:27","date_gmt":"2017-01-20T13:44:27","guid":{"rendered":"https:\/\/akonda-test.key2print.com\/?post_type=product&#038;p=459"},"modified":"2017-08-09T14:59:22","modified_gmt":"2017-08-09T12:59:22","slug":"gw3000-2","status":"publish","type":"product","link":"https:\/\/akonda.pl\/en\/product\/gw3000-2\/","title":{"rendered":"GW3000"},"content":{"rendered":"<p><strong>GW3000<\/strong> is constructed to handle <strong>medium-sized expenditures<\/strong>, automatic numbering machine (creasing and perforating machine) is ideal for printing houses that need automation in the manual process performed so far. <strong>Speed 3,000 sheets<\/strong> Allows you to quickly complete work in medium volumes. Simple adjustment of the device with<strong>assures high quality<\/strong>. Perforation, creasing and notching is done before the sheet enters the machine ensuring stability.<\/p>\n<p><iframe loading=\"lazy\" width=\"1080\" height=\"810\" src=\"https:\/\/www.youtube.com\/embed\/t83n-7Hq7Ck?feature=oembed\" frameborder=\"0\" allowfullscreen><\/iframe><\/p>\n<table cellspacing=\"1\" cellpadding=\"8\">\n<tbody>\n<tr>\n<td class=\"titlesProductsLarge\" colspan=\"2\" align=\"center\" bgcolor=\"#eaeaea\" width=\"380\"><strong>Device Description:<\/strong><\/td>\n<\/tr>\n<tr valign=\"top\">\n<td class=\"titlesProductsSmall\" bgcolor=\"#ffffff\" width=\"180\"><strong>Specification:<\/strong><\/td>\n<td class=\"bodyContact\" bgcolor=\"#ffffff\">Length (1.12m) - Width (0.69m) - Height (.26m) - Weight (48kg)<\/td>\n<\/tr>\n<tr valign=\"top\">\n<td class=\"titlesProductsSmall\" bgcolor=\"#eaeaea\" width=\"180\"><strong>Speed:<\/strong><\/td>\n<td class=\"bodyContact\" bgcolor=\"#eaeaea\">Up to 3000 sheets\/hour (11\u2033 x 8.5\u2033 - A4, depending on paper quality and type)<\/td>\n<\/tr>\n<tr valign=\"top\">\n<td class=\"titlesProductsSmall\" bgcolor=\"#ffffff\" width=\"180\"><strong>Weight:<\/strong><\/td>\n<td class=\"bodyContact\" bgcolor=\"#ffffff\">(45 - 250 g\/m2); more than 10 sheets<\/td>\n<\/tr>\n<tr valign=\"top\">\n<td class=\"titlesProductsSmall\" bgcolor=\"#eaeaea\" width=\"180\"><strong>Numbering:<\/strong><\/td>\n<td class=\"bodyContact\" bgcolor=\"#eaeaea\">One or two heads -6 digits gothic font- Rotation of head 360\u00ba,-As an option head with 8 digits( narrow font)-Possible N\u00ba or letter prefix- Red and black ink<\/td>\n<\/tr>\n<tr valign=\"top\">\n<td class=\"titlesProductsSmall\" bgcolor=\"#ffffff\" width=\"180\"><strong>Accessories:<\/strong><\/td>\n<td class=\"bodyContact\" bgcolor=\"#ffffff\">standard-12 teeth on each blade-Perforation option,microperforation 2,4,6,8,12TPI-possibility of installing a cutting knife with adjustability,easy tool replacement<\/td>\n<\/tr>\n<tr valign=\"top\">\n<td class=\"titlesProductsSmall\" bgcolor=\"#eaeaea\" width=\"180\"><strong>Imprint:<\/strong><\/td>\n<td class=\"bodyContact\" bgcolor=\"#eaeaea\">Getting a good imprint; with the ability to punch a number on up to 10 sheets of self-copy<\/td>\n<\/tr>\n<tr valign=\"top\">\n<td class=\"titlesProductsSmall\" bgcolor=\"#ffffff\" width=\"180\"><strong>Maximum number of numbers:<\/strong><\/td>\n<td class=\"bodyContact\" bgcolor=\"#ffffff\">one number per head per sheet<\/td>\n<\/tr>\n<tr valign=\"top\">\n<td class=\"titlesProductsSmall\" bgcolor=\"#eaeaea\" width=\"180\"><strong>Electrical:<\/strong><\/td>\n<td class=\"bodyContact\" bgcolor=\"#eaeaea\">115VAC, 60Hz, 5A - 220VAC, 50Hz, 5A<\/td>\n<\/tr>\n<tr valign=\"top\">\n<td class=\"titlesProductsSmall\" bgcolor=\"#ffffff\" width=\"180\"><strong>Sheet format:<\/strong><\/td>\n<td class=\"bodyContact\" bgcolor=\"#ffffff\">Minimum (7.6cm x 12.7cm) - Maximum (45cm x 45cm)<\/td>\n<\/tr>\n<tr valign=\"top\">\n<td class=\"titlesProductsSmall\" bgcolor=\"#eaeaea\" width=\"180\"><strong>Nature of impact:<\/strong><\/td>\n<td class=\"bodyContact\" bgcolor=\"#eaeaea\">stamps a number even on 10 self-copy sheets<\/td>\n<\/tr>\n<tr valign=\"top\">\n<td class=\"titlesProductsSmall\" bgcolor=\"#ffffff\" width=\"180\"><strong>Accuracy:<\/strong><\/td>\n<td class=\"bodyContact\" bgcolor=\"#ffffff\">(0.25mm)<\/td>\n<\/tr>\n<tr valign=\"top\">\n<td class=\"titlesProductsSmall\" bgcolor=\"#eaeaea\" width=\"180\"><strong>Maximum number of heads:<\/strong><\/td>\n<td class=\"bodyContact\" bgcolor=\"#eaeaea\">2<\/td>\n<\/tr>\n<tr valign=\"top\">\n<td class=\"titlesProductsSmall\" bgcolor=\"#ffffff\" width=\"180\"><strong>Head rotation:<\/strong><\/td>\n<td class=\"bodyContact\" bgcolor=\"#ffffff\">ability to rotate 360 degrees in any position<\/td>\n<\/tr>\n<\/tbody>\n<\/table>","protected":false},"excerpt":{"rendered":"<p>GW3000 jest skonstruowany do obs\u0142ugi \u015bredniej wielko\u015bci nak\u0142ad\u00f3w, automatyczny numerator (big\u00f3wka i perforator) jest idealny dla drukar\u0144 kt\u00f3re potrzebuj\u0105 automatyzacji w wykonywanym do tej pory r\u0119cznym procesie. Pr\u0119dko\u015b\u0107\u00a0 3 000 arkuszy pozwala na szybkie wykonanie prac w \u015brednich nak\u0142adach. Prosta regulacja urz\u0105dzenia zapewnia wysok\u0105 jako\u015b\u0107. Perforacja, bigowanie i nacinanie jest wykonywane przed wej\u015bciem arkusza w [&hellip;]<\/p>","protected":false},"featured_media":734,"comment_status":"closed","ping_status":"closed","template":"","meta":{"_acf_changed":false,"_et_pb_use_builder":"","_et_pb_old_content":"","_et_gb_content_width":"","inline_featured_image":false,"_monsterinsights_skip_tracking":false,"_monsterinsights_sitenote_active":false,"_monsterinsights_sitenote_note":"","_monsterinsights_sitenote_category":0},"product_brand":[],"product_cat":[30],"product_tag":[],"class_list":{"0":"post-459","1":"product","2":"type-product","3":"status-publish","4":"has-post-thumbnail","6":"product_cat-numeratory","8":"first","9":"instock","10":"shipping-taxable","11":"product-type-simple"},"acf":[],"_links":{"self":[{"href":"https:\/\/akonda.pl\/en\/wp-json\/wp\/v2\/product\/459","targetHints":{"allow":["GET"]}}],"collection":[{"href":"https:\/\/akonda.pl\/en\/wp-json\/wp\/v2\/product"}],"about":[{"href":"https:\/\/akonda.pl\/en\/wp-json\/wp\/v2\/types\/product"}],"replies":[{"embeddable":true,"href":"https:\/\/akonda.pl\/en\/wp-json\/wp\/v2\/comments?post=459"}],"wp:featuredmedia":[{"embeddable":true,"href":"https:\/\/akonda.pl\/en\/wp-json\/wp\/v2\/media\/734"}],"wp:attachment":[{"href":"https:\/\/akonda.pl\/en\/wp-json\/wp\/v2\/media?parent=459"}],"wp:term":[{"taxonomy":"product_brand","embeddable":true,"href":"https:\/\/akonda.pl\/en\/wp-json\/wp\/v2\/product_brand?post=459"},{"taxonomy":"product_cat","embeddable":true,"href":"https:\/\/akonda.pl\/en\/wp-json\/wp\/v2\/product_cat?post=459"},{"taxonomy":"product_tag","embeddable":true,"href":"https:\/\/akonda.pl\/en\/wp-json\/wp\/v2\/product_tag?post=459"}],"curies":[{"name":"wp","href":"https:\/\/api.w.org\/{rel}","templated":true}]}}