{"id":461,"date":"2017-01-20T14:52:30","date_gmt":"2017-01-20T13:52:30","guid":{"rendered":"https:\/\/akonda-test.key2print.com\/?post_type=product&#038;p=461"},"modified":"2017-08-09T14:59:17","modified_gmt":"2017-08-09T12:59:17","slug":"gw6000","status":"publish","type":"product","link":"https:\/\/akonda.pl\/en\/product\/gw6000\/","title":{"rendered":"GW6000"},"content":{"rendered":"<p><strong>The most popular model<\/strong><\/p>\n<p>The most popular model of the numerator. With speed<strong> 6,000 sheets per hour<\/strong> all the work can be done quickly. <strong>GW6000 can be upgraded to higher models at any time<\/strong>, which is why it is an excellent start for most printers.<\/p>\n<p><iframe loading=\"lazy\" width=\"1080\" height=\"810\" src=\"https:\/\/www.youtube.com\/embed\/t83n-7Hq7Ck?feature=oembed\" frameborder=\"0\" allowfullscreen><\/iframe><\/p>\n<table border=\"0\" cellspacing=\"1\" cellpadding=\"8\">\n<tbody>\n<tr>\n<td class=\"titlesProductsLarge\" colspan=\"2\" align=\"center\" bgcolor=\"#eaeaea\" width=\"380\"><strong>Device Description:<\/strong><\/td>\n<\/tr>\n<tr valign=\"top\">\n<td class=\"titlesProductsSmall\" bgcolor=\"#ffffff\"><strong>Electrical:<\/strong><\/td>\n<td class=\"bodyContact\" bgcolor=\"#ffffff\">115V\/60Hz\/5A or 230V\/50Hz\/5A<\/td>\n<\/tr>\n<tr valign=\"top\">\n<td class=\"titlesProductsSmall\" bgcolor=\"#eaeaea\"><strong>Maximum sheet dimensions:<\/strong><\/td>\n<td class=\"bodyContact\" bgcolor=\"#eaeaea\">(45 cm x 45 cm)<\/td>\n<\/tr>\n<tr valign=\"top\">\n<td class=\"titlesProductsSmall\" bgcolor=\"#ffffff\"><strong>Weight:<\/strong><\/td>\n<td class=\"bodyContact\" bgcolor=\"#ffffff\">(45 - 250 g\/m2)<\/td>\n<\/tr>\n<tr valign=\"top\">\n<td class=\"titlesProductsSmall\" bgcolor=\"#eaeaea\"><strong>Dimensions:<\/strong><\/td>\n<td class=\"bodyContact\" bgcolor=\"#eaeaea\">Length:(1.12m) Width:(0.69m) Height:(0.26m) Weight:(48kg)<\/td>\n<\/tr>\n<tr valign=\"top\">\n<td class=\"titlesProductsSmall\" bgcolor=\"#ffffff\"><strong>Drive Unit type:<\/strong><\/td>\n<td class=\"bodyContact\" bgcolor=\"#ffffff\">Electric Solenoid<\/td>\n<\/tr>\n<tr valign=\"top\">\n<td class=\"titlesProductsSmall\" bgcolor=\"#eaeaea\"><strong>Maximum number of numbers:<\/strong><\/td>\n<td class=\"bodyContact\" bgcolor=\"#eaeaea\">10 numbers per head per sheet<\/td>\n<\/tr>\n<tr valign=\"top\">\n<td class=\"titlesProductsSmall\" bgcolor=\"#ffffff\"><strong>Maximum number of heads:<\/strong><\/td>\n<td class=\"bodyContact\" bgcolor=\"#ffffff\">2<\/td>\n<\/tr>\n<tr valign=\"top\">\n<td class=\"titlesProductsSmall\" bgcolor=\"#eaeaea\"><strong>Repetition:<\/strong><\/td>\n<td class=\"bodyContact\" bgcolor=\"#eaeaea\">1x, 2x, 3x, 4x<\/td>\n<\/tr>\n<tr valign=\"top\">\n<td class=\"titlesProductsSmall\" bgcolor=\"#ffffff\"><strong>Turning heads:<\/strong><\/td>\n<td class=\"bodyContact\" bgcolor=\"#ffffff\">possibility to rotate the head 360 degrees<\/td>\n<\/tr>\n<tr valign=\"top\">\n<td class=\"titlesProductsSmall\" bgcolor=\"#eaeaea\"><strong>Numbering heads:<\/strong><\/td>\n<td class=\"bodyContact\" bgcolor=\"#eaeaea\">-6 digits gothic font,option head with 8 digits( narrow font)-possible N\u00ba or letter prefix<\/td>\n<\/tr>\n<tr valign=\"top\">\n<td class=\"titlesProductsSmall\" bgcolor=\"#ffffff\"><strong>Imprint:<\/strong><\/td>\n<td class=\"bodyContact\" bgcolor=\"#ffffff\">stamps a number even on 10 self-copy sheets<\/td>\n<\/tr>\n<tr valign=\"top\">\n<td class=\"titlesProductsSmall\" bgcolor=\"#eaeaea\"><strong>Ink Cartridge:<\/strong><\/td>\n<td class=\"bodyContact\" bgcolor=\"#eaeaea\">red and black ink<\/td>\n<\/tr>\n<tr valign=\"top\">\n<td class=\"titlesProductsSmall\" bgcolor=\"#ffffff\"><strong>Perforation options:<\/strong><\/td>\n<td class=\"bodyContact\" bgcolor=\"#ffffff\">2,4,6,8,12 TPI.<\/td>\n<\/tr>\n<tr valign=\"top\">\n<td class=\"titlesProductsSmall\" bgcolor=\"#eaeaea\"><strong>Microperforation:<\/strong><\/td>\n<td class=\"bodyContact\" bgcolor=\"#eaeaea\">42 or 72 TPI<\/td>\n<\/tr>\n<tr valign=\"top\">\n<td class=\"titlesProductsSmall\" bgcolor=\"#ffffff\"><strong>Creasing options:<\/strong><\/td>\n<td class=\"bodyContact\" bgcolor=\"#ffffff\">narrow or wide<\/td>\n<\/tr>\n<tr valign=\"top\">\n<td class=\"titlesProductsSmall\" bgcolor=\"#eaeaea\"><strong>Tools:<\/strong><\/td>\n<td class=\"bodyContact\" bgcolor=\"#eaeaea\">possibility of installing cutter-knife with adjustable pressure<\/td>\n<\/tr>\n<tr valign=\"top\">\n<td class=\"titlesProductsSmall\" bgcolor=\"#ffffff\"><strong>Speed:<\/strong><\/td>\n<td class=\"bodyContact\" bgcolor=\"#ffffff\">Up to 6,000 sheets\/hour, depending on paper quality and type<\/td>\n<\/tr>\n<tr valign=\"top\">\n<td class=\"titlesProductsSmall\" bgcolor=\"#eaeaea\"><strong>Minimum sheet dimensions:<\/strong><\/td>\n<td class=\"bodyContact\" bgcolor=\"#eaeaea\">(7.6 cm x 12.7 cm)<\/td>\n<\/tr>\n<tr valign=\"top\">\n<td class=\"titlesProductsSmall\" bgcolor=\"#ffffff\"><strong>Accuracy:<\/strong><\/td>\n<td class=\"bodyContact\" bgcolor=\"#ffffff\">easy microprocessor programming,accuracy of 0.25mm<\/td>\n<\/tr>\n<\/tbody>\n<\/table>\n<p>&nbsp;<\/p>","protected":false},"excerpt":{"rendered":"<p>Najpopularniejszy model Najbardziej popularny model numeratora. Z pr\u0119dko\u015bci\u0105 6 000 arkuszy na godzin\u0119 mo\u017cna szybko wykona\u0107 wszystkie prace. W ka\u017cdej chwili GW6000 mo\u017cna rozbudowa\u0107 do wy\u017cszych modeli, dlatego stanowi on doskona\u0142y pocz\u0105tek dla wi\u0119kszo\u015bci drukar\u0144. Opis urz\u0105dzenia: Elektryka: 115V\/60Hz\/5A lub 230V\/50Hz\/5A Maksymalne wymiary arkuszu: (45 cm x 45 cm) Gramatura: (45 &#8211; 250 g\/m2) Wymiary: [&hellip;]<\/p>","protected":false},"featured_media":736,"comment_status":"closed","ping_status":"closed","template":"","meta":{"_acf_changed":false,"_et_pb_use_builder":"","_et_pb_old_content":"","_et_gb_content_width":"","inline_featured_image":false,"_monsterinsights_skip_tracking":false,"_monsterinsights_sitenote_active":false,"_monsterinsights_sitenote_note":"","_monsterinsights_sitenote_category":0},"product_brand":[],"product_cat":[30],"product_tag":[],"class_list":{"0":"post-461","1":"product","2":"type-product","3":"status-publish","4":"has-post-thumbnail","6":"product_cat-numeratory","8":"first","9":"instock","10":"shipping-taxable","11":"product-type-simple"},"acf":[],"_links":{"self":[{"href":"https:\/\/akonda.pl\/en\/wp-json\/wp\/v2\/product\/461","targetHints":{"allow":["GET"]}}],"collection":[{"href":"https:\/\/akonda.pl\/en\/wp-json\/wp\/v2\/product"}],"about":[{"href":"https:\/\/akonda.pl\/en\/wp-json\/wp\/v2\/types\/product"}],"replies":[{"embeddable":true,"href":"https:\/\/akonda.pl\/en\/wp-json\/wp\/v2\/comments?post=461"}],"wp:featuredmedia":[{"embeddable":true,"href":"https:\/\/akonda.pl\/en\/wp-json\/wp\/v2\/media\/736"}],"wp:attachment":[{"href":"https:\/\/akonda.pl\/en\/wp-json\/wp\/v2\/media?parent=461"}],"wp:term":[{"taxonomy":"product_brand","embeddable":true,"href":"https:\/\/akonda.pl\/en\/wp-json\/wp\/v2\/product_brand?post=461"},{"taxonomy":"product_cat","embeddable":true,"href":"https:\/\/akonda.pl\/en\/wp-json\/wp\/v2\/product_cat?post=461"},{"taxonomy":"product_tag","embeddable":true,"href":"https:\/\/akonda.pl\/en\/wp-json\/wp\/v2\/product_tag?post=461"}],"curies":[{"name":"wp","href":"https:\/\/api.w.org\/{rel}","templated":true}]}}