{"id":462,"date":"2017-01-20T14:58:00","date_gmt":"2017-01-20T13:58:00","guid":{"rendered":"https:\/\/akonda-test.key2print.com\/?post_type=product&#038;p=462"},"modified":"2017-08-09T14:59:12","modified_gmt":"2017-08-09T12:59:12","slug":"gw8000","status":"publish","type":"product","link":"https:\/\/akonda.pl\/en\/product\/gw8000\/","title":{"rendered":"GW8000"},"content":{"rendered":"<p><strong>Very solid construction and intensified heads<\/strong> make <strong>GW8000<\/strong> Can work all day, day in and day out. The memory of 100 programs streamlines the change of work performed. The control software gives the user <strong>possibility to make up to 100 numbers from 1 head in one sheet pass<\/strong>. The GW8000 can also, at any time, be expanded to the largest model GW12000.<\/p>\n<p><iframe loading=\"lazy\" width=\"1080\" height=\"810\" src=\"https:\/\/www.youtube.com\/embed\/t83n-7Hq7Ck?feature=oembed\" frameborder=\"0\" allowfullscreen><\/iframe><\/p>\n<table border=\"0\" cellspacing=\"1\" cellpadding=\"8\">\n<tbody>\n<tr>\n<td class=\"titlesProductsLarge\" colspan=\"2\" align=\"center\" bgcolor=\"#eaeaea\" width=\"380\"><strong>Device Description:<\/strong><\/td>\n<\/tr>\n<tr valign=\"top\">\n<td class=\"titlesProductsSmall\" bgcolor=\"#ffffff\" width=\"180\"><strong>Electrical:<\/strong><\/td>\n<td class=\"bodyContact\" bgcolor=\"#ffffff\">115V\/60Hz\/5A or 230V\/50Hz\/5A<\/td>\n<\/tr>\n<tr valign=\"top\">\n<td class=\"titlesProductsSmall\" bgcolor=\"#eaeaea\" width=\"180\"><strong>Cabinet:<\/strong><\/td>\n<td class=\"bodyContact\" bgcolor=\"#eaeaea\">equipped<\/td>\n<\/tr>\n<tr valign=\"top\">\n<td class=\"titlesProductsSmall\" bgcolor=\"#ffffff\" width=\"180\"><strong>Speed:<\/strong><\/td>\n<td class=\"bodyContact\" bgcolor=\"#ffffff\">Up to 8,000 sheets\/hour, depending on paper quality and type<\/td>\n<\/tr>\n<tr valign=\"top\">\n<td class=\"titlesProductsSmall\" bgcolor=\"#eaeaea\" width=\"180\"><strong>Memory:<\/strong><\/td>\n<td class=\"bodyContact\" bgcolor=\"#eaeaea\">memory of 100 programs<\/td>\n<\/tr>\n<tr valign=\"top\">\n<td class=\"titlesProductsSmall\" bgcolor=\"#ffffff\" width=\"180\"><strong>Maximum number of numbers:<\/strong><\/td>\n<td class=\"bodyContact\" bgcolor=\"#ffffff\">100 numbers per head per sheet<\/td>\n<\/tr>\n<tr valign=\"top\">\n<td class=\"titlesProductsSmall\" bgcolor=\"#eaeaea\" width=\"180\"><strong>Maximum number of heads:<\/strong><\/td>\n<td class=\"bodyContact\" bgcolor=\"#eaeaea\">2<\/td>\n<\/tr>\n<tr valign=\"top\">\n<td class=\"titlesProductsSmall\" bgcolor=\"#ffffff\" width=\"180\"><strong>Numbering heads:<\/strong><\/td>\n<td class=\"bodyContact\" bgcolor=\"#ffffff\">6 digits gothic font,option head with 8 digits( narrow font)- possible N\u00ba or letter prefix<\/td>\n<\/tr>\n<tr valign=\"top\">\n<td class=\"titlesProductsSmall\" bgcolor=\"#eaeaea\" width=\"180\"><strong>Head rotation:<\/strong><\/td>\n<td class=\"bodyContact\" bgcolor=\"#eaeaea\">possibility to rotate the head 360 degrees<\/td>\n<\/tr>\n<tr valign=\"top\">\n<td class=\"titlesProductsSmall\" bgcolor=\"#ffffff\" width=\"180\"><strong>Repetition:<\/strong><\/td>\n<td class=\"bodyContact\" bgcolor=\"#ffffff\">1x, 2x, 3x, 4x<\/td>\n<\/tr>\n<tr valign=\"top\">\n<td class=\"titlesProductsSmall\" bgcolor=\"#eaeaea\" width=\"180\"><strong>Ink Cartridge:<\/strong><\/td>\n<td class=\"bodyContact\" bgcolor=\"#eaeaea\">red and black ink<\/td>\n<\/tr>\n<tr valign=\"top\">\n<td class=\"titlesProductsSmall\" bgcolor=\"#ffffff\" width=\"180\"><strong>Perforation options:<\/strong><\/td>\n<td class=\"bodyContact\" bgcolor=\"#ffffff\">2,4,6,8,12 TPI.<\/td>\n<\/tr>\n<tr valign=\"top\">\n<td class=\"titlesProductsSmall\" bgcolor=\"#eaeaea\" width=\"180\"><strong>Creasing options:<\/strong><\/td>\n<td class=\"bodyContact\" bgcolor=\"#eaeaea\">narrow or wide<\/td>\n<\/tr>\n<tr valign=\"top\">\n<td class=\"titlesProductsSmall\" bgcolor=\"#ffffff\" width=\"180\"><strong>Microperforation:<\/strong><\/td>\n<td class=\"bodyContact\" bgcolor=\"#ffffff\">42 or 72 TPI<\/td>\n<\/tr>\n<tr valign=\"top\">\n<td class=\"titlesProductsSmall\" bgcolor=\"#eaeaea\" width=\"180\"><strong>Tools:<\/strong><\/td>\n<td class=\"bodyContact\" bgcolor=\"#eaeaea\">possibility of installing cutter-knife with adjustable pressure<\/td>\n<\/tr>\n<tr valign=\"top\">\n<td class=\"titlesProductsSmall\" bgcolor=\"#ffffff\" width=\"180\"><strong>Minimum sheet dimensions:<\/strong><\/td>\n<td class=\"bodyContact\" bgcolor=\"#ffffff\">(7.6cm x 12.7cm)<\/td>\n<\/tr>\n<tr valign=\"top\">\n<td class=\"titlesProductsSmall\" bgcolor=\"#eaeaea\" width=\"180\"><strong>Maximum sheet dimensions:<\/strong><\/td>\n<td class=\"bodyContact\" bgcolor=\"#eaeaea\">(45 cm x 45 cm)<\/td>\n<\/tr>\n<tr valign=\"top\">\n<td class=\"titlesProductsSmall\" bgcolor=\"#ffffff\" width=\"180\"><strong>Weight:<\/strong><\/td>\n<td class=\"bodyContact\" bgcolor=\"#ffffff\">(45 - 250 g\/m2)<\/td>\n<\/tr>\n<tr valign=\"top\">\n<td class=\"titlesProductsSmall\" bgcolor=\"#eaeaea\" width=\"180\"><strong>Imprint:<\/strong><\/td>\n<td class=\"bodyContact\" bgcolor=\"#eaeaea\">stamps a number even on 10 self-copy sheets<\/td>\n<\/tr>\n<tr valign=\"top\">\n<td class=\"titlesProductsSmall\" bgcolor=\"#ffffff\" width=\"180\"><strong>Dimensions:<\/strong><\/td>\n<td class=\"bodyContact\" bgcolor=\"#ffffff\">Length:(1.12m) Width:(0.69m) Height:(1.17m) Weight:(72kg)<\/td>\n<\/tr>\n<tr valign=\"top\">\n<td class=\"titlesProductsSmall\" bgcolor=\"#eaeaea\" width=\"180\"><strong>Accuracy:<\/strong><\/td>\n<td class=\"bodyContact\" bgcolor=\"#eaeaea\">easy microprocessor programming,accuracy of 0.25mm<\/td>\n<\/tr>\n<\/tbody>\n<\/table>","protected":false},"excerpt":{"rendered":"<p>Bardzo solidna konstrukcja i wzmoncione g\u0142owice sprawiaj\u0105, i\u017c GW8000 mo\u017ce pracowa\u0107 ca\u0142y dzie\u0144, dzie\u0144 w dzie\u0144. Pami\u0119\u0107 100 program\u00f3w usprawnia zmian\u0119 wykonywanych prac. Oprogramowanie steruj\u0105ce daje u\u017cytkownikowi mo\u017cliwo\u015b\u0107 wykonania do 100 numer\u00f3w z 1 g\u0142owicy w jednym przej\u015bciu arkusza. GW8000 mo\u017ce by\u0107 r\u00f3wnie\u017c, w ka\u017cdej chwili rozszerzone do najwi\u0119kszego modelu GW12000. Opis urz\u0105dzenia: Elektryka: 115V\/60Hz\/5A [&hellip;]<\/p>","protected":false},"featured_media":737,"comment_status":"closed","ping_status":"closed","template":"","meta":{"_acf_changed":false,"_et_pb_use_builder":"","_et_pb_old_content":"","_et_gb_content_width":"","inline_featured_image":false,"_monsterinsights_skip_tracking":false,"_monsterinsights_sitenote_active":false,"_monsterinsights_sitenote_note":"","_monsterinsights_sitenote_category":0},"product_brand":[],"product_cat":[30],"product_tag":[],"class_list":{"0":"post-462","1":"product","2":"type-product","3":"status-publish","4":"has-post-thumbnail","6":"product_cat-numeratory","8":"first","9":"instock","10":"shipping-taxable","11":"product-type-simple"},"acf":[],"_links":{"self":[{"href":"https:\/\/akonda.pl\/en\/wp-json\/wp\/v2\/product\/462","targetHints":{"allow":["GET"]}}],"collection":[{"href":"https:\/\/akonda.pl\/en\/wp-json\/wp\/v2\/product"}],"about":[{"href":"https:\/\/akonda.pl\/en\/wp-json\/wp\/v2\/types\/product"}],"replies":[{"embeddable":true,"href":"https:\/\/akonda.pl\/en\/wp-json\/wp\/v2\/comments?post=462"}],"wp:featuredmedia":[{"embeddable":true,"href":"https:\/\/akonda.pl\/en\/wp-json\/wp\/v2\/media\/737"}],"wp:attachment":[{"href":"https:\/\/akonda.pl\/en\/wp-json\/wp\/v2\/media?parent=462"}],"wp:term":[{"taxonomy":"product_brand","embeddable":true,"href":"https:\/\/akonda.pl\/en\/wp-json\/wp\/v2\/product_brand?post=462"},{"taxonomy":"product_cat","embeddable":true,"href":"https:\/\/akonda.pl\/en\/wp-json\/wp\/v2\/product_cat?post=462"},{"taxonomy":"product_tag","embeddable":true,"href":"https:\/\/akonda.pl\/en\/wp-json\/wp\/v2\/product_tag?post=462"}],"curies":[{"name":"wp","href":"https:\/\/api.w.org\/{rel}","templated":true}]}}