{"id":464,"date":"2017-01-20T15:16:09","date_gmt":"2017-01-20T14:16:09","guid":{"rendered":"https:\/\/akonda-test.key2print.com\/?post_type=product&#038;p=464"},"modified":"2017-08-09T14:59:03","modified_gmt":"2017-08-09T12:59:03","slug":"gw12000","status":"publish","type":"product","link":"https:\/\/akonda.pl\/en\/product\/gw12000\/","title":{"rendered":"GW12000"},"content":{"rendered":"<p>Most industrial,<strong>designed for the largest volumes<\/strong>. It combines flexibility and high speed. The GW12000 has similar features to the GW8000, but much more accurate sheet guiding systems have been incorporated so that the <strong>very high accuracy is maintained<\/strong>. Everything has been prepared for long-lasting production - 75 cm guide table, long-lasting pneumatic heads, long receiving table. All these features and many more make the GW12000 suitable for any <strong>high volume production<\/strong>.<\/p>\n<p><iframe loading=\"lazy\" width=\"1080\" height=\"810\" src=\"https:\/\/www.youtube.com\/embed\/t83n-7Hq7Ck?feature=oembed\" frameborder=\"0\" allowfullscreen><\/iframe><\/p>\n<table border=\"0\" cellspacing=\"1\" cellpadding=\"8\">\n<tbody>\n<tr>\n<td class=\"titlesProductsLarge\" colspan=\"2\" align=\"center\" bgcolor=\"#eaeaea\" width=\"380\"><strong>Device Description:<\/strong><\/td>\n<\/tr>\n<tr valign=\"top\">\n<td class=\"titlesProductsSmall\" bgcolor=\"#ffffff\" width=\"180\"><strong>Speed<\/strong><strong>:<\/strong><\/td>\n<td class=\"bodyContact\" bgcolor=\"#ffffff\">Up to 12,000 sheets\/hour, depending on paper quality and type<\/td>\n<\/tr>\n<tr valign=\"top\">\n<td class=\"titlesProductsSmall\" bgcolor=\"#eaeaea\" width=\"180\"><strong>Maximum sheet dimensions:<\/strong><\/td>\n<td class=\"bodyContact\" bgcolor=\"#eaeaea\">(45 cm x 45 cm)<\/td>\n<\/tr>\n<tr valign=\"top\">\n<td class=\"titlesProductsSmall\" bgcolor=\"#ffffff\" width=\"180\"><strong>Minimum sheet dimensions:<\/strong><\/td>\n<td class=\"bodyContact\" bgcolor=\"#ffffff\">(7.6cm x 12.7cm)<\/td>\n<\/tr>\n<tr valign=\"top\">\n<td class=\"titlesProductsSmall\" bgcolor=\"#eaeaea\" width=\"180\"><strong>Grammarly<\/strong><strong>:<\/strong><\/td>\n<td class=\"bodyContact\" bgcolor=\"#eaeaea\">(45 - 250 g\/m2)<\/td>\n<\/tr>\n<tr valign=\"top\">\n<td class=\"titlesProductsSmall\" bgcolor=\"#ffffff\" width=\"180\"><strong>Imprint<\/strong><strong>:<\/strong><\/td>\n<td class=\"bodyContact\" bgcolor=\"#ffffff\">stamps a number even on 10 self-copy sheets<\/td>\n<\/tr>\n<tr valign=\"top\">\n<td class=\"titlesProductsSmall\" bgcolor=\"#eaeaea\" width=\"180\"><strong>Electrical<\/strong><strong>:<\/strong><\/td>\n<td class=\"bodyContact\" bgcolor=\"#eaeaea\">115V\/60Hz\/5A or 230V\/50Hz\/5A<\/td>\n<\/tr>\n<tr valign=\"top\">\n<td class=\"titlesProductsSmall\" bgcolor=\"#ffffff\" width=\"180\"><strong>Dimensions<\/strong><strong>:<\/strong><\/td>\n<td class=\"bodyContact\" bgcolor=\"#ffffff\">Length:(1.12m) Width:(0.69m) Height:(1.17m) Weight:(72kg)<\/td>\n<\/tr>\n<tr valign=\"top\">\n<td class=\"titlesProductsSmall\" bgcolor=\"#eaeaea\" width=\"180\"><strong>Memory<\/strong><strong>:<\/strong><\/td>\n<td class=\"bodyContact\" bgcolor=\"#eaeaea\">100 programs<\/td>\n<\/tr>\n<tr valign=\"top\">\n<td class=\"titlesProductsSmall\" bgcolor=\"#ffffff\" width=\"180\"><strong>Maximum number of numbers:<\/strong><\/td>\n<td class=\"bodyContact\" bgcolor=\"#ffffff\">one number per head per sheet<\/td>\n<\/tr>\n<tr valign=\"top\">\n<td class=\"titlesProductsSmall\" bgcolor=\"#eaeaea\" width=\"180\"><strong>Maximum number of heads<\/strong><strong>:<\/strong><\/td>\n<td class=\"bodyContact\" bgcolor=\"#eaeaea\">4<\/td>\n<\/tr>\n<tr valign=\"top\">\n<td class=\"titlesProductsSmall\" bgcolor=\"#ffffff\" width=\"180\"><strong>Head rotation<\/strong><strong>:<\/strong><\/td>\n<td class=\"bodyContact\" bgcolor=\"#ffffff\">ability to rotate 360 degrees in any position<\/td>\n<\/tr>\n<tr valign=\"top\">\n<td class=\"titlesProductsSmall\" bgcolor=\"#eaeaea\" width=\"180\"><strong>Repeat<\/strong><strong>:<\/strong><\/td>\n<td class=\"bodyContact\" bgcolor=\"#eaeaea\">1x, 2x, 3x, 4x<\/td>\n<\/tr>\n<tr valign=\"top\">\n<td class=\"titlesProductsSmall\" bgcolor=\"#ffffff\" width=\"180\"><strong>Numbering heads<\/strong><strong>:<\/strong><\/td>\n<td class=\"bodyContact\" bgcolor=\"#ffffff\">6 digits gothic font,option head with 8 digits(narrow font)- possible N\u00ba or letter prefix<\/td>\n<\/tr>\n<tr valign=\"top\">\n<td class=\"titlesProductsSmall\" bgcolor=\"#eaeaea\" width=\"180\"><strong>Ink reservoir<\/strong><strong>:<\/strong><\/td>\n<td class=\"bodyContact\" bgcolor=\"#eaeaea\">red and black ink<\/td>\n<\/tr>\n<tr valign=\"top\">\n<td class=\"titlesProductsSmall\" bgcolor=\"#ffffff\" width=\"180\"><strong>Perforation options<\/strong><strong>:<\/strong><\/td>\n<td class=\"bodyContact\" bgcolor=\"#ffffff\">2,4,6,8,12 TPI.<\/td>\n<\/tr>\n<tr valign=\"top\">\n<td class=\"titlesProductsSmall\" bgcolor=\"#eaeaea\" width=\"180\"><strong>Microperforation<\/strong><strong>:<\/strong><\/td>\n<td class=\"bodyContact\" bgcolor=\"#eaeaea\">42 or 72 TPI<\/td>\n<\/tr>\n<tr valign=\"top\">\n<td class=\"titlesProductsSmall\" bgcolor=\"#ffffff\" width=\"180\"><strong>Creasing options<\/strong><strong>:<\/strong><\/td>\n<td class=\"bodyContact\" bgcolor=\"#ffffff\">narrow or wide<\/td>\n<\/tr>\n<tr valign=\"top\">\n<td class=\"titlesProductsSmall\" bgcolor=\"#eaeaea\" width=\"180\"><strong>Tools<\/strong><strong>:<\/strong><\/td>\n<td class=\"bodyContact\" bgcolor=\"#eaeaea\">possibility of installing a cutter-knife with adjustability<\/td>\n<\/tr>\n<tr valign=\"top\">\n<td class=\"titlesProductsSmall\" bgcolor=\"#ffffff\" width=\"180\"><strong>Accuracy<\/strong><strong>:<\/strong><\/td>\n<td class=\"bodyContact\" bgcolor=\"#ffffff\">easy microprocessor programming,accuracy of 0.25mm<\/td>\n<\/tr>\n<\/tbody>\n<\/table>","protected":false},"excerpt":{"rendered":"<p>Najbardziej przemys\u0142owy,przeznaczony do najwi\u0119kszych nak\u0142ad\u00f3w. \u0141\u0105czy elastyczno\u015b\u0107 i wysok\u0105 pr\u0119dko\u015b\u0107. GW12000 ma w\u0142a\u015bciwo\u015bci podobne do GW8000, jednak zosta\u0142y w nim zastosowane o wiele dok\u0142adniejsze systemy prowadzenia arkusza dzi\u0119ki czemu zachowana jest bardzo du\u017ca dok\u0142adno\u015b\u0107. Wszystko zosta\u0142o przygotowane pod d\u0142ugoletni\u0105 produkcj\u0119 &#8211; 75 cm st\u00f3\u0142 prowadz\u0105cy, d\u0142ugowieczne g\u0142owice pneumatyczne, d\u0142ugi st\u00f3\u0142 odbiorczy. Wszystkie te i wiele [&hellip;]<\/p>","protected":false},"featured_media":738,"comment_status":"closed","ping_status":"closed","template":"","meta":{"_acf_changed":false,"_et_pb_use_builder":"","_et_pb_old_content":"","_et_gb_content_width":"","inline_featured_image":false,"_monsterinsights_skip_tracking":false,"_monsterinsights_sitenote_active":false,"_monsterinsights_sitenote_note":"","_monsterinsights_sitenote_category":0},"product_brand":[],"product_cat":[30],"product_tag":[],"class_list":{"0":"post-464","1":"product","2":"type-product","3":"status-publish","4":"has-post-thumbnail","6":"product_cat-numeratory","8":"first","9":"instock","10":"shipping-taxable","11":"product-type-simple"},"acf":[],"_links":{"self":[{"href":"https:\/\/akonda.pl\/en\/wp-json\/wp\/v2\/product\/464","targetHints":{"allow":["GET"]}}],"collection":[{"href":"https:\/\/akonda.pl\/en\/wp-json\/wp\/v2\/product"}],"about":[{"href":"https:\/\/akonda.pl\/en\/wp-json\/wp\/v2\/types\/product"}],"replies":[{"embeddable":true,"href":"https:\/\/akonda.pl\/en\/wp-json\/wp\/v2\/comments?post=464"}],"wp:featuredmedia":[{"embeddable":true,"href":"https:\/\/akonda.pl\/en\/wp-json\/wp\/v2\/media\/738"}],"wp:attachment":[{"href":"https:\/\/akonda.pl\/en\/wp-json\/wp\/v2\/media?parent=464"}],"wp:term":[{"taxonomy":"product_brand","embeddable":true,"href":"https:\/\/akonda.pl\/en\/wp-json\/wp\/v2\/product_brand?post=464"},{"taxonomy":"product_cat","embeddable":true,"href":"https:\/\/akonda.pl\/en\/wp-json\/wp\/v2\/product_cat?post=464"},{"taxonomy":"product_tag","embeddable":true,"href":"https:\/\/akonda.pl\/en\/wp-json\/wp\/v2\/product_tag?post=464"}],"curies":[{"name":"wp","href":"https:\/\/api.w.org\/{rel}","templated":true}]}}