{"id":477,"date":"2017-01-20T15:45:26","date_gmt":"2017-01-20T14:45:26","guid":{"rendered":"https:\/\/akonda-test.key2print.com\/?post_type=product&#038;p=477"},"modified":"2017-08-09T14:58:48","modified_gmt":"2017-08-09T12:58:48","slug":"polautomatyczna-oklejarka-tc-5500","status":"publish","type":"product","link":"https:\/\/akonda.pl\/en\/product\/polyautomatic-edge-banding-machine-tc-5500\/","title":{"rendered":"Tacho-p TC-5500"},"content":{"rendered":"<p>An excellent machine for producing all kinds of soft binding on normal and difficult papers and photo books.<\/p>\n<p>Thanks to the high elasticity of the bond obtained with PUR glue, the device allows gluing sheets up to 300g\/m2 (insert\/cover) and the bindings are characterized by very high openability (the book lies flat on a table after opening). PUR gluing allows you to open the binding multiple times without fear of damaging the bond. It also allows gluing of lacquered inserts.<\/p>\n<p>A Teflon glue gun has been used in the machine - the technological loss associated with the completion of the work is no more than 100 g of glue.<\/p>\n<p>SPECIFICATION<\/p>\n<p>Insert size 320\u00d7220(Max.320\u00d7300)mm<br \/>\nCover size 330\u00d7480(Max.330\u00d7680)mm<br \/>\nInsert thickness 2~40mm<br \/>\nSide bonding On rollers with hot-melt glue<br \/>\nPURMELT(Henkel) back gluing<br \/>\nSpeed 200Cycles \/ hour<br \/>\nAC 220V\/60Hz power supply<br \/>\nWeight 285 Kg.<br \/>\nCurrent consumption 3Kw<br \/>\nWymiary 1540(D)x650(S)x1300(W)mm<\/p>","protected":false},"excerpt":{"rendered":"<p>Doskona\u0142e urz\u0105dzenie do produkcji wszelkiego rodzaju opraw mi\u0119kkich na normalnych i trudnych papierach oraz fotoksi\u0105\u017cek. Dzi\u0119ki wysokiej elastyczno\u015bci spoiny uzyskanej przy zastosowaniu kleju PUR urz\u0105dzenie pozwala na klejenie arkuszy nawet do 300g\/m2 (wk\u0142ad\/ok\u0142adka) a oprawy charakteryzuj\u0105 si\u0119 bardzo wysok\u0105 otwieralno\u015bci\u0105 (ksi\u0105\u017cka po otwarciu le\u017cy p\u0142asko na stole). Klejenie PUR pozwala na wielokrotne otwieranie oprawy bez [&hellip;]<\/p>","protected":false},"featured_media":740,"comment_status":"closed","ping_status":"closed","template":"","meta":{"_acf_changed":false,"_et_pb_use_builder":"","_et_pb_old_content":"","_et_gb_content_width":"","inline_featured_image":false,"_monsterinsights_skip_tracking":false,"_monsterinsights_sitenote_active":false,"_monsterinsights_sitenote_note":"","_monsterinsights_sitenote_category":0},"product_brand":[],"product_cat":[31],"product_tag":[],"class_list":{"0":"post-477","1":"product","2":"type-product","3":"status-publish","4":"has-post-thumbnail","6":"product_cat-oklejarki","8":"first","9":"instock","10":"shipping-taxable","11":"product-type-simple"},"acf":[],"_links":{"self":[{"href":"https:\/\/akonda.pl\/en\/wp-json\/wp\/v2\/product\/477","targetHints":{"allow":["GET"]}}],"collection":[{"href":"https:\/\/akonda.pl\/en\/wp-json\/wp\/v2\/product"}],"about":[{"href":"https:\/\/akonda.pl\/en\/wp-json\/wp\/v2\/types\/product"}],"replies":[{"embeddable":true,"href":"https:\/\/akonda.pl\/en\/wp-json\/wp\/v2\/comments?post=477"}],"wp:featuredmedia":[{"embeddable":true,"href":"https:\/\/akonda.pl\/en\/wp-json\/wp\/v2\/media\/740"}],"wp:attachment":[{"href":"https:\/\/akonda.pl\/en\/wp-json\/wp\/v2\/media?parent=477"}],"wp:term":[{"taxonomy":"product_brand","embeddable":true,"href":"https:\/\/akonda.pl\/en\/wp-json\/wp\/v2\/product_brand?post=477"},{"taxonomy":"product_cat","embeddable":true,"href":"https:\/\/akonda.pl\/en\/wp-json\/wp\/v2\/product_cat?post=477"},{"taxonomy":"product_tag","embeddable":true,"href":"https:\/\/akonda.pl\/en\/wp-json\/wp\/v2\/product_tag?post=477"}],"curies":[{"name":"wp","href":"https:\/\/api.w.org\/{rel}","templated":true}]}}