{"id":486,"date":"2017-01-20T16:00:25","date_gmt":"2017-01-20T15:00:25","guid":{"rendered":"https:\/\/akonda-test.key2print.com\/?post_type=product&#038;p=486"},"modified":"2017-11-16T16:52:40","modified_gmt":"2017-11-16T15:52:40","slug":"zawieszanie-wkladu","status":"publish","type":"product","link":"https:\/\/akonda.pl\/en\/product\/insertion-suspension\/","title":{"rendered":"Hanging the cartridge"},"content":{"rendered":"<p>A cartridge hanging machine with adjustable glue quantity. The machine is characterized by very low energy consumption.<\/p>\n<p>&nbsp;<\/p>\n<table width=\"697\">\n<tbody>\n<tr>\n<td colspan=\"2\" width=\"330\"><strong>SPECIFICATION<\/strong><strong> CM-02<\/strong><\/td>\n<td width=\"363\">&nbsp;<\/td>\n<td colspan=\"2\" width=\"2\">&nbsp;<\/td>\n<td width=\"2\">&nbsp;<\/td>\n<\/tr>\n<tr>\n<td width=\"329\">Maximum cartridge size:<\/td>\n<td colspan=\"3\" width=\"366\">420 x 320 mm<\/td>\n<td colspan=\"2\" width=\"2\">&nbsp;<\/td>\n<\/tr>\n<tr>\n<td width=\"329\">Minimum cartridge size:<\/td>\n<td colspan=\"3\" width=\"366\">120 x 60 mm<\/td>\n<td colspan=\"2\" width=\"2\">&nbsp;<\/td>\n<\/tr>\n<tr>\n<td width=\"329\">Working speed<\/td>\n<td colspan=\"3\" width=\"366\">About 4 pcs. \/min<\/td>\n<td colspan=\"2\" width=\"2\">&nbsp;<\/td>\n<\/tr>\n<tr>\n<td width=\"329\">Power supply<\/td>\n<td colspan=\"3\" width=\"366\">400V, 50Hz, 500W<\/td>\n<td colspan=\"2\" width=\"2\">&nbsp;<\/td>\n<\/tr>\n<tr>\n<td width=\"329\">Weight of the machine<\/td>\n<td colspan=\"3\" width=\"366\">150 kg<\/td>\n<td colspan=\"2\" width=\"2\">&nbsp;<\/td>\n<\/tr>\n<tr>\n<td width=\"329\">Machine sizes<\/td>\n<td colspan=\"3\" width=\"366\">120 x 90 x 160 cm<\/td>\n<td colspan=\"2\" width=\"2\">&nbsp;<\/td>\n<\/tr>\n<tr>\n<td width=\"329\">Glue application<\/td>\n<td colspan=\"3\" width=\"366\">Cold<\/td>\n<td colspan=\"2\" width=\"2\"><\/td>\n<\/tr>\n<\/tbody>\n<\/table>","protected":false},"excerpt":{"rendered":"<p>Maszyna do zawieszania wk\u0142adu z mo\u017cliwo\u015bci\u0105 regulacji ilo\u015bci kleju. Maszyna charakteryzuje si\u0119 bardzo niskim poborem energii. &nbsp; SPECYFIKACJA CM-02 &nbsp; &nbsp; &nbsp; Maksymalny rozmiar wk\u0142adu: 420 x 320 mm &nbsp; Minimalny rozmiar wk\u0142adu: 120 x 60 mm &nbsp; Pr\u0119dko\u015b\u0107 robocza Oko\u0142o 4 szt. \/min &nbsp; Zasilanie 400V, 50Hz, 500W &nbsp; Waga maszyny 150 kg &nbsp; [&hellip;]<\/p>","protected":false},"featured_media":979,"comment_status":"closed","ping_status":"closed","template":"","meta":{"_acf_changed":false,"_et_pb_use_builder":"","_et_pb_old_content":"","_et_gb_content_width":"","inline_featured_image":false,"_monsterinsights_skip_tracking":false,"_monsterinsights_sitenote_active":false,"_monsterinsights_sitenote_note":"","_monsterinsights_sitenote_category":0},"product_brand":[],"product_cat":[36],"product_tag":[],"class_list":{"0":"post-486","1":"product","2":"type-product","3":"status-publish","4":"has-post-thumbnail","6":"product_cat-oprawatwarda","8":"first","9":"instock","10":"shipping-taxable","11":"product-type-simple"},"acf":[],"_links":{"self":[{"href":"https:\/\/akonda.pl\/en\/wp-json\/wp\/v2\/product\/486","targetHints":{"allow":["GET"]}}],"collection":[{"href":"https:\/\/akonda.pl\/en\/wp-json\/wp\/v2\/product"}],"about":[{"href":"https:\/\/akonda.pl\/en\/wp-json\/wp\/v2\/types\/product"}],"replies":[{"embeddable":true,"href":"https:\/\/akonda.pl\/en\/wp-json\/wp\/v2\/comments?post=486"}],"wp:featuredmedia":[{"embeddable":true,"href":"https:\/\/akonda.pl\/en\/wp-json\/wp\/v2\/media\/979"}],"wp:attachment":[{"href":"https:\/\/akonda.pl\/en\/wp-json\/wp\/v2\/media?parent=486"}],"wp:term":[{"taxonomy":"product_brand","embeddable":true,"href":"https:\/\/akonda.pl\/en\/wp-json\/wp\/v2\/product_brand?post=486"},{"taxonomy":"product_cat","embeddable":true,"href":"https:\/\/akonda.pl\/en\/wp-json\/wp\/v2\/product_cat?post=486"},{"taxonomy":"product_tag","embeddable":true,"href":"https:\/\/akonda.pl\/en\/wp-json\/wp\/v2\/product_tag?post=486"}],"curies":[{"name":"wp","href":"https:\/\/api.w.org\/{rel}","templated":true}]}}