{"id":489,"date":"2017-01-20T16:07:30","date_gmt":"2017-01-20T15:07:30","guid":{"rendered":"https:\/\/akonda-test.key2print.com\/?post_type=product&#038;p=489"},"modified":"2017-08-09T14:56:53","modified_gmt":"2017-08-09T12:56:53","slug":"urzadzenia-do-ladowania-koronowego","status":"publish","type":"product","link":"https:\/\/akonda.pl\/en\/product\/corona-charging-equipment\/","title":{"rendered":"Corona charging equipment"},"content":{"rendered":"<p>We invite you to get acquainted with the category of UV PRIMERS - all devices in our offer are adapted for PRIMER application (e.g. Saphir) on overlay papers.<\/p>\n<p>Corona charging equipment<\/p>\n<p><img loading=\"lazy\" decoding=\"async\" class=\"alignnone size-full wp-image-491\" src=\"https:\/\/akonda-test.key2print.com\/wp-content\/uploads\/2017\/01\/corona-pretreatment.jpg\" alt=\"corona pretreatment\" width=\"212\" height=\"240\" srcset=\"https:\/\/akonda.pl\/wp-content\/uploads\/2017\/01\/corona-pretreatment.jpg 212w, https:\/\/akonda.pl\/wp-content\/uploads\/2017\/01\/corona-pretreatment-64x72.jpg 64w\" sizes=\"(max-width: 212px) 100vw, 212px\" \/><\/p>\n<p><img loading=\"lazy\" decoding=\"async\" class=\"alignnone size-medium wp-image-490\" src=\"https:\/\/akonda-test.key2print.com\/wp-content\/uploads\/2017\/01\/corona-pretreatment2-300x66.jpg\" alt=\"corona pretreatment2\" width=\"300\" height=\"66\" \/><\/p>\n<p>To increase the low surface tension of materials like plastic, film, we suggest using corona charging equipment.<br \/>\nThe process does not affect the strength of the processed material while it increases printing and varnishing capabilities.<\/p>\n<table border=\"0\" align=\"left\">\n<tbody>\n<tr>\n<td><strong>Material before treatment<\/strong><\/td>\n<td><strong>Surface tension (dyne\/cm)<\/strong><\/td>\n<\/tr>\n<tr>\n<td>PP<\/td>\n<td>29<\/td>\n<\/tr>\n<tr>\n<td>PE-LD<\/td>\n<td>31<\/td>\n<\/tr>\n<tr>\n<td>PE-HD<\/td>\n<td>32<\/td>\n<\/tr>\n<tr>\n<td>BOPP<\/td>\n<td>32<\/td>\n<\/tr>\n<tr>\n<td>PET<\/td>\n<td>34<\/td>\n<\/tr>\n<\/tbody>\n<\/table>\n<p>&nbsp;<\/p>\n<p>&nbsp;<\/p>\n<p>&nbsp;<\/p>\n<p>&nbsp;<\/p>\n<table border=\"0\">\n<tbody>\n<tr>\n<td><strong>Required voltage for the process<\/strong><\/td>\n<td><strong>dyne\/cm<\/strong><\/td>\n<\/tr>\n<tr>\n<td>Varnishing<\/td>\n<td>44-54<\/td>\n<\/tr>\n<tr>\n<td>Solvent inkjet printing<\/td>\n<td>40-42<\/td>\n<\/tr>\n<tr>\n<td>Water-based inkjet printing<\/td>\n<td>46-48<\/td>\n<\/tr>\n<tr>\n<td>Foiling<\/td>\n<td>46-56<\/td>\n<\/tr>\n<\/tbody>\n<\/table>\n<p>&nbsp;<\/p>","protected":false},"excerpt":{"rendered":"<p>Zapraszamy do zapoznania si\u0119 z kategori\u0105 LAKIER\u00d3WKI UV &#8211; wszystkie urz\u0105dzenia w naszej ofercie s\u0105 przystosowane do nak\u0142adania PRIMER&#8217;a (np. Saphir) na nak\u0142adowe papiery. Urz\u0105dzenia do \u0142adowania koronowego Aby zwi\u0119kszy\u0107 niskie napi\u0119cie powierzchniowe materia\u0142\u00f3w jak plastik, folia proponujemy zastosowanie urz\u0105dze\u0144 do \u0142adowania koronowego. Proces nie ma wp\u0142ywu na wytrzyma\u0142o\u015b\u0107 obrabianego materia\u0142u natomiast zwi\u0119ksza mo\u017cliwo\u015bci druku [&hellip;]<\/p>","protected":false},"featured_media":750,"comment_status":"closed","ping_status":"closed","template":"","meta":{"_acf_changed":false,"_et_pb_use_builder":"","_et_pb_old_content":"","_et_gb_content_width":"","inline_featured_image":false,"_monsterinsights_skip_tracking":false,"_monsterinsights_sitenote_active":false,"_monsterinsights_sitenote_note":"","_monsterinsights_sitenote_category":0},"product_brand":[],"product_cat":[68],"product_tag":[],"class_list":{"0":"post-489","1":"product","2":"type-product","3":"status-publish","4":"has-post-thumbnail","6":"product_cat-inne","8":"first","9":"instock","10":"shipping-taxable","11":"product-type-simple"},"acf":[],"_links":{"self":[{"href":"https:\/\/akonda.pl\/en\/wp-json\/wp\/v2\/product\/489","targetHints":{"allow":["GET"]}}],"collection":[{"href":"https:\/\/akonda.pl\/en\/wp-json\/wp\/v2\/product"}],"about":[{"href":"https:\/\/akonda.pl\/en\/wp-json\/wp\/v2\/types\/product"}],"replies":[{"embeddable":true,"href":"https:\/\/akonda.pl\/en\/wp-json\/wp\/v2\/comments?post=489"}],"wp:featuredmedia":[{"embeddable":true,"href":"https:\/\/akonda.pl\/en\/wp-json\/wp\/v2\/media\/750"}],"wp:attachment":[{"href":"https:\/\/akonda.pl\/en\/wp-json\/wp\/v2\/media?parent=489"}],"wp:term":[{"taxonomy":"product_brand","embeddable":true,"href":"https:\/\/akonda.pl\/en\/wp-json\/wp\/v2\/product_brand?post=489"},{"taxonomy":"product_cat","embeddable":true,"href":"https:\/\/akonda.pl\/en\/wp-json\/wp\/v2\/product_cat?post=489"},{"taxonomy":"product_tag","embeddable":true,"href":"https:\/\/akonda.pl\/en\/wp-json\/wp\/v2\/product_tag?post=489"}],"curies":[{"name":"wp","href":"https:\/\/api.w.org\/{rel}","templated":true}]}}