{"id":504,"date":"2017-01-20T16:37:27","date_gmt":"2017-01-20T15:37:27","guid":{"rendered":"https:\/\/akonda-test.key2print.com\/?post_type=product&#038;p=504"},"modified":"2024-10-18T12:50:46","modified_gmt":"2024-10-18T10:50:46","slug":"wb-520","status":"publish","type":"product","link":"https:\/\/akonda.pl\/en\/product\/wb-520\/","title":{"rendered":"Spiral Closing Machine WB-520"},"content":{"rendered":"<p>[et_pb_section fb_built=&#8221;1&#8243; _builder_version=&#8221;4.16&#8243; custom_padding=&#8221;0px||||false|false&#8221; global_colors_info=&#8221;{}&#8221;][et_pb_row _builder_version=&#8221;4.16&#8243; background_size=&#8221;initial&#8221; background_position=&#8221;top_left&#8221; background_repeat=&#8221;repeat&#8221; width=&#8221;100%&#8221; custom_padding=&#8221;0px||0px||false|false&#8221; global_colors_info=&#8221;{}&#8221;][et_pb_column type=&#8221;4_4&#8243; _builder_version=&#8221;4.16&#8243; custom_padding=&#8221;|||&#8221; global_colors_info=&#8221;{}&#8221; custom_padding__hover=&#8221;|||&#8221;][dsm_card button_url_new_window=&#8221;1&#8243; _builder_version=&#8221;4.23.1&#8243; _module_preset=&#8221;default&#8221; hover_enabled=&#8221;0&#8243; global_colors_info=&#8221;{}&#8221; sticky_enabled=&#8221;0&#8243;]<\/p>\n<p><strong>WB-520<\/strong> is an advanced calendar binding machine that specializes in creating double wire loops for wall and desk calendars.<\/p>\n<p>Equipped with a mechanism that efficiently draws the wire from the spool, the WB-520 machine inserts it precisely into the punched holes, ensuring a durable and aesthetically pleasing finish.<\/p>\n<h3>Key benefits:<\/h3>\n<ol>\n<li><strong>Professional and durable binding:<\/strong> creates a solid connection between the pages and the cover, ensuring that the calendars can withstand heavy use. Evenly spaced holes ensure perfect alignment of the pages, which increases their stability.<\/li>\n<li><strong>High Performance:<\/strong> With a maximum speed of <strong>1500 books per hour<\/strong>, WB-520 is ideal for companies in need of efficient calendar production. The wide binding range of up to <strong>520 mm<\/strong> and the ability to work with different sizes (from <strong>1\/4 to 3\/4<\/strong>) make it an extremely versatile device.<\/li>\n<li><strong>Modern technologies:<\/strong> The WB-520 machine has been designed with an advanced PLC control system, which allows for real-time monitoring of the operation status and easy adjustment of operating parameters. With numerous certifications, it guarantees high quality and reliability.<\/li>\n<\/ol>\n<p>Invest in a calendar binding machine <strong>WB-520<\/strong> and increase the efficiency of your production, enjoying professional finishing and time savings.<\/p>\n<p>[\/dsm_card][\/et_pb_column][\/et_pb_row][et_pb_row column_structure=&#8221;1_3,1_3,1_3&#8243; _builder_version=&#8221;4.23.1&#8243; background_size=&#8221;initial&#8221; background_position=&#8221;top_left&#8221; background_repeat=&#8221;repeat&#8221; width=&#8221;100%&#8221; custom_padding=&#8221;0px||||false|false&#8221; global_colors_info=&#8221;{}&#8221;][et_pb_column type=&#8221;1_3&#8243; _builder_version=&#8221;4.16&#8243; custom_padding=&#8221;|||&#8221; global_colors_info=&#8221;{}&#8221; custom_padding__hover=&#8221;|||&#8221;][et_pb_heading title=&#8221;Parametry techniczne&#8221; _builder_version=&#8221;4.23.1&#8243; _module_preset=&#8221;default&#8221; title_level=&#8221;h2&#8243; global_colors_info=&#8221;{}&#8221;][\/et_pb_heading][\/et_pb_column][et_pb_column type=&#8221;1_3&#8243; _builder_version=&#8221;4.23.1&#8243; _module_preset=&#8221;default&#8221; global_colors_info=&#8221;{}&#8221;][et_pb_text _builder_version=&#8221;4.23.1&#8243; _module_preset=&#8221;default&#8221; global_colors_info=&#8221;{}&#8221;]<\/p>\n<table style=\"border-collapse: collapse;width: 100%;height: 43px\" border=\"1\">\n<tbody>\n<tr style=\"height: 0px\">\n<td style=\"width: 16.6667%;height: 0px\">Size<\/td>\n<td style=\"width: 16.6667%;height: 0px\">Spacing<\/td>\n<td style=\"width: 16.6667%;height: 0px\">Hole<\/td>\n<td style=\"width: 16.6667%;height: 0px\">Thickness (mm)<\/td>\n<td style=\"width: 16.6667%;height: 0px\">Wire diameter (mm)<\/td>\n<td style=\"width: 16.6667%;height: 0px\">Pages<\/td>\n<\/tr>\n<tr style=\"height: 10px\">\n<td style=\"width: 16.6667%;height: 10px\">1\/4<\/td>\n<td style=\"width: 16.6667%;height: 10px\">3:1<\/td>\n<td style=\"width: 16.6667%;height: 10px\">4.0*4.0<\/td>\n<td style=\"width: 16.6667%;height: 10px\">4.9<\/td>\n<td style=\"width: 16.6667%;height: 10px\">6.4<\/td>\n<td style=\"width: 16.6667%;height: 10px\">45<\/td>\n<\/tr>\n<tr style=\"height: 0px\">\n<td style=\"width: 16.6667%;height: 10px\">5\/16<\/td>\n<td style=\"width: 16.6667%;height: 10px\">3:1<\/td>\n<td style=\"width: 16.6667%;height: 10px\">4.0*4.0<\/td>\n<td style=\"width: 16.6667%;height: 10px\">6.3<\/td>\n<td style=\"width: 16.6667%\">7.9<\/td>\n<td style=\"width: 16.6667%;height: 10px\">60<\/td>\n<\/tr>\n<tr style=\"height: 0px\">\n<td style=\"width: 16.6667%;height: 0px\">3\/8<\/td>\n<td style=\"width: 16.6667%;height: 0px\">3:1<\/td>\n<td style=\"width: 16.6667%;height: 0px\">4.0*4.0<\/td>\n<td style=\"width: 16.6667%;height: 0px\">7.9<\/td>\n<td style=\"width: 16.6667%\">9.5<\/td>\n<td style=\"width: 16.6667%;height: 0px\">70<\/td>\n<\/tr>\n<tr style=\"height: 0px\">\n<td style=\"width: 16.6667%;height: 0px\">7\/16<\/td>\n<td style=\"width: 16.6667%;height: 0px\">3:1<\/td>\n<td style=\"width: 16.6667%;height: 0px\">4.5*4.5<\/td>\n<td style=\"width: 16.6667%;height: 0px\">9.3<\/td>\n<td style=\"width: 16.6667%\">11.1<\/td>\n<td style=\"width: 16.6667%;height: 0px\">85<\/td>\n<\/tr>\n<tr style=\"height: 0px\">\n<td style=\"width: 16.6667%;height: 0px\">1\/2<\/td>\n<td style=\"width: 16.6667%;height: 0px\">3:1<\/td>\n<td style=\"width: 16.6667%;height: 0px\">4.5*4.5<\/td>\n<td style=\"width: 16.6667%;height: 0px\">10.9<\/td>\n<td style=\"width: 16.6667%\">12.7<\/td>\n<td style=\"width: 16.6667%;height: 0px\">100<\/td>\n<\/tr>\n<tr style=\"height: 0px\">\n<td style=\"width: 16.6667%;height: 0px\">9\/16<\/td>\n<td style=\"width: 16.6667%;height: 0px\">3:1<\/td>\n<td style=\"width: 16.6667%;height: 0px\">4.5*4.5<\/td>\n<td style=\"width: 16.6667%;height: 0px\">12.2<\/td>\n<td style=\"width: 16.6667%\">14.3<\/td>\n<td style=\"width: 16.6667%;height: 0px\">120<\/td>\n<\/tr>\n<tr style=\"height: 0px\">\n<td style=\"width: 16.6667%;height: 0px\">5\/8<\/td>\n<td style=\"width: 16.6667%;height: 0px\">2:1<\/td>\n<td style=\"width: 16.6667%;height: 0px\">5.0*5.0<\/td>\n<td style=\"width: 16.6667%;height: 0px\">13.4<\/td>\n<td style=\"width: 16.6667%\">15:9<\/td>\n<td style=\"width: 16.6667%;height: 0px\">130<\/td>\n<\/tr>\n<tr style=\"height: 23px\">\n<td style=\"width: 16.6667%;height: 23px\">3\/4<\/td>\n<td style=\"width: 16.6667%;height: 23px\">2:1<\/td>\n<td style=\"width: 16.6667%;height: 23px\">5.0*5.0<\/td>\n<td style=\"width: 16.6667%;height: 23px\">16:6<\/td>\n<td style=\"width: 16.6667%;height: 23px\">19:1<\/td>\n<td style=\"width: 16.6667%;height: 23px\">160<\/td>\n<\/tr>\n<\/tbody>\n<\/table>\n<p>[\/et_pb_text][\/et_pb_column][et_pb_column type=&#8221;1_3&#8243; _builder_version=&#8221;4.23.1&#8243; _module_preset=&#8221;default&#8221; global_colors_info=&#8221;{}&#8221;][et_pb_text _builder_version=&#8221;4.23.1&#8243; _module_preset=&#8221;default&#8221; global_colors_info=&#8221;{}&#8221;]<\/p>\n<table style=\"border-collapse: collapse;width: 100%;height: 230px\" border=\"1\">\n<tbody>\n<tr style=\"height: 23px\">\n<td style=\"width: 50%;height: 23px\">Parameter<\/td>\n<td style=\"width: 50%;height: 23px\">Value<\/td>\n<\/tr>\n<tr style=\"height: 23px\">\n<td style=\"width: 50%;height: 23px\">Speed<\/td>\n<td style=\"width: 50%;height: 23px\">1500 volumes\/hour<\/td>\n<\/tr>\n<tr style=\"height: 23px\">\n<td style=\"width: 50%;height: 23px\">Air pressure<\/td>\n<td style=\"width: 50%;height: 23px\">5-8Kgf<\/td>\n<\/tr>\n<tr style=\"height: 23px\">\n<td style=\"width: 50%;height: 23px\">Wire diameter<\/td>\n<td style=\"width: 50%;height: 23px\">1\/4&#8243;-3\/4<\/td>\n<\/tr>\n<tr style=\"height: 23px\">\n<td style=\"width: 50%;height: 23px\">Work table dimensions<\/td>\n<td style=\"width: 50%;height: 23px\">680 x 310 mm<\/td>\n<\/tr>\n<tr style=\"height: 23px\">\n<td style=\"width: 50%;height: 23px\">Maximum width of the luminaire<\/td>\n<td style=\"width: 50%;height: 23px\">520 mm<\/td>\n<\/tr>\n<tr style=\"height: 23px\">\n<td style=\"width: 50%;height: 23px\">Dimensions of the main machine<\/td>\n<td style=\"width: 50%;height: 23px\">780 x 730 x 1150 mm<\/td>\n<\/tr>\n<tr style=\"height: 23px\">\n<td style=\"width: 50%;height: 23px\">Supply roll dimensions<\/td>\n<td style=\"width: 50%;height: 23px\">600 x 500 x 1320 mm<\/td>\n<\/tr>\n<tr style=\"height: 23px\">\n<td style=\"width: 50%;height: 23px\">Net weight<\/td>\n<td style=\"width: 50%;height: 23px\">300kg<\/td>\n<\/tr>\n<\/tbody>\n<\/table>\n<p>[\/et_pb_text][\/et_pb_column][\/et_pb_row][\/et_pb_section].<\/p>","protected":false},"excerpt":{"rendered":"<p>With a modern PLC control system and a wide range of luminaire to <strong>520 mm<\/strong>, WB-520 provides a precise and aesthetically pleasing finish that will meet even the most demanding projects. Ideal for companies looking to increase production efficiency!<\/p>","protected":false},"featured_media":751,"comment_status":"closed","ping_status":"closed","template":"","meta":{"_acf_changed":false,"_et_pb_use_builder":"on","_et_pb_old_content":"<strong>WB-520<\/strong> to zaawansowana maszyna do oprawy kalendarzy, kt\u00f3ra specjalizuje si\u0119 w tworzeniu podw\u00f3jnych p\u0119tli drucianych dla kalendarzy \u015bciennych i biurkowych. Wyposa\u017cona w mechanizm, kt\u00f3ry efektywnie pobiera drut z szpuli, maszyna WB-520 wprowadza go precyzyjnie w dziurkowane otwory, zapewniaj\u0105c trwa\u0142e i estetyczne wyko\u0144czenie.\r\n<h3>Kluczowe zalety maszyny WB-520:<\/h3>\r\n<ol>\r\n \t<li><strong>Profesjonalna i trwa\u0142a oprawa:<\/strong> Maszyna WB-520 tworzy solidne po\u0142\u0105czenie mi\u0119dzy kartkami a ok\u0142adk\u0105, co gwarantuje, \u017ce kalendarze wytrzymuj\u0105 intensywne u\u017cytkowanie. R\u00f3wnomiernie rozmieszczone otwory zapewniaj\u0105 idealne wyr\u00f3wnanie stron, co zwi\u0119ksza ich stabilno\u015b\u0107.<\/li>\r\n \t<li><strong>Wysoka wydajno\u015b\u0107:<\/strong> Z maksymaln\u0105 pr\u0119dko\u015bci\u0105 wynosz\u0105c\u0105 <strong>1500 ksi\u0105\u017cek na godzin\u0119<\/strong>, WB-520 jest idealnym rozwi\u0105zaniem dla firm potrzebuj\u0105cych efektywnej produkcji kalendarzy. Szeroki zakres oprawy wynosz\u0105cy do <strong>520 mm<\/strong> oraz mo\u017cliwo\u015b\u0107 pracy z r\u00f3\u017cnymi rozmiarami (od <strong>1\/4 do 3\/4<\/strong>) sprawiaj\u0105, \u017ce jest to urz\u0105dzenie niezwykle uniwersalne.<\/li>\r\n \t<li><strong>Nowoczesne technologie:<\/strong> Maszyna WB-520 zosta\u0142a zaprojektowana z zastosowaniem zaawansowanego systemu sterowania PLC, kt\u00f3ry umo\u017cliwia bie\u017c\u0105ce monitorowanie statusu pracy oraz \u0142atwe dostosowywanie parametr\u00f3w roboczych. Dzi\u0119ki licznym certyfikatom, WB-520 gwarantuje wysok\u0105 jako\u015b\u0107 i niezawodno\u015b\u0107.<\/li>\r\n<\/ol>\r\nZainwestuj w maszyn\u0119 do oprawy kalendarzy <strong>WB-520<\/strong> i zwi\u0119ksz efektywno\u015b\u0107 swojej produkcji, ciesz\u0105c si\u0119 profesjonalnym wyko\u0144czeniem i oszcz\u0119dno\u015bciami czasu.","_et_gb_content_width":"","inline_featured_image":false,"_monsterinsights_skip_tracking":false,"_monsterinsights_sitenote_active":false,"_monsterinsights_sitenote_note":"","_monsterinsights_sitenote_category":0},"product_brand":[],"product_cat":[135],"product_tag":[],"class_list":{"0":"post-504","1":"product","2":"type-product","3":"status-publish","4":"has-post-thumbnail","6":"product_cat-zamykarki-spirali","8":"first","9":"instock","10":"shipping-taxable","11":"product-type-simple"},"acf":[],"_links":{"self":[{"href":"https:\/\/akonda.pl\/en\/wp-json\/wp\/v2\/product\/504","targetHints":{"allow":["GET"]}}],"collection":[{"href":"https:\/\/akonda.pl\/en\/wp-json\/wp\/v2\/product"}],"about":[{"href":"https:\/\/akonda.pl\/en\/wp-json\/wp\/v2\/types\/product"}],"replies":[{"embeddable":true,"href":"https:\/\/akonda.pl\/en\/wp-json\/wp\/v2\/comments?post=504"}],"wp:featuredmedia":[{"embeddable":true,"href":"https:\/\/akonda.pl\/en\/wp-json\/wp\/v2\/media\/751"}],"wp:attachment":[{"href":"https:\/\/akonda.pl\/en\/wp-json\/wp\/v2\/media?parent=504"}],"wp:term":[{"taxonomy":"product_brand","embeddable":true,"href":"https:\/\/akonda.pl\/en\/wp-json\/wp\/v2\/product_brand?post=504"},{"taxonomy":"product_cat","embeddable":true,"href":"https:\/\/akonda.pl\/en\/wp-json\/wp\/v2\/product_cat?post=504"},{"taxonomy":"product_tag","embeddable":true,"href":"https:\/\/akonda.pl\/en\/wp-json\/wp\/v2\/product_tag?post=504"}],"curies":[{"name":"wp","href":"https:\/\/api.w.org\/{rel}","templated":true}]}}