{"id":5092,"date":"2024-10-11T14:57:26","date_gmt":"2024-10-11T12:57:26","guid":{"rendered":"https:\/\/akonda.pl\/?post_type=product&#038;p=5092"},"modified":"2024-10-11T17:24:08","modified_gmt":"2024-10-11T15:24:08","slug":"falcerka-superfax-415","status":"publish","type":"product","link":"https:\/\/akonda.pl\/en\/product\/superfax-415-folding-machine\/","title":{"rendered":"Folding machine SUPERFAX SF-415"},"content":{"rendered":"<p>[et_pb_section fb_built=&#8221;1&#8243; _builder_version=&#8221;4.16&#8243; custom_padding=&#8221;0px||||false|false&#8221; global_colors_info=&#8221;{}&#8221;][et_pb_row _builder_version=&#8221;4.16&#8243; background_size=&#8221;initial&#8221; background_position=&#8221;top_left&#8221; background_repeat=&#8221;repeat&#8221; width=&#8221;100%&#8221; global_colors_info=&#8221;{}&#8221;][et_pb_column type=&#8221;4_4&#8243; _builder_version=&#8221;4.16&#8243; custom_padding=&#8221;|||&#8221; global_colors_info=&#8221;{}&#8221; custom_padding__hover=&#8221;|||&#8221;][dsm_card button_url_new_window=&#8221;1&#8243; _builder_version=&#8221;4.23.1&#8243; _module_preset=&#8221;default&#8221; global_colors_info=&#8221;{}&#8221;]<\/p>\n<p><strong>Folding machine SUPERFAX SF-415<\/strong> is an advanced office device from the popular 400 series, ideal for both industrial production and office applications. With its high performance, long service life and quiet operation, <strong>SUPERFAX folder<\/strong> is recognized by companies around the world. The device can perfectly handle sheets of paper of sizes up to <strong>DIN A3<\/strong>, making it a versatile tool for submitting documents in different formats.<\/p>\n<p>Model <strong>SF-415<\/strong> is based on the same robust design as the more advanced <strong>SUPERFAX SF-490 folding machine<\/strong>, but does not have a programming option. With a simple manual system for adjusting the position of the breaks, the folder is easy to operate, even for less experienced users.<\/p>\n<h4>The main features of the SUPERFAX SF-415 folding machine:<\/h4>\n<ul>\n<li><strong>Supports standard formats from A5 to A3<\/strong>: The machine is ideal for folding a variety of documents in the most popular formats.<\/li>\n<li><strong>6 types of paper folding<\/strong>: The device allows easy selection of six basic folding methods, which greatly improves work.<\/li>\n<li><strong>Manual entry of special formats<\/strong>: The SF-415 offers the ability to fold documents of non-standard sizes thanks to a manual adjustment option.<\/li>\n<li><strong>Compact dimensions<\/strong>: Thanks to its compact size, the SUPERFAX SF-415 folder takes up little space, making it an excellent choice for offices with limited space.<\/li>\n<li><strong>Pull-out paper tray<\/strong>: Enables easy feeding and receiving of paper, making the folding process faster and more efficient.<\/li>\n<li><strong>Conveyor belt<\/strong>: Provides a smooth flow of paper, eliminating the risk of paper jams and downtime during operation.<\/li>\n<\/ul>\n<p><strong>Folding machine SUPERFAX SF-415<\/strong> is a reliable, durable and easy-to-use machine that is perfect for companies looking for efficient document folding solutions. Thanks to its versatility and robust design, the SUPERFAX folding machine is chosen by many companies around the world.<\/p>\n<p>If you are looking for <strong>folders<\/strong>, which will provide you with precise and efficient paper folding, choose <strong>SUPERFAX SF-415 folding machine<\/strong> - A reliable device for everyday work.<\/p>\n<p>[\/dsm_card][\/et_pb_column][\/et_pb_row][et_pb_row column_structure=&#8221;1_2,1_2&#8243; _builder_version=&#8221;4.23.1&#8243; _module_preset=&#8221;default&#8221; background_color=&#8221;#f8f8f8&#8243; global_colors_info=&#8221;{}&#8221;][et_pb_column type=&#8221;1_2&#8243; _builder_version=&#8221;4.23.1&#8243; _module_preset=&#8221;default&#8221; global_colors_info=&#8221;{}&#8221;][et_pb_heading title=&#8221;Falcerka SUPERFAX SF-415 typy zgi\u0119\u0107&#8221; _builder_version=&#8221;4.23.1&#8243; _module_preset=&#8221;default&#8221; title_text_color=&#8221;#203569&#8243; custom_margin=&#8221;48px|||48px|false|false&#8221; hover_enabled=&#8221;0&#8243; global_colors_info=&#8221;{}&#8221; title_level=&#8221;h2&#8243; sticky_enabled=&#8221;0&#8243;][\/et_pb_heading][\/et_pb_column][et_pb_column type=&#8221;1_2&#8243; _builder_version=&#8221;4.23.1&#8243; _module_preset=&#8221;default&#8221; global_colors_info=&#8221;{}&#8221;][et_pb_image src=&#8221;https:\/\/akonda.pl\/wp-content\/uploads\/2024\/10\/Firefox_Screenshot_2024-10-11T11-35-49.748Z.png&#8221; alt=&#8221;Falcerka&#8221; title_text=&#8221;Firefox_Screenshot_2024-10-11T11-35-49.748Z&#8221; _builder_version=&#8221;4.23.1&#8243; _module_preset=&#8221;default&#8221; global_colors_info=&#8221;{}&#8221;][\/et_pb_image][\/et_pb_column][\/et_pb_row][et_pb_row column_structure=&#8221;1_2,1_2&#8243; _builder_version=&#8221;4.23.1&#8243; _module_preset=&#8221;default&#8221; global_colors_info=&#8221;{}&#8221;][et_pb_column type=&#8221;1_2&#8243; _builder_version=&#8221;4.23.1&#8243; _module_preset=&#8221;default&#8221; global_colors_info=&#8221;{}&#8221;][et_pb_heading title=&#8221;Dane techniczne &#8221; _builder_version=&#8221;4.23.1&#8243; _module_preset=&#8221;default&#8221; title_level=&#8221;h2&#8243; title_text_color=&#8221;#20356a&#8221; custom_margin=&#8221;48px|||48px|false|false&#8221; global_colors_info=&#8221;{}&#8221;][\/et_pb_heading][\/et_pb_column][et_pb_column type=&#8221;1_2&#8243; _builder_version=&#8221;4.23.1&#8243; _module_preset=&#8221;default&#8221; global_colors_info=&#8221;{}&#8221;][et_pb_code _builder_version=&#8221;4.23.1&#8243; _module_preset=&#8221;default&#8221; global_colors_info=&#8221;{}&#8221;]<\/p>\n<table align=\"center\"><!-- [et_pb_line_break_holder] --><\/p>\n<tbody><!-- [et_pb_line_break_holder] --><\/p>\n<tr><!-- [et_pb_line_break_holder] --><\/p>\n<td><strong>Paper size:<\/strong><\/td>\n<p><!-- [et_pb_line_break_holder] --><\/p>\n<td>Max. 297mm x 432mm Min. 91mm x 128mm (for single fold)<\/td>\n<p><!-- [et_pb_line_break_holder] --><\/tr>\n<p><!-- [et_pb_line_break_holder] --><\/p>\n<tr bgcolor=\"f8f8f8\">\n<td><!-- [et_pb_line_break_holder] --><strong>Paper weight:<\/strong><\/td>\n<p><!-- [et_pb_line_break_holder] --><\/p>\n<td>50 - 160 g\/m2 (&gt; 135g\/m2 for a single fold) <\/td>\n<p><!-- [et_pb_line_break_holder] --><\/tr>\n<p><!-- [et_pb_line_break_holder] --><\/p>\n<tr><!-- [et_pb_line_break_holder] --><\/p>\n<td><strong>Types of folds:<\/strong><\/td>\n<p><!-- [et_pb_line_break_holder] --><\/p>\n<td>Single, letter, zigzag, double, parallel, gate, cross.<\/td>\n<p><!-- [et_pb_line_break_holder] --><\/tr>\n<p><!-- [et_pb_line_break_holder] --><\/p>\n<tr bgcolor=\"f8f8f8\"><!-- [et_pb_line_break_holder] --><\/p>\n<td><strong>Paper feed system:<\/strong><\/td>\n<p><!-- [et_pb_line_break_holder] --><\/p>\n<td>Feeding paper from the tray via 3 rubber rollers<\/td>\n<p><!-- [et_pb_line_break_holder] --><\/tr>\n<p><!-- [et_pb_line_break_holder] --><\/p>\n<tr><!-- [et_pb_line_break_holder] --><\/p>\n<td><strong>Feeder capacity:<\/strong><\/td>\n<p><!-- [et_pb_line_break_holder] --><\/p>\n<td>500 sheets (weight 65g\/m2)<\/td>\n<p><!-- [et_pb_line_break_holder] --><\/tr>\n<p><!-- [et_pb_line_break_holder] --><\/p>\n<tr bgcolor=\"f8f8f8\"><!-- [et_pb_line_break_holder] --><\/p>\n<td><strong>Speed:<\/strong><\/td>\n<p><!-- [et_pb_line_break_holder] --><\/p>\n<td>7200-7800 sheets\/hour <\/td>\n<p><!-- [et_pb_line_break_holder] --><\/tr>\n<p><!-- [et_pb_line_break_holder] --><\/p>\n<tr><!-- [et_pb_line_break_holder] --><\/p>\n<td><strong>Counter:<\/strong><\/td>\n<p><!-- [et_pb_line_break_holder] --><\/p>\n<td>Digital 4-digit meter<\/td>\n<p><!-- [et_pb_line_break_holder] --><\/tr>\n<p><!-- [et_pb_line_break_holder] --><\/p>\n<tr bgcolor=\"f8f8f8\"><!-- [et_pb_line_break_holder] --><\/p>\n<td><strong>Action after the last sheet:<\/strong><\/td>\n<p><!-- [et_pb_line_break_holder] --><\/p>\n<td>yes<\/td>\n<p><!-- [et_pb_line_break_holder] --><\/tr>\n<p><!-- [et_pb_line_break_holder] --><\/p>\n<tr><!-- [et_pb_line_break_holder] --><\/p>\n<td><strong>Paper shortage sensor:<\/strong><\/td>\n<p><!-- [et_pb_line_break_holder] --><\/p>\n<td>yes<\/td>\n<p><!-- [et_pb_line_break_holder] --><\/tr>\n<p><!-- [et_pb_line_break_holder] --><\/p>\n<tr bgcolor=\"f8f8f8\"><!-- [et_pb_line_break_holder] --><\/p>\n<td><strong>Lid opening protection:<\/strong><\/td>\n<p><!-- [et_pb_line_break_holder] --><\/p>\n<td>yes (turning off the device when the cover is opened)<\/td>\n<p><!-- [et_pb_line_break_holder] --><\/tr>\n<p><!-- [et_pb_line_break_holder] --><\/p>\n<tr><!-- [et_pb_line_break_holder] --><\/p>\n<td><strong>Option:<\/strong><\/td>\n<p><!-- [et_pb_line_break_holder] --><\/p>\n<td>SF-Z2 - special feeder for paper smoothing<\/td>\n<p><!-- [et_pb_line_break_holder] --><\/tr>\n<p><!-- [et_pb_line_break_holder] --><\/p>\n<tr bgcolor=\"f8f8f8\"><!-- [et_pb_line_break_holder] --><\/p>\n<td><strong>Power supply:<\/strong><\/td>\n<p><!-- [et_pb_line_break_holder] --><\/p>\n<td>220V\/50Hz<\/td>\n<p><!-- [et_pb_line_break_holder] --><\/tr>\n<p><!-- [et_pb_line_break_holder] --><\/p>\n<tr><!-- [et_pb_line_break_holder] --><\/p>\n<td><strong>Power:<\/strong><\/td>\n<p><!-- [et_pb_line_break_holder] --><\/p>\n<td>75 W<\/td>\n<p><!-- [et_pb_line_break_holder] --><\/tr>\n<p><!-- [et_pb_line_break_holder] --><\/p>\n<tr bgcolor=\"f8f8f8\"><!-- [et_pb_line_break_holder] --><\/p>\n<td><strong>Weight: Net\/Gross:<\/strong><\/td>\n<p><!-- [et_pb_line_break_holder] --><\/p>\n<td>31 kg<\/td>\n<p><!-- [et_pb_line_break_holder] --><\/tr>\n<p><!-- [et_pb_line_break_holder] --><\/tbody>\n<p><!-- [et_pb_line_break_holder] --><\/table>\n<p>[\/et_pb_code][\/et_pb_column][\/et_pb_row][\/et_pb_section].<\/p>","protected":false},"excerpt":{"rendered":"<p>The device can perfectly handle sheets of paper up to the size of <strong>DIN A3<\/strong>, making it a versatile tool for submitting documents in different formats.<\/p>\n<p><img loading=\"lazy\" decoding=\"async\" class=\"size-full wp-image-5091 alignleft\" src=\"https:\/\/akonda.pl\/wp-content\/uploads\/2024\/10\/Firefox_Screenshot_2024-10-11T12-33-16.311Z.png\" alt=\"superfax\" width=\"293\" height=\"71\" srcset=\"https:\/\/akonda.pl\/wp-content\/uploads\/2024\/10\/Firefox_Screenshot_2024-10-11T12-33-16.311Z.png 293w, https:\/\/akonda.pl\/wp-content\/uploads\/2024\/10\/Firefox_Screenshot_2024-10-11T12-33-16.311Z-64x16.png 64w, https:\/\/akonda.pl\/wp-content\/uploads\/2024\/10\/Firefox_Screenshot_2024-10-11T12-33-16.311Z-150x36.png 150w\" sizes=\"(max-width: 293px) 100vw, 293px\" \/><\/p>\n<p>SuperFax electronic GmbH &amp; Co KG Offer customized solutions oriented toward print finishing and paper processing based on new, economical and user-friendly technology.<\/p>","protected":false},"featured_media":5093,"comment_status":"closed","ping_status":"closed","template":"","meta":{"_acf_changed":false,"_et_pb_use_builder":"on","_et_pb_old_content":"<strong>Falcerka SUPERFAX SF-415<\/strong> to zaawansowane urz\u0105dzenie biurowe z popularnej serii 400, idealne zar\u00f3wno do produkcji przemys\u0142owej, jak i biurowych zastosowa\u0144. Dzi\u0119ki swojej wysokiej wydajno\u015bci, d\u0142ugiej \u017cywotno\u015bci oraz cichej pracy, <strong>falcerka SUPERFAX<\/strong> cieszy si\u0119 uznaniem firm na ca\u0142ym \u015bwiecie. Urz\u0105dzenie doskonale radzi sobie z arkuszami papieru o rozmiarach do <strong>DIN A3<\/strong>, co czyni je uniwersalnym narz\u0119dziem do sk\u0142adania dokument\u00f3w w r\u00f3\u017cnych formatach.\r\n\r\nModel <strong>SF-415<\/strong> opiera si\u0119 na tej samej solidnej konstrukcji co bardziej zaawansowana <strong>falcerka SUPERFAX SF-490<\/strong>, jednak nie posiada opcji programowania. Dzi\u0119ki prostemu, r\u0119cznemu systemowi regulacji pozycji \u0142am\u00f3w, falcerka jest \u0142atwa w obs\u0142udze, nawet dla mniej do\u015bwiadczonych u\u017cytkownik\u00f3w.\r\n<h4>G\u0142\u00f3wne cechy falcerki SUPERFAX SF-415:<\/h4>\r\n<ul>\r\n \t<li><strong>Obs\u0142uga standardowych format\u00f3w od A5 do A3<\/strong>: Maszyna jest idealna do sk\u0142adania r\u00f3\u017cnorodnych dokument\u00f3w w najpopularniejszych formatach.<\/li>\r\n \t<li><strong>6 typ\u00f3w sk\u0142adania papieru<\/strong>: Urz\u0105dzenie umo\u017cliwia \u0142atwy wyb\u00f3r sze\u015bciu podstawowych metod sk\u0142adania, co znacznie usprawnia prac\u0119.<\/li>\r\n \t<li><strong>R\u0119czne wprowadzanie specjalnych format\u00f3w<\/strong>: SF-415 oferuje mo\u017cliwo\u015b\u0107 sk\u0142adania dokument\u00f3w o niestandardowych rozmiarach dzi\u0119ki opcji r\u0119cznej regulacji.<\/li>\r\n \t<li><strong>Kompaktowe wymiary<\/strong>: Dzi\u0119ki niewielkim rozmiarom, falcerka SUPERFAX SF-415 zajmuje ma\u0142o miejsca, co sprawia, \u017ce jest doskona\u0142ym wyborem do biur o ograniczonej przestrzeni.<\/li>\r\n \t<li><strong>Wysuwana taca na papier<\/strong>: Umo\u017cliwia \u0142atwe podawanie i odbieranie papieru, co przyspiesza i usprawnia proces sk\u0142adania.<\/li>\r\n \t<li><strong>Ta\u015bmoci\u0105g<\/strong>: Zapewnia p\u0142ynny przep\u0142yw papieru, eliminuj\u0105c ryzyko zator\u00f3w i przestoj\u00f3w podczas pracy.<\/li>\r\n<\/ul>\r\n<strong>Falcerka SUPERFAX SF-415<\/strong> to niezawodna, trwa\u0142a i prosta w obs\u0142udze maszyna, kt\u00f3ra doskonale sprawdzi si\u0119 w firmach poszukuj\u0105cych efektywnych rozwi\u0105za\u0144 do sk\u0142adania dokument\u00f3w. Dzi\u0119ki swojej uniwersalno\u015bci oraz solidnej konstrukcji, falcerka SUPERFAX jest wybierana przez wiele firm na ca\u0142ym \u015bwiecie.\r\n\r\nJe\u015bli szukasz <strong>falcerki<\/strong>, kt\u00f3ra zapewni Ci precyzyjne i wydajne sk\u0142adanie papieru, wybierz <strong>falcerk\u0119 SUPERFAX SF-415<\/strong> \u2013 niezawodne urz\u0105dzenie do codziennej pracy.","_et_gb_content_width":"","inline_featured_image":false,"_monsterinsights_skip_tracking":false,"_monsterinsights_sitenote_active":false,"_monsterinsights_sitenote_note":"","_monsterinsights_sitenote_category":0},"product_brand":[],"product_cat":[19],"product_tag":[120],"class_list":{"0":"post-5092","1":"product","2":"type-product","3":"status-publish","4":"has-post-thumbnail","6":"product_cat-falcerki","7":"product_tag-falcerka","9":"first","10":"instock","11":"shipping-taxable","12":"product-type-simple"},"acf":[],"_links":{"self":[{"href":"https:\/\/akonda.pl\/en\/wp-json\/wp\/v2\/product\/5092","targetHints":{"allow":["GET"]}}],"collection":[{"href":"https:\/\/akonda.pl\/en\/wp-json\/wp\/v2\/product"}],"about":[{"href":"https:\/\/akonda.pl\/en\/wp-json\/wp\/v2\/types\/product"}],"replies":[{"embeddable":true,"href":"https:\/\/akonda.pl\/en\/wp-json\/wp\/v2\/comments?post=5092"}],"wp:featuredmedia":[{"embeddable":true,"href":"https:\/\/akonda.pl\/en\/wp-json\/wp\/v2\/media\/5093"}],"wp:attachment":[{"href":"https:\/\/akonda.pl\/en\/wp-json\/wp\/v2\/media?parent=5092"}],"wp:term":[{"taxonomy":"product_brand","embeddable":true,"href":"https:\/\/akonda.pl\/en\/wp-json\/wp\/v2\/product_brand?post=5092"},{"taxonomy":"product_cat","embeddable":true,"href":"https:\/\/akonda.pl\/en\/wp-json\/wp\/v2\/product_cat?post=5092"},{"taxonomy":"product_tag","embeddable":true,"href":"https:\/\/akonda.pl\/en\/wp-json\/wp\/v2\/product_tag?post=5092"}],"curies":[{"name":"wp","href":"https:\/\/api.w.org\/{rel}","templated":true}]}}