{"id":5123,"date":"2024-10-11T19:47:56","date_gmt":"2024-10-11T17:47:56","guid":{"rendered":"https:\/\/akonda.pl\/?post_type=product&#038;p=5123"},"modified":"2024-10-11T20:00:21","modified_gmt":"2024-10-11T18:00:21","slug":"falcerka-superfax-pf-440","status":"publish","type":"product","link":"https:\/\/akonda.pl\/en\/product\/superfax-pf-440-folding-machine\/","title":{"rendered":"SUPERFAX PF-440 Folding Machine"},"content":{"rendered":"<p>The PF-440 folder is an extremely versatile and powerful professional paper folding machine that will meet the needs of even the most demanding users. Designed to handle formats up to 310\u00d7420 mm and paper weights from 50 to 200 g\/m\u00b2, it provides a wide range of application possibilities, ideally suited for folding flyers, brochures, or more complex projects.<\/p>\n<p>The unit offers a variety of folding modes, such as zigzag, letter and gate, making it suitable for companies that need versatility. With a maximum speed of up to 14,000 sheets per hour, the PF-440 folding machine significantly increases operational efficiency, which is crucial in busy environments.<\/p>\n<p>Another advantage of this model is the automatic paper feeder, which allows continuous operation without frequent interruptions for paper refilling. In turn, the intuitive control panel with a digital display makes operation of the device extremely simple and fast, even for less experienced people. Thanks to its robust construction and durable components, the PF-440 folding machine is a durable device that will stand up to long-term, intensive work.<\/p>\n<h3>Additional features:<\/h3>\n<ul>\n<li>Ability to fold various formats, including zigzag, letter and gate formats<\/li>\n<li>Intuitive control panel with digital display<\/li>\n<li>Automatic paper feeder<\/li>\n<li>Compact design, easy to integrate into small spaces<\/li>\n<li>Customizable operating parameters<\/li>\n<\/ul>\n<p>These features make the PF-440 folder ideal for companies looking for efficient, reliable paper folding equipment. Check out other models available on the site, such as <a href=\"https:\/\/akonda.pl\/en\/product\/superfax-pf-460-folder\/\" target=\"_new\" rel=\"noopener\">Superfax PF-460<\/a> or <a href=\"https:\/\/akonda.pl\/en\/product\/superfax-415-folding-machine\/\" target=\"_new\" rel=\"noopener\">Superfax 415<\/a>. You may also be interested in <a href=\"https:\/\/akonda.pl\/en\/product\/creasing-machine-swift-speed-fold\/\" target=\"_new\" rel=\"noopener\">Swift Speed Fold creasing machine<\/a>, which offers a combination of creasing and folding functions. More models can be found in the category <a href=\"https:\/\/akonda.pl\/en\/?attachment_id=1502\/\" target=\"_new\" rel=\"noopener\">folders<\/a>.<\/p>\n<h3><strong>Technical data<\/strong><\/h3>\n<div class=\"et_pb_column et_pb_column_1_2 et_pb_column_4 et_pb_css_mix_blend_mode_passthrough et-last-child\">\n<div class=\"et_pb_module et_pb_code et_pb_code_0\">\n<div class=\"et_pb_code_inner\">\n<table class=\"alignleft\" style=\"width: 840px\" align=\"center\">\n<tbody>\n<tr>\n<td style=\"width: 304px\"><strong>Paper size:<\/strong><\/td>\n<td style=\"width: 536px\">\n<div class=\"attr-box\">\n<div class=\"attr-value\">Max. 315 x 432 Min. 91x128mm (single fold)<\/div>\n<\/div>\n<\/td>\n<\/tr>\n<tr bgcolor=\"f8f8f8\">\n<td style=\"width: 304px\"><strong>Paper weight:<\/strong><\/td>\n<td style=\"width: 536px\">\n<div class=\"attr-box\">\n<div class=\"attr-value\">45 - 160 g\/m2 (up to 220 g\/m2 with single folding)<\/div>\n<\/div>\n<\/td>\n<\/tr>\n<tr>\n<td style=\"width: 304px\"><strong>Types of folds:<\/strong><\/td>\n<td style=\"width: 536px\">\n<div class=\"attr-box\">\n<div class=\"attr-value\">Single, letter, zigzag, double, parallel, gate, cross.<\/div>\n<\/div>\n<\/td>\n<\/tr>\n<tr bgcolor=\"f8f8f8\">\n<td style=\"width: 304px\"><strong>Paper feed system:<\/strong><\/td>\n<td style=\"width: 536px\">\n<div class=\"attr-box\">\n<div class=\"attr-value\">Feeder with three rubber rollers<\/div>\n<\/div>\n<\/td>\n<\/tr>\n<tr>\n<td style=\"width: 304px\"><strong>Feeder capacity:<\/strong><\/td>\n<td style=\"width: 536px\">\n<div class=\"attr-box\">\n<div class=\"attr-value\">500 sheets (65 g\/m2)<\/div>\n<\/div>\n<\/td>\n<\/tr>\n<tr bgcolor=\"f8f8f8\">\n<td style=\"width: 304px\"><strong>Speed:<\/strong><\/td>\n<td style=\"width: 536px\">\n<div class=\"attr-box\">\n<div class=\"attr-value\">3240-14400 sheets\/hour for A4, single fold, adjustable in 5 stages<\/div>\n<\/div>\n<\/td>\n<\/tr>\n<tr>\n<td style=\"width: 304px\"><strong>Counter:<\/strong><\/td>\n<td style=\"width: 536px\">\n<div class=\"attr-box\">\n<div class=\"attr-value\">Four-digit display and optical error indicator.<\/div>\n<\/div>\n<\/td>\n<\/tr>\n<tr bgcolor=\"f8f8f8\">\n<td style=\"width: 304px\"><strong>Action after the last sheet:<\/strong><\/td>\n<td style=\"width: 536px\">yes<\/td>\n<\/tr>\n<tr>\n<td style=\"width: 304px\"><strong>Paper shortage sensor:<\/strong><\/td>\n<td style=\"width: 536px\">yes<\/td>\n<\/tr>\n<tr bgcolor=\"f8f8f8\">\n<td style=\"width: 304px\"><strong>Lid opening protection:<\/strong><\/td>\n<td style=\"width: 536px\">yes (turning off the device when the cover is opened)<\/td>\n<\/tr>\n<tr>\n<td style=\"width: 304px\"><strong><strong class=\"attr-name\">Automatic detection of paper size:<\/strong><\/strong><\/td>\n<td style=\"width: 536px\">\n<div class=\"attr-box\">\n<div class=\"attr-value\">\n<div class=\"attr-box\">\n<div class=\"attr-value\">Yes, ( A3, B4, A4, B5, A5, B6 )<\/div>\n<\/div>\n<\/div>\n<\/div>\n<\/td>\n<\/tr>\n<tr>\n<td style=\"width: 304px\"><strong><strong class=\"attr-name\">Separator:<\/strong><\/strong><\/td>\n<td style=\"width: 536px\">\n<div class=\"attr-box\">\n<div class=\"attr-value\">\n<div class=\"attr-box\">\n<div class=\"attr-value\">\n<div class=\"attr-box\">\n<div class=\"attr-value\">adjustable<\/div>\n<\/div>\n<\/div>\n<\/div>\n<\/div>\n<\/div>\n<\/td>\n<\/tr>\n<tr>\n<td style=\"width: 304px\"><strong><strong class=\"attr-name\">Stacking tray:<\/strong><\/strong><\/td>\n<td style=\"width: 536px\">\n<div class=\"attr-box\">\n<div class=\"attr-value\">\n<div class=\"attr-box\">\n<div class=\"attr-value\">\n<div class=\"attr-box\">\n<div class=\"attr-value\">In the pile<\/div>\n<\/div>\n<\/div>\n<\/div>\n<\/div>\n<\/div>\n<\/td>\n<\/tr>\n<tr>\n<td style=\"width: 304px\"><strong>Option:<\/strong><\/td>\n<td style=\"width: 536px\">\n<div class=\"attr-box\">\n<div class=\"attr-value\">Special Z 2 feeder for problematic and perforated papers<\/div>\n<\/div>\n<\/td>\n<\/tr>\n<tr bgcolor=\"f8f8f8\">\n<td style=\"width: 304px\"><strong>Power supply:<\/strong><\/td>\n<td style=\"width: 536px\">220V\/50Hz<\/td>\n<\/tr>\n<tr>\n<td style=\"width: 304px\"><strong>Power:<\/strong><\/td>\n<td style=\"width: 536px\">75 W<\/td>\n<\/tr>\n<tr bgcolor=\"f8f8f8\">\n<td style=\"width: 304px\"><strong>Weight: Net\/Gross:<\/strong><\/td>\n<td style=\"width: 536px\">33.5 kg<\/td>\n<\/tr>\n<\/tbody>\n<\/table>\n<\/div>\n<\/div>\n<\/div>\n<p>&nbsp;<\/p>","protected":false},"excerpt":{"rendered":"<p><img loading=\"lazy\" decoding=\"async\" class=\"size-full wp-image-5091 alignleft lazyloaded\" src=\"https:\/\/akonda.pl\/wp-content\/uploads\/2024\/10\/Firefox_Screenshot_2024-10-11T12-33-16.311Z.png\" alt=\"superfax\" width=\"293\" height=\"71\" data-srcset=\"https:\/\/akonda.pl\/wp-content\/uploads\/2024\/10\/Firefox_Screenshot_2024-10-11T12-33-16.311Z.png 293w, https:\/\/akonda.pl\/wp-content\/uploads\/2024\/10\/Firefox_Screenshot_2024-10-11T12-33-16.311Z-150x36.png 150w, https:\/\/akonda.pl\/wp-content\/uploads\/2024\/10\/Firefox_Screenshot_2024-10-11T12-33-16.311Z-64x16.png 64w\" data-src=\"https:\/\/akonda.pl\/wp-content\/uploads\/2024\/10\/Firefox_Screenshot_2024-10-11T12-33-16.311Z.png\" data-sizes=\"(max-width: 293px) 100vw, 293px\" srcset=\"https:\/\/akonda.pl\/wp-content\/uploads\/2024\/10\/Firefox_Screenshot_2024-10-11T12-33-16.311Z.png 293w, https:\/\/akonda.pl\/wp-content\/uploads\/2024\/10\/Firefox_Screenshot_2024-10-11T12-33-16.311Z-64x16.png 64w, https:\/\/akonda.pl\/wp-content\/uploads\/2024\/10\/Firefox_Screenshot_2024-10-11T12-33-16.311Z-150x36.png 150w\" sizes=\"(max-width: 293px) 100vw, 293px\" \/>The PF-440 folder is a compact, efficient paper folding machine. It supports formats up to 310\u00d7420 mm and weights from 50 to 200 gsm. With speeds of up to 14,000 sheets per hour and an automatic paper feeder, it provides fast and trouble-free operation. It's ideal for businesses that need versatility and reliability for everyday tasks.<\/p>\n<p>&nbsp;<\/p>","protected":false},"featured_media":5124,"comment_status":"closed","ping_status":"closed","template":"","meta":{"_acf_changed":false,"_et_pb_use_builder":"on","_et_pb_old_content":"Falcerka PF-440 to niezwykle wszechstronne i wydajne urz\u0105dzenie do profesjonalnego sk\u0142adania papieru, kt\u00f3re spe\u0142ni potrzeby nawet najbardziej wymagaj\u0105cych u\u017cytkownik\u00f3w. Przeznaczona do obs\u0142ugi format\u00f3w do 310x420 mm oraz gramatury papieru od 50 do 200 g\/m\u00b2, zapewnia szeroki zakres mo\u017cliwo\u015bci zastosowania, idealnie nadaj\u0105c si\u0119 do sk\u0142adania ulotek, broszur, czy bardziej skomplikowanych projekt\u00f3w.\r\n\r\nUrz\u0105dzenie oferuje r\u00f3\u017cne tryby sk\u0142adania, takie jak zygzak, listowe i bramowe, co czyni je odpowiednim rozwi\u0105zaniem dla firm, kt\u00f3re potrzebuj\u0105 wszechstronno\u015bci. Dzi\u0119ki maksymalnej pr\u0119dko\u015bci pracy wynosz\u0105cej do 14 000 arkuszy na godzin\u0119, falcerka PF-440 znacz\u0105co zwi\u0119ksza efektywno\u015b\u0107 operacyjn\u0105, co jest kluczowe w \u015brodowiskach o du\u017cym nat\u0119\u017ceniu pracy.\r\n\r\nKolejnym atutem tego modelu jest automatyczny podajnik papieru, kt\u00f3ry umo\u017cliwia ci\u0105g\u0142\u0105 prac\u0119 bez cz\u0119stego przerywania na uzupe\u0142nianie papieru. Z kolei intuicyjny panel sterowania z cyfrowym wy\u015bwietlaczem sprawia, \u017ce obs\u0142uga urz\u0105dzenia jest niezwykle prosta i szybka, nawet dla os\u00f3b mniej do\u015bwiadczonych. Dzi\u0119ki solidnej konstrukcji i trwa\u0142ym komponentom, falcerka PF-440 jest wytrzyma\u0142ym urz\u0105dzeniem, kt\u00f3re sprosta d\u0142ugotrwa\u0142ej, intensywnej pracy.\r\n<h3>Dodatkowe cechy:<\/h3>\r\n<ul>\r\n \t<li>Mo\u017cliwo\u015b\u0107 sk\u0142adania r\u00f3\u017cnych format\u00f3w, w tym zygzak, listowe i bramowe<\/li>\r\n \t<li>Intuicyjny panel sterowania z wy\u015bwietlaczem cyfrowym<\/li>\r\n \t<li>Automatyczny podajnik papieru<\/li>\r\n \t<li>Kompaktowa konstrukcja, \u0142atwa do zintegrowania w ma\u0142ych przestrzeniach<\/li>\r\n \t<li>Mo\u017cliwo\u015b\u0107 dostosowania parametr\u00f3w pracy<\/li>\r\n<\/ul>\r\nDzi\u0119ki tym cechom falcerka PF-440 jest idealnym rozwi\u0105zaniem dla firm poszukuj\u0105cych wydajnego, niezawodnego sprz\u0119tu do sk\u0142adania papieru. Sprawd\u017a inne modele dost\u0119pne na stronie, takie jak <a href=\"https:\/\/akonda.pl\/produkt\/falcerka-superfax-pf-460\/\" target=\"_new\" rel=\"noopener\">Superfax PF-460<\/a> czy <a href=\"https:\/\/akonda.pl\/produkt\/falcerka-superfax-415\/\" target=\"_new\" rel=\"noopener\">Superfax 415<\/a>. Mo\u017cesz tak\u017ce zainteresowa\u0107 si\u0119 <a href=\"https:\/\/akonda.pl\/produkt\/bigowko-falcerka-swift-speed-fold\/\" target=\"_new\" rel=\"noopener\">big\u00f3wko-falcerk\u0105 Swift Speed Fold<\/a>, kt\u00f3ra oferuje po\u0142\u0105czenie funkcji bigowania i sk\u0142adania. Wi\u0119cej modeli znajdziesz w kategorii <a href=\"https:\/\/akonda.pl\/product-category\/falcerki\/\" target=\"_new\" rel=\"noopener\">falcerki<\/a>.\r\n<h3><strong>Dane techniczne<\/strong><\/h3>\r\n<div class=\"et_pb_column et_pb_column_1_2 et_pb_column_4 et_pb_css_mix_blend_mode_passthrough et-last-child\">\r\n<div class=\"et_pb_module et_pb_code et_pb_code_0\">\r\n<div class=\"et_pb_code_inner\">\r\n<table class=\" alignleft\" style=\"width: 840px\" align=\"center\">\r\n<tbody>\r\n<tr>\r\n<td style=\"width: 304px\"><strong>Rozmiar papieru:<\/strong><\/td>\r\n<td style=\"width: 536px\">\r\n<div class=\"attr-box\">\r\n<div class=\"attr-value\">Max. 315 x 432 Min. 91x128mm (pojedyncze sk\u0142adanie)<\/div>\r\n<\/div><\/td>\r\n<\/tr>\r\n<tr bgcolor=\"f8f8f8\">\r\n<td style=\"width: 304px\"><strong>Gramatura papieru:<\/strong><\/td>\r\n<td style=\"width: 536px\">\r\n<div class=\"attr-box\">\r\n<div class=\"attr-value\">45 \u2013 160 g\/m2 (do 220 g\/m2 przy pojedynczym sk\u0142adaniu)<\/div>\r\n<\/div><\/td>\r\n<\/tr>\r\n<tr>\r\n<td style=\"width: 304px\"><strong>Typy zagi\u0119\u0107:<\/strong><\/td>\r\n<td style=\"width: 536px\">\r\n<div class=\"attr-box\">\r\n<div class=\"attr-value\">Pojedynczy, listowy, zygzak, podw\u00f3jny, r\u00f3wnoleg\u0142y, brama, krzy\u017cowy.<\/div>\r\n<\/div><\/td>\r\n<\/tr>\r\n<tr bgcolor=\"f8f8f8\">\r\n<td style=\"width: 304px\"><strong>System podawania papieru:<\/strong><\/td>\r\n<td style=\"width: 536px\">\r\n<div class=\"attr-box\">\r\n<div class=\"attr-value\">Podajnik z trzema gumowymi rolkami<\/div>\r\n<\/div><\/td>\r\n<\/tr>\r\n<tr>\r\n<td style=\"width: 304px\"><strong>Pojemno\u015b\u0107 podajnika:<\/strong><\/td>\r\n<td style=\"width: 536px\">\r\n<div class=\"attr-box\">\r\n<div class=\"attr-value\">500 arkuszy (65 g\/m2 )<\/div>\r\n<\/div><\/td>\r\n<\/tr>\r\n<tr bgcolor=\"f8f8f8\">\r\n<td style=\"width: 304px\"><strong>Pr\u0119dko\u015b\u0107:<\/strong><\/td>\r\n<td style=\"width: 536px\">\r\n<div class=\"attr-box\">\r\n<div class=\"attr-value\">3240-14400 arkuszy \/ godzin\u0119 dla A4, pojedyncze sk\u0142adanie, regulowane w 5 etapach<\/div>\r\n<\/div><\/td>\r\n<\/tr>\r\n<tr>\r\n<td style=\"width: 304px\"><strong>Licznik:<\/strong><\/td>\r\n<td style=\"width: 536px\">\r\n<div class=\"attr-box\">\r\n<div class=\"attr-value\">Czterocyfrowy wy\u015bwietlacz i optyczny sygnalizator b\u0142\u0119d\u00f3w.<\/div>\r\n<\/div><\/td>\r\n<\/tr>\r\n<tr bgcolor=\"f8f8f8\">\r\n<td style=\"width: 304px\"><strong>Dzia\u0142anie po ostatnim arkuszu:<\/strong><\/td>\r\n<td style=\"width: 536px\">tak<\/td>\r\n<\/tr>\r\n<tr>\r\n<td style=\"width: 304px\"><strong>Czujnik braku papieru:<\/strong><\/td>\r\n<td style=\"width: 536px\">tak<\/td>\r\n<\/tr>\r\n<tr bgcolor=\"f8f8f8\">\r\n<td style=\"width: 304px\"><strong>Zabezpieczenie otwarcia pokrywy:<\/strong><\/td>\r\n<td style=\"width: 536px\">tak (wy\u0142\u0105czenie urz\u0105dzenie po otwarciu pokrywy)<\/td>\r\n<\/tr>\r\n<tr>\r\n<td style=\"width: 304px\"><strong><strong class=\"attr-name\">Automatyczne wykrywanie rozmiaru papieru:<\/strong><\/strong><\/td>\r\n<td style=\"width: 536px\">\r\n<div class=\"attr-box\">\r\n<div class=\"attr-value\">\r\n<div class=\"attr-box\">\r\n<div class=\"attr-value\">Tak, ( A3, B4, A4, B5, A5, B6 )<\/div>\r\n<\/div>\r\n<\/div>\r\n<\/div><\/td>\r\n<\/tr>\r\n<tr>\r\n<td style=\"width: 304px\"><strong><strong class=\"attr-name\">Separator:<\/strong><\/strong><\/td>\r\n<td style=\"width: 536px\">\r\n<div class=\"attr-box\">\r\n<div class=\"attr-value\">\r\n<div class=\"attr-box\">\r\n<div class=\"attr-value\">\r\n<div class=\"attr-box\">\r\n<div class=\"attr-value\">regulowany<\/div>\r\n<\/div>\r\n<\/div>\r\n<\/div>\r\n<\/div>\r\n<\/div><\/td>\r\n<\/tr>\r\n<tr>\r\n<td style=\"width: 304px\"><strong><strong class=\"attr-name\">Taca uk\u0142adaj\u0105ca:<\/strong><\/strong><\/td>\r\n<td style=\"width: 536px\">\r\n<div class=\"attr-box\">\r\n<div class=\"attr-value\">\r\n<div class=\"attr-box\">\r\n<div class=\"attr-value\">\r\n<div class=\"attr-box\">\r\n<div class=\"attr-value\">W stos<\/div>\r\n<\/div>\r\n<\/div>\r\n<\/div>\r\n<\/div>\r\n<\/div><\/td>\r\n<\/tr>\r\n<tr>\r\n<td style=\"width: 304px\"><strong>Opcja:<\/strong><\/td>\r\n<td style=\"width: 536px\">\r\n<div class=\"attr-box\">\r\n<div class=\"attr-value\">Specjalny podajnik Z 2 dla papier\u00f3w problematycznych i perforowanych<\/div>\r\n<\/div><\/td>\r\n<\/tr>\r\n<tr bgcolor=\"f8f8f8\">\r\n<td style=\"width: 304px\"><strong>Zasilanie:<\/strong><\/td>\r\n<td style=\"width: 536px\">220V\/50Hz<\/td>\r\n<\/tr>\r\n<tr>\r\n<td style=\"width: 304px\"><strong>Moc:<\/strong><\/td>\r\n<td style=\"width: 536px\">75 W<\/td>\r\n<\/tr>\r\n<tr bgcolor=\"f8f8f8\">\r\n<td style=\"width: 304px\"><strong>Waga: Netto \/ Brutto:<\/strong><\/td>\r\n<td style=\"width: 536px\">33,5 kg<\/td>\r\n<\/tr>\r\n<\/tbody>\r\n<\/table>\r\n<\/div>\r\n<\/div>\r\n<\/div>\r\n&nbsp;","_et_gb_content_width":"","inline_featured_image":false,"_monsterinsights_skip_tracking":false,"_monsterinsights_sitenote_active":false,"_monsterinsights_sitenote_note":"","_monsterinsights_sitenote_category":0},"product_brand":[],"product_cat":[19],"product_tag":[120],"class_list":{"0":"post-5123","1":"product","2":"type-product","3":"status-publish","4":"has-post-thumbnail","6":"product_cat-falcerki","7":"product_tag-falcerka","9":"first","10":"instock","11":"shipping-taxable","12":"product-type-simple"},"acf":[],"_links":{"self":[{"href":"https:\/\/akonda.pl\/en\/wp-json\/wp\/v2\/product\/5123","targetHints":{"allow":["GET"]}}],"collection":[{"href":"https:\/\/akonda.pl\/en\/wp-json\/wp\/v2\/product"}],"about":[{"href":"https:\/\/akonda.pl\/en\/wp-json\/wp\/v2\/types\/product"}],"replies":[{"embeddable":true,"href":"https:\/\/akonda.pl\/en\/wp-json\/wp\/v2\/comments?post=5123"}],"wp:featuredmedia":[{"embeddable":true,"href":"https:\/\/akonda.pl\/en\/wp-json\/wp\/v2\/media\/5124"}],"wp:attachment":[{"href":"https:\/\/akonda.pl\/en\/wp-json\/wp\/v2\/media?parent=5123"}],"wp:term":[{"taxonomy":"product_brand","embeddable":true,"href":"https:\/\/akonda.pl\/en\/wp-json\/wp\/v2\/product_brand?post=5123"},{"taxonomy":"product_cat","embeddable":true,"href":"https:\/\/akonda.pl\/en\/wp-json\/wp\/v2\/product_cat?post=5123"},{"taxonomy":"product_tag","embeddable":true,"href":"https:\/\/akonda.pl\/en\/wp-json\/wp\/v2\/product_tag?post=5123"}],"curies":[{"name":"wp","href":"https:\/\/api.w.org\/{rel}","templated":true}]}}