{"id":5186,"date":"2024-10-16T14:53:10","date_gmt":"2024-10-16T12:53:10","guid":{"rendered":"https:\/\/akonda.pl\/?post_type=product&#038;p=5186"},"modified":"2024-10-18T09:44:21","modified_gmt":"2024-10-18T07:44:21","slug":"maszyna-do-formowania","status":"publish","type":"product","link":"https:\/\/akonda.pl\/en\/product\/moulding-machine\/","title":{"rendered":"Box forming machine"},"content":{"rendered":"<p>[et_pb_section fb_built=&#8221;1&#8243; _builder_version=&#8221;4.16&#8243; custom_padding=&#8221;0px||||false|false&#8221; global_colors_info=&#8221;{}&#8221;][et_pb_row _builder_version=&#8221;4.23.1&#8243; background_size=&#8221;initial&#8221; background_position=&#8221;top_left&#8221; background_repeat=&#8221;repeat&#8221; width=&#8221;100%&#8221; global_colors_info=&#8221;{}&#8221;][et_pb_column type=&#8221;4_4&#8243; _builder_version=&#8221;4.16&#8243; custom_padding=&#8221;|||&#8221; global_colors_info=&#8221;{}&#8221; custom_padding__hover=&#8221;|||&#8221;][dsm_card button_url_new_window=&#8221;1&#8243; _builder_version=&#8221;4.23.1&#8243; _module_preset=&#8221;default&#8221; global_colors_info=&#8221;{}&#8221;]<\/p>\n<div class=\"flex max-w-full flex-col flex-grow\">\n<div class=\"min-h-8 text-message flex w-full flex-col items-end gap-2 whitespace-normal break-words [.text-message+&amp;]:mt-5\" dir=\"auto\" data-message-author-role=\"assistant\" data-message-id=\"539f1217-c038-49fb-ac86-7717d4beaaea\" data-message-model-slug=\"gpt-4o\">\n<div class=\"flex w-full flex-col gap-1 empty:hidden first:pt-[3px]\">\n<div class=\"markdown prose w-full break-words dark:prose-invert light\">\n<p>The intelligent automatic molding machine is an ideal device for producing high-quality gift boxes in various sizes.<\/p>\n<p><strong>Model: XY-500A\/350A<\/strong><\/p>\n<p><strong>Product details<\/strong><\/p>\n<p>The automatic molding machine is distinguished by its modern design and stable performance, reaching the world technological level.<\/p>\n<p>The machine uses a programmable PLC controller that works with an intuitive human-machine interface for easy operation. The machine can store up to 239 different box sizes, and it takes only 5-10 minutes to change molds. The efficiency of changing sizes is several times higher than in traditional molding machines.<\/p>\n<p>In addition, the machine is equipped with automatic fault diagnosis functions, a message display system and alarms, which increases the safety of use. It is ideal for producing boxes for electronics, jewelry and other luxury gift boxes.<\/p>\n<p><strong>Attention:<\/strong> The maximum and minimum box sizes depend on the dimensions of the paper and its quality. Production speed depends on the size of the box and the type of paper material.<\/p>\n<p>This machine is the key to success in the packaging industry. With modern technology and high efficiency, you can produce luxury gift boxes in record time.<\/p>\n<\/div>\n<\/div>\n<\/div>\n<\/div>\n<div class=\"mb-2 flex gap-3 empty:hidden -ml-2\">\n<div class=\"items-center justify-start rounded-xl p-1 flex\">\n<div class=\"flex items-center\">\u00a0<\/div>\n<\/div>\n<\/div>\n<p>[\/dsm_card][\/et_pb_column][\/et_pb_row][et_pb_row column_structure=&#8221;1_3,1_3,1_3&#8243; _builder_version=&#8221;4.23.1&#8243; _module_preset=&#8221;default&#8221; hover_enabled=&#8221;0&#8243; global_colors_info=&#8221;{}&#8221; sticky_enabled=&#8221;0&#8243;][et_pb_column type=&#8221;1_3&#8243; _builder_version=&#8221;4.23.1&#8243; _module_preset=&#8221;default&#8221; global_colors_info=&#8221;{}&#8221;][et_pb_heading title=&#8221;Dane techniczne &#8221; _builder_version=&#8221;4.23.1&#8243; _module_preset=&#8221;default&#8221; title_level=&#8221;h2&#8243; title_text_color=&#8221;#20356a&#8221; custom_margin=&#8221;48px|||48px|false|false&#8221; global_colors_info=&#8221;{}&#8221;][\/et_pb_heading][\/et_pb_column][et_pb_column type=&#8221;1_3&#8243; _builder_version=&#8221;4.23.1&#8243; _module_preset=&#8221;default&#8221; global_colors_info=&#8221;{}&#8221;][et_pb_text _builder_version=&#8221;4.23.1&#8243; _module_preset=&#8221;default&#8221; global_colors_info=&#8221;{}&#8221;]<\/p>\n<table style=\"border-collapse: collapse;width: 100%\" border=\"1\">\n<tbody>\n<tr>\n<td style=\"width: 33.3333%\">Model<\/td>\n<td style=\"width: 33.3333%\"><strong>XY-500A<\/strong><\/td>\n<td style=\"width: 33.3333%\"><strong>XY-350A<\/strong><\/td>\n<\/tr>\n<tr>\n<td style=\"width: 33.3333%\">Longest (L)<\/td>\n<td class=\"selectTdClass\" style=\"width: 33.3333%\" valign=\"top\">500mm<\/td>\n<td class=\"selectTdClass\" style=\"width: 33.3333%\" valign=\"top\">380mm<\/td>\n<\/tr>\n<tr class=\"ue-table-interlace-color-single\">\n<td class=\"selectTdClass\" style=\"width: 33.3333%\" valign=\"top\">Shortest (L)<\/td>\n<td class=\"selectTdClass\" style=\"width: 33.3333%\" valign=\"top\">80mm<\/td>\n<td class=\"selectTdClass\" style=\"width: 33.3333%\" valign=\"top\">45mm<\/td>\n<\/tr>\n<tr class=\"ue-table-interlace-color-double\">\n<td class=\"selectTdClass\" style=\"width: 33.3333%\" valign=\"top\">Widest (W)<\/td>\n<td class=\"selectTdClass\" style=\"width: 33.3333%\" valign=\"top\">400mm<\/td>\n<td class=\"selectTdClass\" style=\"width: 33.3333%\" valign=\"top\">350mm<\/td>\n<\/tr>\n<tr class=\"ue-table-interlace-color-single\">\n<td class=\"selectTdClass\" style=\"width: 33.3333%\" valign=\"top\">Narrowest (W)<\/td>\n<td class=\"selectTdClass\" style=\"width: 33.3333%\" valign=\"top\">60mm<\/td>\n<td class=\"selectTdClass\" style=\"width: 33.3333%\" valign=\"top\">40mm<\/td>\n<\/tr>\n<tr class=\"ue-table-interlace-color-double\">\n<td class=\"selectTdClass\" style=\"width: 33.3333%\" valign=\"top\">Highest (H)<\/td>\n<td class=\"selectTdClass\" style=\"width: 33.3333%\" valign=\"top\">120mm<\/td>\n<td class=\"selectTdClass\" style=\"width: 33.3333%\" valign=\"top\">90mm<\/td>\n<\/tr>\n<tr class=\"ue-table-interlace-color-single\">\n<td class=\"selectTdClass\" style=\"width: 33.3333%\" valign=\"top\">Lowest (H)<\/td>\n<td class=\"selectTdClass\" style=\"width: 33.3333%\" valign=\"top\">12mm<\/td>\n<td class=\"selectTdClass\" style=\"width: 33.3333%\" valign=\"top\">12mm<\/td>\n<\/tr>\n<tr class=\"ue-table-interlace-color-double\">\n<td class=\"selectTdClass\" style=\"width: 33.3333%\" valign=\"top\">Length of inner folding edges<\/td>\n<td class=\"selectTdClass\" style=\"width: 33.3333%\" valign=\"top\">10-80mm<\/td>\n<td class=\"selectTdClass\" style=\"width: 33.3333%\" valign=\"top\">10-70mm<\/td>\n<\/tr>\n<tr class=\"ue-table-interlace-color-single\">\n<td class=\"selectTdClass\" style=\"width: 33.3333%\" valign=\"top\">Length of folding ears<\/td>\n<td class=\"selectTdClass\" style=\"width: 33.3333%\" valign=\"top\">10-100mm<\/td>\n<td class=\"selectTdClass\" style=\"width: 33.3333%\" valign=\"top\">10-70mm<\/td>\n<\/tr>\n<tr class=\"ue-table-interlace-color-double\">\n<td class=\"selectTdClass\" style=\"width: 33.3333%\" valign=\"top\">Cardboard thickness (T)<\/td>\n<td class=\"selectTdClass\" style=\"width: 33.3333%\" valign=\"top\">1.0mm - 4.0mm<\/td>\n<td class=\"selectTdClass\" style=\"width: 33.3333%\" valign=\"top\">1.0mm - 4.0mm<\/td>\n<\/tr>\n<tr class=\"ue-table-interlace-color-single\">\n<td class=\"selectTdClass\" style=\"width: 33.3333%\" valign=\"top\">Paper thickness (g\/m\u00b2)<\/td>\n<td class=\"selectTdClass\" style=\"width: 33.3333%\" valign=\"top\">80g\/m2-300g\/m2<\/td>\n<td class=\"selectTdClass\" style=\"width: 33.3333%\" valign=\"top\">80g\/m2-300g\/m2<\/td>\n<\/tr>\n<tr class=\"ue-table-interlace-color-double\">\n<td class=\"selectTdClass\" style=\"width: 33.3333%\" valign=\"top\">Speed<\/td>\n<td class=\"selectTdClass\" style=\"width: 33.3333%\" valign=\"top\">\u226420pcs\/min<\/td>\n<td class=\"selectTdClass\" style=\"width: 33.3333%\" valign=\"top\">\u226420pcs\/min<\/td>\n<\/tr>\n<tr class=\"ue-table-interlace-color-single\">\n<td class=\"selectTdClass\" style=\"width: 33.3333%\" valign=\"top\">Air pressure<\/td>\n<td class=\"selectTdClass\" style=\"width: 33.3333%\" valign=\"top\">0.6-0.8MPa<\/td>\n<td class=\"selectTdClass\" style=\"width: 33.3333%\" valign=\"top\">0.6-0.8MPa<\/td>\n<\/tr>\n<tr class=\"ue-table-interlace-color-double\">\n<td class=\"selectTdClass\" style=\"width: 33.3333%\" valign=\"top\">Voltage<\/td>\n<td class=\"selectTdClass\" style=\"width: 33.3333%\" valign=\"top\">220V\/50Hz<\/td>\n<td class=\"selectTdClass\" style=\"width: 33.3333%\" valign=\"top\">220V\/50Hz<\/td>\n<\/tr>\n<tr class=\"ue-table-interlace-color-single\">\n<td class=\"selectTdClass\" style=\"width: 33.3333%\" valign=\"top\">Power<\/td>\n<td class=\"selectTdClass\" style=\"width: 33.3333%\" valign=\"top\">2kw<\/td>\n<td class=\"selectTdClass\" style=\"width: 33.3333%\" valign=\"top\">1.5kw<\/td>\n<\/tr>\n<tr class=\"ue-table-interlace-color-double\">\n<td class=\"selectTdClass\" style=\"width: 33.3333%\" valign=\"top\">Weight<\/td>\n<td class=\"selectTdClass\" style=\"width: 33.3333%\" valign=\"top\">1100kgs<\/td>\n<td class=\"selectTdClass\" style=\"width: 33.3333%\" valign=\"top\">950kgs<\/td>\n<\/tr>\n<tr class=\"ue-table-interlace-color-single\">\n<td class=\"selectTdClass\" style=\"width: 33.3333%\" valign=\"top\">Dimensions<\/td>\n<td class=\"selectTdClass\" style=\"width: 33.3333%\" valign=\"top\">L1200 * W1500 * H2200mm.<\/td>\n<td class=\"selectTdClass\" style=\"width: 33.3333%\" valign=\"top\">L1100 * W1400 * H2000mm.<\/td>\n<\/tr>\n<\/tbody>\n<\/table>\n<p>[\/et_pb_text][\/et_pb_column][et_pb_column _builder_version=&#8221;4.23.1&#8243; _module_preset=&#8221;default&#8221; type=&#8221;1_3&#8243; hover_enabled=&#8221;0&#8243; sticky_enabled=&#8221;0&#8243;][et_pb_blurb _builder_version=&#8221;4.23.1&#8243; _module_preset=&#8221;default&#8221; hover_enabled=&#8221;0&#8243; sticky_enabled=&#8221;0&#8243;]<\/p>\n<p>If you need more information or want to inquire about technical details, feel free to contact us! We will be happy to answer all your questions and help you customize the device to meet your needs.<\/p>\n<p>[\/et_pb_blurb][\/et_pb_column][\/et_pb_row][et_pb_row column_structure=&#8221;1_3,1_3,1_3&#8243; _builder_version=&#8221;4.23.1&#8243; _module_preset=&#8221;default&#8221; global_colors_info=&#8221;{}&#8221;][et_pb_column type=&#8221;1_3&#8243; _builder_version=&#8221;4.23.1&#8243; _module_preset=&#8221;default&#8221; global_colors_info=&#8221;{}&#8221;][et_pb_blurb use_icon=&#8221;on&#8221; font_icon=&#8221;&#x3b;||divi||400&#8243; _builder_version=&#8221;4.23.1&#8243; _module_preset=&#8221;default&#8221; global_colors_info=&#8221;{}&#8221;]<\/p>\n<p style=\"text-align: center\">Box molding can be done in different modes, corresponding to different folding lengths.<\/p>\n<p>[\/et_pb_blurb][\/et_pb_column][et_pb_column type=&#8221;1_3&#8243; _builder_version=&#8221;4.23.1&#8243; _module_preset=&#8221;default&#8221; global_colors_info=&#8221;{}&#8221;][et_pb_blurb use_icon=&#8221;on&#8221; font_icon=&#8221;&#xf1ae;||fa||900&#8243; _builder_version=&#8221;4.23.1&#8243; _module_preset=&#8221;default&#8221; global_colors_info=&#8221;{}&#8221;]<\/p>\n<p style=\"text-align: center\">The entire machine is controlled by a PLC, with a human-machine interface, which enables automatic production of the box molding process.<\/p>\n<p>[\/et_pb_blurb][\/et_pb_column][et_pb_column type=&#8221;1_3&#8243; _builder_version=&#8221;4.23.1&#8243; _module_preset=&#8221;default&#8221; global_colors_info=&#8221;{}&#8221;][et_pb_blurb use_icon=&#8221;on&#8221; font_icon=&#8221;&#x4e;||divi||400&#8243; _builder_version=&#8221;4.23.1&#8243; _module_preset=&#8221;default&#8221; global_colors_info=&#8221;{}&#8221;]<\/p>\n<p style=\"text-align: center\">Maximum of 239 memories for different sizes<\/p>\n<p>[\/et_pb_blurb][\/et_pb_column][\/et_pb_row][\/et_pb_section].<\/p>","protected":false},"excerpt":{"rendered":"<ul>\n<li>Box molding can be done in different modes, corresponding to different folding lengths.<\/li>\n<li>This machine has an automatic stop function and fault display.<\/li>\n<li>It takes 5 to 10 minutes to replace molds of different sizes.<\/li>\n<\/ul>","protected":false},"featured_media":5187,"comment_status":"closed","ping_status":"closed","template":"","meta":{"_acf_changed":false,"_et_pb_use_builder":"on","_et_pb_old_content":"<div class=\"flex max-w-full flex-col flex-grow\">\r\n<div class=\"min-h-8 text-message flex w-full flex-col items-end gap-2 whitespace-normal break-words [.text-message+&amp;]:mt-5\" dir=\"auto\" data-message-author-role=\"assistant\" data-message-id=\"539f1217-c038-49fb-ac86-7717d4beaaea\" data-message-model-slug=\"gpt-4o\">\r\n<div class=\"flex w-full flex-col gap-1 empty:hidden first:pt-[3px]\">\r\n<div class=\"markdown prose w-full break-words dark:prose-invert light\">\r\n\r\nInteligentna, automatyczna maszyna do formowania to idealne urz\u0105dzenie do produkcji wysokiej jako\u015bci pude\u0142ek prezentowych w r\u00f3\u017cnych rozmiarach.\r\n\r\n<strong>Model: XY-500A\/350A<\/strong>\r\n\r\n<strong>Szczeg\u00f3\u0142y produktu<\/strong>\r\n\r\nAutomatyczna maszyna do formowania wyr\u00f3\u017cnia si\u0119 nowoczesnym designem i stabiln\u0105 wydajno\u015bci\u0105, osi\u0105gaj\u0105c \u015bwiatowy poziom technologiczny.\r\n\r\nMaszyna korzysta z programowalnego kontrolera PLC, kt\u00f3ry wsp\u00f3\u0142pracuje z intuicyjnym interfejsem cz\u0142owiek-maszyna, co u\u0142atwia obs\u0142ug\u0119. Urz\u0105dzenie pozwala na zapisanie do 239 r\u00f3\u017cnych rozmiar\u00f3w pude\u0142ek, a wymiana form zajmuje zaledwie 5-10 minut. Efektywno\u015b\u0107 zmiany rozmiar\u00f3w jest kilkukrotnie wy\u017csza ni\u017c w tradycyjnych maszynach formuj\u0105cych.\r\n\r\nPonadto maszyna jest wyposa\u017cona w funkcje automatycznej diagnostyki usterek, system wy\u015bwietlania komunikat\u00f3w oraz alarm\u00f3w, co zwi\u0119ksza bezpiecze\u0144stwo u\u017cytkowania. Doskonale sprawdza si\u0119 w produkcji pude\u0142ek na elektronik\u0119, bi\u017cuteri\u0119 oraz inne luksusowe opakowania typu gift box.\r\n\r\n<strong>Uwaga:<\/strong> Maksymalne i minimalne rozmiary karton\u00f3w zale\u017c\u0105 od wymiar\u00f3w papieru oraz jego jako\u015bci. Pr\u0119dko\u015b\u0107 produkcji zale\u017cy od rozmiaru pude\u0142ka i rodzaju materia\u0142u papierowego.\r\n\r\nTo urz\u0105dzenie jest kluczem do sukcesu w bran\u017cy opakowa\u0144. Dzi\u0119ki nowoczesnej technologii i wysokiej wydajno\u015bci mo\u017cesz produkowa\u0107 luksusowe pude\u0142ka prezentowe w rekordowym czasie.\r\n\r\n<\/div>\r\n<\/div>\r\n<\/div>\r\n<\/div>\r\n<div class=\"mb-2 flex gap-3 empty:hidden -ml-2\">\r\n<div class=\"items-center justify-start rounded-xl p-1 flex\">\r\n<div class=\"flex items-center\"><\/div>\r\n<\/div>\r\n<\/div>","_et_gb_content_width":"","inline_featured_image":false,"_monsterinsights_skip_tracking":false,"_monsterinsights_sitenote_active":false,"_monsterinsights_sitenote_note":"","_monsterinsights_sitenote_category":0},"product_brand":[],"product_cat":[84],"product_tag":[],"class_list":{"0":"post-5186","1":"product","2":"type-product","3":"status-publish","4":"has-post-thumbnail","6":"product_cat-pudelka-luksusowe","8":"first","9":"instock","10":"shipping-taxable","11":"product-type-simple"},"acf":[],"_links":{"self":[{"href":"https:\/\/akonda.pl\/en\/wp-json\/wp\/v2\/product\/5186","targetHints":{"allow":["GET"]}}],"collection":[{"href":"https:\/\/akonda.pl\/en\/wp-json\/wp\/v2\/product"}],"about":[{"href":"https:\/\/akonda.pl\/en\/wp-json\/wp\/v2\/types\/product"}],"replies":[{"embeddable":true,"href":"https:\/\/akonda.pl\/en\/wp-json\/wp\/v2\/comments?post=5186"}],"wp:featuredmedia":[{"embeddable":true,"href":"https:\/\/akonda.pl\/en\/wp-json\/wp\/v2\/media\/5187"}],"wp:attachment":[{"href":"https:\/\/akonda.pl\/en\/wp-json\/wp\/v2\/media?parent=5186"}],"wp:term":[{"taxonomy":"product_brand","embeddable":true,"href":"https:\/\/akonda.pl\/en\/wp-json\/wp\/v2\/product_brand?post=5186"},{"taxonomy":"product_cat","embeddable":true,"href":"https:\/\/akonda.pl\/en\/wp-json\/wp\/v2\/product_cat?post=5186"},{"taxonomy":"product_tag","embeddable":true,"href":"https:\/\/akonda.pl\/en\/wp-json\/wp\/v2\/product_tag?post=5186"}],"curies":[{"name":"wp","href":"https:\/\/api.w.org\/{rel}","templated":true}]}}