{"id":5192,"date":"2024-10-16T15:31:54","date_gmt":"2024-10-16T13:31:54","guid":{"rendered":"https:\/\/akonda.pl\/?post_type=product&#038;p=5192"},"modified":"2024-10-18T09:44:00","modified_gmt":"2024-10-18T07:44:00","slug":"maszyna-do-rowkowania","status":"publish","type":"product","link":"https:\/\/akonda.pl\/en\/product\/grooving-machine\/","title":{"rendered":"Grooving machine"},"content":{"rendered":"<p>[et_pb_section fb_built=&#8221;1&#8243; _builder_version=&#8221;4.16&#8243; custom_padding=&#8221;0px||||false|false&#8221; global_colors_info=&#8221;{}&#8221;][et_pb_row _builder_version=&#8221;4.23.1&#8243; background_size=&#8221;initial&#8221; background_position=&#8221;top_left&#8221; background_repeat=&#8221;repeat&#8221; width=&#8221;100%&#8221; global_colors_info=&#8221;{}&#8221;][et_pb_column type=&#8221;4_4&#8243; _builder_version=&#8221;4.16&#8243; custom_padding=&#8221;|||&#8221; global_colors_info=&#8221;{}&#8221; custom_padding__hover=&#8221;|||&#8221;][dsm_card button_url_new_window=&#8221;1&#8243; _builder_version=&#8221;4.23.1&#8243; _module_preset=&#8221;default&#8221; global_colors_info=&#8221;{}&#8221;]<\/p>\n<p>The grooving machine is used for grooving industrial cardboard, gray cardboard, MDF and cardboard.<\/p>\n<p><strong>Model: XY-1200A<\/strong><\/p>\n<p><strong>Product details<\/strong><\/p>\n<p>The automatic grooving machine is designed to work with solid cardboard, gray cardboard, MDF board and cardboard. The machine has an automatic cardboard feeder and a large drum with a diameter of 600 mm. It comes standard with 8 knives for grooving gray cardboard, expandable to 12 knives. It is characterized by high stability and low dust generation.<\/p>\n<p>The cutting angle can be adjusted thanks to two independent blades and handles. The machine makes it possible to groove cardboard of different thicknesses without the need for additional adjustments, making it very convenient to use.<\/p>\n<p>[\/dsm_card][\/et_pb_column][\/et_pb_row][et_pb_row column_structure=&#8221;1_3,1_3,1_3&#8243; _builder_version=&#8221;4.23.1&#8243; _module_preset=&#8221;default&#8221; hover_enabled=&#8221;0&#8243; global_colors_info=&#8221;{}&#8221; sticky_enabled=&#8221;0&#8243;][et_pb_column type=&#8221;1_3&#8243; _builder_version=&#8221;4.23.1&#8243; _module_preset=&#8221;default&#8221; global_colors_info=&#8221;{}&#8221;][et_pb_heading title=&#8221;Dane techniczne &#8221; _builder_version=&#8221;4.23.1&#8243; _module_preset=&#8221;default&#8221; title_level=&#8221;h2&#8243; title_text_color=&#8221;#20356a&#8221; custom_margin=&#8221;48px|||48px|false|false&#8221; global_colors_info=&#8221;{}&#8221;][\/et_pb_heading][\/et_pb_column][et_pb_column type=&#8221;1_3&#8243; _builder_version=&#8221;4.23.1&#8243; _module_preset=&#8221;default&#8221; global_colors_info=&#8221;{}&#8221;][et_pb_text _builder_version=&#8221;4.23.1&#8243; _module_preset=&#8221;default&#8221; global_colors_info=&#8221;{}&#8221;]<\/p>\n<table style=\"border-collapse: collapse;width: 100%\" border=\"1\">\n<tbody>\n<tr class=\"ue-table-interlace-color-single firstRow\">\n<td style=\"width: 14.9032%\" valign=\"top\" width=\"328\"><strong>Model<\/strong><\/td>\n<td style=\"width: 14.9032%\" valign=\"top\" width=\"328\"><strong>XXY-1200A<\/strong><\/td>\n<td style=\"width: 70.1486%\" valign=\"top\"><strong>XY-1200C<\/strong><\/td>\n<\/tr>\n<tr class=\"ue-table-interlace-color-double\">\n<td style=\"width: 14.9032%\" valign=\"top\" width=\"328\">Widest (W)<\/td>\n<td style=\"width: 14.9032%\" valign=\"top\" width=\"328\">900mm<\/td>\n<td style=\"width: 70.1486%\" valign=\"top\">600mm<\/td>\n<\/tr>\n<tr class=\"ue-table-interlace-color-single\">\n<td style=\"width: 14.9032%\" valign=\"top\" width=\"328\">Narrowest (W)<\/td>\n<td style=\"width: 14.9032%\" valign=\"top\" width=\"328\">50mm<\/td>\n<td style=\"width: 70.1486%\" valign=\"top\">50mm<\/td>\n<\/tr>\n<tr class=\"ue-table-interlace-color-double\">\n<td style=\"width: 14.9032%\" valign=\"top\" width=\"328\">Longest (L)<\/td>\n<td style=\"width: 14.9032%\" valign=\"top\" width=\"328\">650mm<\/td>\n<td style=\"width: 70.1486%\" valign=\"top\">550mm<\/td>\n<\/tr>\n<tr class=\"ue-table-interlace-color-single\">\n<td style=\"width: 14.9032%\" valign=\"top\" width=\"328\">Shortest (L)<\/td>\n<td style=\"width: 14.9032%\" valign=\"top\" width=\"328\">100mm<\/td>\n<td style=\"width: 70.1486%\" valign=\"top\">150mm<\/td>\n<\/tr>\n<tr class=\"ue-table-interlace-color-double\">\n<td style=\"width: 14.9032%\" valign=\"top\" width=\"328\">Maximum number of grooves<\/td>\n<td style=\"width: 14.9032%\" valign=\"top\" width=\"328\">8<\/td>\n<td style=\"width: 70.1486%\" valign=\"top\">8<\/td>\n<\/tr>\n<tr class=\"ue-table-interlace-color-single\">\n<td style=\"width: 14.9032%\" valign=\"top\" width=\"328\">Distance between grooves<\/td>\n<td style=\"width: 14.9032%\" valign=\"top\" width=\"328\">0-900mm<\/td>\n<td style=\"width: 70.1486%\" valign=\"top\">0-600mm<\/td>\n<\/tr>\n<tr class=\"ue-table-interlace-color-double\">\n<td style=\"width: 14.9032%\" valign=\"top\">Cardboard thickness (T)<\/td>\n<td style=\"width: 14.9032%\" valign=\"top\">1.0mm - 4.0mm<\/td>\n<td style=\"width: 70.1486%\" valign=\"top\">1.0mm - 3.0mm<\/td>\n<\/tr>\n<tr class=\"ue-table-interlace-color-single\">\n<td style=\"width: 14.9032%\" valign=\"top\">Speed<\/td>\n<td style=\"width: 14.9032%\" valign=\"top\">20-35 m\/min<\/td>\n<td style=\"width: 70.1486%\" valign=\"top\">20-35 m\/min<\/td>\n<\/tr>\n<tr class=\"ue-table-interlace-color-double\">\n<td style=\"width: 14.9032%\" valign=\"top\">Voltage<\/td>\n<td style=\"width: 14.9032%\" valign=\"top\">220V\/50Hz<\/td>\n<td style=\"width: 70.1486%\" valign=\"top\">380V\/50Hz<\/td>\n<\/tr>\n<tr class=\"ue-table-interlace-color-single\">\n<td style=\"width: 14.9032%\" valign=\"top\">Power<\/td>\n<td style=\"width: 14.9032%\" valign=\"top\">2kw<\/td>\n<td style=\"width: 70.1486%\" valign=\"top\">3kw<\/td>\n<\/tr>\n<tr class=\"ue-table-interlace-color-double\">\n<td style=\"width: 14.9032%\" valign=\"top\">Weight<\/td>\n<td style=\"width: 14.9032%\" valign=\"top\">1300kgs<\/td>\n<td style=\"width: 70.1486%\" valign=\"top\">1500kgs<\/td>\n<\/tr>\n<tr class=\"ue-table-interlace-color-single\">\n<td style=\"width: 14.9032%\" valign=\"top\">Dimensions<\/td>\n<td style=\"width: 14.9032%\" valign=\"top\">L1750 * W1600 * H1500mm.<\/td>\n<td style=\"width: 70.1486%\" valign=\"top\">L2100 * W1500 * H1500mm.<\/td>\n<\/tr>\n<\/tbody>\n<\/table>\n<p>[\/et_pb_text][\/et_pb_column][et_pb_column _builder_version=&#8221;4.23.1&#8243; _module_preset=&#8221;default&#8221; type=&#8221;1_3&#8243; hover_enabled=&#8221;0&#8243; sticky_enabled=&#8221;0&#8243;][et_pb_blurb _builder_version=&#8221;4.23.1&#8243; _module_preset=&#8221;default&#8221; hover_enabled=&#8221;0&#8243; sticky_enabled=&#8221;0&#8243;]<\/p>\n<p>If you need more information or want to inquire about technical details, feel free to contact us! We will be happy to answer all your questions and help you customize the device to meet your needs.<\/p>\n<p>[\/et_pb_blurb][\/et_pb_column][\/et_pb_row][et_pb_row column_structure=&#8221;1_3,1_3,1_3&#8243; _builder_version=&#8221;4.23.1&#8243; _module_preset=&#8221;default&#8221; global_colors_info=&#8221;{}&#8221;][et_pb_column type=&#8221;1_3&#8243; _builder_version=&#8221;4.23.1&#8243; _module_preset=&#8221;default&#8221; global_colors_info=&#8221;{}&#8221;][et_pb_blurb use_icon=&#8221;on&#8221; font_icon=&#8221;&#x3b;||divi||400&#8243; _builder_version=&#8221;4.23.1&#8243; _module_preset=&#8221;default&#8221; global_colors_info=&#8221;{}&#8221;]<\/p>\n<p style=\"text-align: center\">Grooving is stable and efficient, carried out at high speed, without dust, and the groove surface is smooth.<\/p>\n<p>[\/et_pb_blurb][\/et_pb_column][et_pb_column type=&#8221;1_3&#8243; _builder_version=&#8221;4.23.1&#8243; _module_preset=&#8221;default&#8221; global_colors_info=&#8221;{}&#8221;][et_pb_blurb use_icon=&#8221;on&#8221; font_icon=&#8221;&#xf1ae;||fa||900&#8243; _builder_version=&#8221;4.23.1&#8243; _module_preset=&#8221;default&#8221; global_colors_info=&#8221;{}&#8221;]<\/p>\n<p style=\"text-align: center\">In 8 hours, 10,000 units can be produced.<\/p>\n<p>[\/et_pb_blurb][\/et_pb_column][et_pb_column type=&#8221;1_3&#8243; _builder_version=&#8221;4.23.1&#8243; _module_preset=&#8221;default&#8221; global_colors_info=&#8221;{}&#8221;][et_pb_blurb use_icon=&#8221;on&#8221; font_icon=&#8221;&#x4e;||divi||400&#8243; _builder_version=&#8221;4.23.1&#8243; _module_preset=&#8221;default&#8221; global_colors_info=&#8221;{}&#8221;]<\/p>\n<p style=\"text-align: center\">Durable cutting tools with sharpening capabilities.<\/p>\n<p>[\/et_pb_blurb][\/et_pb_column][\/et_pb_row][\/et_pb_section].<\/p>","protected":false},"excerpt":{"rendered":"<p>Environmental protection and energy conservation:<\/p>\n<ul>\n<li>Total energy consumption is 2.0 kW,<\/li>\n<li>material created after cutting V-groove can be fully recycled<\/li>\n<li>low noise levels.<\/li>\n<\/ul>","protected":false},"featured_media":5195,"comment_status":"closed","ping_status":"closed","template":"","meta":{"_acf_changed":false,"_et_pb_use_builder":"on","_et_pb_old_content":"Maszyna do rowkowania jest wykorzystywana do rowkowania tektury przemys\u0142owej, tektury szarej, p\u0142yty MDF oraz kartonu.\r\n\r\n<strong>Model: XY-1200A<\/strong>\r\n\r\n<strong>Szczeg\u00f3\u0142y produktu<\/strong>\r\n\r\nAutomatyczna maszyna do rowkowania jest przeznaczona do pracy z tektur\u0105 lit\u0105, tektur\u0105 szar\u0105, p\u0142yt\u0105 MDF oraz kartonem.\r\n\r\nMaszyna posiada automatyczny podajnik tektury oraz du\u017cy b\u0119ben o \u015brednicy 600 mm. Standardowo wyposa\u017cona jest w 8 no\u017cy do rowkowania tektury szarej, z mo\u017cliwo\u015bci\u0105 rozszerzenia do 12 no\u017cy. Charakteryzuje si\u0119 wysok\u0105 stabilno\u015bci\u0105 oraz niskim poziomem generowanego py\u0142u.\r\n\r\nK\u0105t ci\u0119cia mo\u017cna regulowa\u0107 dzi\u0119ki dw\u00f3m niezale\u017cnym ostrzom i uchwytom. Maszyna umo\u017cliwia rowkowanie tektur o r\u00f3\u017cnych grubo\u015bciach bez potrzeby dodatkowych regulacji, co czyni jej obs\u0142ug\u0119 bardzo wygodn\u0105.","_et_gb_content_width":"","inline_featured_image":false,"_monsterinsights_skip_tracking":false,"_monsterinsights_sitenote_active":false,"_monsterinsights_sitenote_note":"","_monsterinsights_sitenote_category":0},"product_brand":[],"product_cat":[84],"product_tag":[],"class_list":{"0":"post-5192","1":"product","2":"type-product","3":"status-publish","4":"has-post-thumbnail","6":"product_cat-pudelka-luksusowe","8":"first","9":"instock","10":"shipping-taxable","11":"product-type-simple"},"acf":[],"_links":{"self":[{"href":"https:\/\/akonda.pl\/en\/wp-json\/wp\/v2\/product\/5192","targetHints":{"allow":["GET"]}}],"collection":[{"href":"https:\/\/akonda.pl\/en\/wp-json\/wp\/v2\/product"}],"about":[{"href":"https:\/\/akonda.pl\/en\/wp-json\/wp\/v2\/types\/product"}],"replies":[{"embeddable":true,"href":"https:\/\/akonda.pl\/en\/wp-json\/wp\/v2\/comments?post=5192"}],"wp:featuredmedia":[{"embeddable":true,"href":"https:\/\/akonda.pl\/en\/wp-json\/wp\/v2\/media\/5195"}],"wp:attachment":[{"href":"https:\/\/akonda.pl\/en\/wp-json\/wp\/v2\/media?parent=5192"}],"wp:term":[{"taxonomy":"product_brand","embeddable":true,"href":"https:\/\/akonda.pl\/en\/wp-json\/wp\/v2\/product_brand?post=5192"},{"taxonomy":"product_cat","embeddable":true,"href":"https:\/\/akonda.pl\/en\/wp-json\/wp\/v2\/product_cat?post=5192"},{"taxonomy":"product_tag","embeddable":true,"href":"https:\/\/akonda.pl\/en\/wp-json\/wp\/v2\/product_tag?post=5192"}],"curies":[{"name":"wp","href":"https:\/\/api.w.org\/{rel}","templated":true}]}}