{"id":5199,"date":"2024-10-16T15:54:21","date_gmt":"2024-10-16T13:54:21","guid":{"rendered":"https:\/\/akonda.pl\/?post_type=product&#038;p=5199"},"modified":"2024-10-18T09:43:40","modified_gmt":"2024-10-18T07:43:40","slug":"formowanie-sztywnych-pudelek","status":"publish","type":"product","link":"https:\/\/akonda.pl\/en\/product\/forming-rigid-boxes\/","title":{"rendered":"Forming rigid boxes XY-580A"},"content":{"rendered":"<p>[et_pb_section fb_built=&#8221;1&#8243; _builder_version=&#8221;4.16&#8243; custom_padding=&#8221;0px||||false|false&#8221; global_colors_info=&#8221;{}&#8221;][et_pb_row _builder_version=&#8221;4.23.1&#8243; background_size=&#8221;initial&#8221; background_position=&#8221;top_left&#8221; background_repeat=&#8221;repeat&#8221; width=&#8221;100%&#8221; global_colors_info=&#8221;{}&#8221;][et_pb_column type=&#8221;4_4&#8243; _builder_version=&#8221;4.16&#8243; custom_padding=&#8221;|||&#8221; global_colors_info=&#8221;{}&#8221; custom_padding__hover=&#8221;|||&#8221;][dsm_card button_url_new_window=&#8221;1&#8243; _builder_version=&#8221;4.23.1&#8243; _module_preset=&#8221;default&#8221; global_colors_info=&#8221;{}&#8221;]<\/p>\n<p><strong>Forming rigid boxes<\/strong><\/p>\n<p>The servo-driven forming machine is the best solution for producing high-quality solid cardboard gift boxes in various sizes. It features a well-thought-out ergonomic design and stable performance, reaching a world-class technological level.<\/p>\n<p><strong>Model: XY-580A<\/strong><\/p>\n<p>The machine uses an advanced programmable PLC controller to interact with the operator for easy operation. Six servo drives are responsible for controlling the molding process, ensuring stable and durable operations. In addition, the machine is equipped with automatic error diagnostics and alarms, enhancing operational safety.<\/p>\n<p>The machine is ideal for producing boxes for:<\/p>\n<ul>\n<li>electronic products,<\/li>\n<li>jewelry,<\/li>\n<li>Other luxury gift boxes and rigid boxes.<\/li>\n<\/ul>\n<p><strong>Attention:<\/strong> The maximum and minimum sizes of boxes depend on the dimensions and quality of the paper. Production speed depends on the size of the box and the type of material used.<\/p>\n<p>[\/dsm_card][\/et_pb_column][\/et_pb_row][et_pb_row column_structure=&#8221;1_3,1_3,1_3&#8243; _builder_version=&#8221;4.23.1&#8243; _module_preset=&#8221;default&#8221; hover_enabled=&#8221;0&#8243; global_colors_info=&#8221;{}&#8221; sticky_enabled=&#8221;0&#8243;][et_pb_column type=&#8221;1_3&#8243; _builder_version=&#8221;4.23.1&#8243; _module_preset=&#8221;default&#8221; global_colors_info=&#8221;{}&#8221;][et_pb_heading title=&#8221;Dane techniczne &#8221; _builder_version=&#8221;4.23.1&#8243; _module_preset=&#8221;default&#8221; title_level=&#8221;h2&#8243; title_text_color=&#8221;#20356a&#8221; custom_margin=&#8221;48px|||48px|false|false&#8221; global_colors_info=&#8221;{}&#8221;][\/et_pb_heading][\/et_pb_column][et_pb_column type=&#8221;1_3&#8243; _builder_version=&#8221;4.23.1&#8243; _module_preset=&#8221;default&#8221; global_colors_info=&#8221;{}&#8221;][et_pb_text _builder_version=&#8221;4.23.1&#8243; _module_preset=&#8221;default&#8221; box_shadow_style=&#8221;preset2&#8243; global_colors_info=&#8221;{}&#8221;]<\/p>\n<table style=\"border-collapse: collapse;width: 100%\" border=\"1\">\n<tbody>\n<tr>\n<td style=\"width: 50%\">\n<table width=\"-465\">\n<tbody>\n<tr class=\"ue-table-interlace-color-single firstRow\">\n<td valign=\"top\" width=\"454\"><strong>Model<\/strong><\/td>\n<td valign=\"top\" width=\"454\"><strong>XY-58A0A<\/strong><\/td>\n<\/tr>\n<tr class=\"ue-table-interlace-color-double\">\n<td valign=\"top\" width=\"454\">Longest (L)<\/td>\n<td valign=\"top\" width=\"454\">500mm<\/td>\n<\/tr>\n<tr class=\"ue-table-interlace-color-single\">\n<td valign=\"top\" width=\"454\">Shortest (L)<\/td>\n<td valign=\"top\" width=\"454\">85mm<\/td>\n<\/tr>\n<tr class=\"ue-table-interlace-color-double\">\n<td valign=\"top\" width=\"454\">Widest (W)<\/td>\n<td valign=\"top\" width=\"454\">400mm<\/td>\n<\/tr>\n<tr class=\"ue-table-interlace-color-single\">\n<td valign=\"top\" width=\"454\">Narrowest (W)<\/td>\n<td valign=\"top\" width=\"454\">45mm<\/td>\n<\/tr>\n<tr class=\"ue-table-interlace-color-double\">\n<td valign=\"top\" width=\"454\">Highest (H)<\/td>\n<td valign=\"top\" width=\"454\">120mm<\/td>\n<\/tr>\n<tr class=\"ue-table-interlace-color-single\">\n<td valign=\"top\" width=\"454\">Lowest (H)<\/td>\n<td valign=\"top\" width=\"454\">12mm<\/td>\n<\/tr>\n<tr class=\"ue-table-interlace-color-double\">\n<td valign=\"top\" width=\"454\">Length of inner folding edges<\/td>\n<td valign=\"top\" width=\"454\">10-80mm<\/td>\n<\/tr>\n<tr class=\"ue-table-interlace-color-single\">\n<td colspan=\"1\" rowspan=\"1\" valign=\"top\">Length of folding ears<\/td>\n<td colspan=\"1\" rowspan=\"1\" valign=\"top\">10-80mm<\/td>\n<\/tr>\n<tr class=\"ue-table-interlace-color-double\">\n<td colspan=\"1\" rowspan=\"1\" valign=\"top\">Cardboard thickness (T)<\/td>\n<td colspan=\"1\" rowspan=\"1\" valign=\"top\">1.0mm - 6.0mm<\/td>\n<\/tr>\n<tr class=\"ue-table-interlace-color-single\">\n<td colspan=\"1\" rowspan=\"1\" valign=\"top\">Paper thickness (g\/m\u00b2)<\/td>\n<td colspan=\"1\" rowspan=\"1\" valign=\"top\">80g\/m<sup>2<\/sup>-250g\/m<sup>2<\/sup><\/td>\n<\/tr>\n<tr class=\"ue-table-interlace-color-double\">\n<td colspan=\"1\" rowspan=\"1\" valign=\"top\">Speed<\/td>\n<td colspan=\"1\" rowspan=\"1\" valign=\"top\">\u226420pcs\/min<\/td>\n<\/tr>\n<tr class=\"ue-table-interlace-color-single\">\n<td colspan=\"1\" rowspan=\"1\" valign=\"top\">Air pressure<\/td>\n<td colspan=\"1\" rowspan=\"1\" valign=\"top\">0.6-0.8MPa<\/td>\n<\/tr>\n<tr class=\"ue-table-interlace-color-double\">\n<td colspan=\"1\" rowspan=\"1\" valign=\"top\">Voltage<\/td>\n<td colspan=\"1\" rowspan=\"1\" valign=\"top\">220V\/50Hz<\/td>\n<\/tr>\n<tr class=\"ue-table-interlace-color-single\">\n<td colspan=\"1\" rowspan=\"1\" valign=\"top\">Power<\/td>\n<td colspan=\"1\" rowspan=\"1\" valign=\"top\">3.5kw<\/td>\n<\/tr>\n<tr class=\"ue-table-interlace-color-double\">\n<td colspan=\"1\" rowspan=\"1\" valign=\"top\">Weight<\/td>\n<td colspan=\"1\" rowspan=\"1\" valign=\"top\">1200kgs<\/td>\n<\/tr>\n<tr class=\"ue-table-interlace-color-single\">\n<td colspan=\"1\" rowspan=\"1\" valign=\"top\">Sizes<\/td>\n<td colspan=\"1\" rowspan=\"1\" valign=\"top\">L1100 * W1000 * H2800mm.<\/td>\n<\/tr>\n<\/tbody>\n<\/table>\n<table border=\"1\">\n<tbody>\n<tr>\n<td><\/td>\n<td><\/td>\n<\/tr>\n<tr>\n<td><\/td>\n<td><\/td>\n<\/tr>\n<tr>\n<td><\/td>\n<td><\/td>\n<\/tr>\n<tr>\n<td><\/td>\n<td><\/td>\n<\/tr>\n<tr>\n<td><\/td>\n<td><\/td>\n<\/tr>\n<tr>\n<td><\/td>\n<td><\/td>\n<\/tr>\n<tr>\n<td><\/td>\n<td><\/td>\n<\/tr>\n<tr>\n<td><\/td>\n<td><\/td>\n<\/tr>\n<tr>\n<td><\/td>\n<td><\/td>\n<\/tr>\n<tr>\n<td><\/td>\n<td><\/td>\n<\/tr>\n<\/tbody>\n<\/table>\n<\/td>\n<td style=\"width: 50%\"><\/td>\n<\/tr>\n<tr>\n<td style=\"width: 50%\"><\/td>\n<td style=\"width: 50%\"><\/td>\n<\/tr>\n<tr>\n<td style=\"width: 50%\"><\/td>\n<td style=\"width: 50%\"><\/td>\n<\/tr>\n<tr>\n<td style=\"width: 50%\"><\/td>\n<td style=\"width: 50%\"><\/td>\n<\/tr>\n<tr>\n<td style=\"width: 50%\"><\/td>\n<td style=\"width: 50%\"><\/td>\n<\/tr>\n<tr>\n<td style=\"width: 50%\"><\/td>\n<td style=\"width: 50%\"><\/td>\n<\/tr>\n<tr>\n<td style=\"width: 50%\"><\/td>\n<td style=\"width: 50%\"><\/td>\n<\/tr>\n<tr>\n<td style=\"width: 50%\"><\/td>\n<td style=\"width: 50%\"><\/td>\n<\/tr>\n<tr>\n<td style=\"width: 50%\"><\/td>\n<td style=\"width: 50%\"><\/td>\n<\/tr>\n<tr>\n<td style=\"width: 50%\"><\/td>\n<td style=\"width: 50%\"><\/td>\n<\/tr>\n<\/tbody>\n<\/table>\n<p>[\/et_pb_text][\/et_pb_column][et_pb_column _builder_version=&#8221;4.23.1&#8243; _module_preset=&#8221;default&#8221; type=&#8221;1_3&#8243; hover_enabled=&#8221;0&#8243; sticky_enabled=&#8221;0&#8243;][et_pb_blurb _builder_version=&#8221;4.23.1&#8243; _module_preset=&#8221;default&#8221; hover_enabled=&#8221;0&#8243; sticky_enabled=&#8221;0&#8243;]<\/p>\n<p>If you need more information or want to inquire about technical details, feel free to contact us! We will be happy to answer all your questions and help you customize the device to meet your needs.<\/p>\n<p>[\/et_pb_blurb][\/et_pb_column][\/et_pb_row][et_pb_row column_structure=&#8221;1_3,1_3,1_3&#8243; _builder_version=&#8221;4.23.1&#8243; _module_preset=&#8221;default&#8221; global_colors_info=&#8221;{}&#8221;][et_pb_column type=&#8221;1_3&#8243; _builder_version=&#8221;4.23.1&#8243; _module_preset=&#8221;default&#8221; global_colors_info=&#8221;{}&#8221;][et_pb_blurb use_icon=&#8221;on&#8221; font_icon=&#8221;&#x3b;||divi||400&#8243; _builder_version=&#8221;4.23.1&#8243; _module_preset=&#8221;default&#8221; global_colors_info=&#8221;{}&#8221;]<\/p>\n<p style=\"text-align: center\">Box molding can be done in different modes, corresponding to different folding lengths.<\/p>\n<p>[\/et_pb_blurb][\/et_pb_column][et_pb_column type=&#8221;1_3&#8243; _builder_version=&#8221;4.23.1&#8243; _module_preset=&#8221;default&#8221; global_colors_info=&#8221;{}&#8221;][et_pb_blurb use_icon=&#8221;on&#8221; font_icon=&#8221;&#xf1ae;||fa||900&#8243; _builder_version=&#8221;4.23.1&#8243; _module_preset=&#8221;default&#8221; global_colors_info=&#8221;{}&#8221;]<\/p>\n<p style=\"text-align: center\">The entire machine is controlled by a PLC, which allows automatic control of the box-forming process.<\/p>\n<p>[\/et_pb_blurb][\/et_pb_column][et_pb_column type=&#8221;1_3&#8243; _builder_version=&#8221;4.23.1&#8243; _module_preset=&#8221;default&#8221; global_colors_info=&#8221;{}&#8221;][et_pb_blurb use_icon=&#8221;on&#8221; font_icon=&#8221;&#x4e;||divi||400&#8243; _builder_version=&#8221;4.23.1&#8243; _module_preset=&#8221;default&#8221; global_colors_info=&#8221;{}&#8221;]<\/p>\n<p style=\"text-align: center\">The machine has six servo controls for molding.<\/p>\n<p>[\/et_pb_blurb][\/et_pb_column][\/et_pb_row][\/et_pb_section].<\/p>","protected":false},"excerpt":{"rendered":"<p>The device is controlled by a PLC, which allows automation of the production process<\/p>","protected":false},"featured_media":5204,"comment_status":"closed","ping_status":"closed","template":"","meta":{"_acf_changed":false,"_et_pb_use_builder":"on","_et_pb_old_content":"<strong>Formowanie sztywnych pude\u0142ek<\/strong>\r\n\r\nMaszyna do formowania z serwonap\u0119dem to najlepsze rozwi\u0105zanie do produkcji wysokiej jako\u015bci pude\u0142ek prezentowych z tektury litej w r\u00f3\u017cnych rozmiarach. Charakteryzuje si\u0119 przemy\u015blanym, ergonomicznym designem oraz stabiln\u0105 wydajno\u015bci\u0105, osi\u0105gaj\u0105c poziom technologiczny na \u015bwiatowym poziomie.\r\n\r\n<strong>Model: XY-580A<\/strong>\r\n\r\nMaszyna wykorzystuje zaawansowany programowalny kontroler PLC do interakcji z operatorem, co u\u0142atwia obs\u0142ug\u0119. Sze\u015b\u0107 serwonap\u0119d\u00f3w odpowiada za kontrol\u0119 procesu formowania, zapewniaj\u0105c stabilno\u015b\u0107 i trwa\u0142o\u015b\u0107 operacji. Dodatkowo maszyna jest wyposa\u017cona w funkcj\u0119 automatycznej diagnostyki b\u0142\u0119d\u00f3w oraz alarmy, co zwi\u0119ksza bezpiecze\u0144stwo u\u017cytkowania.\r\n\r\nMaszyna idealnie nadaje si\u0119 do produkcji pude\u0142ek na:\r\n<ul>\r\n \t<li>produkty elektroniczne,<\/li>\r\n \t<li>bi\u017cuteri\u0119,<\/li>\r\n \t<li>inne luksusowe pude\u0142ka typu gift box oraz rigid box.<\/li>\r\n<\/ul>\r\n<strong>Uwaga:<\/strong> Maksymalne i minimalne rozmiary pude\u0142ek zale\u017c\u0105 od wymiar\u00f3w i jako\u015bci papieru. Pr\u0119dko\u015b\u0107 produkcji zale\u017cy od rozmiaru pude\u0142ka oraz rodzaju u\u017cytego materia\u0142u.","_et_gb_content_width":"","inline_featured_image":false,"_monsterinsights_skip_tracking":false,"_monsterinsights_sitenote_active":false,"_monsterinsights_sitenote_note":"","_monsterinsights_sitenote_category":0},"product_brand":[],"product_cat":[84],"product_tag":[],"class_list":{"0":"post-5199","1":"product","2":"type-product","3":"status-publish","4":"has-post-thumbnail","6":"product_cat-pudelka-luksusowe","8":"first","9":"instock","10":"shipping-taxable","11":"product-type-simple"},"acf":[],"_links":{"self":[{"href":"https:\/\/akonda.pl\/en\/wp-json\/wp\/v2\/product\/5199","targetHints":{"allow":["GET"]}}],"collection":[{"href":"https:\/\/akonda.pl\/en\/wp-json\/wp\/v2\/product"}],"about":[{"href":"https:\/\/akonda.pl\/en\/wp-json\/wp\/v2\/types\/product"}],"replies":[{"embeddable":true,"href":"https:\/\/akonda.pl\/en\/wp-json\/wp\/v2\/comments?post=5199"}],"wp:featuredmedia":[{"embeddable":true,"href":"https:\/\/akonda.pl\/en\/wp-json\/wp\/v2\/media\/5204"}],"wp:attachment":[{"href":"https:\/\/akonda.pl\/en\/wp-json\/wp\/v2\/media?parent=5199"}],"wp:term":[{"taxonomy":"product_brand","embeddable":true,"href":"https:\/\/akonda.pl\/en\/wp-json\/wp\/v2\/product_brand?post=5199"},{"taxonomy":"product_cat","embeddable":true,"href":"https:\/\/akonda.pl\/en\/wp-json\/wp\/v2\/product_cat?post=5199"},{"taxonomy":"product_tag","embeddable":true,"href":"https:\/\/akonda.pl\/en\/wp-json\/wp\/v2\/product_tag?post=5199"}],"curies":[{"name":"wp","href":"https:\/\/api.w.org\/{rel}","templated":true}]}}