{"id":5225,"date":"2024-10-16T18:34:00","date_gmt":"2024-10-16T16:34:00","guid":{"rendered":"https:\/\/akonda.pl\/?post_type=product&#038;p=5225"},"modified":"2024-10-18T09:43:10","modified_gmt":"2024-10-18T07:43:10","slug":"maszyna-do-klejenia","status":"publish","type":"product","link":"https:\/\/akonda.pl\/en\/product\/bonding-machine\/","title":{"rendered":"Glue machine XY-850D"},"content":{"rendered":"<p>[et_pb_section fb_built=&#8221;1&#8243; _builder_version=&#8221;4.16&#8243; custom_padding=&#8221;0px||||false|false&#8221; global_colors_info=&#8221;{}&#8221;][et_pb_row _builder_version=&#8221;4.23.1&#8243; background_size=&#8221;initial&#8221; background_position=&#8221;top_left&#8221; background_repeat=&#8221;repeat&#8221; width=&#8221;100%&#8221; global_colors_info=&#8221;{}&#8221;][et_pb_column type=&#8221;4_4&#8243; _builder_version=&#8221;4.16&#8243; custom_padding=&#8221;|||&#8221; global_colors_info=&#8221;{}&#8221; custom_padding__hover=&#8221;|||&#8221;][dsm_card button_url_new_window=&#8221;1&#8243; _builder_version=&#8221;4.23.1&#8243; _module_preset=&#8221;default&#8221; global_colors_info=&#8221;{}&#8221;]<\/p>\n<p>Cover paper gluing machine<\/p>\n<p><strong>Model: XY-850D<\/strong><\/p>\n<div class=\"flex max-w-full flex-col flex-grow\">\n<div class=\"min-h-8 text-message flex w-full flex-col items-end gap-2 whitespace-normal break-words [.text-message+&amp;]:mt-5\" dir=\"auto\" data-message-author-role=\"assistant\" data-message-id=\"26d6f6e9-203a-4ec5-b40c-83c3efc05f43\" data-message-model-slug=\"gpt-4o\">\n<div class=\"flex w-full flex-col gap-1 empty:hidden first:pt-[3px]\">\n<div class=\"markdown prose w-full break-words dark:prose-invert light\">\n<p>The automatic gluing machine (with paper feeding via a double feeder) is an extremely reliable solution that is widely used in gluing cover paper, which is used in the production of both boxes and hard covers.<\/p>\n<p>With a fully automatic paper feeding system, the bonding machine guarantees a smooth, efficient and fast bonding process, with the ability to precisely adjust the speed of operation.<\/p>\n<p>Its innovative design allows simultaneous feeding and gluing on both sides of the material, resulting in a doubling of production capacity - from 20 pieces per minute to as many as 40 pieces per minute. The machine is equipped with an advanced glue recycling system, which significantly helps reduce production costs.<\/p>\n<p>In addition, the user can choose between hot-melt and white adhesive, depending on production needs. The conveyor belt has the ability to adjust its length from 4 to 8 meters, giving even more flexibility and versatility in operation.<\/p>\n<p>The bonding machine is an excellent tool for companies specializing in packaging and bookbinding products, providing not only high quality bonding, but also much greater efficiency and savings in the production process.<\/p>\n<\/div>\n<\/div>\n<\/div>\n<\/div>\n<div class=\"mb-2 flex gap-3 empty:hidden -ml-2\">\n<div class=\"items-center justify-start rounded-xl p-1 flex\">\n<div class=\"flex items-center\">\u00a0<\/div>\n<\/div>\n<\/div>\n<p>&nbsp;<\/p>\n<p>&nbsp;<\/p>\n<p>&nbsp;<\/p>\n<p>[\/dsm_card][\/et_pb_column][\/et_pb_row][et_pb_row column_structure=&#8221;1_3,1_3,1_3&#8243; _builder_version=&#8221;4.23.1&#8243; _module_preset=&#8221;default&#8221; hover_enabled=&#8221;0&#8243; global_colors_info=&#8221;{}&#8221; sticky_enabled=&#8221;0&#8243;][et_pb_column type=&#8221;1_3&#8243; _builder_version=&#8221;4.23.1&#8243; _module_preset=&#8221;default&#8221; global_colors_info=&#8221;{}&#8221;][et_pb_heading title=&#8221;Dane techniczne &#8221; _builder_version=&#8221;4.23.1&#8243; _module_preset=&#8221;default&#8221; title_level=&#8221;h2&#8243; title_text_color=&#8221;#20356a&#8221; custom_margin=&#8221;48px|||48px|false|false&#8221; global_colors_info=&#8221;{}&#8221;][\/et_pb_heading][\/et_pb_column][et_pb_column type=&#8221;1_3&#8243; _builder_version=&#8221;4.23.1&#8243; _module_preset=&#8221;default&#8221; global_colors_info=&#8221;{}&#8221;][et_pb_text _builder_version=&#8221;4.23.1&#8243; _module_preset=&#8221;default&#8221; box_shadow_style=&#8221;preset3&#8243; global_colors_info=&#8221;{}&#8221;]<\/p>\n<table style=\"width: 100%;border-collapse: collapse;border-color: #333\" border=\"1\">\n<tbody>\n<tr>\n<td style=\"width: 50%\">Model:<\/td>\n<td style=\"width: 50%\">XY-850D<\/td>\n<\/tr>\n<tr>\n<td style=\"width: 50%\">Width:<\/td>\n<td style=\"width: 50%\">W80-800 mm<\/td>\n<\/tr>\n<tr>\n<td style=\"width: 50%\">Paper thickness:<\/td>\n<td style=\"width: 50%\">80-200 gsm<\/td>\n<\/tr>\n<tr>\n<td style=\"width: 50%\">Operating speed:<\/td>\n<td style=\"width: 50%\">20-40 pcs\/min.<\/td>\n<\/tr>\n<tr>\n<td style=\"width: 50%\">Power:<\/td>\n<td style=\"width: 50%\">12 kW<\/td>\n<\/tr>\n<tr>\n<td style=\"width: 50%\">Air pressure:<\/td>\n<td style=\"width: 50%\">0.6-0.8 MPa<\/td>\n<\/tr>\n<tr>\n<td style=\"width: 50%\">Voltage:<\/td>\n<td style=\"width: 50%\">380V\/50Hz<\/td>\n<\/tr>\n<tr>\n<td style=\"width: 50%\">Weight:<\/td>\n<td style=\"width: 50%\">1600 kg<\/td>\n<\/tr>\n<tr>\n<td style=\"width: 50%\">Dimensions:<\/td>\n<td style=\"width: 50%\">7800 x 1650 x 1300 mm<\/td>\n<\/tr>\n<\/tbody>\n<\/table>\n<p>[\/et_pb_text][\/et_pb_column][et_pb_column _builder_version=&#8221;4.23.1&#8243; _module_preset=&#8221;default&#8221; type=&#8221;1_3&#8243; hover_enabled=&#8221;0&#8243; sticky_enabled=&#8221;0&#8243;][et_pb_blurb _builder_version=&#8221;4.23.1&#8243; _module_preset=&#8221;default&#8221; hover_enabled=&#8221;0&#8243; sticky_enabled=&#8221;0&#8243;]<\/p>\n<p>If you need more information or want to inquire about technical details, feel free to contact us! We will be happy to answer all your questions and help you customize the device to meet your needs.<\/p>\n<p>[\/et_pb_blurb][\/et_pb_column][\/et_pb_row][et_pb_row column_structure=&#8221;1_3,1_3,1_3&#8243; _builder_version=&#8221;4.23.1&#8243; _module_preset=&#8221;default&#8221; global_colors_info=&#8221;{}&#8221;][et_pb_column type=&#8221;1_3&#8243; _builder_version=&#8221;4.23.1&#8243; _module_preset=&#8221;default&#8221; global_colors_info=&#8221;{}&#8221;][et_pb_blurb use_icon=&#8221;on&#8221; font_icon=&#8221;&#x3b;||divi||400&#8243; _builder_version=&#8221;4.23.1&#8243; _module_preset=&#8221;default&#8221; global_colors_info=&#8221;{}&#8221;]<\/p>\n<p style=\"text-align: center\"><strong>Dual feeder<\/strong> - Increased efficiency due to simultaneous gluing on both sides, enabling production of up to 40 pcs\/min.<\/p>\n<p>[\/et_pb_blurb][\/et_pb_column][et_pb_column type=&#8221;1_3&#8243; _builder_version=&#8221;4.23.1&#8243; _module_preset=&#8221;default&#8221; global_colors_info=&#8221;{}&#8221;][et_pb_blurb use_icon=&#8221;on&#8221; font_icon=&#8221;&#xf118;||fa||400&#8243; _builder_version=&#8221;4.23.1&#8243; _module_preset=&#8221;default&#8221; global_colors_info=&#8221;{}&#8221;]<\/p>\n<p style=\"text-align: center\"><strong>Strap size flexibility<\/strong> - Customizable conveyor belt from 4 to 8 meters for greater application versatility.<\/p>\n<p>[\/et_pb_blurb][\/et_pb_column][et_pb_column type=&#8221;1_3&#8243; _builder_version=&#8221;4.23.1&#8243; _module_preset=&#8221;default&#8221; global_colors_info=&#8221;{}&#8221;][et_pb_blurb use_icon=&#8221;on&#8221; font_icon=&#8221;&#x4e;||divi||400&#8243; _builder_version=&#8221;4.23.1&#8243; _module_preset=&#8221;default&#8221; global_colors_info=&#8221;{}&#8221;]<\/p>\n<p style=\"text-align: center\"><strong>Glue recycling system<\/strong> - adhesive savings through an efficient recycling system, with a choice of hot-melt or white glue.<\/p>\n<p>[\/et_pb_blurb][\/et_pb_column][\/et_pb_row][\/et_pb_section].<\/p>","protected":false},"excerpt":{"rendered":"<p><strong>Adjustable operating speed<\/strong> - The ability to adjust the rate of gluing to meet production needs, from 20 to 40 pcs\/min.<\/p>","protected":false},"featured_media":5227,"comment_status":"closed","ping_status":"closed","template":"","meta":{"_acf_changed":false,"_et_pb_use_builder":"on","_et_pb_old_content":"<div class=\"flex max-w-full flex-col flex-grow\">\r\n<div class=\"min-h-8 text-message flex w-full flex-col items-end gap-2 whitespace-normal break-words [.text-message+&amp;]:mt-5\" dir=\"auto\" data-message-author-role=\"assistant\" data-message-id=\"26d6f6e9-203a-4ec5-b40c-83c3efc05f43\" data-message-model-slug=\"gpt-4o\">\r\n<div class=\"flex w-full flex-col gap-1 empty:hidden first:pt-[3px]\">\r\n<div class=\"markdown prose w-full break-words dark:prose-invert light\">\r\n\r\nAutomatyczna maszyna do klejenia (z podawaniem papieru za pomoc\u0105 podw\u00f3jnego podajnika) to wyj\u0105tkowo niezawodne rozwi\u0105zanie, kt\u00f3re znajduje szerokie zastosowanie w klejeniu papieru ok\u0142adkowego, wykorzystywanego zar\u00f3wno w produkcji pude\u0142ek, jak i twardych ok\u0142adek. Dzi\u0119ki w pe\u0142ni automatycznemu systemowi podawania papieru, maszyna do klejenia gwarantuje p\u0142ynny, efektywny i szybki proces klejenia, z mo\u017cliwo\u015bci\u0105 precyzyjnej regulacji pr\u0119dko\u015bci pracy. Jej innowacyjna konstrukcja pozwala na jednoczesne podawanie oraz klejenie po obu stronach materia\u0142u, co skutkuje podwojeniem wydajno\u015bci produkcji \u2013 od 20 sztuk na minut\u0119 do nawet 40 sztuk na minut\u0119. Maszyna zosta\u0142a wyposa\u017cona w zaawansowany system recyklingu kleju, kt\u00f3ry znacz\u0105co pomaga w obni\u017ceniu koszt\u00f3w produkcji. Dodatkowo u\u017cytkownik mo\u017ce wybra\u0107 pomi\u0119dzy klejem termotopliwym a bia\u0142ym, w zale\u017cno\u015bci od potrzeb produkcyjnych. Ta\u015bma transportuj\u0105ca ma mo\u017cliwo\u015b\u0107 dostosowania swojej d\u0142ugo\u015bci od 4 do 8 metr\u00f3w, co daje jeszcze wi\u0119ksz\u0105 elastyczno\u015b\u0107 i wszechstronno\u015b\u0107 w pracy.\r\n\r\nMaszyna do klejenia to doskona\u0142e narz\u0119dzie dla firm specjalizuj\u0105cych si\u0119 w produkcji opakowa\u0144 oraz wyrob\u00f3w introligatorskich, zapewniaj\u0105c nie tylko wysok\u0105 jako\u015b\u0107 klejenia, ale r\u00f3wnie\u017c znacznie wi\u0119ksz\u0105 wydajno\u015b\u0107 i oszcz\u0119dno\u015bci w procesie produkcyjnym.\r\n\r\n<\/div>\r\n<\/div>\r\n<\/div>\r\n<\/div>\r\n<div class=\"mb-2 flex gap-3 empty:hidden -ml-2\">\r\n<div class=\"items-center justify-start rounded-xl p-1 flex\">\r\n<div class=\"flex items-center\"><\/div>\r\n<\/div>\r\n<\/div>","_et_gb_content_width":"","inline_featured_image":false,"_monsterinsights_skip_tracking":false,"_monsterinsights_sitenote_active":false,"_monsterinsights_sitenote_note":"","_monsterinsights_sitenote_category":0},"product_brand":[],"product_cat":[84],"product_tag":[],"class_list":{"0":"post-5225","1":"product","2":"type-product","3":"status-publish","4":"has-post-thumbnail","6":"product_cat-pudelka-luksusowe","8":"first","9":"instock","10":"shipping-taxable","11":"product-type-simple"},"acf":[],"_links":{"self":[{"href":"https:\/\/akonda.pl\/en\/wp-json\/wp\/v2\/product\/5225","targetHints":{"allow":["GET"]}}],"collection":[{"href":"https:\/\/akonda.pl\/en\/wp-json\/wp\/v2\/product"}],"about":[{"href":"https:\/\/akonda.pl\/en\/wp-json\/wp\/v2\/types\/product"}],"replies":[{"embeddable":true,"href":"https:\/\/akonda.pl\/en\/wp-json\/wp\/v2\/comments?post=5225"}],"wp:featuredmedia":[{"embeddable":true,"href":"https:\/\/akonda.pl\/en\/wp-json\/wp\/v2\/media\/5227"}],"wp:attachment":[{"href":"https:\/\/akonda.pl\/en\/wp-json\/wp\/v2\/media?parent=5225"}],"wp:term":[{"taxonomy":"product_brand","embeddable":true,"href":"https:\/\/akonda.pl\/en\/wp-json\/wp\/v2\/product_brand?post=5225"},{"taxonomy":"product_cat","embeddable":true,"href":"https:\/\/akonda.pl\/en\/wp-json\/wp\/v2\/product_cat?post=5225"},{"taxonomy":"product_tag","embeddable":true,"href":"https:\/\/akonda.pl\/en\/wp-json\/wp\/v2\/product_tag?post=5225"}],"curies":[{"name":"wp","href":"https:\/\/api.w.org\/{rel}","templated":true}]}}