{"id":5269,"date":"2024-10-17T09:53:53","date_gmt":"2024-10-17T07:53:53","guid":{"rendered":"https:\/\/akonda.pl\/?post_type=product&#038;p=5269"},"modified":"2024-10-17T10:44:10","modified_gmt":"2024-10-17T08:44:10","slug":"do-oklejania-naroznikow","status":"publish","type":"product","link":"https:\/\/akonda.pl\/en\/product\/for-wrapping-corners\/","title":{"rendered":"For taping XY-40 corners"},"content":{"rendered":"<p>[et_pb_section fb_built=\"1\u2033 _builder_version=\"4.16\u2033 custom_padding=\"0px||||false|false\" global_colors_info=\"{}\"][et_pb_row _builder_version=\"4.23.1\u2033 background_size=\"initial\" background_position=\"top_left\" background_repeat=\"repeat\" width=\"100%\" global_colors_info=\"{}\"][et_pb_column type=\"4_4\u2033 _builder_version=\"4.16\u2033 custom_padding=\"|||\" global_colors_info=\"{}\" custom_padding__hover=\"|||\"][dsm_card button_url_new_window=\"1\u2033 _builder_version=\"4.23.1\u2033 _module_preset=\"default\" hover_enabled=\"0\u2033 global_colors_info=\"{}\" sticky_enabled=\"0\u2033]<\/p>\n<div class=\"flex max-w-full flex-col flex-grow\">\n<div class=\"min-h-8 text-message flex w-full flex-col items-end gap-2 whitespace-normal break-words [.text-message+&amp;]:mt-5\" dir=\"auto\" data-message-author-role=\"assistant\" data-message-id=\"0a6a25ca-2bf0-4124-93f7-4321085dbc1f\" data-message-model-slug=\"gpt-4o\">\n<div class=\"flex w-full flex-col gap-1 empty:hidden first:pt-[3px]\">\n<div class=\"markdown prose w-full break-words dark:prose-invert light\">\n<p><strong>Corner wrapping device<\/strong><\/p>\n<p>A reliable solution for forming rigid boxes using a variety of tapes. This versatile machine allows you to choose between PET tape and Kraft paper tape, making it ideal for precision taping of box corners.<\/p>\n<p><strong>Model: XY-40<\/strong><\/p>\n<p><strong>Product details<\/strong><\/p>\n<p>It is specially designed for precision forming of rigid boxes using different types of tape. A key advantage of the machine is the choice of PET or Kraft paper tape. The standard width of the tape is 19 mm, but it can be customized to perfectly match the specific requirements for taping the corners of boxes.<\/p>\n<p><strong>Technical parameters<\/strong><\/p>\n<ul>\n<li><strong>Model:<\/strong> XY-40<\/li>\n<li><strong>Minimum box size:<\/strong> 40 x 40 x 10 mm<\/li>\n<li><strong>Corner wrapping speed:<\/strong> 10-40 pcs\/min.<\/li>\n<li><strong>Power:<\/strong> 0.4 kW<\/li>\n<li><strong>Voltage:<\/strong> 220 V \/ 50 Hz<\/li>\n<li><strong>Weight:<\/strong> 170 kg<\/li>\n<li><strong>Dimensions of the device:<\/strong> 800 x 500 x 1400 mm<\/li>\n<\/ul>\n<p>The machine guarantees high efficiency and precision, providing perfect finishing of the corners of rigid boxes. It's the perfect solution for companies looking for an efficient and reliable way to tape the corners of various box sizes.<\/p>\n<\/div>\n<\/div>\n<\/div>\n<\/div>\n<div class=\"mb-2 flex gap-3 empty:hidden -ml-2\">\n<div class=\"items-center justify-start rounded-xl p-1 flex\">\n<div class=\"flex items-center\">\u00a0<\/div>\n<\/div>\n<\/div>\n<p>[\/dsm_card][\/et_pb_column][\/et_pb_row][et_pb_row column_structure=&#8221;1_2,1_2&#8243; _builder_version=&#8221;4.23.1&#8243; _module_preset=&#8221;default&#8221; background_color=&#8221;RGBA(255,255,255,0)&#8221; global_colors_info=&#8221;{}&#8221;][et_pb_column type=&#8221;1_2&#8243; _builder_version=&#8221;4.23.1&#8243; _module_preset=&#8221;default&#8221; global_colors_info=&#8221;{}&#8221;][et_pb_heading title=&#8221;Gwarantuje precyzyjn\u0105 i wydajn\u0105 prac\u0119&#8221; _builder_version=&#8221;4.23.1&#8243; _module_preset=&#8221;default&#8221; title_level=&#8221;h2&#8243; title_text_color=&#8221;#203569&#8243; vertical_offset=&#8221;46px&#8221; custom_margin=&#8221;48px|||48px|false|false&#8221; global_colors_info=&#8221;{}&#8221;][\/et_pb_heading][\/et_pb_column][et_pb_column type=&#8221;1_2&#8243; _builder_version=&#8221;4.23.1&#8243; _module_preset=&#8221;default&#8221; global_colors_info=&#8221;{}&#8221;][et_pb_image src=&#8221;https:\/\/akonda.pl\/wp-content\/uploads\/2024\/10\/201902270219304F56556BC05AAA06_b2.png&#8221; alt=&#8221;Maszyna do klejenia&#8221; title_text=&#8221;201902270219304F56556BC05AAA06_b(2)&#8221; _builder_version=&#8221;4.23.1&#8243; _module_preset=&#8221;default&#8221; global_colors_info=&#8221;{}&#8221;][\/et_pb_image][\/et_pb_column][\/et_pb_row][et_pb_row column_structure=&#8221;1_2,1_2&#8243; _builder_version=&#8221;4.23.1&#8243; _module_preset=&#8221;default&#8221; global_colors_info=&#8221;{}&#8221;][et_pb_column type=&#8221;1_2&#8243; _builder_version=&#8221;4.23.1&#8243; _module_preset=&#8221;default&#8221; global_colors_info=&#8221;{}&#8221;][et_pb_heading title=&#8221;Dane techniczne &#8221; _builder_version=&#8221;4.23.1&#8243; _module_preset=&#8221;default&#8221; title_level=&#8221;h2&#8243; title_text_color=&#8221;#20356a&#8221; custom_margin=&#8221;48px|||48px|false|false&#8221; global_colors_info=&#8221;{}&#8221;][\/et_pb_heading][\/et_pb_column][et_pb_column type=&#8221;1_2&#8243; _builder_version=&#8221;4.23.1&#8243; _module_preset=&#8221;default&#8221; global_colors_info=&#8221;{}&#8221;][et_pb_text _builder_version=&#8221;4.23.1&#8243; _module_preset=&#8221;default&#8221; box_shadow_style=&#8221;preset3&#8243; global_colors_info=&#8221;{}&#8221;]<\/p>\n<table style=\"width: 100%;border-collapse: collapse;border-color: #333\" border=\"1\">\n<tbody>\n<tr>\n<td style=\"width: 50%\"><strong>Model:<\/strong><\/td>\n<td style=\"width: 50%\">XY-40<\/td>\n<\/tr>\n<tr>\n<td style=\"width: 50%\">\n<p><strong>Minimum box size:<\/strong><\/p>\n<\/td>\n<td style=\"width: 50%\">40 x 40 x 10 mm<\/td>\n<\/tr>\n<tr>\n<td style=\"width: 50%\"><strong>Corner wrapping speed:<\/strong><\/td>\n<td style=\"width: 50%\">10-40 pcs\/min.<\/td>\n<\/tr>\n<tr>\n<td style=\"width: 50%\"><strong>Power:<\/strong><\/td>\n<td style=\"width: 50%\">0.4 kW<\/td>\n<\/tr>\n<tr>\n<td style=\"width: 50%\"><strong>Air pressure:<\/strong><\/td>\n<td style=\"width: 50%\">220 V \/ 50 Hz<\/td>\n<\/tr>\n<tr>\n<td style=\"width: 50%\"><strong>Voltage:<\/strong><\/td>\n<td style=\"width: 50%\">380V\/50Hz<\/td>\n<\/tr>\n<tr>\n<td style=\"width: 50%\"><strong>Weight:<\/strong><\/td>\n<td style=\"width: 50%\">170 kg<\/td>\n<\/tr>\n<\/tbody>\n<\/table>\n<p>[\/et_pb_text][\/et_pb_column][\/et_pb_row][et_pb_row column_structure=&#8221;1_3,1_3,1_3&#8243; _builder_version=&#8221;4.23.1&#8243; _module_preset=&#8221;default&#8221; global_colors_info=&#8221;{}&#8221;][et_pb_column type=&#8221;1_3&#8243; _builder_version=&#8221;4.23.1&#8243; _module_preset=&#8221;default&#8221; global_colors_info=&#8221;{}&#8221;][et_pb_blurb use_icon=&#8221;on&#8221; font_icon=&#8221;&#x3b;||divi||400&#8243; _builder_version=&#8221;4.23.1&#8243; _module_preset=&#8221;default&#8221; global_colors_info=&#8221;{}&#8221;]<\/p>\n<p style=\"text-align: center\"><strong>Precision -<\/strong> corners guarantees high efficiency and precision<\/p>\n<p>[\/et_pb_blurb][\/et_pb_column][et_pb_column type=&#8221;1_3&#8243; _builder_version=&#8221;4.23.1&#8243; _module_preset=&#8221;default&#8221; global_colors_info=&#8221;{}&#8221;][et_pb_blurb use_icon=&#8221;on&#8221; font_icon=&#8221;&#xf118;||fa||400&#8243; _builder_version=&#8221;4.23.1&#8243; _module_preset=&#8221;default&#8221; global_colors_info=&#8221;{}&#8221;]<\/p>\n<p style=\"text-align: center\"><strong>Flexibility of use<\/strong> - Choice between PET and Kraft paper tape and adjustable tape widths<\/p>\n<p>[\/et_pb_blurb][\/et_pb_column][et_pb_column type=&#8221;1_3&#8243; _builder_version=&#8221;4.23.1&#8243; _module_preset=&#8221;default&#8221; global_colors_info=&#8221;{}&#8221;][et_pb_blurb use_icon=&#8221;on&#8221; font_icon=&#8221;&#x4e;||divi||400&#8243; _builder_version=&#8221;4.23.1&#8243; _module_preset=&#8221;default&#8221; global_colors_info=&#8221;{}&#8221;]<\/p>\n<p style=\"text-align: center\"><strong>Speed of operation<\/strong> - The device provides a speed of up to 40 pcs\/min<\/p>\n<p>[\/et_pb_blurb][\/et_pb_column][\/et_pb_row][\/et_pb_section].<\/p>","protected":false},"excerpt":{"rendered":"<p>A key advantage of the machine is the choice of PET or Kraft paper tape. The standard width of the tape is 19 mm, but it can be customized to meet individual customer needs<\/p>","protected":false},"featured_media":5271,"comment_status":"closed","ping_status":"closed","template":"","meta":{"_acf_changed":false,"_et_pb_use_builder":"on","_et_pb_old_content":"<div class=\"flex max-w-full flex-col flex-grow\">\r\n<div class=\"min-h-8 text-message flex w-full flex-col items-end gap-2 whitespace-normal break-words [.text-message+&amp;]:mt-5\" dir=\"auto\" data-message-author-role=\"assistant\" data-message-id=\"0a6a25ca-2bf0-4124-93f7-4321085dbc1f\" data-message-model-slug=\"gpt-4o\">\r\n<div class=\"flex w-full flex-col gap-1 empty:hidden first:pt-[3px]\">\r\n<div class=\"markdown prose w-full break-words dark:prose-invert light\">\r\n\r\n<strong>Urz\u0105dzenie do oklejania naro\u017cnik\u00f3w<\/strong>\r\n\r\nNiezawodne rozwi\u0105zanie do formowania sztywnych pude\u0142ek z wykorzystaniem r\u00f3\u017cnych ta\u015bm. To wszechstronne urz\u0105dzenie pozwala na wyb\u00f3r mi\u0119dzy ta\u015bm\u0105 PET a ta\u015bm\u0105 papierow\u0105 Kraft, co czyni je idealnym do precyzyjnego oklejania naro\u017cnik\u00f3w pude\u0142ek.\r\n\r\n<strong>Model: XY-40<\/strong>\r\n\r\n<strong>Szczeg\u00f3\u0142y produktu<\/strong>\r\n\r\nJest ono specjalnie zaprojektowane do precyzyjnego formowania sztywnych pude\u0142ek przy u\u017cyciu r\u00f3\u017cnych typ\u00f3w ta\u015bm. Kluczow\u0105 zalet\u0105 urz\u0105dzenia jest mo\u017cliwo\u015b\u0107 wyboru ta\u015bmy PET lub papierowej Kraft. Standardowa szeroko\u015b\u0107 ta\u015bmy wynosi 19 mm, ale mo\u017cna j\u0105 dostosowa\u0107 do indywidualnych potrzeb klient\u00f3w, co pozwala na idealne dopasowanie do specyficznych wymaga\u0144 zwi\u0105zanych z oklejaniem naro\u017cnik\u00f3w pude\u0142ek.\r\n\r\n<strong>Parametry techniczne<\/strong>\r\n<ul>\r\n \t<li><strong>Model:<\/strong> XY-40<\/li>\r\n \t<li><strong>Minimalny rozmiar pude\u0142ka:<\/strong> 40 x 40 x 10 mm<\/li>\r\n \t<li><strong>Pr\u0119dko\u015b\u0107 oklejania naro\u017cnik\u00f3w:<\/strong> 10-40 szt.\/min<\/li>\r\n \t<li><strong>Moc:<\/strong> 0,4 kW<\/li>\r\n \t<li><strong>Napi\u0119cie:<\/strong> 220 V \/ 50 Hz<\/li>\r\n \t<li><strong>Waga:<\/strong> 170 kg<\/li>\r\n \t<li><strong>Wymiary urz\u0105dzenia:<\/strong> 800 x 500 x 1400 mm<\/li>\r\n<\/ul>\r\nUrz\u0105dzenie do oklejania naro\u017cnik\u00f3w gwarantuje wysok\u0105 wydajno\u015b\u0107 i precyzj\u0119, zapewniaj\u0105c doskona\u0142e wyko\u0144czenie naro\u017cnik\u00f3w sztywnych pude\u0142ek. To doskona\u0142e rozwi\u0105zanie dla firm poszukuj\u0105cych efektywnego i niezawodnego sposobu na oklejanie naro\u017cnik\u00f3w w r\u00f3\u017cnych rozmiarach pude\u0142ek.\r\n\r\n<\/div>\r\n<\/div>\r\n<\/div>\r\n<\/div>\r\n<div class=\"mb-2 flex gap-3 empty:hidden -ml-2\">\r\n<div class=\"items-center justify-start rounded-xl p-1 flex\">\r\n<div class=\"flex items-center\"><\/div>\r\n<\/div>\r\n<\/div>","_et_gb_content_width":"","inline_featured_image":false,"_monsterinsights_skip_tracking":false,"_monsterinsights_sitenote_active":false,"_monsterinsights_sitenote_note":"","_monsterinsights_sitenote_category":0},"product_brand":[],"product_cat":[84],"product_tag":[],"class_list":{"0":"post-5269","1":"product","2":"type-product","3":"status-publish","4":"has-post-thumbnail","6":"product_cat-pudelka-luksusowe","8":"first","9":"instock","10":"shipping-taxable","11":"product-type-simple"},"acf":[],"_links":{"self":[{"href":"https:\/\/akonda.pl\/en\/wp-json\/wp\/v2\/product\/5269","targetHints":{"allow":["GET"]}}],"collection":[{"href":"https:\/\/akonda.pl\/en\/wp-json\/wp\/v2\/product"}],"about":[{"href":"https:\/\/akonda.pl\/en\/wp-json\/wp\/v2\/types\/product"}],"replies":[{"embeddable":true,"href":"https:\/\/akonda.pl\/en\/wp-json\/wp\/v2\/comments?post=5269"}],"wp:featuredmedia":[{"embeddable":true,"href":"https:\/\/akonda.pl\/en\/wp-json\/wp\/v2\/media\/5271"}],"wp:attachment":[{"href":"https:\/\/akonda.pl\/en\/wp-json\/wp\/v2\/media?parent=5269"}],"wp:term":[{"taxonomy":"product_brand","embeddable":true,"href":"https:\/\/akonda.pl\/en\/wp-json\/wp\/v2\/product_brand?post=5269"},{"taxonomy":"product_cat","embeddable":true,"href":"https:\/\/akonda.pl\/en\/wp-json\/wp\/v2\/product_cat?post=5269"},{"taxonomy":"product_tag","embeddable":true,"href":"https:\/\/akonda.pl\/en\/wp-json\/wp\/v2\/product_tag?post=5269"}],"curies":[{"name":"wp","href":"https:\/\/api.w.org\/{rel}","templated":true}]}}