{"id":5287,"date":"2024-10-17T10:44:26","date_gmt":"2024-10-17T08:44:26","guid":{"rendered":"https:\/\/akonda.pl\/?post_type=product&#038;p=5287"},"modified":"2025-10-12T22:41:50","modified_gmt":"2025-10-12T20:41:50","slug":"automat-spiralujacy","status":"publish","type":"product","link":"https:\/\/akonda.pl\/en\/product\/spiral-machine\/","title":{"rendered":"Spiral machine PB-735 HD DP HC"},"content":{"rendered":"<div style=\"font-family: 'Helvetica Neue', Arial, sans-serif; line-height: 1.6; color: #333;\">\n<div style=\"background: #f9f9f9; padding: 25px; border-radius: 8px; margin-bottom: 30px;\">\n<h2 style=\"text-align: center; font-size: 1.8em; color: #003d82; margin-top: 0; margin-bottom: 20px;\">Automatic book and calendar binding line Rilecart PB-735 HD DP HC<\/h2>\n<p style=\"font-size: 1.1em;\">Line <strong>Rilecart PB-735 HD DP HC<\/strong> is the next step in the evolution of automatic wire spine binding. It is an intelligent and extremely flexible machine that in one automated sequence <strong>punches and spiral binds<\/strong> books and calendars up to 1 inch thick. Utilizing the best of Rilecart technology, the PB-735 is a compact and operator-friendly solution that represents the ideal transition from semi-automatic machines to full automation. It's a safe investment that guarantees an increase in productivity without the risk of underutilizing its potential, and is perfect for the production of both thin booklets and thick catalogs.<\/p>\n<\/div>\n<h3 style=\"font-size: 1.6em; color: #003d82; border-bottom: 2px solid #0056b3; padding-bottom: 10px; margin-bottom: 20px;\">Key features and benefits<\/h3>\n<div style=\"display: flex; flex-wrap: wrap; gap: 20px; margin-bottom: 30px;\">\n<div style=\"flex: 1; min-width: 280px; background: #fff; padding: 20px; border-radius: 8px; border: 1px solid #eee;\">\n<h4 style=\"color: #0056b3; margin-top: 0;\">\u2699\ufe0f Intelligent punching of thick blocks<\/h4>\n<p>A unique feature of the machine is its ability to work with products of different thicknesses. Thin blocks (up to 4 mm) are punched in one cycle. Thicker ones (up to 10 mm) are automatically divided into two parts and punched separately by an innovative two-part tool. The thickest blocks are automatically divided into several parts, punched, and then reassembled into a whole before binding.<\/p>\n<\/div>\n<div style=\"flex: 1; min-width: 280px; background: #fff; padding: 20px; border-radius: 8px; border: 1px solid #eee;\">\n<h4 style=\"color: #0056b3; margin-top: 0;\">\ud83d\udcda Versatility: from 1\/4\u2033 to 1\u2033 in 2:1 and 3:1 pitch<\/h4>\n<p>The PB-735 supports an extremely wide range of spine diameters - from <strong>1\/4\u2033 all the way up to 1\u2033<\/strong>, which allows the binding of both very thin and thick publications. The machine can work with pitch <strong>3:1\u2033, 4:1\u2033 or 2:1\u2033<\/strong> (depending on configuration), making it one of the most versatile on the market.<\/p>\n<\/div>\n<div style=\"flex: 1; min-width: 280px; background: #fff; padding: 20px; border-radius: 8px; border: 1px solid #eee;\">\n<h4 style=\"color: #0056b3; margin-top: 0;\">\ud83d\ude80 High efficiency and full automation<\/h4>\n<p>With speeds reaching <strong>2500 pieces per hour<\/strong>, the line is designed for efficient production. The process is fully automated - the operator only needs to place the collected blocks on the machine and pick up the finished product. The machine can also be connected in line with collectors, creating a fully automatic production line.<\/p>\n<\/div>\n<div style=\"flex: 1; min-width: 280px; background: #fff; padding: 20px; border-radius: 8px; border: 1px solid #eee;\">\n<h4 style=\"color: #0056b3; margin-top: 0;\">\ud83c\uddee\ud83c\uddf9 Italian quality and low maintenance<\/h4>\n<p>The machine is entirely manufactured in Italy, which guarantees the highest quality workmanship and reliability. It is equipped with <strong>central automatic lubrication system<\/strong> and a remote diagnostics module, which minimizes downtime and maintenance costs for trouble-free, multi-year operation.<\/p>\n<\/div>\n<\/div>\n<h3 style=\"font-size: 1.6em; color: #003d82; border-bottom: 2px solid #0056b3; padding-bottom: 10px; margin-top: 40px; margin-bottom: 20px;\">Detailed technical specifications<\/h3>\n<table style=\"width: 100%; border-collapse: collapse; text-align: left; font-size: 16px;\">\n<tbody>\n<tr style=\"background-color: #f9f9f9; border-bottom: 1px solid #ddd;\">\n<td style=\"padding: 12px 15px; font-weight: 600; width: 40%;\">Model<\/td>\n<td style=\"padding: 12px 15px;\">Rilecart PB-735 HD DP HC<\/td>\n<\/tr>\n<tr style=\"border-bottom: 1px solid #ddd;\">\n<td style=\"padding: 12px 15px; font-weight: 600;\">Speed<\/td>\n<td style=\"padding: 12px 15px;\">500 - 2500 pieces \/ hour<\/td>\n<\/tr>\n<tr style=\"background-color: #f9f9f9; border-bottom: 1px solid #ddd;\">\n<td style=\"padding: 12px 15px; font-weight: 600;\">Maximum binding format<\/td>\n<td style=\"padding: 12px 15px;\">350 x 500 mm (for thicknesses up to 4 mm)<br \/>\n350 x 420 mm (for thicknesses over 4 mm)<\/td>\n<\/tr>\n<tr style=\"border-bottom: 1px solid #ddd;\">\n<td style=\"padding: 12px 15px; font-weight: 600;\">Minimum binding format<\/td>\n<td style=\"padding: 12px 15px;\">100 x 100 mm<\/td>\n<\/tr>\n<tr style=\"background-color: #f9f9f9; border-bottom: 1px solid #ddd;\">\n<td style=\"padding: 12px 15px; font-weight: 600;\">Maximum punch thickness<\/td>\n<td style=\"padding: 12px 15px;\">8 mm (in 4+4 mm system)<\/td>\n<\/tr>\n<tr style=\"border-bottom: 1px solid #ddd;\">\n<td style=\"padding: 12px 15px; font-weight: 600;\">Supported spine diameters<\/td>\n<td style=\"padding: 12px 15px;\">1\/4\u2033 to 1\u2033<\/td>\n<\/tr>\n<tr style=\"background-color: #f9f9f9; border-bottom: 1px solid #ddd;\">\n<td style=\"padding: 12px 15px; font-weight: 600;\">Supported pitch<\/td>\n<td style=\"padding: 12px 15px;\">3:1\u2033 (standard), optional 4:1\u2033 or 2:1\u2033<\/td>\n<\/tr>\n<tr style=\"border-bottom: 1px solid #ddd;\">\n<td style=\"padding: 12px 15px; font-weight: 600;\">Programming the luminaire<\/td>\n<td style=\"padding: 12px 15px;\">Continuous binding, with a break (skip-binding), in 2 sections with a pendant<\/td>\n<\/tr>\n<tr style=\"background-color: #f9f9f9; border-bottom: 1px solid #ddd;\">\n<td style=\"padding: 12px 15px; font-weight: 600;\">Options<\/td>\n<td style=\"padding: 12px 15px;\">Automatic pendant feeder (100-200 mm), pendant molding machine<\/td>\n<\/tr>\n<tr style=\"border-bottom: 1px solid #ddd;\">\n<td style=\"padding: 12px 15px; font-weight: 600;\">Power supply<\/td>\n<td style=\"padding: 12px 15px;\">400V, 3-phase, 50\/60 Hz + N, 10 kW<\/td>\n<\/tr>\n<tr style=\"background-color: #f9f9f9; border-bottom: 1px solid #ddd;\">\n<td style=\"padding: 12px 15px; font-weight: 600;\">Compressed air<\/td>\n<td style=\"padding: 12px 15px;\">6 Atm - 30 m\u00b3\/h<\/td>\n<\/tr>\n<tr style=\"border-bottom: 1px solid #ddd;\">\n<td style=\"padding: 12px 15px; font-weight: 600;\">Net weight<\/td>\n<td style=\"padding: 12px 15px;\">2100 kg<\/td>\n<\/tr>\n<tr style=\"background-color: #f9f9f9; border-bottom: 1px solid #ddd;\">\n<td style=\"padding: 12px 15px; font-weight: 600;\">Dimensions (L x D x H)<\/td>\n<td style=\"padding: 12px 15px;\">4500 x 2000 x 1100 mm<\/td>\n<\/tr>\n<\/tbody>\n<\/table>\n<div style=\"background-color: #eef7ff; padding: 25px; margin-top: 40px; border-left: 5px solid #0056b3; border-radius: 5px;\">\n<h3 style=\"font-size: 1.6em; color: #003d82; margin-top: 0;\">Partnership with Akonda.pl is a guarantee of peace of mind<\/h3>\n<p style=\"font-size: 1.1em;\">At Akonda.co.uk, we understand that buying an industrial line is a strategic decision. That's why we provide <strong>full technical support at every stage<\/strong> - From needs analysis and professional configuration, through delivery and installation, to implementation and service.<\/p>\n<ul style=\"list-style-type: '\u2713 '; padding-left: 20px; font-size: 1.1em;\">\n<li style=\"margin-bottom: 10px;\"><strong>Professional service<\/strong> Warranty and post-warranty service throughout Poland.<\/li>\n<li style=\"margin-bottom: 10px;\"><strong>Delivery, installation and training<\/strong> operators at your facility as standard.<\/li>\n<li style=\"margin-bottom: 10px;\"><strong>Permanent access to consumables<\/strong> (wire in spools, hangers) and spare parts.<\/li>\n<\/ul>\n<\/div>\n<\/div>","protected":false},"excerpt":{"rendered":"<p><strong>Maximum luminaire size<\/strong>:<\/p>\n<p>For products up to 4 mm thick: 350 x 500 mm,<\/p>\n<p>For products over 4 mm thick: 350 x 420 mm.<\/p>\n<p><strong>Minimum binding size<\/strong>: 100 x 100 mm.<\/p>\n<p><strong>Maximum punch thickness per stroke<\/strong>: 8 mm (4 + 4 mm, depending on the pitch, materials and product width).<\/p>\n<p>&nbsp;<\/p>","protected":false},"featured_media":5292,"comment_status":"closed","ping_status":"closed","template":"","meta":{"_acf_changed":false,"_et_pb_use_builder":"off","_et_pb_old_content":"<strong>Automat spiraluj\u0105cy<\/strong>\r\n<strong>PB-735 HD DP HC<\/strong>\r\n\r\nKolejny krok w automatyzacji oprawy podw\u00f3jn\u0105 spiral\u0105. Ten inteligentny i elastyczny perforator bindownica potrafi dziurkowa\u0107 i oprawia\u0107 w linii produkty o grubo\u015bci do 1 cala. Wykorzystuj\u0105c zaawansowan\u0105 technologi\u0119 firmy Rilecart, urz\u0105dzenie jest kompaktowe, \u0142atwe w obs\u0142udze i stanowi idealne rozwi\u0105zanie do zast\u0105pienia p\u00f3\u0142automatycznych maszyn, minimalizuj\u0105c ryzyko niewykorzystania potencja\u0142u inwestycji.\r\n<h3>Jak dzia\u0142a Automat spiraluj\u0105cy:<\/h3>\r\nKsi\u0105\u017cki i kalendarze musz\u0105 by\u0107 wcze\u015bniej zebrane i umieszczone na perforatorze bindownicy. Nast\u0119pnie, w zale\u017cno\u015bci od grubo\u015bci produktu, urz\u0105dzenie mo\u017ce by\u0107 u\u017cywane na trzy sposoby:\r\n<ol>\r\n \t<li><strong>Grubo\u015b\u0107 poni\u017cej 4 mm<\/strong>: W tym przypadku perforator bindownica dzia\u0142a w linii bez dodatkowych dzia\u0142a\u0144 \u2013 wystarczy odebra\u0107 oprawiony produkt z przeno\u015bnika.<\/li>\r\n \t<li><strong>Grubo\u015b\u0107 od 5 mm do 10 mm<\/strong>: Nale\u017cy u\u017cy\u0107 ostrza separuj\u0105cego, aby podzieli\u0107 produkt na dwie cz\u0119\u015bci, kt\u00f3re zostan\u0105 oddzielnie dziurkowane przez narz\u0119dzie do podw\u00f3jnego dziurkowania.<\/li>\r\n \t<li><strong>Grubo\u015b\u0107 powy\u017cej 10 mm<\/strong>: Konieczne jest podzielenie ksi\u0105\u017cki na kilka cz\u0119\u015bci, kt\u00f3re zostan\u0105 automatycznie ponownie z\u0142o\u017cone i oprawione.<\/li>\r\n<\/ol>\r\nPerforator bindownica PB-735 HD DP mo\u017ce by\u0107 po\u0142\u0105czony z urz\u0105dzeniami zbieraj\u0105cymi.\r\n<h3>Cechy naszego Automatu spiraluj\u0105cego:<\/h3>\r\n<ul>\r\n \t<li>U\u017cywa drut\u00f3w na szpulach.<\/li>\r\n \t<li><strong>Maksymalny rozmiar oprawy<\/strong>:\r\n<ul>\r\n \t<li>dla produkt\u00f3w o grubo\u015bci do 4 mm: 350 x 500 mm,<\/li>\r\n \t<li>dla produkt\u00f3w o grubo\u015bci powy\u017cej 4 mm: 350 x 420 mm.<\/li>\r\n<\/ul>\r\n<\/li>\r\n \t<li><strong>Minimalny rozmiar oprawy<\/strong>: 100 x 100 mm.<\/li>\r\n \t<li><strong>Maksymalna grubo\u015b\u0107 dziurkowania na skok<\/strong>: 8 mm (4 + 4 mm, w zale\u017cno\u015bci od podzia\u0142ki, materia\u0142\u00f3w i szeroko\u015bci produktu).<\/li>\r\n \t<li>Standardowe \u015brednice opraw: 1\/4\u201d (na zam\u00f3wienie: 5\/16\u201d, 3\/8\u201d, 7\/16\u201d, 1\/2\u201d, 9\/16\u201d, 5\/8\u201d, 3\/4\u201d, 7\/8\u201d i 1\u201d).<\/li>\r\n \t<li>Standardowa podzia\u0142ka: 3:1\u201d (na zam\u00f3wienie: 4:1\u201d lub 2:1\u201d).<\/li>\r\n \t<li>Zmienna pr\u0119dko\u015b\u0107: od 500 do 2500 sztuk na godzin\u0119, w zale\u017cno\u015bci od rozmiaru, grubo\u015bci i jako\u015bci materia\u0142\u00f3w.<\/li>\r\n \t<li>Mo\u017cliwo\u015b\u0107 zaprogramowania na ci\u0105g\u0142\u0105 opraw\u0119, opraw\u0119 dw\u00f3ch sztuk z zawieszk\u0105 lub \"skip-binding\".<\/li>\r\n \t<li>Centralne automatyczne smarowanie.<\/li>\r\n \t<li>Modu\u0142 zdalnej pomocy.<\/li>\r\n<\/ul>","_et_gb_content_width":"","inline_featured_image":false,"_monsterinsights_skip_tracking":false,"_monsterinsights_sitenote_active":false,"_monsterinsights_sitenote_note":"","_monsterinsights_sitenote_category":0},"product_brand":[],"product_cat":[134],"product_tag":[],"class_list":{"0":"post-5287","1":"product","2":"type-product","3":"status-publish","4":"has-post-thumbnail","6":"product_cat-automaty-spiralujace","8":"first","9":"instock","10":"shipping-taxable","11":"product-type-simple"},"acf":[],"_links":{"self":[{"href":"https:\/\/akonda.pl\/en\/wp-json\/wp\/v2\/product\/5287","targetHints":{"allow":["GET"]}}],"collection":[{"href":"https:\/\/akonda.pl\/en\/wp-json\/wp\/v2\/product"}],"about":[{"href":"https:\/\/akonda.pl\/en\/wp-json\/wp\/v2\/types\/product"}],"replies":[{"embeddable":true,"href":"https:\/\/akonda.pl\/en\/wp-json\/wp\/v2\/comments?post=5287"}],"wp:featuredmedia":[{"embeddable":true,"href":"https:\/\/akonda.pl\/en\/wp-json\/wp\/v2\/media\/5292"}],"wp:attachment":[{"href":"https:\/\/akonda.pl\/en\/wp-json\/wp\/v2\/media?parent=5287"}],"wp:term":[{"taxonomy":"product_brand","embeddable":true,"href":"https:\/\/akonda.pl\/en\/wp-json\/wp\/v2\/product_brand?post=5287"},{"taxonomy":"product_cat","embeddable":true,"href":"https:\/\/akonda.pl\/en\/wp-json\/wp\/v2\/product_cat?post=5287"},{"taxonomy":"product_tag","embeddable":true,"href":"https:\/\/akonda.pl\/en\/wp-json\/wp\/v2\/product_tag?post=5287"}],"curies":[{"name":"wp","href":"https:\/\/api.w.org\/{rel}","templated":true}]}}