{"id":5312,"date":"2024-10-17T14:53:13","date_gmt":"2024-10-17T12:53:13","guid":{"rendered":"https:\/\/akonda.pl\/?post_type=product&#038;p=5312"},"modified":"2025-10-12T22:39:14","modified_gmt":"2025-10-12T20:39:14","slug":"bindownica-pb-796","status":"publish","type":"product","link":"https:\/\/akonda.pl\/en\/product\/binding-machine-pb-796\/","title":{"rendered":"Spiral machine - PB-796 HD ES BF"},"content":{"rendered":"<div style=\"font-family: 'Helvetica Neue', Arial, sans-serif; line-height: 1.6; color: #333;\">\n<div style=\"background: #f9f9f9; padding: 25px; border-radius: 8px; margin-bottom: 30px;\">\n<h2 style=\"text-align: center; font-size: 1.8em; color: #003d82; margin-top: 0; margin-bottom: 20px;\">Rilecart PB-796 HD ES BF automatic calendar production line<\/h2>\n<p style=\"font-size: 1.1em;\"><strong>Rilecart PB-796 HD ES BF.<\/strong> is the pride of our industrial portfolio and the world leader in the automatic production of wall calendars. This powerful production line performs all steps in a single, fully automated cycle: <strong>punches a complete calendar block in one hit, automatically feeds the hanger, unwinds and cuts the wire, and then closes the spine<\/strong>. All the operator has to do is place the stack of calendars on the feeder and pick up the finished product from the belt. Designed for maximum productivity (up to 2,500 pcs\/hour) and reliability, the PB-796 HD ES BF is a key investment for any printing and bindery specializing in large-scale calendar production.<\/p>\n<\/div>\n<h3 style=\"font-size: 1.6em; color: #003d82; border-bottom: 2px solid #0056b3; padding-bottom: 10px; margin-bottom: 20px;\">Key features and benefits<\/h3>\n<div style=\"display: flex; flex-wrap: wrap; gap: 20px; margin-bottom: 30px;\">\n<div style=\"flex: 1; min-width: 280px; background: #fff; padding: 20px; border-radius: 8px; border: 1px solid #eee;\">\n<h4 style=\"color: #0056b3; margin-top: 0;\">\ud83d\ude80 Industrial performance and full automation<\/h4>\n<p>With speeds reaching <strong>2500 calendars per hour<\/strong>, the line is designed for mass production. The entire process is fully automated - from taking the block, punching, feeding the hanger, binding, to lining up the finished products on the belt. The machine can also be combined in line with any type of picker.<\/p>\n<\/div>\n<div style=\"flex: 1; min-width: 280px; background: #fff; padding: 20px; border-radius: 8px; border: 1px solid #eee;\">\n<h4 style=\"color: #0056b3; margin-top: 0;\">\u2699\ufe0f Powerful punch and \"Easy Setting\" tools<\/h4>\n<p>The machine is capable of pre-punching a block of up to <strong>4.5 mm in one hit<\/strong>, which significantly speeds up production. The new \"Easy Setting\" (ES) type of punching tools allows individual needles to be switched off from the front of the machine, without the need to disassemble the entire tool, drastically reducing changeover time.<\/p>\n<\/div>\n<div style=\"flex: 1; min-width: 280px; background: #fff; padding: 20px; border-radius: 8px; border: 1px solid #eee;\">\n<h4 style=\"color: #0056b3; margin-top: 0;\">\ud83d\udee0\ufe0f Versatility of calendar production<\/h4>\n<p>The PB-796 HD ES BF line is extremely flexible. It can be programmed for continuous operation, binding with a \"break\" for the pendant (skip-binding) or binding in two separate sections. A wide range of optional hanger feeders and molders (from 70 mm to 450 mm) allows production of almost any type of calendar.<\/p>\n<\/div>\n<div style=\"flex: 1; min-width: 280px; background: #fff; padding: 20px; border-radius: 8px; border: 1px solid #eee;\">\n<h4 style=\"color: #0056b3; margin-top: 0;\">\ud83c\uddee\ud83c\uddf9 Italian quality - reliability and low maintenance<\/h4>\n<p>Rilecart is a global synonym for quality in wire binding. The PB-796 HD ES BF model is known around the world for its legendary reliability, robust construction (weight of 2,400 kg) and low maintenance costs, which guarantees trouble-free operation for many years, even in three-shift operation.<\/p>\n<\/div>\n<\/div>\n<h3 style=\"font-size: 1.6em; color: #003d82; border-bottom: 2px solid #0056b3; padding-bottom: 10px; margin-top: 40px; margin-bottom: 20px;\">Detailed technical specifications<\/h3>\n<table style=\"width: 100%; border-collapse: collapse; text-align: left; font-size: 16px;\">\n<tbody>\n<tr style=\"background-color: #f9f9f9; border-bottom: 1px solid #ddd;\">\n<td style=\"padding: 12px 15px; font-weight: 600; width: 40%;\">Model<\/td>\n<td style=\"padding: 12px 15px;\">Rilecart PB-796 HD ES BF.<\/td>\n<\/tr>\n<tr style=\"border-bottom: 1px solid #ddd;\">\n<td style=\"padding: 12px 15px; font-weight: 600;\">Speed<\/td>\n<td style=\"padding: 12px 15px;\">500 - 2500 pieces \/ hour<\/td>\n<\/tr>\n<tr style=\"background-color: #f9f9f9; border-bottom: 1px solid #ddd;\">\n<td style=\"padding: 12px 15px; font-weight: 600;\">Maximum binding format<\/td>\n<td style=\"padding: 12px 15px;\">600 x 800 mm<\/td>\n<\/tr>\n<tr style=\"border-bottom: 1px solid #ddd;\">\n<td style=\"padding: 12px 15px; font-weight: 600;\">Minimum binding format<\/td>\n<td style=\"padding: 12px 15px;\">120 x 100 mm<\/td>\n<\/tr>\n<tr style=\"background-color: #f9f9f9; border-bottom: 1px solid #ddd;\">\n<td style=\"padding: 12px 15px; font-weight: 600;\">Maximum punch thickness<\/td>\n<td style=\"padding: 12px 15px;\">4.5 mm in one cycle<\/td>\n<\/tr>\n<tr style=\"border-bottom: 1px solid #ddd;\">\n<td style=\"padding: 12px 15px; font-weight: 600;\">Standard back diameters<\/td>\n<td style=\"padding: 12px 15px;\">1\/4\u2033 (optional 3\/16\u2033, 5\/16\u2033, 3\/8\u2033)<\/td>\n<\/tr>\n<tr style=\"background-color: #f9f9f9; border-bottom: 1px solid #ddd;\">\n<td style=\"padding: 12px 15px; font-weight: 600;\">Standard pitch<\/td>\n<td style=\"padding: 12px 15px;\">3:1\u2033 (optional 4:1\u2033)<\/td>\n<\/tr>\n<tr style=\"border-bottom: 1px solid #ddd;\">\n<td style=\"padding: 12px 15px; font-weight: 600;\">Programming the luminaire<\/td>\n<td style=\"padding: 12px 15px;\">Continuous binding, with a break (skip-binding), in 2 sections<\/td>\n<\/tr>\n<tr style=\"background-color: #f9f9f9; border-bottom: 1px solid #ddd;\">\n<td style=\"padding: 12px 15px; font-weight: 600;\">Standard equipment<\/td>\n<td style=\"padding: 12px 15px;\">Automatic 70 mm hanger feeder, reel uncoiler, lining up on the shell<\/td>\n<\/tr>\n<tr style=\"border-bottom: 1px solid #ddd;\">\n<td style=\"padding: 12px 15px; font-weight: 600;\">Power supply<\/td>\n<td style=\"padding: 12px 15px;\">400V, 3-phase, 50\/60 Hz + N, 9 kW<\/td>\n<\/tr>\n<tr style=\"background-color: #f9f9f9; border-bottom: 1px solid #ddd;\">\n<td style=\"padding: 12px 15px; font-weight: 600;\">Compressed air<\/td>\n<td style=\"padding: 12px 15px;\">6 Atm - 10 m\u00b3\/h<\/td>\n<\/tr>\n<tr style=\"border-bottom: 1px solid #ddd;\">\n<td style=\"padding: 12px 15px; font-weight: 600;\">Net weight<\/td>\n<td style=\"padding: 12px 15px;\">2400 kg<\/td>\n<\/tr>\n<tr style=\"background-color: #f9f9f9; border-bottom: 1px solid #ddd;\">\n<td style=\"padding: 12px 15px; font-weight: 600;\">Dimensions (L x D x H)<\/td>\n<td style=\"padding: 12px 15px;\">4500 x 2400 x 1300 mm<\/td>\n<\/tr>\n<\/tbody>\n<\/table>\n<div style=\"background-color: #eef7ff; padding: 25px; margin-top: 40px; border-left: 5px solid #0056b3; border-radius: 5px;\">\n<h3 style=\"font-size: 1.6em; color: #003d82; margin-top: 0;\">Partnership with Akonda.pl is a guarantee of peace of mind<\/h3>\n<p style=\"font-size: 1.1em;\">At Akonda.co.uk, we understand that buying an industrial line is a strategic decision. That's why we provide <strong>full technical support at every stage<\/strong> - From needs analysis and professional configuration, through delivery and installation, to implementation and service.<\/p>\n<ul style=\"list-style-type: '\u2713 '; padding-left: 20px; font-size: 1.1em;\">\n<li style=\"margin-bottom: 10px;\"><strong>Professional service<\/strong> Warranty and post-warranty service throughout Poland.<\/li>\n<li style=\"margin-bottom: 10px;\"><strong>Delivery, installation and training<\/strong> operators at your facility as standard.<\/li>\n<li style=\"margin-bottom: 10px;\"><strong>Permanent access to consumables<\/strong> (wire in spools, hangers) and spare parts.<\/li>\n<\/ul>\n<\/div>\n<\/div>","protected":false},"excerpt":{"rendered":"<p>Very easy to use, the PB-796 HD ES BF is appreciated worldwide for its reliability and low operating costs. Equipped with new \"Easy Setting\" punch tools, it provides exceptional ease of setup.<\/p>\n<ul>\n<li><\/li>\n<\/ul>","protected":false},"featured_media":5316,"comment_status":"closed","ping_status":"closed","template":"","meta":{"_acf_changed":false,"_et_pb_use_builder":"off","_et_pb_old_content":"<strong>Bindownica PB-796 HD ES BF \u2013 Automatyczna maszyna do dziurkowania i oprawy kalendarzy<\/strong>\r\n\r\nBindownica PB-796 HD ES BF to duma naszej linii przemys\u0142owej, znana na ca\u0142ym \u015bwiecie z wyj\u0105tkowej wydajno\u015bci, niezawodno\u015bci oraz niskich koszt\u00f3w utrzymania. Dzi\u0119ki zaawansowanej technologii i narz\u0119dziom typu \"Easy Setting\", jest niezwykle prosta w obs\u0142udze, a jej automatyzacja sprawia, \u017ce jest idealnym rozwi\u0105zaniem do profesjonalnej produkcji kalendarzy.\r\n<h3>Jak dzia\u0142a bindownica PB-796 HD ES BF:<\/h3>\r\nWystarczy umie\u015bci\u0107 kalendarze na bindownicy, a gotowy produkt zostanie automatycznie odebrany na ko\u0144cu procesu oprawy.\r\n\r\nMaszyna wykonuje dziurkowanie w jednym skoku, po czym automatycznie wprowadza zawieszki i drut, a nast\u0119pnie przenosi produkt do sekcji zamykania, gdzie nast\u0119puje finalna oprawa. Bindownica PB-796 HD ES BF umo\u017cliwia szybkie i \u0142atwe od\u0142\u0105czanie igie\u0142 dziurkuj\u0105cych bez potrzeby wyjmowania narz\u0119dzi, co znacz\u0105co skraca czas przezbrajania. Redukcja czasu zmiany formatu papieru o 50% przy u\u017cyciu tej samej \u015brednicy drutu oraz o 25% przy pe\u0142nej zmianie formatu dziurkowania i oprawy.\r\n<h3>G\u0142\u00f3wne cechy bindownicy PB-796 HD ES BF:<\/h3>\r\n<ul>\r\n \t<li><strong>Maksymalny rozmiar oprawy<\/strong>: 600 x 800 mm.<\/li>\r\n \t<li><strong>Minimalny rozmiar oprawy<\/strong>: 120 x 100 mm.<\/li>\r\n \t<li><strong>Maksymalna grubo\u015b\u0107 dziurkowania na skok<\/strong>: 4,5 mm (w zale\u017cno\u015bci od podzia\u0142ki, materia\u0142\u00f3w i szeroko\u015bci kalendarza).<\/li>\r\n \t<li><strong>Standardowe \u015brednice opraw<\/strong>: 1\/4\u201d (dost\u0119pne tak\u017ce 3\/16\u201d, 5\/16\u201d i 3\/8\u201d na zam\u00f3wienie).<\/li>\r\n \t<li><strong>Standardowa podzia\u0142ka<\/strong>: 3:1\u201d (na zam\u00f3wienie: 4:1\u201d).<\/li>\r\n \t<li><strong>Pr\u0119dko\u015b\u0107 produkcji<\/strong>: od 500 do 2500 sztuk na godzin\u0119, zale\u017cnie od rozmiaru, grubo\u015bci i jako\u015bci materia\u0142\u00f3w.<\/li>\r\n \t<li>Mo\u017cliwo\u015b\u0107 zaprogramowania na ci\u0105g\u0142\u0105 opraw\u0119, opraw\u0119 dw\u00f3ch sztuk z zawieszk\u0105 lub \"skip-binding\".<\/li>\r\n \t<li>Kompatybilno\u015b\u0107 z r\u00f3\u017cnymi urz\u0105dzeniami do zbierania arkuszy.<\/li>\r\n \t<li>Modu\u0142 zdalnej pomocy.<\/li>\r\n<\/ul>\r\n<h3>Dodatkowe opcje bindownicy PB-796 HD ES BF:<\/h3>\r\n<ul>\r\n \t<li>Zestawy narz\u0119dzi o \u015brednicach 3\/16\u201d, 5\/16\u201d i 3\/8\u201d.<\/li>\r\n \t<li>Dodatkowy automatyczny podajnik zawieszek 70 mm (dla kalendarzy z dwoma zawieszkami).<\/li>\r\n \t<li>Automatyczne urz\u0105dzenie do zawieszek od 100 do 450 mm lub od 100 do 300 mm.<\/li>\r\n \t<li>Narz\u0119dzie do perforacji tylnej.<\/li>\r\n \t<li>Podajnik zawieszek ze szpul.<\/li>\r\n \t<li>Formierz zawieszek o d\u0142ugo\u015bciach od 100 do 300 mm oraz od 100 do 450 mm.<\/li>\r\n \t<li>Automatyczny wytrz\u0105sacz.<\/li>\r\n \t<li>Jednostka \u0142\u0105cz\u0105ca z maszynami do zbierania arkuszy.<\/li>\r\n<\/ul>","_et_gb_content_width":"","inline_featured_image":false,"_monsterinsights_skip_tracking":false,"_monsterinsights_sitenote_active":false,"_monsterinsights_sitenote_note":"","_monsterinsights_sitenote_category":0},"product_brand":[],"product_cat":[134],"product_tag":[],"class_list":{"0":"post-5312","1":"product","2":"type-product","3":"status-publish","4":"has-post-thumbnail","6":"product_cat-automaty-spiralujace","8":"first","9":"instock","10":"shipping-taxable","11":"product-type-simple"},"acf":[],"_links":{"self":[{"href":"https:\/\/akonda.pl\/en\/wp-json\/wp\/v2\/product\/5312","targetHints":{"allow":["GET"]}}],"collection":[{"href":"https:\/\/akonda.pl\/en\/wp-json\/wp\/v2\/product"}],"about":[{"href":"https:\/\/akonda.pl\/en\/wp-json\/wp\/v2\/types\/product"}],"replies":[{"embeddable":true,"href":"https:\/\/akonda.pl\/en\/wp-json\/wp\/v2\/comments?post=5312"}],"wp:featuredmedia":[{"embeddable":true,"href":"https:\/\/akonda.pl\/en\/wp-json\/wp\/v2\/media\/5316"}],"wp:attachment":[{"href":"https:\/\/akonda.pl\/en\/wp-json\/wp\/v2\/media?parent=5312"}],"wp:term":[{"taxonomy":"product_brand","embeddable":true,"href":"https:\/\/akonda.pl\/en\/wp-json\/wp\/v2\/product_brand?post=5312"},{"taxonomy":"product_cat","embeddable":true,"href":"https:\/\/akonda.pl\/en\/wp-json\/wp\/v2\/product_cat?post=5312"},{"taxonomy":"product_tag","embeddable":true,"href":"https:\/\/akonda.pl\/en\/wp-json\/wp\/v2\/product_tag?post=5312"}],"curies":[{"name":"wp","href":"https:\/\/api.w.org\/{rel}","templated":true}]}}