{"id":537,"date":"2017-01-23T11:41:12","date_gmt":"2017-01-23T10:41:12","guid":{"rendered":"https:\/\/akonda-test.key2print.com\/?post_type=product&#038;p=537"},"modified":"2017-08-09T14:56:17","modified_gmt":"2017-08-09T12:56:17","slug":"trymery-obrotowe","status":"publish","type":"product","link":"https:\/\/akonda.pl\/en\/product\/rotary-trimmers\/","title":{"rendered":"Rotary Trimmers"},"content":{"rendered":"<div id=\"wrapper\">\n<div id=\"page\">\n<div id=\"content\">\n<table style=\"height: 770px;\" border=\"0\" width=\"1269\">\n<thead>\n<tr>\n<td align=\"center\">Model<\/td>\n<td align=\"center\">Description<\/td>\n<td align=\"center\">Cutting length<br \/>\n(mm)<\/td>\n<td align=\"center\">Cut format<br \/>\n(DIN)<\/td>\n<td align=\"center\">Thickness of cut<br \/>\n(mm) \/ number of sheets<\/td>\n<td align=\"center\">Pressure<\/td>\n<td align=\"center\">Tabletop dimensions<br \/>\n(mm)<\/td>\n<td align=\"center\">Price<br \/>\n(net)<\/td>\n<\/tr>\n<\/thead>\n<tbody>\n<tr>\n<td>\u00a0<strong>350<\/strong><\/td>\n<td>Standard trimmer for home use<\/td>\n<td align=\"center\">310<\/td>\n<td align=\"center\">A4<\/td>\n<td align=\"center\">0,3 \/ 3k<\/td>\n<td align=\"center\">Manual<\/td>\n<td align=\"center\">380&#215;100<\/td>\n<td align=\"right\"><\/td>\n<\/tr>\n<tr>\n<td>\u00a0<strong>360<\/strong><\/td>\n<td>Creative trimmer, has additional heads for perforation and zig-zagging<\/td>\n<td align=\"center\">310<\/td>\n<td align=\"center\">A4<\/td>\n<td align=\"center\">0,3 \/ 3k<\/td>\n<td align=\"center\">Manual<\/td>\n<td align=\"center\">380&#215;100<\/td>\n<td align=\"right\"><\/td>\n<\/tr>\n<tr>\n<td>\u00a0<strong>370<\/strong><\/td>\n<td>ECO trimmer, straight cut, zig-zag, perforation<\/td>\n<td align=\"center\">310<\/td>\n<td align=\"center\">A4<\/td>\n<td align=\"center\">0,5 \/ 5k<\/td>\n<td align=\"center\">Manual<\/td>\n<td align=\"center\">384&#215;120<\/td>\n<td align=\"right\"><\/td>\n<\/tr>\n<tr>\n<td>\u00a0<strong>500<\/strong><\/td>\n<td>Scissor trimmer with rotating blade<\/td>\n<td align=\"center\">250<\/td>\n<td align=\"center\">A5<\/td>\n<td align=\"center\">0,8 \/ 8k<\/td>\n<td align=\"center\">Auto<\/td>\n<td align=\"center\">370&#215;211<\/td>\n<td align=\"right\"><\/td>\n<\/tr>\n<tr>\n<td>\u00a0<strong>507<\/strong><\/td>\n<td>Scissor trimmer with rotating blade in 4 colors<\/td>\n<td align=\"center\">320<\/td>\n<td align=\"center\">A4<\/td>\n<td align=\"center\">0,8 \/ 8k<\/td>\n<td align=\"center\">Auto<\/td>\n<td align=\"center\">440&#215;211<\/td>\n<td align=\"right\"><\/td>\n<\/tr>\n<tr>\n<td>\u00a0<strong>508<\/strong><\/td>\n<td>Scissor trimmer with rotating blade<\/td>\n<td align=\"center\">460<\/td>\n<td align=\"center\">A3<\/td>\n<td align=\"center\">2,5 \/ 25k<\/td>\n<td align=\"center\">Manual<\/td>\n<td align=\"center\">450&#215;285<\/td>\n<td align=\"right\"><\/td>\n<\/tr>\n<\/tbody>\n<\/table>\n<\/div>\n<\/div>\n<\/div>\n<div id=\"footer\"><\/div>","protected":false},"excerpt":{"rendered":"<p>Model Opis D\u0142ugo\u015b\u0107 ci\u0119cia (mm) Ci\u0119ty format (DIN) Grubo\u015b\u0107\u00a0ci\u0119cia (mm) \/ ilo\u015b\u0107 kartek Docisk Wymiary blatu (mm) Cena (netto) \u00a0350 Trymer standard do u\u017cytku domowego 310 A4 0,3 \/ 3k R\u0119czny 380&#215;100 \u00a0360 Trymer Creative, posiada dodatkowo g\u0142owice do perforacji i zyg-zag 310 A4 0,3 \/ 3k R\u0119czny 380&#215;100 \u00a0370 Trymer ECO, ci\u0119cie proste, zyg-zag, [&hellip;]<\/p>","protected":false},"featured_media":766,"comment_status":"closed","ping_status":"closed","template":"","meta":{"_acf_changed":false,"_et_pb_use_builder":"","_et_pb_old_content":"","_et_gb_content_width":"","inline_featured_image":false,"_monsterinsights_skip_tracking":false,"_monsterinsights_sitenote_active":false,"_monsterinsights_sitenote_note":"","_monsterinsights_sitenote_category":0},"product_brand":[],"product_cat":[41],"product_tag":[],"class_list":{"0":"post-537","1":"product","2":"type-product","3":"status-publish","4":"has-post-thumbnail","6":"product_cat-trymery","8":"first","9":"instock","10":"shipping-taxable","11":"product-type-simple"},"acf":[],"_links":{"self":[{"href":"https:\/\/akonda.pl\/en\/wp-json\/wp\/v2\/product\/537","targetHints":{"allow":["GET"]}}],"collection":[{"href":"https:\/\/akonda.pl\/en\/wp-json\/wp\/v2\/product"}],"about":[{"href":"https:\/\/akonda.pl\/en\/wp-json\/wp\/v2\/types\/product"}],"replies":[{"embeddable":true,"href":"https:\/\/akonda.pl\/en\/wp-json\/wp\/v2\/comments?post=537"}],"wp:featuredmedia":[{"embeddable":true,"href":"https:\/\/akonda.pl\/en\/wp-json\/wp\/v2\/media\/766"}],"wp:attachment":[{"href":"https:\/\/akonda.pl\/en\/wp-json\/wp\/v2\/media?parent=537"}],"wp:term":[{"taxonomy":"product_brand","embeddable":true,"href":"https:\/\/akonda.pl\/en\/wp-json\/wp\/v2\/product_brand?post=537"},{"taxonomy":"product_cat","embeddable":true,"href":"https:\/\/akonda.pl\/en\/wp-json\/wp\/v2\/product_cat?post=537"},{"taxonomy":"product_tag","embeddable":true,"href":"https:\/\/akonda.pl\/en\/wp-json\/wp\/v2\/product_tag?post=537"}],"curies":[{"name":"wp","href":"https:\/\/api.w.org\/{rel}","templated":true}]}}