{"id":541,"date":"2017-01-23T11:49:23","date_gmt":"2017-01-23T10:49:23","guid":{"rendered":"https:\/\/akonda-test.key2print.com\/?post_type=product&#038;p=541"},"modified":"2017-08-09T14:56:08","modified_gmt":"2017-08-09T12:56:08","slug":"ucr-9","status":"publish","type":"product","link":"https:\/\/akonda.pl\/en\/product\/ucr-9\/","title":{"rendered":"UCR-9"},"content":{"rendered":"<p><strong>UCR-9 corner rounder<\/strong>\u00a0is a device that allows you to cut a rounded corner in a card or stack in a very simple way. The maximum thickness of the cut stack is 5mm. The rounder offers 3 different rounding radii: 6, 9 and 12mm. Changing is done by easily changing the blade (blades are supplied in the set).<\/p>\n<p><span lang=\"pl-PL\"><strong>Basic s<\/strong><\/span><span lang=\"pl-PL\"><strong>TECHNICAL SPECIFICATIONS:<\/strong><\/span><\/p>\n<p>- Rounding radius: 6,9,12 mm<br \/>\n- Max rounding stack 5mm<br \/>\n- Min paper size 50\u00d790 mm<br \/>\n- Weight 3.5 kg<\/p>\n<p><strong>See how simply and quickly the UCR-9 corner rounder is operated<\/strong><\/p>\n<p><iframe loading=\"lazy\" width=\"1080\" height=\"608\" src=\"https:\/\/www.youtube.com\/embed\/F31ZFXGGY8g?feature=oembed\" frameborder=\"0\" allowfullscreen><\/iframe><\/p>","protected":false},"excerpt":{"rendered":"<p>Zaokr\u0105glacz do naro\u017cnik\u00f3w UCR-9\u00a0to urz\u0105dzenie, kt\u00f3re w bardzo prosty spos\u00f3b pozwala na wyci\u0119cie w kartce lub stosie zaokr\u0105glonego naro\u017ca. Maksymalna grubo\u015b\u0107 wycinanego stosu to 5mm. Zaokr\u0105glacz oferuje 3 r\u00f3\u017cne promienie zaokr\u0105glania: 6, 9 i 12mm. Zmiana odbywa si\u0119 poprzez \u0142atw\u0105 wymian\u0119 ostrza (ostrza dostarczane s\u0105 w zestawie). Podstawowa specyfikacja techniczna: &#8211; Promie\u0144 zaokr\u0105glania: 6,9,12 mm [&hellip;]<\/p>","protected":false},"featured_media":774,"comment_status":"closed","ping_status":"closed","template":"","meta":{"_acf_changed":false,"_et_pb_use_builder":"","_et_pb_old_content":"","_et_gb_content_width":"","inline_featured_image":false,"_monsterinsights_skip_tracking":false,"_monsterinsights_sitenote_active":false,"_monsterinsights_sitenote_note":"","_monsterinsights_sitenote_category":0},"product_brand":[],"product_cat":[42],"product_tag":[],"class_list":{"0":"post-541","1":"product","2":"type-product","3":"status-publish","4":"has-post-thumbnail","6":"product_cat-wycinarkirollsztance","8":"first","9":"instock","10":"shipping-taxable","11":"product-type-simple"},"acf":[],"_links":{"self":[{"href":"https:\/\/akonda.pl\/en\/wp-json\/wp\/v2\/product\/541","targetHints":{"allow":["GET"]}}],"collection":[{"href":"https:\/\/akonda.pl\/en\/wp-json\/wp\/v2\/product"}],"about":[{"href":"https:\/\/akonda.pl\/en\/wp-json\/wp\/v2\/types\/product"}],"replies":[{"embeddable":true,"href":"https:\/\/akonda.pl\/en\/wp-json\/wp\/v2\/comments?post=541"}],"wp:featuredmedia":[{"embeddable":true,"href":"https:\/\/akonda.pl\/en\/wp-json\/wp\/v2\/media\/774"}],"wp:attachment":[{"href":"https:\/\/akonda.pl\/en\/wp-json\/wp\/v2\/media?parent=541"}],"wp:term":[{"taxonomy":"product_brand","embeddable":true,"href":"https:\/\/akonda.pl\/en\/wp-json\/wp\/v2\/product_brand?post=541"},{"taxonomy":"product_cat","embeddable":true,"href":"https:\/\/akonda.pl\/en\/wp-json\/wp\/v2\/product_cat?post=541"},{"taxonomy":"product_tag","embeddable":true,"href":"https:\/\/akonda.pl\/en\/wp-json\/wp\/v2\/product_tag?post=541"}],"curies":[{"name":"wp","href":"https:\/\/api.w.org\/{rel}","templated":true}]}}