{"id":5473,"date":"2024-10-18T09:44:51","date_gmt":"2024-10-18T07:44:51","guid":{"rendered":"https:\/\/akonda.pl\/?post_type=product&#038;p=5473"},"modified":"2024-10-18T09:55:39","modified_gmt":"2024-10-18T07:55:39","slug":"klejownik-xy-650a-850a","status":"publish","type":"product","link":"https:\/\/akonda.pl\/en\/product\/glue-gun-xy-650a-850a\/","title":{"rendered":"Glue gun XY-650A\/850A"},"content":{"rendered":"<p>[et_pb_section fb_built=\"1\u2033 _builder_version=\"4.16\u2033 custom_padding=\"0px||||false|false\" global_colors_info=\"{}\"][et_pb_row _builder_version=\"4.23.1\u2033 background_size=\"initial\" background_position=\"top_left\" background_repeat=\"repeat\" width=\"100%\" global_colors_info=\"{}\"][et_pb_column type=\"4_4\u2033 _builder_version=\"4.16\u2033 custom_padding=\"|||\" global_colors_info=\"{}\" custom_padding__hover=\"|||\"][dsm_card button_url_new_window=\"1\u2033 _builder_version=\"4.23.1\u2033 _module_preset=\"default\" hover_enabled=\"0\u2033 global_colors_info=\"{}\" sticky_enabled=\"0\u2033]<\/p>\n<h2>Glue gun XY-650A\/850A<\/h2>\n<p>The XY-650A\/850A Glue Maker is a state-of-the-art automatic glue machine with paper feeder, ideal for applying glue to cover paper when producing boxes and hardcover books. Thanks to the fully automatic feeder,<\/p>\n<p>The XY-650A\/850A glue gun significantly increases the efficiency of work. The device allows you to adjust the speed of gluing from 7 to 40 pieces per minute, which allows you to flexibly adjust the work rate to the needs of your production line.<\/p>\n<p>The XY-650A\/850A gluer is equipped with an adhesive recycling system, which significantly reduces material costs. The machine supports both hot-melt and white adhesive (PVAc), making it versatile and suitable for various applications.<\/p>\n<p>In addition, a conveyor belt from 4 to 12 meters in length increases flexibility in handling different paper and cover formats.<\/p>\n<p><strong>Advantages of the XY-650A\/850A Glue Maker:<\/strong><\/p>\n<ul>\n<li><strong>Automatic paper feeding<\/strong>: Increases efficiency and speeds up the bonding process.<\/li>\n<li><strong>Adjustable operating speed<\/strong>: From 7 to 40 pcs\/min, ideal for different scale of production.<\/li>\n<li><strong>Choosing the type of glue<\/strong>: Supports both hot-melt and white adhesive (PVAc).<\/li>\n<li><strong>Glue recycling system<\/strong>: Saves material, reducing operating costs.<\/li>\n<li><strong>Large bonding width<\/strong>: Bonding of paper up to 800 mm wide is possible with the XY-850A.<\/li>\n<li><strong>Versatility of application<\/strong>: Excellent for making boxes, hardcovers and other paper products.<\/li>\n<\/ul>\n<p>The XY-650A\/850A gluer is a reliable solution for companies engaged in professional paper gluing in the packaging and book production industries. With its advanced technology, robust design and flexibility in the selection of operating parameters, it is ideally suited for intensive operation in modern production lines.<\/p>\n<p>[\/dsm_card][\/et_pb_column][\/et_pb_row][et_pb_row column_structure=&#8221;1_3,1_3,1_3&#8243; _builder_version=&#8221;4.23.1&#8243; _module_preset=&#8221;default&#8221; global_colors_info=&#8221;{}&#8221;][et_pb_column type=&#8221;1_3&#8243; _builder_version=&#8221;4.23.1&#8243; _module_preset=&#8221;default&#8221; global_colors_info=&#8221;{}&#8221;][et_pb_heading title=&#8221;Dane techniczne &#8221; _builder_version=&#8221;4.23.1&#8243; _module_preset=&#8221;default&#8221; title_level=&#8221;h2&#8243; title_text_color=&#8221;#20356a&#8221; custom_margin=&#8221;48px|||48px|false|false&#8221; hover_enabled=&#8221;0&#8243; global_colors_info=&#8221;{}&#8221; sticky_enabled=&#8221;0&#8243;][\/et_pb_heading][\/et_pb_column][et_pb_column type=&#8221;1_3&#8243; _builder_version=&#8221;4.23.1&#8243; _module_preset=&#8221;default&#8221; global_colors_info=&#8221;{}&#8221;][et_pb_text _builder_version=&#8221;4.23.1&#8243; _module_preset=&#8221;default&#8221; hover_enabled=&#8221;0&#8243; global_colors_info=&#8221;{}&#8221; sticky_enabled=&#8221;0&#8243;]<\/p>\n<table style=\"border-collapse: collapse;width: 100%\" border=\"1\">\n<tbody>\n<tr>\n<td style=\"width: 33.3333%\">Model<\/td>\n<td style=\"width: 33.3333%\">XY-650A<\/td>\n<td style=\"width: 33.3333%\">XY-850A<\/td>\n<\/tr>\n<tr>\n<td style=\"width: 33.3333%\">Bonding width<\/td>\n<td class=\"selectTdClass\" style=\"width: 33.3333%\" valign=\"top\">80-600 mm<\/td>\n<td class=\"selectTdClass\" style=\"width: 33.3333%\" valign=\"top\">80-800 mm<\/td>\n<\/tr>\n<tr class=\"ue-table-interlace-color-single\">\n<td class=\"selectTdClass\" style=\"width: 33.3333%\" valign=\"top\">Paper thickness<\/td>\n<td class=\"selectTdClass\" style=\"width: 33.3333%\" valign=\"top\">80-200 gsm<\/td>\n<td class=\"selectTdClass\" style=\"width: 33.3333%\" valign=\"top\">80-200 gsm<\/td>\n<\/tr>\n<tr class=\"ue-table-interlace-color-double\">\n<td class=\"selectTdClass\" style=\"width: 33.3333%\" valign=\"top\">Speed of operation<\/td>\n<td class=\"selectTdClass\" style=\"width: 33.3333%\" valign=\"top\">7-40 pcs\/min.<\/td>\n<td class=\"selectTdClass\" style=\"width: 33.3333%\" valign=\"top\">7-40 pcs\/min.<\/td>\n<\/tr>\n<tr class=\"ue-table-interlace-color-single\">\n<td class=\"selectTdClass\" style=\"width: 33.3333%\" valign=\"top\">Air pressure<\/td>\n<td class=\"selectTdClass\" style=\"width: 33.3333%\" valign=\"top\">0.6-0.8 MPa<\/td>\n<td class=\"selectTdClass\" style=\"width: 33.3333%\" valign=\"top\">0.6-0.8 MPa<\/td>\n<\/tr>\n<tr class=\"ue-table-interlace-color-double\">\n<td class=\"selectTdClass\" style=\"width: 33.3333%\" valign=\"top\">Voltage<\/td>\n<td class=\"selectTdClass\" style=\"width: 33.3333%\" valign=\"top\">380V \/ 50Hz<\/td>\n<td class=\"selectTdClass\" style=\"width: 33.3333%\" valign=\"top\">380V \/ 50Hz<\/td>\n<\/tr>\n<tr class=\"ue-table-interlace-color-single\">\n<td class=\"selectTdClass\" style=\"width: 33.3333%\" valign=\"top\">Power<\/td>\n<td class=\"selectTdClass\" style=\"width: 33.3333%\" valign=\"top\">7.5kw<\/td>\n<td class=\"selectTdClass\" style=\"width: 33.3333%\" valign=\"top\">7.5kw<\/td>\n<\/tr>\n<tr class=\"ue-table-interlace-color-double\">\n<td class=\"selectTdClass\" style=\"width: 33.3333%\" valign=\"top\">Weight<\/td>\n<td class=\"selectTdClass\" style=\"width: 33.3333%\" valign=\"top\">1200 kg<\/td>\n<td class=\"selectTdClass\" style=\"width: 33.3333%\" valign=\"top\">1200 kg<\/td>\n<\/tr>\n<tr class=\"ue-table-interlace-color-single\">\n<td class=\"selectTdClass\" style=\"width: 33.3333%\" valign=\"top\">Dimensions<\/td>\n<td class=\"selectTdClass\" style=\"width: 33.3333%\" valign=\"top\">7800 x 1450 x 1300 mm<\/td>\n<td class=\"selectTdClass\" style=\"width: 33.3333%\" valign=\"top\">7800 x 1650 x 1300 mm<\/td>\n<\/tr>\n<\/tbody>\n<\/table>\n<p>[\/et_pb_text][\/et_pb_column][et_pb_column type=&#8221;1_3&#8243; _builder_version=&#8221;4.23.1&#8243; _module_preset=&#8221;default&#8221; global_colors_info=&#8221;{}&#8221;][et_pb_blurb _builder_version=&#8221;4.23.1&#8243; _module_preset=&#8221;default&#8221; global_colors_info=&#8221;{}&#8221;]<\/p>\n<p>If you need more information or want to inquire about technical details, feel free to contact us! We will be happy to answer all your questions and help you customize the device to meet your needs.<\/p>\n<p>[\/et_pb_blurb][\/et_pb_column][\/et_pb_row][et_pb_row column_structure=\"1_3,1_3,1_3\u2033 _builder_version=\"4.23.1\u2033 _module_preset=\"default\" global_colors_info=\"{}\"][et_pb_column type=\"1_3\u2033 _builder_version=\"4.23.1\u2033 _module_preset=\"default\" global_colors_info=\"{}\"][et_pb_blurb use_icon=\"on\" font_icon=\";||divi||400\u2033 _builder_version=\"4.23.1\u2033 _module_preset=\"default\" hover_enabled=\"0\u2033 global_colors_info=\"{}\" sticky_enabled=\"0\u2033]<\/p>\n<p style=\"text-align: center\"><strong>High efficiency and automation<\/strong> - With automatic paper feeding and adjustable operating speed (from 7 to 40 pcs\/min)<\/p>\n<p>[\/et_pb_blurb][\/et_pb_column][et_pb_column type=&#8221;1_3&#8243; _builder_version=&#8221;4.23.1&#8243; _module_preset=&#8221;default&#8221; global_colors_info=&#8221;{}&#8221;][et_pb_blurb use_icon=&#8221;on&#8221; font_icon=&#8221;&#xf1ae;||fa||900&#8243; _builder_version=&#8221;4.23.1&#8243; _module_preset=&#8221;default&#8221; hover_enabled=&#8221;0&#8243; global_colors_info=&#8221;{}&#8221; sticky_enabled=&#8221;0&#8243;]<\/p>\n<p style=\"text-align: center\"><strong>Saving on materials<\/strong> - Glue recycling system reduces material costs<\/p>\n<p>[\/et_pb_blurb][\/et_pb_column][et_pb_column type=\"1_3\u2033 _builder_version=\"4.23.1\u2033 _module_preset=\"default\" global_colors_info=\"{}\"][et_pb_blurb use_icon=\"on\" font_icon=\"N||divi|400\u2033 _builder_version=\"4.23.1\u2033 _module_preset=\"default\" hover_enabled=\"0\u2033 global_colors_info=\"{}\" sticky_enabled=\"0\u2033]<\/p>\n<p style=\"text-align: center\"><strong>Versatility and wide application<\/strong> - Supports bonding widths up to 800 mm (on XY-850A) and paper thicknesses from 80 to 200 gsm<\/p>\n<p>[\/et_pb_blurb][\/et_pb_column][\/et_pb_row][\/et_pb_section].<\/p>","protected":false},"excerpt":{"rendered":"<ul>\n<li><strong>Automatic paper feeding<\/strong>: Increases efficiency and speeds up the bonding process.<\/li>\n<li><strong>Adjustable operating speed<\/strong>: From 7 to 40 pcs\/min, ideal for different scale of production.<\/li>\n<li><strong>Choosing the type of glue<\/strong>: Supports both hot-melt and white adhesive (PVAc).<\/li>\n<\/ul>","protected":false},"featured_media":5474,"comment_status":"closed","ping_status":"closed","template":"","meta":{"_acf_changed":false,"_et_pb_use_builder":"on","_et_pb_old_content":"<div class=\"flex max-w-full flex-col flex-grow\">\r\n<div class=\"min-h-8 text-message flex w-full flex-col items-end gap-2 whitespace-normal break-words [.text-message+&amp;]:mt-5\" dir=\"auto\" data-message-author-role=\"assistant\" data-message-id=\"539f1217-c038-49fb-ac86-7717d4beaaea\" data-message-model-slug=\"gpt-4o\">\r\n<div class=\"flex w-full flex-col gap-1 empty:hidden first:pt-[3px]\">\r\n<div class=\"markdown prose w-full break-words dark:prose-invert light\">\r\n\r\nInteligentna, automatyczna maszyna do formowania to idealne urz\u0105dzenie do produkcji wysokiej jako\u015bci pude\u0142ek prezentowych w r\u00f3\u017cnych rozmiarach.\r\n\r\n<strong>Model: XY-500A\/350A<\/strong>\r\n\r\n<strong>Szczeg\u00f3\u0142y produktu<\/strong>\r\n\r\nAutomatyczna maszyna do formowania wyr\u00f3\u017cnia si\u0119 nowoczesnym designem i stabiln\u0105 wydajno\u015bci\u0105, osi\u0105gaj\u0105c \u015bwiatowy poziom technologiczny.\r\n\r\nMaszyna korzysta z programowalnego kontrolera PLC, kt\u00f3ry wsp\u00f3\u0142pracuje z intuicyjnym interfejsem cz\u0142owiek-maszyna, co u\u0142atwia obs\u0142ug\u0119. Urz\u0105dzenie pozwala na zapisanie do 239 r\u00f3\u017cnych rozmiar\u00f3w pude\u0142ek, a wymiana form zajmuje zaledwie 5-10 minut. Efektywno\u015b\u0107 zmiany rozmiar\u00f3w jest kilkukrotnie wy\u017csza ni\u017c w tradycyjnych maszynach formuj\u0105cych.\r\n\r\nPonadto maszyna jest wyposa\u017cona w funkcje automatycznej diagnostyki usterek, system wy\u015bwietlania komunikat\u00f3w oraz alarm\u00f3w, co zwi\u0119ksza bezpiecze\u0144stwo u\u017cytkowania. Doskonale sprawdza si\u0119 w produkcji pude\u0142ek na elektronik\u0119, bi\u017cuteri\u0119 oraz inne luksusowe opakowania typu gift box.\r\n\r\n<strong>Uwaga:<\/strong> Maksymalne i minimalne rozmiary karton\u00f3w zale\u017c\u0105 od wymiar\u00f3w papieru oraz jego jako\u015bci. Pr\u0119dko\u015b\u0107 produkcji zale\u017cy od rozmiaru pude\u0142ka i rodzaju materia\u0142u papierowego.\r\n\r\nTo urz\u0105dzenie jest kluczem do sukcesu w bran\u017cy opakowa\u0144. Dzi\u0119ki nowoczesnej technologii i wysokiej wydajno\u015bci mo\u017cesz produkowa\u0107 luksusowe pude\u0142ka prezentowe w rekordowym czasie.\r\n\r\n<\/div>\r\n<\/div>\r\n<\/div>\r\n<\/div>\r\n<div class=\"mb-2 flex gap-3 empty:hidden -ml-2\">\r\n<div class=\"items-center justify-start rounded-xl p-1 flex\">\r\n<div class=\"flex items-center\"><\/div>\r\n<\/div>\r\n<\/div>","_et_gb_content_width":"","inline_featured_image":false,"_monsterinsights_skip_tracking":false,"_monsterinsights_sitenote_active":false,"_monsterinsights_sitenote_note":"","_monsterinsights_sitenote_category":0},"product_brand":[],"product_cat":[84],"product_tag":[],"class_list":{"0":"post-5473","1":"product","2":"type-product","3":"status-publish","4":"has-post-thumbnail","6":"product_cat-pudelka-luksusowe","8":"first","9":"instock","10":"shipping-taxable","11":"product-type-simple"},"acf":[],"_links":{"self":[{"href":"https:\/\/akonda.pl\/en\/wp-json\/wp\/v2\/product\/5473","targetHints":{"allow":["GET"]}}],"collection":[{"href":"https:\/\/akonda.pl\/en\/wp-json\/wp\/v2\/product"}],"about":[{"href":"https:\/\/akonda.pl\/en\/wp-json\/wp\/v2\/types\/product"}],"replies":[{"embeddable":true,"href":"https:\/\/akonda.pl\/en\/wp-json\/wp\/v2\/comments?post=5473"}],"wp:featuredmedia":[{"embeddable":true,"href":"https:\/\/akonda.pl\/en\/wp-json\/wp\/v2\/media\/5474"}],"wp:attachment":[{"href":"https:\/\/akonda.pl\/en\/wp-json\/wp\/v2\/media?parent=5473"}],"wp:term":[{"taxonomy":"product_brand","embeddable":true,"href":"https:\/\/akonda.pl\/en\/wp-json\/wp\/v2\/product_brand?post=5473"},{"taxonomy":"product_cat","embeddable":true,"href":"https:\/\/akonda.pl\/en\/wp-json\/wp\/v2\/product_cat?post=5473"},{"taxonomy":"product_tag","embeddable":true,"href":"https:\/\/akonda.pl\/en\/wp-json\/wp\/v2\/product_tag?post=5473"}],"curies":[{"name":"wp","href":"https:\/\/api.w.org\/{rel}","templated":true}]}}