{"id":5484,"date":"2024-10-18T10:07:21","date_gmt":"2024-10-18T08:07:21","guid":{"rendered":"https:\/\/akonda.pl\/?post_type=product&#038;p=5484"},"modified":"2025-10-12T22:35:40","modified_gmt":"2025-10-12T20:35:40","slug":"polutomat-spiralujacy-wb-500","status":"publish","type":"product","link":"https:\/\/akonda.pl\/en\/product\/spiral-polutomat-wb-500\/","title":{"rendered":"Spiral semi-automatic WB-500"},"content":{"rendered":"<div style=\"font-family: 'Helvetica Neue', Arial, sans-serif; line-height: 1.6; color: #333;\">\n<div style=\"background: #f9f9f9; padding: 25px; border-radius: 8px; margin-bottom: 30px;\">\n<h2 style=\"text-align: center; font-size: 1.8em; color: #003d82; margin-top: 0; margin-bottom: 20px;\">Semi-automatic spiral binding machine Rilecart WB-500<\/h2>\n<p style=\"font-size: 1.1em;\"><strong>Rilecart WB-500<\/strong> is a versatile and highly efficient wire-back binding machine designed for digital printers, small binderies and as a flexible supplement for large printing plants. This innovative machine combines the advantages of automation with simplicity of operation, drastically speeding up the binding process. The machine <strong>automatically unwinds the wire from the spool, cuts it to the desired length and feeds it to the binding area<\/strong>. The operator only needs to place the punched block on the prepared spine and press the foot pedal. Thanks to its Italian manufacturing, the WB-500 guarantees the highest robustness, reliability and precision, becoming a key component in the production of calendars, notebooks and training materials.<\/p>\n<\/div>\n<h3 style=\"font-size: 1.6em; color: #003d82; border-bottom: 2px solid #0056b3; padding-bottom: 10px; margin-bottom: 20px;\">Key features and benefits<\/h3>\n<div style=\"display: flex; flex-wrap: wrap; gap: 20px; margin-bottom: 30px;\">\n<div style=\"flex: 1; min-width: 280px; background: #fff; padding: 20px; border-radius: 8px; border: 1px solid #eee;\">\n<h4 style=\"color: #0056b3; margin-top: 0;\">\u2699\ufe0f Instant changeover without changing tools<\/h4>\n<p>The biggest advantage of the WB-500 is that there is no need to change closing tools when changing the back diameter. All settings, such as pitch, diameter, number of meshes and length, are entered from the <strong>intuitive touchscreen<\/strong>. The closing press adjusts fully automatically, reducing changeover time to an absolute minimum.<\/p>\n<\/div>\n<div style=\"flex: 1; min-width: 280px; background: #fff; padding: 20px; border-radius: 8px; border: 1px solid #eee;\">\n<h4 style=\"color: #0056b3; margin-top: 0;\">\ud83c\uddee\ud83c\uddf9 Italian quality - solidity and reliability<\/h4>\n<p>The machine is entirely manufactured in Italy, which guarantees the highest quality workmanship, robustness of construction (weight of 400 kg) and reliability in daily intensive operation. Rilecart is the world leader in wire binding technology, which translates into long life and precision of the machine.<\/p>\n<\/div>\n<div style=\"flex: 1; min-width: 280px; background: #fff; padding: 20px; border-radius: 8px; border: 1px solid #eee;\">\n<h4 style=\"color: #0056b3; margin-top: 0;\">\ud83d\ude80 High efficiency and economy of operation<\/h4>\n<p>Thanks to the semi-automatic process and the use of economical wire from the spool, the machine achieves speeds of up to <strong>1100 cycles per hour<\/strong> (Real speed depends on operator efficiency). It's a much more efficient alternative to handheld equipment, allowing quick completion of medium-sized print runs at a low unit binding cost.<\/p>\n<\/div>\n<div style=\"flex: 1; min-width: 280px; background: #fff; padding: 20px; border-radius: 8px; border: 1px solid #eee;\">\n<h4 style=\"color: #0056b3; margin-top: 0;\">\ud83d\udcc5 Ideal for calendar production<\/h4>\n<p>Thanks to its large working width (up to 500 mm) and <strong>optional pendant feeder<\/strong> (with lengths ranging from 10 to 30 cm), the WB-500 machine is the perfect tool for the efficient production of wall calendars. The automation of the wire cutting and spine closing process significantly speeds up this type of order.<\/p>\n<\/div>\n<\/div>\n<h3 style=\"font-size: 1.6em; color: #003d82; border-bottom: 2px solid #0056b3; padding-bottom: 10px; margin-top: 40px; margin-bottom: 20px;\">Main applications<\/h3>\n<ul style=\"font-size: 1.1em; list-style-type: '\u2713 '; padding-left: 20px;\">\n<li style=\"margin-bottom: 8px;\">Wall and desk calendars<\/li>\n<li style=\"margin-bottom: 8px;\">Notebooks, notebooks and planners<\/li>\n<li style=\"margin-bottom: 8px;\">Training and conference materials<\/li>\n<li style=\"margin-bottom: 8px;\">Operating instructions and technical documentation<\/li>\n<li style=\"margin-bottom: 8px;\">Product samples and catalogs<\/li>\n<\/ul>\n<h3 style=\"font-size: 1.6em; color: #003d82; border-bottom: 2px solid #0056b3; padding-bottom: 10px; margin-top: 40px; margin-bottom: 20px;\">Detailed technical specifications<\/h3>\n<table style=\"width: 100%; border-collapse: collapse; text-align: left; font-size: 16px;\">\n<tbody>\n<tr style=\"background-color: #f9f9f9; border-bottom: 1px solid #ddd;\">\n<td style=\"padding: 12px 15px; font-weight: 600; width: 40%;\">Model<\/td>\n<td style=\"padding: 12px 15px;\">Rilecart WB-500<\/td>\n<\/tr>\n<tr style=\"border-bottom: 1px solid #ddd;\">\n<td style=\"padding: 12px 15px; font-weight: 600;\">Maximum speed<\/td>\n<td style=\"padding: 12px 15px;\">Up to 1100 cycles per hour (depending on material and operator)<\/td>\n<\/tr>\n<tr style=\"background-color: #f9f9f9; border-bottom: 1px solid #ddd;\">\n<td style=\"padding: 12px 15px; font-weight: 600;\">Maximum luminaire length<\/td>\n<td style=\"padding: 12px 15px;\">500 mm<\/td>\n<\/tr>\n<tr style=\"border-bottom: 1px solid #ddd;\">\n<td style=\"padding: 12px 15px; font-weight: 600;\">Minimum luminaire length<\/td>\n<td style=\"padding: 12px 15px;\">50 mm<\/td>\n<\/tr>\n<tr style=\"background-color: #f9f9f9; border-bottom: 1px solid #ddd;\">\n<td style=\"padding: 12px 15px; font-weight: 600;\">Supported spine diameters<\/td>\n<td style=\"padding: 12px 15px;\">1\/4\u2033 to 1-1\/4\u2033<\/td>\n<\/tr>\n<tr style=\"border-bottom: 1px solid #ddd;\">\n<td style=\"padding: 12px 15px; font-weight: 600;\">Supported pitch<\/td>\n<td style=\"padding: 12px 15px;\">3:1\u2033 and 2:1\u2033<\/td>\n<\/tr>\n<tr style=\"background-color: #f9f9f9; border-bottom: 1px solid #ddd;\">\n<td style=\"padding: 12px 15px; font-weight: 600;\">Changing the closing tools<\/td>\n<td style=\"padding: 12px 15px;\">Not required (fully automatic press)<\/td>\n<\/tr>\n<tr style=\"border-bottom: 1px solid #ddd;\">\n<td style=\"padding: 12px 15px; font-weight: 600;\">Options<\/td>\n<td style=\"padding: 12px 15px;\">Automatic pendant feeder (10 - 30 cm)<\/td>\n<\/tr>\n<tr style=\"background-color: #f9f9f9; border-bottom: 1px solid #ddd;\">\n<td style=\"padding: 12px 15px; font-weight: 600;\">Power supply<\/td>\n<td style=\"padding: 12px 15px;\">220V, single-phase, 50\/60 Hz, 1.5 kW<\/td>\n<\/tr>\n<tr style=\"border-bottom: 1px solid #ddd;\">\n<td style=\"padding: 12px 15px; font-weight: 600;\">Net weight<\/td>\n<td style=\"padding: 12px 15px;\">400 kg<\/td>\n<\/tr>\n<tr style=\"background-color: #f9f9f9; border-bottom: 1px solid #ddd;\">\n<td style=\"padding: 12px 15px; font-weight: 600;\">Dimensions (L x D x H)<\/td>\n<td style=\"padding: 12px 15px;\">2623 x 1100 x 1715 mm<\/td>\n<\/tr>\n<\/tbody>\n<\/table>\n<div style=\"background-color: #eef7ff; padding: 25px; margin-top: 40px; border-left: 5px solid #0056b3; border-radius: 5px;\">\n<h3 style=\"font-size: 1.6em; color: #003d82; margin-top: 0;\">Partnership with Akonda.pl is a guarantee of peace of mind<\/h3>\n<p style=\"font-size: 1.1em;\">At Akonda.co.uk, we know that buying a machine is just the beginning. That's why we provide <strong>full technical support at every stage<\/strong> - From professional consulting, to delivery, to implementation and service.<\/p>\n<ul style=\"list-style-type: '\u2713 '; padding-left: 20px; font-size: 1.1em;\">\n<li style=\"margin-bottom: 10px;\"><strong>Professional service<\/strong> Warranty and post-warranty service throughout Poland.<\/li>\n<li style=\"margin-bottom: 10px;\"><strong>Delivery, installation and training<\/strong> operators at your facility as standard.<\/li>\n<li style=\"margin-bottom: 10px;\"><strong>Permanent access to consumables<\/strong> (wire in spools, hangers) and spare parts.<\/li>\n<\/ul>\n<\/div>\n<\/div>","protected":false},"excerpt":{"rendered":"<ul>\n<li>Power: 220 V, single-phase, 50\/60 Hz; power: 1.5 kW.<\/li>\n<li>Dimensions: height 1715 mm x depth 1100 mm x width 2623 mm.<\/li>\n<li>Weight: 400 kg.<\/li>\n<\/ul>\n<p><img loading=\"lazy\" decoding=\"async\" class=\"alignnone wp-image-5323 size-thumbnail\" src=\"https:\/\/akonda.pl\/wp-content\/uploads\/2024\/10\/logo_UFFICIALE-e1617909466646-150x150.png\" alt=\"RileCart\" width=\"150\" height=\"150\" \/><\/p>\n<p>&nbsp;<\/p>","protected":false},"featured_media":5485,"comment_status":"closed","ping_status":"closed","template":"","meta":{"_acf_changed":false,"_et_pb_use_builder":"off","_et_pb_old_content":"<strong>P\u00f3\u0142automat spiraluj\u0105cy WB-500<\/strong>\r\n\r\nP\u00f3\u0142automat spiraluj\u0105cy WB-500 to nowoczesne rozwi\u0105zanie od firmy Rilecart, kt\u00f3re idealnie spe\u0142nia potrzeby drukarni cyfrowych, ma\u0142ych introligatorni oraz wi\u0119kszych zak\u0142ad\u00f3w przemys\u0142owych i drukarni offsetowych. Zapewnia elastyczno\u015b\u0107 i wysok\u0105 wydajno\u015b\u0107 w procesie oprawy dokument\u00f3w.\r\n<ul>\r\n \t<li><strong>Intuicyjna obs\u0142uga<\/strong> dzi\u0119ki ekranowi dotykowemu, kt\u00f3ry umo\u017cliwia natychmiastowe dostosowanie maszyny do zmiany rozmiar\u00f3w.<\/li>\r\n \t<li><strong>Opcjonalny podajnik zawieszek<\/strong> oraz odpowiednia g\u0142\u0119boko\u015b\u0107 robocza umo\u017cliwiaj\u0105 \u0142atwe oprawianie kalendarzy.<\/li>\r\n \t<li><strong>W\u0142oska produkcja<\/strong> gwarantuj\u0105ca najwy\u017csz\u0105 jako\u015b\u0107, trwa\u0142o\u015b\u0107 i niezawodno\u015b\u0107.<\/li>\r\n \t<li><strong>Brak potrzeby stosowania specjalnych narz\u0119dzi<\/strong> do zamykania spirali, co znacz\u0105co upraszcza proces oprawy.<\/li>\r\n<\/ul>\r\n<strong>Jak dzia\u0142a p\u00f3\u0142automat spiraluj\u0105cy WB-500:<\/strong>\r\n\r\nOperator ustawia w komputerze skok, \u015brednic\u0119, liczb\u0119 zwoj\u00f3w oraz d\u0142ugo\u015b\u0107 do oprawienia. Maszyna automatycznie rozwija szpul\u0119, tnie drut na wymagan\u0105 d\u0142ugo\u015b\u0107 i przenosi go do pozycji oprawy. Nast\u0119pnie operator wk\u0142ada uprzednio przedziurkowany blok kartek na otwart\u0105 spiralk\u0119. Po w\u0142o\u017ceniu wystarczy nacisn\u0105\u0107 peda\u0142 no\u017cny, a ksi\u0105\u017cka jest automatycznie przenoszona do prasy zamykaj\u0105cej, gdzie nast\u0119puje zamkni\u0119cie i wyrzucenie gotowego produktu do pude\u0142ka. Prasa zamykaj\u0105ca automatycznie dostosowuje si\u0119 do wszystkich \u015brednic i rozmiar\u00f3w spirali, eliminuj\u0105c konieczno\u015b\u0107 zmiany narz\u0119dzi.\r\n\r\n<strong>Cechy p\u00f3\u0142automatu spiraluj\u0105cego WB-500:<\/strong>\r\n<ul>\r\n \t<li>U\u017cywa drut\u00f3w na szpulach, co zapewnia ci\u0105g\u0142o\u015b\u0107 produkcji.<\/li>\r\n \t<li>Obs\u0142uguje skoki 3:1 oraz 2:1 dla drut\u00f3w o rozmiarach od 1\/4\u201d do 1-1\/4\u201d.<\/li>\r\n \t<li>Maksymalna d\u0142ugo\u015b\u0107 oprawy: 500 mm; minimalna d\u0142ugo\u015b\u0107 oprawy: 50 mm.<\/li>\r\n \t<li>Wysoka wydajno\u015b\u0107: maksymalnie 1100 cykli na godzin\u0119, przy czym rzeczywista pr\u0119dko\u015b\u0107 zale\u017cy od umiej\u0119tno\u015bci operatora oraz specyfikacji materia\u0142u.<\/li>\r\n<\/ul>","_et_gb_content_width":"","inline_featured_image":false,"_monsterinsights_skip_tracking":false,"_monsterinsights_sitenote_active":false,"_monsterinsights_sitenote_note":"","_monsterinsights_sitenote_category":0},"product_brand":[],"product_cat":[134],"product_tag":[],"class_list":{"0":"post-5484","1":"product","2":"type-product","3":"status-publish","4":"has-post-thumbnail","6":"product_cat-automaty-spiralujace","8":"first","9":"instock","10":"shipping-taxable","11":"product-type-simple"},"acf":[],"_links":{"self":[{"href":"https:\/\/akonda.pl\/en\/wp-json\/wp\/v2\/product\/5484","targetHints":{"allow":["GET"]}}],"collection":[{"href":"https:\/\/akonda.pl\/en\/wp-json\/wp\/v2\/product"}],"about":[{"href":"https:\/\/akonda.pl\/en\/wp-json\/wp\/v2\/types\/product"}],"replies":[{"embeddable":true,"href":"https:\/\/akonda.pl\/en\/wp-json\/wp\/v2\/comments?post=5484"}],"wp:featuredmedia":[{"embeddable":true,"href":"https:\/\/akonda.pl\/en\/wp-json\/wp\/v2\/media\/5485"}],"wp:attachment":[{"href":"https:\/\/akonda.pl\/en\/wp-json\/wp\/v2\/media?parent=5484"}],"wp:term":[{"taxonomy":"product_brand","embeddable":true,"href":"https:\/\/akonda.pl\/en\/wp-json\/wp\/v2\/product_brand?post=5484"},{"taxonomy":"product_cat","embeddable":true,"href":"https:\/\/akonda.pl\/en\/wp-json\/wp\/v2\/product_cat?post=5484"},{"taxonomy":"product_tag","embeddable":true,"href":"https:\/\/akonda.pl\/en\/wp-json\/wp\/v2\/product_tag?post=5484"}],"curies":[{"name":"wp","href":"https:\/\/api.w.org\/{rel}","templated":true}]}}