{"id":5515,"date":"2024-10-18T11:59:29","date_gmt":"2024-10-18T09:59:29","guid":{"rendered":"https:\/\/akonda.pl\/?post_type=product&#038;p=5515"},"modified":"2024-10-18T13:16:50","modified_gmt":"2024-10-18T11:16:50","slug":"automatyczny-perforator","status":"publish","type":"product","link":"https:\/\/akonda.pl\/en\/product\/automatic-perforator\/","title":{"rendered":"Automatic perforator FAR 4-42"},"content":{"rendered":"<p>[et_pb_section fb_built=&#8221;1&#8243; _builder_version=&#8221;4.16&#8243; custom_padding=&#8221;0px||||false|false&#8221; global_colors_info=&#8221;{}&#8221;][et_pb_row _builder_version=&#8221;4.23.1&#8243; background_size=&#8221;initial&#8221; background_position=&#8221;top_left&#8221; background_repeat=&#8221;repeat&#8221; width=&#8221;100%&#8221; global_colors_info=&#8221;{}&#8221;][et_pb_column type=&#8221;4_4&#8243; _builder_version=&#8221;4.16&#8243; custom_padding=&#8221;|||&#8221; global_colors_info=&#8221;{}&#8221; custom_padding__hover=&#8221;|||&#8221;][dsm_card button_url_new_window=&#8221;1&#8243; _builder_version=&#8221;4.23.1&#8243; _module_preset=&#8221;default&#8221; global_colors_info=&#8221;{}&#8221;]<\/p>\n<p><strong>FAR 4-42 automatic perforator - precision and efficiency<\/strong><\/p>\n<p>The FAR 4-42 automatic perforator is designed for small and medium formats, offering the highest quality and reliability. Thanks to modern technology and a wide selection of perforating tools, this machine is ideal for perforating paper and lightweight cardboard.<\/p>\n<p>The FAR 4-42 guarantees precise and fast perforation at speeds of up to 150 strokes per minute, allowing for efficient processing of large quantities of material.<\/p>\n<p>With its ease of operation, continuous feeding of materials of different thicknesses, and advanced sheet transport and collection system, the FAR 4-42 automatic perforator is the perfect solution for companies looking for a robust and efficient perforating machine.<\/p>\n<p><strong>Features:<\/strong><\/p>\n<ul>\n<li>Maximum thickness per impact: 2.5 mm (standard: 1.5 mm).<\/li>\n<li>Maximum perforation size: 400 x 300 mm.<\/li>\n<li>Minimum perforation size: 110 x 90 mm.<\/li>\n<li>Speed: up to 150 beats per minute.<\/li>\n<li>Perforation distance from the edge: from 2 mm to 6 mm (depending on the perforating tools used).<\/li>\n<li>Continuous operation with material preloading device.<\/li>\n<li>Adjustable speed receiving table in tile style.<\/li>\n<li>A wide range of perforating tools for double-loop bindings and other mechanical systems.<\/li>\n<\/ul>\n<p>[\/dsm_card][\/et_pb_column][\/et_pb_row][et_pb_row column_structure=&#8221;1_3,1_3,1_3&#8243; _builder_version=&#8221;4.23.1&#8243; _module_preset=&#8221;default&#8221; global_colors_info=&#8221;{}&#8221;][et_pb_column type=&#8221;1_3&#8243; _builder_version=&#8221;4.23.1&#8243; _module_preset=&#8221;default&#8221; global_colors_info=&#8221;{}&#8221;][et_pb_heading title=&#8221;Dane techniczne &#8221; _builder_version=&#8221;4.23.1&#8243; _module_preset=&#8221;default&#8221; title_level=&#8221;h2&#8243; title_text_color=&#8221;#20356a&#8221; custom_margin=&#8221;48px|||48px|false|false&#8221; global_colors_info=&#8221;{}&#8221;][\/et_pb_heading][\/et_pb_column][et_pb_column type=&#8221;1_3&#8243; _builder_version=&#8221;4.23.1&#8243; _module_preset=&#8221;default&#8221; global_colors_info=&#8221;{}&#8221;][et_pb_text _builder_version=&#8221;4.23.1&#8243; _module_preset=&#8221;default&#8221; box_shadow_style=&#8221;preset3&#8243; global_colors_info=&#8221;{}&#8221;]<\/p>\n<table style=\"width: 100%;border-collapse: collapse;border-color: #333\" border=\"1\">\n<tbody>\n<tr>\n<td style=\"width: 50.0901%\"><strong>Model:<\/strong><\/td>\n<td style=\"width: 49.91%\">\n<h3 class=\"gdlr-core-title-item-title gdlr-core-skin-title\">FAR 4-42<\/h3>\n<\/td>\n<\/tr>\n<tr>\n<td style=\"width: 50.0901%\"><strong>Power:<\/strong><\/td>\n<td style=\"width: 49.91%\">3 kW<\/td>\n<\/tr>\n<tr>\n<td style=\"width: 50.0901%\"><strong>Power supply:<\/strong><\/td>\n<td style=\"width: 49.91%\">240 V, single-phase, 50\/60 Hz<\/td>\n<\/tr>\n<tr>\n<td style=\"width: 50.0901%\"><strong>Dimensions:<br \/><\/strong><\/td>\n<td style=\"width: 49.91%\">L 3000 x D 700 x H 1200 mm.<\/td>\n<\/tr>\n<\/tbody>\n<\/table>\n<div>\u00a0<\/div>\n<div>\u00a0<\/div>\n<div>\u00a0<\/div>\n<div>\u00a0<\/div>\n<p>[\/et_pb_text][\/et_pb_column][et_pb_column type=&#8221;1_3&#8243; _builder_version=&#8221;4.23.1&#8243; _module_preset=&#8221;default&#8221; global_colors_info=&#8221;{}&#8221;][et_pb_blurb title=&#8221;Automatyczny perforator FAR 4-42&#8243; _builder_version=&#8221;4.23.1&#8243; _module_preset=&#8221;default&#8221; global_colors_info=&#8221;{}&#8221;]<\/p>\n<p><strong>Standard perforating tools:<\/strong><\/p>\n<ul>\n<li>GF400\/3: 400 mm, 3:1\" pitch, 48 pins 3.7 x 4.0 mm.<\/li>\n<li>GF400\/3 5\u00d74: 400 mm, 3:1\" pitch, 48 pins 5.0 x 4.0 mm.<\/li>\n<li>GF400\/2: 400 mm, 2:1\" pitch, 32 pins 4.7 x 5.0 mm.<\/li>\n<li>GF400\/2 6\u00d76: 400 mm, 2:1\" pitch, 32 pins 6.0 x 6.0 mm.<\/li>\n<\/ul>\n<p>Other perforating tools available upon request.<\/p>\n<p>If you need more information or want to inquire about technical details, feel free to contact us! We will be happy to answer all your questions and help you customize the device to meet your needs.<\/p>\n<p>[\/et_pb_blurb][\/et_pb_column][\/et_pb_row][et_pb_row column_structure=&#8221;1_3,1_3,1_3&#8243; _builder_version=&#8221;4.23.1&#8243; _module_preset=&#8221;default&#8221; global_colors_info=&#8221;{}&#8221;][et_pb_column type=&#8221;1_3&#8243; _builder_version=&#8221;4.23.1&#8243; _module_preset=&#8221;default&#8221; global_colors_info=&#8221;{}&#8221;][et_pb_blurb use_icon=&#8221;on&#8221; font_icon=&#8221;&#x3b;||divi||400&#8243; _builder_version=&#8221;4.23.1&#8243; _module_preset=&#8221;default&#8221; global_colors_info=&#8221;{}&#8221;]<\/p>\n<p style=\"text-align: center\"><strong>High precision perforation<\/strong> - FAR 4-42 provides accurate perforation of sheets of paper and lightweight cardboard<\/p>\n<p>[\/et_pb_blurb][\/et_pb_column][et_pb_column type=&#8221;1_3&#8243; _builder_version=&#8221;4.23.1&#8243; _module_preset=&#8221;default&#8221; global_colors_info=&#8221;{}&#8221;][et_pb_blurb use_icon=&#8221;on&#8221; font_icon=&#8221;&#xf118;||fa||400&#8243; _builder_version=&#8221;4.23.1&#8243; _module_preset=&#8221;default&#8221; global_colors_info=&#8221;{}&#8221;]<\/p>\n<p style=\"text-align: center\"><strong>W<\/strong><strong>EFFICIENCY<\/strong> - The machine reaches speeds of up to 150 strokes per minute, allowing for fast material processing and increased production efficiency.<\/p>\n<p>[\/et_pb_blurb][\/et_pb_column][et_pb_column type=&#8221;1_3&#8243; _builder_version=&#8221;4.23.1&#8243; _module_preset=&#8221;default&#8221; global_colors_info=&#8221;{}&#8221;][et_pb_blurb use_icon=&#8221;on&#8221; font_icon=&#8221;&#x4e;||divi||400&#8243; _builder_version=&#8221;4.23.1&#8243; _module_preset=&#8221;default&#8221; global_colors_info=&#8221;{}&#8221;]<\/p>\n<p style=\"text-align: center\"><strong>Versatility of tools<\/strong> - FAR 4-42 offers a wide range of perforating tools to suit different formats and material thicknesses<\/p>\n<p>[\/et_pb_blurb][\/et_pb_column][\/et_pb_row][\/et_pb_section].<\/p>","protected":false},"excerpt":{"rendered":"<p>With reliability, a wide selection of perforating tools and intensive market research, the FAR 4-42 achieves the highest quality standards and meets customers' needs for precision perforation.<\/p>\n<p><img loading=\"lazy\" decoding=\"async\" class=\"alignnone wp-image-5323 size-thumbnail\" src=\"https:\/\/akonda.pl\/wp-content\/uploads\/2024\/10\/logo_UFFICIALE-e1617909466646-150x150.png\" alt=\"RileCart\" width=\"150\" height=\"150\" \/><\/p>\n<p>&nbsp;<\/p>","protected":false},"featured_media":5532,"comment_status":"closed","ping_status":"closed","template":"","meta":{"_acf_changed":false,"_et_pb_use_builder":"on","_et_pb_old_content":"<strong>Automatyczny perforator FAR 4-42 \u2013 precyzja i wydajno\u015b\u0107<\/strong>\r\n\r\nAutomatyczny perforator FAR 4-42 zosta\u0142 stworzony z my\u015bl\u0105 o ma\u0142ych i \u015brednich formatach, oferuj\u0105c najwy\u017csz\u0105 jako\u015b\u0107 i niezawodno\u015b\u0107. Dzi\u0119ki nowoczesnej technologii i szerokiemu wyborowi narz\u0119dzi perforuj\u0105cych, maszyna ta idealnie sprawdza si\u0119 w perforacji papieru oraz lekkiej tektury. FAR 4-42 gwarantuje precyzyjne i szybkie perforowanie z pr\u0119dko\u015bci\u0105 do 150 uderze\u0144 na minut\u0119, co pozwala na efektywne przetwarzanie du\u017cych ilo\u015bci materia\u0142u.\r\n\r\nDzi\u0119ki \u0142atwo\u015bci obs\u0142ugi, ci\u0105g\u0142emu zasilaniu materia\u0142ami o r\u00f3\u017cnej grubo\u015bci oraz zaawansowanemu systemowi transportu i odbioru arkuszy, automatyczny perforator FAR 4-42 to doskona\u0142e rozwi\u0105zanie dla firm poszukuj\u0105cych solidnej i wydajnej maszyny do perforacji.","_et_gb_content_width":"","inline_featured_image":false,"_monsterinsights_skip_tracking":false,"_monsterinsights_sitenote_active":false,"_monsterinsights_sitenote_note":"","_monsterinsights_sitenote_category":0},"product_brand":[],"product_cat":[136],"product_tag":[],"class_list":{"0":"post-5515","1":"product","2":"type-product","3":"status-publish","4":"has-post-thumbnail","6":"product_cat-perforatory","8":"first","9":"instock","10":"shipping-taxable","11":"product-type-simple"},"acf":[],"_links":{"self":[{"href":"https:\/\/akonda.pl\/en\/wp-json\/wp\/v2\/product\/5515","targetHints":{"allow":["GET"]}}],"collection":[{"href":"https:\/\/akonda.pl\/en\/wp-json\/wp\/v2\/product"}],"about":[{"href":"https:\/\/akonda.pl\/en\/wp-json\/wp\/v2\/types\/product"}],"replies":[{"embeddable":true,"href":"https:\/\/akonda.pl\/en\/wp-json\/wp\/v2\/comments?post=5515"}],"wp:featuredmedia":[{"embeddable":true,"href":"https:\/\/akonda.pl\/en\/wp-json\/wp\/v2\/media\/5532"}],"wp:attachment":[{"href":"https:\/\/akonda.pl\/en\/wp-json\/wp\/v2\/media?parent=5515"}],"wp:term":[{"taxonomy":"product_brand","embeddable":true,"href":"https:\/\/akonda.pl\/en\/wp-json\/wp\/v2\/product_brand?post=5515"},{"taxonomy":"product_cat","embeddable":true,"href":"https:\/\/akonda.pl\/en\/wp-json\/wp\/v2\/product_cat?post=5515"},{"taxonomy":"product_tag","embeddable":true,"href":"https:\/\/akonda.pl\/en\/wp-json\/wp\/v2\/product_tag?post=5515"}],"curies":[{"name":"wp","href":"https:\/\/api.w.org\/{rel}","templated":true}]}}