{"id":553,"date":"2017-01-23T11:55:33","date_gmt":"2017-01-23T10:55:33","guid":{"rendered":"https:\/\/akonda-test.key2print.com\/?post_type=product&#038;p=553"},"modified":"2017-08-09T14:56:04","modified_gmt":"2017-08-09T12:56:04","slug":"cp-20","status":"publish","type":"product","link":"https:\/\/akonda.pl\/en\/product\/cp-20\/","title":{"rendered":"CP-20"},"content":{"rendered":"<p><strong>Cutter CP-20<\/strong>\u00a0is a device that allows you to cut out calendar hangers in a very simple way. The maximum thickness of the cut pile is 3mm, which is quite enough to cut from 1 to 3 annual sets.<\/p>\n<p><span lang=\"en-GB\"><strong>Basic technical specifications:<\/strong><\/span><\/p>\n<ul>\n<li>Maximum stack thickness: 3mm<\/li>\n<li>Device dimensions: 300 x 250 x 92mm<\/li>\n<li>Package dimensions: 310 x 260 x 100mm<\/li>\n<li>Weight: 3kg (3.5kg in packaging)<\/li>\n<\/ul>","protected":false},"excerpt":{"rendered":"<p>Wycinarka CP-20\u00a0to urz\u0105dzenie, kt\u00f3re w bardzo prosty spos\u00f3b pozwala na wyci\u0119cie zawieszek do kalendarzy. Maksymalna grubo\u015b\u0107 wycinanego stosu to 3mm, co w zupe\u0142no\u015bci wystarcza do wyci\u0119cia od 1 do 3 rocznych komplet\u00f3w. Podstawowa specyfikacja techniczna: Maksymalna grubo\u015b\u0107 stosu: 3mm Wymiary urzadzenia: 300 x 250 x 92mm Wymiary opakowania: 310 x 260 x 100mm Waga: 3kg [&hellip;]<\/p>","protected":false},"featured_media":772,"comment_status":"closed","ping_status":"closed","template":"","meta":{"_acf_changed":false,"_et_pb_use_builder":"","_et_pb_old_content":"","_et_gb_content_width":"","inline_featured_image":false,"_monsterinsights_skip_tracking":false,"_monsterinsights_sitenote_active":false,"_monsterinsights_sitenote_note":"","_monsterinsights_sitenote_category":0},"product_brand":[],"product_cat":[42],"product_tag":[],"class_list":{"0":"post-553","1":"product","2":"type-product","3":"status-publish","4":"has-post-thumbnail","6":"product_cat-wycinarkirollsztance","8":"first","9":"instock","10":"shipping-taxable","11":"product-type-simple"},"acf":[],"_links":{"self":[{"href":"https:\/\/akonda.pl\/en\/wp-json\/wp\/v2\/product\/553","targetHints":{"allow":["GET"]}}],"collection":[{"href":"https:\/\/akonda.pl\/en\/wp-json\/wp\/v2\/product"}],"about":[{"href":"https:\/\/akonda.pl\/en\/wp-json\/wp\/v2\/types\/product"}],"replies":[{"embeddable":true,"href":"https:\/\/akonda.pl\/en\/wp-json\/wp\/v2\/comments?post=553"}],"wp:featuredmedia":[{"embeddable":true,"href":"https:\/\/akonda.pl\/en\/wp-json\/wp\/v2\/media\/772"}],"wp:attachment":[{"href":"https:\/\/akonda.pl\/en\/wp-json\/wp\/v2\/media?parent=553"}],"wp:term":[{"taxonomy":"product_brand","embeddable":true,"href":"https:\/\/akonda.pl\/en\/wp-json\/wp\/v2\/product_brand?post=553"},{"taxonomy":"product_cat","embeddable":true,"href":"https:\/\/akonda.pl\/en\/wp-json\/wp\/v2\/product_cat?post=553"},{"taxonomy":"product_tag","embeddable":true,"href":"https:\/\/akonda.pl\/en\/wp-json\/wp\/v2\/product_tag?post=553"}],"curies":[{"name":"wp","href":"https:\/\/api.w.org\/{rel}","templated":true}]}}