{"id":555,"date":"2017-01-23T11:57:40","date_gmt":"2017-01-23T10:57:40","guid":{"rendered":"https:\/\/akonda-test.key2print.com\/?post_type=product&#038;p=555"},"modified":"2017-08-09T14:55:59","modified_gmt":"2017-08-09T12:55:59","slug":"ep-35","status":"publish","type":"product","link":"https:\/\/akonda.pl\/en\/product\/ep-35\/","title":{"rendered":"EP - 35"},"content":{"rendered":"<p><strong>Euro punch EP-35<\/strong>\u00a0This is a simple device used to create euro holes. It will make sorting and storing documents easier. Also used in calendars, flyers, packaging, etc.<\/p>\n<p><span lang=\"en-GB\"><strong>Basic technical specifications:<\/strong><\/span><\/p>\n<ul>\n<li>Maximum stack thickness: 1.55mm<\/li>\n<li>Device dimensions: 300 x 250 x 92mm<\/li>\n<li>Package dimensions: 310 x 260 x 100mm<\/li>\n<li>Weight: 3kg (3.5kg in packaging)<\/li>\n<\/ul>\n<p><strong>See how easy and fast the Euro punch EP-35 is to use<\/strong><\/p>\n<p><iframe loading=\"lazy\" width=\"1080\" height=\"608\" src=\"https:\/\/www.youtube.com\/embed\/9bsWxiIX_60?feature=oembed\" frameborder=\"0\" allowfullscreen><\/iframe><\/p>","protected":false},"excerpt":{"rendered":"<p>Euro dziurkacz EP-35\u00a0jest to proste urz\u0105dzenie s\u0142u\u017c\u0105ce do tworzenia euro dziurek. U\u0142atwi sortowanie \u00a0i przechowywanie dokument\u00f3w. Stosowany r\u00f3wnie\u017c w kalendarzach, ulotkach, opakowaniach itp. Podstawowa specyfikacja techniczna: Maksymalna grubo\u015b\u0107 stosu: 1,55mm Wymiary urzadzenia: 300 x 250 x 92mm Wymiary opakowania: 310 x 260 x 100mm Waga: 3kg (3,5kg w opakowaniu) Zobacz jak prosty i szybki w [&hellip;]<\/p>","protected":false},"featured_media":769,"comment_status":"closed","ping_status":"closed","template":"","meta":{"_acf_changed":false,"_et_pb_use_builder":"","_et_pb_old_content":"","_et_gb_content_width":"","inline_featured_image":false,"_monsterinsights_skip_tracking":false,"_monsterinsights_sitenote_active":false,"_monsterinsights_sitenote_note":"","_monsterinsights_sitenote_category":0},"product_brand":[],"product_cat":[42],"product_tag":[],"class_list":{"0":"post-555","1":"product","2":"type-product","3":"status-publish","4":"has-post-thumbnail","6":"product_cat-wycinarkirollsztance","8":"first","9":"instock","10":"shipping-taxable","11":"product-type-simple"},"acf":[],"_links":{"self":[{"href":"https:\/\/akonda.pl\/en\/wp-json\/wp\/v2\/product\/555","targetHints":{"allow":["GET"]}}],"collection":[{"href":"https:\/\/akonda.pl\/en\/wp-json\/wp\/v2\/product"}],"about":[{"href":"https:\/\/akonda.pl\/en\/wp-json\/wp\/v2\/types\/product"}],"replies":[{"embeddable":true,"href":"https:\/\/akonda.pl\/en\/wp-json\/wp\/v2\/comments?post=555"}],"wp:featuredmedia":[{"embeddable":true,"href":"https:\/\/akonda.pl\/en\/wp-json\/wp\/v2\/media\/769"}],"wp:attachment":[{"href":"https:\/\/akonda.pl\/en\/wp-json\/wp\/v2\/media?parent=555"}],"wp:term":[{"taxonomy":"product_brand","embeddable":true,"href":"https:\/\/akonda.pl\/en\/wp-json\/wp\/v2\/product_brand?post=555"},{"taxonomy":"product_cat","embeddable":true,"href":"https:\/\/akonda.pl\/en\/wp-json\/wp\/v2\/product_cat?post=555"},{"taxonomy":"product_tag","embeddable":true,"href":"https:\/\/akonda.pl\/en\/wp-json\/wp\/v2\/product_tag?post=555"}],"curies":[{"name":"wp","href":"https:\/\/api.w.org\/{rel}","templated":true}]}}