{"id":5552,"date":"2024-10-18T13:17:12","date_gmt":"2024-10-18T11:17:12","guid":{"rendered":"https:\/\/akonda.pl\/?post_type=product&#038;p=5552"},"modified":"2024-10-18T13:28:14","modified_gmt":"2024-10-18T11:28:14","slug":"perforator-onyx-hd7725","status":"publish","type":"product","link":"https:\/\/akonda.pl\/en\/product\/perforator-onyx-hd7725\/","title":{"rendered":"ONYX HD7725 Ultima perforator"},"content":{"rendered":"<p>[et_pb_section fb_built=\"1\u2033 _builder_version=\"4.16\u2033 custom_padding=\"0px||||false|false\" global_colors_info=\"{}\"][et_pb_row _builder_version=\"4.23.1\u2033 background_size=\"initial\" background_position=\"top_left\" background_repeat=\"repeat\" width=\"100%\" global_colors_info=\"{}\"][et_pb_column type=\"4_4\u2033 _builder_version=\"4.16\u2033 custom_padding=\"|||\" global_colors_info=\"{}\" custom_padding__hover=\"|||\"][dsm_card button_url_new_window=\"1\u2033 _builder_version=\"4.23.1\u2033 _module_preset=\"default\" hover_enabled=\"0\u2033 global_colors_info=\"{}\" sticky_enabled=\"0\u2033]<\/p>\n<p><strong>ONYX HD7725 Ultima perforator<\/strong> is a top-quality, heavy-duty table-top perforator that stands out from the competition. It is designed for heavy use in offices and print shops, combining the patented Rhin-O-Tuff quick-change tooling system with innovative features that significantly increase productivity.<\/p>\n<h4>Key features of the ONYX HD7725 Ultima perforator:<\/h4>\n<ul>\n<li><strong>Open tool with a capacity of 14\" (356 mm)<\/strong>: It can perforate up to 55 sheets or 110 pages of 20 lb (80 gsm) paper. The number of sheets that can be perforated depends on the weight of the paper and the perforation pattern used.<\/li>\n<li><strong>U-View waste tray<\/strong>: This innovative tray will hold up to 150% more waste than other table-top perforators, eliminating the problem of overfilling and increasing work efficiency.<\/li>\n<li><strong>Accu-Set Paper Lock<\/strong>: Allows easy and accurate alignment of perforation locations, making it ideal for non-standard paper formats.<\/li>\n<li><strong>Improved transmission and drive system<\/strong>: Guarantees that the ONYX HD7725 Ultima perforator is virtually indestructible, ensuring long-lasting use in intensive conditions.<\/li>\n<li><strong>Automatic and manual reversal<\/strong>: This feature is an added safety feature, reducing the risk of costly downtime and repairs due to jams.<\/li>\n<\/ul>\n<p>With these features and a 6-year mechanical warranty, <strong>ONYX HD7725 Ultima perforator<\/strong> can handle any project, large or small. It is the ideal choice for heavy commercial and corporate use.<\/p>\n<h4>Specifications and performance of the ONYX HD7725 Ultima perforator:<\/h4>\n<ul>\n<li><strong>Maximum performance<\/strong>: Up to 55 sheets or 110 pages of 20 lb (80 gsm) paper.<\/li>\n<li><strong>Perforation speed<\/strong>: 65 perforation cycles per minute.<\/li>\n<li><strong>Mylar perforation capability<\/strong>: Up to 5 sheets of Mylar with any hole pattern, depending on thickness.<\/li>\n<li><strong>Availability of tools<\/strong>: More than 20 interchangeable tools with 12 standard hole patterns (e.g., round, wire loop, spiral plastic, Velo Bind\u2122 GBC).<\/li>\n<\/ul>\n<p><strong>Electrical requirements<\/strong><\/p>\n<ul>\n<li><strong>AC voltage<\/strong>: 115 V<\/li>\n<li><strong>Amps<\/strong>: 4 A<\/li>\n<li><strong>Frequency<\/strong>: 60 Hz<\/li>\n<li><strong>Weight of the machine<\/strong>: 96 lbs (43.54 Kg)<\/li>\n<li><strong>Shipping scales<\/strong>: 103 lbs (46.72 Kg)<\/li>\n<li><strong>Height<\/strong>: 8 \u00bd\" (216 mm)<\/li>\n<li><strong>Width<\/strong>: 21\" (534 mm)<\/li>\n<li><strong>Depth<\/strong>: 22 \u00bd\" (547 mm)<\/li>\n<\/ul>\n<p><strong>Electrical requirements (alternative)<\/strong><\/p>\n<ul>\n<li><strong>AC voltage<\/strong>: 230 V<\/li>\n<li><strong>Amps<\/strong>: 2 A<\/li>\n<li><strong>Frequency<\/strong>: 50 Hz<\/li>\n<\/ul>\n<p>[\/dsm_card][\/et_pb_column][\/et_pb_row][et_pb_row column_structure=&#8221;1_3,1_3,1_3&#8243; _builder_version=&#8221;4.23.1&#8243; _module_preset=&#8221;default&#8221; global_colors_info=&#8221;{}&#8221;][et_pb_column type=&#8221;1_3&#8243; _builder_version=&#8221;4.23.1&#8243; _module_preset=&#8221;default&#8221; global_colors_info=&#8221;{}&#8221;][et_pb_blurb use_icon=&#8221;on&#8221; font_icon=&#8221;&#x3b;||divi||400&#8243; _builder_version=&#8221;4.23.1&#8243; _module_preset=&#8221;default&#8221; global_colors_info=&#8221;{}&#8221;]<\/p>\n<p style=\"text-align: center\"><strong>Large capacity waste tray with transparent access<\/strong>: Allows easy monitoring of waste levels. No sensors required.<\/p>\n<p>[\/et_pb_blurb][\/et_pb_column][et_pb_column type=&#8221;1_3&#8243; _builder_version=&#8221;4.23.1&#8243; _module_preset=&#8221;default&#8221; global_colors_info=&#8221;{}&#8221;][et_pb_blurb use_icon=&#8221;on&#8221; font_icon=&#8221;&#xf118;||fa||400&#8243; _builder_version=&#8221;4.23.1&#8243; _module_preset=&#8221;default&#8221; global_colors_info=&#8221;{}&#8221;]<\/p>\n<p>&nbsp;<\/p>\n<p style=\"text-align: center\"><strong>Extremely durable metal construction<\/strong>: Ensures longevity and reliability.<\/p>\n<p>[\/et_pb_blurb][\/et_pb_column][et_pb_column type=&#8221;1_3&#8243; _builder_version=&#8221;4.23.1&#8243; _module_preset=&#8221;default&#8221; global_colors_info=&#8221;{}&#8221;][et_pb_blurb use_icon=&#8221;on&#8221; font_icon=&#8221;&#x4e;||divi||400&#8243; _builder_version=&#8221;4.23.1&#8243; _module_preset=&#8221;default&#8221; global_colors_info=&#8221;{}&#8221;]<\/p>\n<p style=\"text-align: center\"><strong>Quiet and smooth operation on demand<\/strong>.<\/p>\n<p>[\/et_pb_blurb][\/et_pb_column][\/et_pb_row][\/et_pb_section].<\/p>","protected":false},"excerpt":{"rendered":"<p><strong>HD7725 has more than 20 interchangeable tools available<\/strong> With 12 standard hole patterns (each tool is priced separately):<\/p>\n<ul>\n<li>Round<\/li>\n<li>Wire loop<\/li>\n<li>Spiral plastic<\/li>\n<li>Velo Bind\u2122 GBC<\/li>\n<li>3 slack holes<\/li>\n<\/ul>","protected":false},"featured_media":5554,"comment_status":"closed","ping_status":"closed","template":"","meta":{"_acf_changed":false,"_et_pb_use_builder":"on","_et_pb_old_content":"<strong>Perforator ONYX HD7725 Ultima<\/strong> to najwy\u017cszej jako\u015bci, wytrzyma\u0142y perforator sto\u0142owy, kt\u00f3ry wyr\u00f3\u017cnia si\u0119 na tle konkurencji. Zosta\u0142 zaprojektowany z my\u015bl\u0105 o intensywnym u\u017cytkowaniu w biurach oraz drukarniach, \u0142\u0105cz\u0105c opatentowany system szybkiej wymiany narz\u0119dzi Rhin-O-Tuff z innowacyjnymi funkcjami, kt\u00f3re znacznie podnosz\u0105 wydajno\u015b\u0107.\r\n<h4>Kluczowe cechy perforatora ONYX HD7725 Ultima:<\/h4>\r\n<ul>\r\n \t<li><strong>Otwarte narz\u0119dzie o pojemno\u015bci 14\u201d (356 mm)<\/strong>: Mo\u017ce perforowa\u0107 do 55 arkuszy lub 110 stron papieru o gramaturze 20 funt\u00f3w (80 gsm). Liczba arkuszy, kt\u00f3re mo\u017cna perforowa\u0107, zale\u017cy od wagi papieru i zastosowanego wzoru perforacji.<\/li>\r\n \t<li><strong>Tacka na odpady U-View<\/strong>: Ta innowacyjna tacka pomie\u015bci do 150% wi\u0119cej odpad\u00f3w ni\u017c inne perforatory sto\u0142owe, co eliminuje problem przepe\u0142nienia i zwi\u0119ksza efektywno\u015b\u0107 pracy.<\/li>\r\n \t<li><strong>Blokada papieru Accu-Set<\/strong>: Umo\u017cliwia \u0142atwe i dok\u0142adne ustawienie miejsc perforacji, co sprawia, \u017ce jest idealnym rozwi\u0105zaniem dla nietypowych format\u00f3w papieru.<\/li>\r\n \t<li><strong>Ulepszony system przek\u0142adni i nap\u0119du<\/strong>: Gwarantuje, \u017ce perforator ONYX HD7725 Ultima jest praktycznie niezniszczalny, co zapewnia d\u0142ugotrwa\u0142e u\u017cytkowanie w intensywnych warunkach.<\/li>\r\n \t<li><strong>Automatyczne i r\u0119czne odwracanie<\/strong>: Funkcja ta stanowi dodatkowe zabezpieczenie, zmniejszaj\u0105c ryzyko kosztownych przestoj\u00f3w i napraw spowodowanych zaci\u0119ciami.<\/li>\r\n<\/ul>\r\nDzi\u0119ki tym funkcjom oraz 6-letniej gwarancji mechanicznej, <strong>perforator ONYX HD7725 Ultima<\/strong> poradzi sobie z ka\u017cdym projektem, du\u017cym lub ma\u0142ym. Jest idealnym wyborem do intensywnego u\u017cytku komercyjnego i korporacyjnego.\r\n<h4>Specyfikacje i wydajno\u015b\u0107 perforatora ONYX HD7725 Ultima:<\/h4>\r\n<ul>\r\n \t<li><strong>Maksymalna wydajno\u015b\u0107<\/strong>: Do 55 arkuszy lub 110 stron papieru o gramaturze 20 funt\u00f3w (80 gsm).<\/li>\r\n \t<li><strong>Pr\u0119dko\u015b\u0107 perforacji<\/strong>: 65 cykli perforacji na minut\u0119.<\/li>\r\n \t<li><strong>Mo\u017cliwo\u015b\u0107 perforacji Mylar<\/strong>: Do 5 arkuszy Mylar o dowolnym wzorze otwor\u00f3w, w zale\u017cno\u015bci od grubo\u015bci.<\/li>\r\n \t<li><strong>Dost\u0119pno\u015b\u0107 narz\u0119dzi<\/strong>: Ponad 20 wymiennych narz\u0119dzi z 12 standardowymi wzorami otwor\u00f3w (np. okr\u0105g\u0142e, p\u0119tla druciana, spiralny plastik, Velo Bind\u2122 GBC).<\/li>\r\n<\/ul>","_et_gb_content_width":"","inline_featured_image":false,"_monsterinsights_skip_tracking":false,"_monsterinsights_sitenote_active":false,"_monsterinsights_sitenote_note":"","_monsterinsights_sitenote_category":0},"product_brand":[],"product_cat":[136],"product_tag":[],"class_list":{"0":"post-5552","1":"product","2":"type-product","3":"status-publish","4":"has-post-thumbnail","6":"product_cat-perforatory","8":"first","9":"instock","10":"shipping-taxable","11":"product-type-simple"},"acf":[],"_links":{"self":[{"href":"https:\/\/akonda.pl\/en\/wp-json\/wp\/v2\/product\/5552","targetHints":{"allow":["GET"]}}],"collection":[{"href":"https:\/\/akonda.pl\/en\/wp-json\/wp\/v2\/product"}],"about":[{"href":"https:\/\/akonda.pl\/en\/wp-json\/wp\/v2\/types\/product"}],"replies":[{"embeddable":true,"href":"https:\/\/akonda.pl\/en\/wp-json\/wp\/v2\/comments?post=5552"}],"wp:featuredmedia":[{"embeddable":true,"href":"https:\/\/akonda.pl\/en\/wp-json\/wp\/v2\/media\/5554"}],"wp:attachment":[{"href":"https:\/\/akonda.pl\/en\/wp-json\/wp\/v2\/media?parent=5552"}],"wp:term":[{"taxonomy":"product_brand","embeddable":true,"href":"https:\/\/akonda.pl\/en\/wp-json\/wp\/v2\/product_brand?post=5552"},{"taxonomy":"product_cat","embeddable":true,"href":"https:\/\/akonda.pl\/en\/wp-json\/wp\/v2\/product_cat?post=5552"},{"taxonomy":"product_tag","embeddable":true,"href":"https:\/\/akonda.pl\/en\/wp-json\/wp\/v2\/product_tag?post=5552"}],"curies":[{"name":"wp","href":"https:\/\/api.w.org\/{rel}","templated":true}]}}