{"id":5558,"date":"2024-10-18T13:31:59","date_gmt":"2024-10-18T11:31:59","guid":{"rendered":"https:\/\/akonda.pl\/?post_type=product&#038;p=5558"},"modified":"2024-10-18T13:42:30","modified_gmt":"2024-10-18T11:42:30","slug":"perforator-onyx-hd7725h","status":"publish","type":"product","link":"https:\/\/akonda.pl\/en\/product\/perforator-onyx-hd7725h\/","title":{"rendered":"ONYX HD7725H ULTIMA perforator"},"content":{"rendered":"<p>[et_pb_section fb_built=\"1\u2033 _builder_version=\"4.16\u2033 custom_padding=\"0px||||false|false\" global_colors_info=\"{}\"][et_pb_row _builder_version=\"4.23.1\u2033 background_size=\"initial\" background_position=\"top_left\" background_repeat=\"repeat\" width=\"100%\" global_colors_info=\"{}\"][et_pb_column type=\"4_4\u2033 _builder_version=\"4.16\u2033 custom_padding=\"|||\" global_colors_info=\"{}\" custom_padding__hover=\"|||\"][dsm_card button_url_new_window=\"1\u2033 _builder_version=\"4.23.1\u2033 _module_preset=\"default\" hover_enabled=\"0\u2033 global_colors_info=\"{}\" sticky_enabled=\"0\u2033]<\/p>\n<p>The ONYX HD7725H Ultima perforator is a top-of-the-line, heavy-duty bench-top perforator that sets itself apart from the competition. With Rhin-O-Tuff's patented Quick Die Change System (QCDS) and a range of advanced features, it is ideal for professionals looking for efficiency and reliability in their work.<\/p>\n<h3>Key features of the ONYX HD7725H perforator:<\/h3>\n<ul>\n<li><strong>Open, additional 14\" (356 mm) dies<\/strong>: The ONYX HD7725H perforator can perforate up to 55 sheets or 110 pages of 20 lb (80 gsm) paper in an 11-inch size. The number of sheets that can be perforated depends on the paper weight and the perforation pattern selected.<\/li>\n<li><strong>U-View waste tray<\/strong>: The ONYX HD7725H perforator will hold up to 150% more waste than any other bench-top perforator, eliminating overflow problems and increasing convenience.<\/li>\n<li><strong>Accu-Set Paper Lock<\/strong>: With this function, the user can easily and accurately set perforation locations, even on paper of unusual sizes.<\/li>\n<li><strong>Rugged construction and improved gear system<\/strong>: The ONYX HD7725H perforator is designed for longevity, making it virtually indestructible.<\/li>\n<li><strong>Automatic reversing function<\/strong>: A state-of-the-art overload detection system triggers an automatic reversing function, reducing the risk of jamming and ensuring smooth operation.<\/li>\n<li><strong>Yields up to 55 sheets or 110 pages of 20 lb (80 gsm) paper<\/strong>: The number of sheets that can be perforated depends on the paper weight and the perforation pattern selected.<\/li>\n<li><strong>65 perforation cycles per minute<\/strong>: The ONYX HD7725H perforator significantly increases productivity.<\/li>\n<li><strong>Ability to perforate up to 5 sheets of Mylar plastic<\/strong> regardless of the hole pattern, making it a versatile tool.<\/li>\n<li><strong>Regulator for precise settings<\/strong>: The Accu-Set paper adjustment knob allows fine adjustments for non-standard paper sizes.<\/li>\n<li><strong>Quiet and smooth operation<\/strong>: The on-demand power function ensures user comfort and efficiency.<\/li>\n<li><strong>Standard foot pedal and optional Versa switch<\/strong>: Make work easier and more convenient.<\/li>\n<li><strong>More than 20 interchangeable dies<\/strong> Available with 12 standard hole patterns, including:\n<ul>\n<li>Combination<\/li>\n<li>Wire loop<\/li>\n<li>Plastic spiral<\/li>\n<li>Velo Bind\u2122 GBC<\/li>\n<li>3-hole loose sheet<\/li>\n<\/ul>\n<\/li>\n<li><strong>Extremely durable metal construction<\/strong>: The ONYX HD7725H perforator provides long-lasting use in intensive conditions.<\/li>\n<li><strong>Large capacity waste tray with transparent access<\/strong>: No sensors are needed, making it easy to monitor the status of the tray.<\/li>\n<\/ul>\n<p>With advanced technology and high performance, <strong>ONYX HD7725H perforator<\/strong> is the ideal tool for professionals who expect quality and reliability in their daily work.<\/p>\n<p><strong>TECHNICAL SPECIFICATIONS:<\/strong><\/p>\n<p>115 V, 4 A, 60 Hz, 88 lbs (39.9 kg)<br \/>230 V, 2 A, 50 Hz, 103 lbs (46.8 kg)<br \/><strong>Dimensions:<\/strong><br \/>Width: 21\" (533.4 mm)<br \/>Depth: 23\" (584.2 mm)<br \/>Height: 18\" (457.2 mm)<\/p>\n<p>[\/dsm_card][\/et_pb_column][\/et_pb_row][et_pb_row column_structure=&#8221;1_3,1_3,1_3&#8243; _builder_version=&#8221;4.23.1&#8243; _module_preset=&#8221;default&#8221; global_colors_info=&#8221;{}&#8221;][et_pb_column type=&#8221;1_3&#8243; _builder_version=&#8221;4.23.1&#8243; _module_preset=&#8221;default&#8221; global_colors_info=&#8221;{}&#8221;][et_pb_blurb use_icon=&#8221;on&#8221; font_icon=&#8221;&#x3b;||divi||400&#8243; _builder_version=&#8221;4.23.1&#8243; _module_preset=&#8221;default&#8221; hover_enabled=&#8221;0&#8243; global_colors_info=&#8221;{}&#8221; sticky_enabled=&#8221;0&#8243;]<\/p>\n<p style=\"text-align: center\"><strong>Built-in automatic and manual reversing:<\/strong> It provides additional security, reducing costly downtime and expensive service calls related to jams.<\/p>\n<p>[\/et_pb_blurb][\/et_pb_column][et_pb_column type=\"1_3\u2033 _builder_version=\"4.23.1\u2033 _module_preset=\"default\" global_colors_info=\"{}\"][et_pb_blurb use_icon=\"on\" font_icon=\"\uf118|fa||400\u2033 _builder_version=\"4.23.1\u2033 _module_preset=\"default\" hover_enabled=\"0\u2033 global_colors_info=\"{}\" sticky_enabled=\"0\u2033]<\/p>\n<p style=\"text-align: center\">With a 6-year mechanical warranty, the HD7725H Ultima can handle any project.<\/p>\n<p>[\/et_pb_blurb][\/et_pb_column][et_pb_column type=\"1_3\u2033 _builder_version=\"4.23.1\u2033 _module_preset=\"default\" global_colors_info=\"{}\"][et_pb_blurb use_icon=\"on\" font_icon=\"N||divi|400\u2033 _builder_version=\"4.23.1\u2033 _module_preset=\"default\" hover_enabled=\"0\u2033 global_colors_info=\"{}\" sticky_enabled=\"0\u2033]<\/p>\n<p style=\"text-align: center\"><strong>65 perforation cycles per minute<\/strong>: The ONYX HD7725H perforator significantly increases productivity.<\/p>\n<p>[\/et_pb_blurb][\/et_pb_column][\/et_pb_row][\/et_pb_section].<\/p>","protected":false},"excerpt":{"rendered":"<p>The perforator can process up to 55 sheets or 110 pages of 20 lb (80 gsm) paper per minute, and its advanced features, such as automatic reversing and perforation spot adjustment, ensure smooth operation and minimize the risk of jams. Equipped with a large waste tray, this model is ideal for heavy use in a commercial environment.<\/p>","protected":false},"featured_media":5559,"comment_status":"closed","ping_status":"closed","template":"","meta":{"_acf_changed":false,"_et_pb_use_builder":"on","_et_pb_old_content":"Perforator ONYX HD7725H Ultima to najwy\u017cszej klasy, wytrzyma\u0142y perforator sto\u0142owy, kt\u00f3ry wyr\u00f3\u017cnia si\u0119 na tle konkurencji. Dzi\u0119ki opatentowanemu przez Rhin-O-Tuff systemowi szybkiej wymiany matryc (QCDS) oraz szeregowi zaawansowanych funkcji, jest idealnym rozwi\u0105zaniem dla profesjonalist\u00f3w poszukuj\u0105cych efektywno\u015bci i niezawodno\u015bci w pracy.\r\n<h3>Kluczowe funkcje perforatora ONYX HD7725H:<\/h3>\r\n<ul>\r\n \t<li><strong>Otwarte, dodatkowe matryce o pojemno\u015bci 14\u201d (356 mm)<\/strong>: Perforator ONYX HD7725H umo\u017cliwia perforacj\u0119 do 55 arkuszy lub 110 stron papieru o gramaturze 20 funt\u00f3w (80 gsm) w rozmiarze 11 cali. Liczba arkuszy, kt\u00f3re mo\u017cna przebi\u0107, zale\u017cy od gramatury papieru oraz wybranego wzoru perforacji.<\/li>\r\n \t<li><strong>Taca na odpady U-View<\/strong>: Perforator ONYX HD7725H pomie\u015bci do 150% wi\u0119cej odpad\u00f3w ni\u017c jakikolwiek inny perforator sto\u0142owy, eliminuj\u0105c problemy z przepe\u0142nieniem i zwi\u0119kszaj\u0105c komfort pracy.<\/li>\r\n \t<li><strong>Blokada papieru Accu-Set<\/strong>: Dzi\u0119ki tej funkcji, u\u017cytkownik mo\u017ce \u0142atwo i dok\u0142adnie ustawi\u0107 miejsca perforacji, nawet na papierze o nietypowych rozmiarach.<\/li>\r\n \t<li><strong>Wytrzyma\u0142a konstrukcja i ulepszony system przek\u0142adni<\/strong>: Perforator ONYX HD7725H zosta\u0142 zaprojektowany z my\u015bl\u0105 o d\u0142ugowieczno\u015bci, co sprawia, \u017ce jest praktycznie niezniszczalny.<\/li>\r\n \t<li><strong>Funkcja automatycznego cofania<\/strong>: Nowoczesny system wykrywania przeci\u0105\u017cenia uruchamia funkcj\u0119 automatycznego cofania, co zmniejsza ryzyko zaci\u0119cia si\u0119 urz\u0105dzenia i zapewnia p\u0142ynno\u015b\u0107 pracy.<\/li>\r\n \t<li><strong>Wydajno\u015b\u0107 do 55 arkuszy lub 110 stron papieru o gramaturze 20 funt\u00f3w (80 gsm)<\/strong>: Liczba arkuszy, kt\u00f3re mo\u017cna przebi\u0107, zale\u017cy od gramatury papieru i wybranego wzoru perforacji.<\/li>\r\n \t<li><strong>65 cykli perforacji na minut\u0119<\/strong>: Perforator ONYX HD7725H znacz\u0105co zwi\u0119ksza wydajno\u015b\u0107 pracy.<\/li>\r\n \t<li><strong>Mo\u017cliwo\u015b\u0107 perforacji do 5 arkuszy plastiku Mylar<\/strong> niezale\u017cnie od wzoru otwor\u00f3w, co czyni go wszechstronnym narz\u0119dziem.<\/li>\r\n \t<li><strong>Regulator do precyzyjnych ustawie\u0144<\/strong>: Pokr\u0119t\u0142o regulacji papieru Accu-Set umo\u017cliwia drobne dostosowania dla nietypowych rozmiar\u00f3w papieru.<\/li>\r\n \t<li><strong>Cicha i p\u0142ynna praca<\/strong>: Funkcja zasilania na \u017c\u0105danie zapewnia komfort u\u017cytkowania i efektywno\u015b\u0107 pracy.<\/li>\r\n \t<li><strong>Standardowy peda\u0142 no\u017cny oraz opcjonalny prze\u0142\u0105cznik Versa<\/strong>: U\u0142atwiaj\u0105 prac\u0119 i zwi\u0119kszaj\u0105 wygod\u0119 u\u017cytkowania.<\/li>\r\n \t<li><strong>Ponad 20 wymiennych matryc<\/strong> dost\u0119pnych z 12 standardowymi wzorami otwor\u00f3w, w tym:\r\n<ul>\r\n \t<li>Kombinacja<\/li>\r\n \t<li>P\u0119tla druciana<\/li>\r\n \t<li>Spirala plastikowa<\/li>\r\n \t<li>Velo Bind\u2122 GBC<\/li>\r\n \t<li>3-otworowa lu\u017ana kartka<\/li>\r\n<\/ul>\r\n<\/li>\r\n \t<li><strong>Niezwykle wytrzyma\u0142a konstrukcja z metalu<\/strong>: Perforator ONYX HD7725H zapewnia d\u0142ugotrwa\u0142e u\u017cytkowanie w intensywnych warunkach.<\/li>\r\n \t<li><strong>Taca na odpady o du\u017cej pojemno\u015bci z przezroczystym dost\u0119pem<\/strong>: Nie s\u0105 potrzebne \u017cadne czujniki, co u\u0142atwia monitorowanie stanu tacy.<\/li>\r\n<\/ul>\r\nDzi\u0119ki zaawansowanej technologii i wysokiej wydajno\u015bci, <strong>perforator ONYX HD7725H<\/strong> jest idealnym narz\u0119dziem dla profesjonalist\u00f3w, kt\u00f3rzy oczekuj\u0105 jako\u015bci i niezawodno\u015bci w codziennej pracy.","_et_gb_content_width":"","inline_featured_image":false,"_monsterinsights_skip_tracking":false,"_monsterinsights_sitenote_active":false,"_monsterinsights_sitenote_note":"","_monsterinsights_sitenote_category":0},"product_brand":[],"product_cat":[136],"product_tag":[],"class_list":{"0":"post-5558","1":"product","2":"type-product","3":"status-publish","4":"has-post-thumbnail","6":"product_cat-perforatory","8":"first","9":"instock","10":"shipping-taxable","11":"product-type-simple"},"acf":[],"_links":{"self":[{"href":"https:\/\/akonda.pl\/en\/wp-json\/wp\/v2\/product\/5558","targetHints":{"allow":["GET"]}}],"collection":[{"href":"https:\/\/akonda.pl\/en\/wp-json\/wp\/v2\/product"}],"about":[{"href":"https:\/\/akonda.pl\/en\/wp-json\/wp\/v2\/types\/product"}],"replies":[{"embeddable":true,"href":"https:\/\/akonda.pl\/en\/wp-json\/wp\/v2\/comments?post=5558"}],"wp:featuredmedia":[{"embeddable":true,"href":"https:\/\/akonda.pl\/en\/wp-json\/wp\/v2\/media\/5559"}],"wp:attachment":[{"href":"https:\/\/akonda.pl\/en\/wp-json\/wp\/v2\/media?parent=5558"}],"wp:term":[{"taxonomy":"product_brand","embeddable":true,"href":"https:\/\/akonda.pl\/en\/wp-json\/wp\/v2\/product_brand?post=5558"},{"taxonomy":"product_cat","embeddable":true,"href":"https:\/\/akonda.pl\/en\/wp-json\/wp\/v2\/product_cat?post=5558"},{"taxonomy":"product_tag","embeddable":true,"href":"https:\/\/akonda.pl\/en\/wp-json\/wp\/v2\/product_tag?post=5558"}],"curies":[{"name":"wp","href":"https:\/\/api.w.org\/{rel}","templated":true}]}}