{"id":919,"date":"2021-09-08T00:15:04","date_gmt":"2021-09-07T22:15:04","guid":{"rendered":"https:\/\/akonda-test.key2print.com\/?post_type=product&#038;p=919"},"modified":"2025-01-13T17:35:51","modified_gmt":"2025-01-13T16:35:51","slug":"bigowka","status":"publish","type":"product","link":"https:\/\/akonda.pl\/en\/product\/creeper\/","title":{"rendered":"Swift Speed automatic creasing machine"},"content":{"rendered":"<p>The Swift Speed automatic creasing machine is the perfect solution for all digital and offset printers. The Swift Speed is an automatic creasing machine with a vacuum pick-up from the top and a lift table, which allows you to stack a high stack of paper sheets up to 10 centimeters and <strong>Unprecedented speed of up to 8000 sheets\/hour!<\/strong> It is a multifunctional creasing and perforating machine with accuracy compensation depending on paper thickness. Swift Speed offers high precision creasing with adjustable depth. This automatic creasing machine is dedicated to the processing of digital printing, and can be expanded with modules for perforating or cutting using discs. Smooth operation is ensured by a vacuum feeder, which does not scratch the sheets, and the programmer itself is extremely easy to use, colorful and intuitive. The expandability of the Swift Speed automatic creasing machine makes it a very versatile and flexible solution for multi-tasking in any bindery. <strong>It is possible to combine a creasing machine with a knife folder,\u00a0<\/strong><strong>folding paper up to 350g\/m2 or even 400g\/m2 (folding in half).<\/strong> Swift Speed automatic creasing machine has an interchangeable creasing bar, allowing you to work with any paper weight with the highest quality. PARTIAL\/FRAGMENTARY ROLL PERFORATION OPTION! Innovative solution in the form of perforation discs controlled by an electromagnet allows you to switch perforation on and off (possibility of several perforations per sheet), allowing you to produce coupons, tickets or tear-offs and all without the need for a die-cutter!   The Swift Speed automatic creasing machine can be equipped with additional tools:<\/p>\n<ul>\n<li>perforation strip<\/li>\n<li>creasing bar 0.6mm to work with papers up to about 250 g\/m2<\/li>\n<li>creasing bar 1mm to work with papers about 300 g\/m2<\/li>\n<li>creasing bar 1,4mm to work with papers from about 300 g\/m2<\/li>\n<\/ul>\n<p>and discs:<\/p>\n<ul>\n<li>perforating<\/li>\n<li>cutting<\/li>\n<li>creasing<\/li>\n<li>fragmentary perforating (electromagnetically controlled)<\/li>\n<\/ul>\n<p><iframe loading=\"lazy\" title=\"Swift Speed | Automatic Bigger | Interchangeable Slats | Akonda.co.uk\" width=\"1080\" height=\"608\" src=\"https:\/\/www.youtube.com\/embed\/XfaTo_pqNNY?feature=oembed&#038;enablejsapi=1&#038;origin=https:\/\/akonda.pl\"  allow=\"accelerometer; autoplay; clipboard-write; encrypted-media; gyroscope; picture-in-picture; web-share\" referrerpolicy=\"strict-origin-when-cross-origin\" allowfullscreen><\/iframe><\/p>\n<p><strong>Basic specifications of the Swift Speed automatic creasing machine:<\/strong> Maximum format: 330 mm x 1200 mm (with extended table) Minimum format: 45 x 130 mm (with narrow feeder module) Stack height: 100 mm Number of bigs in 1 pass: Up to 32 Accuracy: +\/- 0.2 mm Thickness of creases: Standard: 1 mm, Optional: 0.6 \/ 1.4 mm (possibility to replace creasing bar with perforating bar Speed (A4 with 1 crease): Up to 8400 sheets \/ hour First \/ last crease from edge: 5 mm \/ 10 mm Range of supported weights: 150 - 400 g\/m2 Check how the Swift Speed automatic creasing machine will speed up the execution of orders in your printing house.<\/p>","protected":false},"excerpt":{"rendered":"<p>The Swift Speed automatic creasing machine is the perfect solution for all digital and offset printers. Swift Speed is an automatic creasing machine with a top-loading vacuum intake and a lift table, which allows a high stack of paper sheets up to 10 centimeters and an unprecedented speed of up to 8000 sheets\/hour! This is a multifunctional creasing and perforating machine with accuracy compensation depending on paper thickness. [...]<\/p>","protected":false},"featured_media":5847,"comment_status":"closed","ping_status":"closed","template":"","meta":{"_acf_changed":false,"_et_pb_use_builder":"off","_et_pb_old_content":"Big\u00f3wka automatyczna Swift Speed to doskona\u0142e rozwi\u0105zanie do wszystkich drukarni cyfrowych i offsetowych.\r\n\r\nSwift Speed to big\u00f3wka automatyczna z pobieraniem podci\u015bnieniowym od g\u00f3ry i podnoszonym sto\u0142em, kt\u00f3ry pozwala na u\u0142o\u017cenie wysokiego stosu arkuszy papieru do 10 centymetr\u00f3w i <strong>niespotykan\u0105 pr\u0119dko\u015bci\u0105 do 8000 arkuszy\/godzin\u0119!<\/strong> To wielofunkcyjna maszyna biguj\u0105co-perforuj\u0105ca z kompensacj\u0105 dok\u0142adno\u015bci w zale\u017cno\u015bci od grubo\u015bci papieru. Swift Speed oferuje wysok\u0105 precyzj\u0105 bigowania z mo\u017cliwo\u015bci\u0105 regulacji g\u0142\u0119boko\u015bci. Ta big\u00f3wka automatyczna dedykowana do obr\u00f3bki druku cyfrowego, mo\u017ce by\u0107 rozbudowana o modu\u0142y umo\u017cliwiaj\u0105ce perforacj\u0119 czy ci\u0119cie przy wykorzystaniu kr\u0105\u017ck\u00f3w. P\u0142ynn\u0105 prac\u0119 zapewnia podci\u015bnieniowy podajnik, kt\u00f3ry nie powoduje rysowania arkuszy a sam programator jest niezwykle prosty w obs\u0142udze, kolorowy i intuicyjny.\r\n\r\nDzi\u0119ki mo\u017cliwo\u015bciom rozbudowy big\u00f3wki automatycznej Swift Speed, jest ona bardzo uniwersalnym i elastycznym rozwi\u0105zaniem do wielozadaniowej pracy w ka\u017cdej introligatorni. <strong>Istnieje mo\u017cliwo\u015b\u0107 po\u0142\u0105czenia big\u00f3wki z falcerk\u0105 no\u017cow\u0105,\u00a0<\/strong><strong>sk\u0142adaj\u0105c\u0105 papier do 350g\/m2 lub nawet 400g\/m2 (sk\u0142adanie na p\u00f3\u0142).<\/strong> Big\u00f3wka automatyczna Swift Speed posiada wymienn\u0105 listw\u0119 biguj\u0105c\u0105, pozwalaj\u0105c\u0105 na prac\u0119 z ka\u017cd\u0105 gramatur\u0105 papieru z zachowaniem najwy\u017cszej jako\u015bci.\r\n\r\nOPCJA PERFORACJI CZ\u0118\u015aCIOWEJ\/FRAGMENTARYCZNEJ ROLKOWEJ!\r\n\r\nInnowacyjne rozwi\u0105zanie w postaci kr\u0105\u017ck\u00f3w perforacyjnych sterowanych elektromagnesem pozwala na za\u0142\u0105czanie i wy\u0142\u0105czanie perforacji (mo\u017cliwo\u015b\u0107 wykonania kilku perforacji na arkuszu), pozwalaj\u0105ce na produkcj\u0119 kupon\u00f3w, bilet\u00f3w czy zrywek a wszystko bez konieczno\u015bci wykonywania wykrojnika!\r\n\r\n\u00a0\r\n\r\nBig\u00f3wka automatyczna Swift Speed mo\u017ce zosta\u0107 wyposa\u017cona w narz\u0119dzia dodatkowe:\r\n<ul>\r\n \t<li>listw\u0119 perforuj\u0105c\u0105<\/li>\r\n \t<li>listw\u0119 biguj\u0105c\u0105 0,6mm do pracy z papierami do oko\u0142o 250 g\/m2<\/li>\r\n \t<li>listw\u0119 biguj\u0105c\u0105 1mm do pracy z papierami oko\u0142o 300 g\/m2<\/li>\r\n \t<li>listw\u0119 biguj\u0105c\u0105 1,4mm do pracy z papierami od oko\u0142o 300 g\/m2<\/li>\r\n<\/ul>\r\noraz kr\u0105\u017cki:\r\n<ul>\r\n \t<li>perforuj\u0105ce<\/li>\r\n \t<li>rozcinaj\u0105ce<\/li>\r\n \t<li>biguj\u0105ce<\/li>\r\n \t<li>perforuj\u0105ce fragmentaryczne (sterowane elektromagnesem)<\/li>\r\n<\/ul>\r\n[embed]https:\/\/youtu.be\/XfaTo_pqNNY[\/embed]\r\n\r\n<strong>Podstawowe dane techniczne big\u00f3wka automatyczna Swift Speed:<\/strong>\r\nMaksymalny format: 330 mm x 1200 mm (z wyd\u0142u\u017conym sto\u0142em)\r\nMinimalny format: 45 x 130 mm (z modu\u0142em w\u0105skiego podajnika)\r\nWysoko\u015b\u0107 stosu: 100 mm\r\nIlo\u015b\u0107 big w 1 przebiegu: Do 32\r\nDok\u0142adno\u015b\u0107: +\/- 0,2 mm\r\nGrubo\u015b\u0107 bigi: Standardowo 1 mm,\r\nOpcjonalnie: 0,6 \/ 1,4 mm (mo\u017cliwo\u015b\u0107 wymiany listwy biguj\u0105cej na perforuj\u0105c\u0105\r\nPr\u0119dko\u015b\u0107 (A4 z 1 big\u0105): do 8400 ark. \/ godz.\r\nPierwsza \/ ostatnia biga od kraw\u0119dzi: 5 mm \/ 10 mm\r\nZakres obs\u0142ugiwanych gramatur: 150 - 400 g\/m2\r\n\r\n\u00a0\r\n\r\nSprawd\u017a, w jaki spos\u00f3b big\u00f3wka automatyczna Swift Speed przy\u015bpieszy realizacje zlece\u0144 w Twojej drukarni.\r\n\r\n\u00a0\r\n\r\n\u00a0\r\n\r\n\u00a0","_et_gb_content_width":"","inline_featured_image":false,"_monsterinsights_skip_tracking":false,"_monsterinsights_sitenote_active":false,"_monsterinsights_sitenote_note":"","_monsterinsights_sitenote_category":0},"product_brand":[],"product_cat":[22],"product_tag":[],"class_list":{"0":"post-919","1":"product","2":"type-product","3":"status-publish","4":"has-post-thumbnail","6":"product_cat-bigowki","8":"first","9":"instock","10":"shipping-taxable","11":"product-type-simple"},"acf":[],"_links":{"self":[{"href":"https:\/\/akonda.pl\/en\/wp-json\/wp\/v2\/product\/919","targetHints":{"allow":["GET"]}}],"collection":[{"href":"https:\/\/akonda.pl\/en\/wp-json\/wp\/v2\/product"}],"about":[{"href":"https:\/\/akonda.pl\/en\/wp-json\/wp\/v2\/types\/product"}],"replies":[{"embeddable":true,"href":"https:\/\/akonda.pl\/en\/wp-json\/wp\/v2\/comments?post=919"}],"wp:featuredmedia":[{"embeddable":true,"href":"https:\/\/akonda.pl\/en\/wp-json\/wp\/v2\/media\/5847"}],"wp:attachment":[{"href":"https:\/\/akonda.pl\/en\/wp-json\/wp\/v2\/media?parent=919"}],"wp:term":[{"taxonomy":"product_brand","embeddable":true,"href":"https:\/\/akonda.pl\/en\/wp-json\/wp\/v2\/product_brand?post=919"},{"taxonomy":"product_cat","embeddable":true,"href":"https:\/\/akonda.pl\/en\/wp-json\/wp\/v2\/product_cat?post=919"},{"taxonomy":"product_tag","embeddable":true,"href":"https:\/\/akonda.pl\/en\/wp-json\/wp\/v2\/product_tag?post=919"}],"curies":[{"name":"wp","href":"https:\/\/api.w.org\/{rel}","templated":true}]}}