{"id":98,"date":"2021-08-02T23:42:35","date_gmt":"2021-08-02T21:42:35","guid":{"rendered":"https:\/\/akonda-test.key2print.com\/?post_type=product&#038;p=98"},"modified":"2024-10-02T22:20:35","modified_gmt":"2024-10-02T20:20:35","slug":"autoamatyczna-bigowka-swift","status":"publish","type":"product","link":"https:\/\/akonda.pl\/en\/product\/autoamatic-creasing-machine-swift\/","title":{"rendered":"Swift Auto creasing machine"},"content":{"rendered":"<p>Swift Auto is an automatic creasing machine with a vacuum pick-up from the top and a lift table that allows for a high stack of paper sheets up to 10 centimeters. It is a multifunctional creasing and perforating machine with accuracy compensation depending on paper thickness. The Swift 335 offers high precision creasing with adjustable depth. The Swift 335 automatic creasing machine is dedicated to the processing of digital printing, and can be expanded with modules for perforating or cutting using discs. Smooth operation is ensured by a vacuum feeder, which does not scratch the sheets, and the programmer itself is extremely easy to use and intuitive. Swift automatic creasing machine can be equipped with additional tools:<\/p>\n<ul>\n<li>perforation strip<\/li>\n<li>creasing bar 0.6mm to work with papers up to about 250 g\/m2<\/li>\n<li>creasing bar 1mm to work with papers about 300 g\/m2<\/li>\n<li>creasing bar 1,4mm to work with papers from about 300 g\/m2<\/li>\n<\/ul>\n<p>and discs:<\/p>\n<ul>\n<li>perforating<\/li>\n<li>cutting<\/li>\n<li>creasing<\/li>\n<\/ul>\n<p>Find out how the Swift 335 automatic creasing machine will speed up the execution of orders in your printing house. \u00a0 <strong>Basic technical data of the Swift automatic creasing machine:<\/strong><\/p>\n<ul>\n<li>Weight range: 100g\/m2-350g\/m2 01.mm-0.4mm<\/li>\n<li>Paper sizes: Min 140*120 mm-Max 650*330 mm (length*width)<\/li>\n<li>Paper types: coated, uncoated, laminated papers<\/li>\n<li>Creasing strip thickness: standard 1.0mm, optional 0.6\/1.4mm<\/li>\n<li>Minimum distance between creasing: 0.1mm<\/li>\n<li>Arukha stack: 9cm<\/li>\n<li>Number of creases per sheet: up to 32<\/li>\n<li>Memory: 30<\/li>\n<li>Picking up: vacuum from above, rising table<\/li>\n<li>Programming the device from the panel<\/li>\n<li>Power: 3000W<\/li>\n<li>Dimensions (length*height): 110cm*51cm*78cm<\/li>\n<li><strong>Available options - creasing bar (thin or thick), perforating bar<\/strong><\/li>\n<li><strong>Options available - creasing, perforating, slitting discs<\/strong><\/li>\n<\/ul>\n<p><iframe loading=\"lazy\" src=\"https:\/\/www.youtube.com\/embed\/zOL5I44IPJw\" width=\"560\" height=\"315\" frameborder=\"0\" allowfullscreen=\"allowfullscreen\"><\/iframe><\/p>","protected":false},"excerpt":{"rendered":"<p>The Swift Auto 335 is an advanced automatic creasing machine with vacuum sheet feed, capable of processing paper from 100g\/m\u00b2 to 350g\/m\u00b2.<\/p>","protected":false},"featured_media":1371,"comment_status":"open","ping_status":"closed","template":"","meta":{"_acf_changed":false,"_et_pb_use_builder":"off","_et_pb_old_content":"Swift Auto to big\u00f3wka automatyczna z pobieraniem podci\u015bnieniowym od g\u00f3ry i podnoszonym sto\u0142em, kt\u00f3ry pozwala na u\u0142o\u017cenie wysokiego stosu arkuszy papieru do 10 centymetr\u00f3w. To wielofunkcyjna maszyna biguj\u0105co-perforuj\u0105ca z kompensacj\u0105 dok\u0142adno\u015bci w zale\u017cno\u015bci od grubo\u015bci papieru. Swift 335 oferuje wysok\u0105 precyzj\u0105 bigowania z mo\u017cliwo\u015bci\u0105 regulacji g\u0142\u0119boko\u015bci. Big\u00f3wka automatyczna Swift 335 dedykowana jest do obr\u00f3bki druku cyfrowego mo\u017ce by\u0107 rozbudowana o modu\u0142y umo\u017cliwiaj\u0105ce perforacj\u0119 czy ci\u0119cie przy wykorzystaniu kr\u0105\u017ck\u00f3w. P\u0142ynn\u0105 prac\u0119 zapewnia podci\u015bnieniowy podajnik, kt\u00f3ry nie powoduje rysowania arkuszy a sam programator jest niezwykle prosty w obs\u0142udze i intuicyjny.\r\n\r\nBig\u00f3wka automatyczna Swift\u00a0 mo\u017ce zosta\u0107 wyposa\u017cona w narz\u0119dzia dodatkowe:\r\n<ul>\r\n \t<li>listw\u0119 perforuj\u0105c\u0105<\/li>\r\n \t<li>listw\u0119 biguj\u0105c\u0105 0,6mm do pracy z papierami do oko\u0142o 250 g\/m2<\/li>\r\n \t<li>listw\u0119 biguj\u0105c\u0105 1mm do pracy z papierami oko\u0142o 300 g\/m2<\/li>\r\n \t<li>listw\u0119 biguj\u0105c\u0105 1,4mm do pracy z papierami od oko\u0142o 300 g\/m2<\/li>\r\n<\/ul>\r\noraz kr\u0105\u017cki:\r\n<ul>\r\n \t<li>perforuj\u0105ce<\/li>\r\n \t<li>rozcinaj\u0105ce<\/li>\r\n \t<li>biguj\u0105ce<\/li>\r\n<\/ul>\r\n\u00a0\r\n\r\nSprawd\u017a w jaki spos\u00f3b big\u00f3wka automatyczna Swift 335 przy\u015bpieszy realizacje zlece\u0144 w Twojej drukarni.\r\n\r\n\u00a0\r\n\r\n<strong>Podstawowe dane techniczne Big\u00f3wka automatyczna Swift:<\/strong>\r\n<ul>\r\n \t<li>Zakres gramatur: 100g\/m2-350g\/m2\u00a0 \u00a0 \u00a001.mm-0.4mm<\/li>\r\n \t<li>Rozmiary papieru: Min 140*120 mm-Max 650*330 mm (d\u0142ugo\u015b\u0107*szeroko\u015b\u0107)<\/li>\r\n \t<li>Rodzaje papieru: papiery powlekane, niepowlekane, laminowane<\/li>\r\n \t<li>Grubo\u015b\u0107 listwy biguj\u0105cej: standard 1.0mm, opcjonalnie 0.6\/1.4mm<\/li>\r\n \t<li>Minimalna odleg\u0142o\u015b\u0107 mi\u0119dzy bigowaniem: 0.1mm<\/li>\r\n \t<li>Stos arukszy: 9cm<\/li>\r\n \t<li>Ilo\u015b\u0107 bigowa\u0144 na arkusz: do 32<\/li>\r\n \t<li>Pami\u0119\u0107: 30<\/li>\r\n \t<li>Podbieranie: podci\u015bnieniowe od g\u00f3ry, unosz\u0105cy si\u0119 st\u00f3\u0142<\/li>\r\n \t<li>Programowanie urz\u0105dzenia z panelu<\/li>\r\n \t<li>Moc: 3000W<\/li>\r\n \t<li>Wymiary (d\u0142*sze*wys): 110cm*51cm*78cm<\/li>\r\n \t<li><strong>Dost\u0119pne opcje - listwa biguj\u0105ca (cienka lub gruba), listwa perforuj\u0105ca<\/strong><\/li>\r\n \t<li><strong>Dost\u0119pne opcje - kr\u0105\u017cki biguj\u0105ce, perforuj\u0105ce, rozcinaj\u0105ce<\/strong><\/li>\r\n<\/ul>\r\n<iframe src=\"https:\/\/www.youtube.com\/embed\/zOL5I44IPJw\" width=\"560\" height=\"315\" frameborder=\"0\" allowfullscreen=\"allowfullscreen\"><\/iframe>","_et_gb_content_width":"","inline_featured_image":false,"_monsterinsights_skip_tracking":false,"_monsterinsights_sitenote_active":false,"_monsterinsights_sitenote_note":"","_monsterinsights_sitenote_category":0},"product_brand":[],"product_cat":[22],"product_tag":[],"class_list":{"0":"post-98","1":"product","2":"type-product","3":"status-publish","4":"has-post-thumbnail","6":"product_cat-bigowki","8":"first","9":"instock","10":"shipping-taxable","11":"product-type-simple"},"acf":[],"_links":{"self":[{"href":"https:\/\/akonda.pl\/en\/wp-json\/wp\/v2\/product\/98","targetHints":{"allow":["GET"]}}],"collection":[{"href":"https:\/\/akonda.pl\/en\/wp-json\/wp\/v2\/product"}],"about":[{"href":"https:\/\/akonda.pl\/en\/wp-json\/wp\/v2\/types\/product"}],"replies":[{"embeddable":true,"href":"https:\/\/akonda.pl\/en\/wp-json\/wp\/v2\/comments?post=98"}],"wp:featuredmedia":[{"embeddable":true,"href":"https:\/\/akonda.pl\/en\/wp-json\/wp\/v2\/media\/1371"}],"wp:attachment":[{"href":"https:\/\/akonda.pl\/en\/wp-json\/wp\/v2\/media?parent=98"}],"wp:term":[{"taxonomy":"product_brand","embeddable":true,"href":"https:\/\/akonda.pl\/en\/wp-json\/wp\/v2\/product_brand?post=98"},{"taxonomy":"product_cat","embeddable":true,"href":"https:\/\/akonda.pl\/en\/wp-json\/wp\/v2\/product_cat?post=98"},{"taxonomy":"product_tag","embeddable":true,"href":"https:\/\/akonda.pl\/en\/wp-json\/wp\/v2\/product_tag?post=98"}],"curies":[{"name":"wp","href":"https:\/\/api.w.org\/{rel}","templated":true}]}}