{"id":980,"date":"2017-06-25T22:49:42","date_gmt":"2017-06-25T20:49:42","guid":{"rendered":"https:\/\/akonda-test.key2print.com\/?post_type=product&#038;p=980"},"modified":"2018-09-04T22:11:14","modified_gmt":"2018-09-04T20:11:14","slug":"produkcja-okladek-cm-03","status":"publish","type":"product","link":"https:\/\/akonda.pl\/en\/product\/cover-production-cm-03\/","title":{"rendered":"Cover production - CM-03"},"content":{"rendered":"<p>A compact, easy-to-use machine for the production of hardcover binding. The machine enables:<br \/>\n- glue application on the veneer<br \/>\n- wrapping the edges of the veneer<br \/>\n- cover ironing<\/p>\n<p>The machine has 2 roller units:<\/p>\n<ul>\n<li>made of stainless steel for glue application<\/li>\n<li>Chrome-plated used as a press.<\/li>\n<\/ul>\n<p>Wrapping of the edge of the veneer is carried out using a rubber-covered metal plate - the drive of the plate is transmitted using a pneumatic actuator. One edge is wrapped during one cycle. The work table has an under-feed which makes work easier and reduces mistakes.<\/p>\n<p>&nbsp;<\/p>\n<table>\n<tbody>\n<tr>\n<td width=\"359\"><strong>SPECIFICATION CM-03<\/strong><\/td>\n<td width=\"335\"><\/td>\n<td colspan=\"2\" width=\"2\"><\/td>\n<td width=\"2\"><\/td>\n<\/tr>\n<tr>\n<td width=\"359\">Maximum cover size:<\/td>\n<td colspan=\"2\" width=\"336\">700 x 500 mm<\/td>\n<td colspan=\"2\" width=\"2\"><\/td>\n<\/tr>\n<tr>\n<td width=\"359\">Minimum cover size:<\/td>\n<td colspan=\"2\" width=\"336\">60 x 60 mm<\/td>\n<td colspan=\"2\" width=\"2\"><\/td>\n<\/tr>\n<tr>\n<td width=\"359\">Working speed<\/td>\n<td colspan=\"2\" width=\"336\">up to 2 pcs\/min<\/td>\n<td colspan=\"2\" width=\"2\"><\/td>\n<\/tr>\n<tr>\n<td width=\"359\">Power supply<\/td>\n<td colspan=\"2\" width=\"336\">400V, 50Hz, 0.2 kW motor<\/td>\n<td colspan=\"2\" width=\"2\"><\/td>\n<\/tr>\n<tr>\n<td width=\"359\">Air<\/td>\n<td colspan=\"2\" width=\"336\">Compressor required 6-8 bar<\/td>\n<td colspan=\"2\" width=\"2\"><\/td>\n<\/tr>\n<tr>\n<td width=\"359\">Weight of the machine<\/td>\n<td colspan=\"2\" width=\"336\">90 kg<\/td>\n<td colspan=\"2\" width=\"2\"><\/td>\n<\/tr>\n<tr>\n<td width=\"359\">Machine sizes<\/td>\n<td colspan=\"2\" width=\"336\">120 x 80 x 40 cm<\/td>\n<td colspan=\"2\" width=\"2\"><\/td>\n<\/tr>\n<tr>\n<td width=\"359\">Width of rollers<\/td>\n<td colspan=\"2\" width=\"336\">55 cm<\/td>\n<td colspan=\"2\" width=\"2\"><\/td>\n<\/tr>\n<tr>\n<td width=\"359\">Glue application<\/td>\n<td colspan=\"2\" width=\"336\">Cold only<\/td>\n<td colspan=\"2\" width=\"2\"><\/td>\n<\/tr>\n<\/tbody>\n<\/table>","protected":false},"excerpt":{"rendered":"<p>Kompaktowa, prosta w obs\u0142udze maszyna do produkcji ok\u0142adek do oprawy twardej. Maszyna umo\u017cliwia: \u2022 aplikacj\u0119 kleju na oklein\u0119 \u2022 zawijanie kraw\u0119dzi okleiny \u2022 prasowania ok\u0142adki Maszyna posiada 2 zespo\u0142y wa\u0142k\u00f3w: ze stali nierdzewnej do aplikacji kleju chromowane wykorzystywane jako prasa. Zawijanie kraw\u0119dzi okleiny realizowane jest przy wykorzystaniu metalowej, pokrytej gum\u0105 p\u0142yty &#8211; nap\u0119d p\u0142yty przenoszony [&hellip;]<\/p>","protected":false},"featured_media":1561,"comment_status":"closed","ping_status":"closed","template":"","meta":{"_acf_changed":false,"_et_pb_use_builder":"","_et_pb_old_content":"","_et_gb_content_width":"","inline_featured_image":false,"_monsterinsights_skip_tracking":false,"_monsterinsights_sitenote_active":false,"_monsterinsights_sitenote_note":"","_monsterinsights_sitenote_category":0},"product_brand":[],"product_cat":[36],"product_tag":[],"class_list":{"0":"post-980","1":"product","2":"type-product","3":"status-publish","4":"has-post-thumbnail","6":"product_cat-oprawatwarda","8":"first","9":"instock","10":"shipping-taxable","11":"product-type-simple"},"acf":[],"_links":{"self":[{"href":"https:\/\/akonda.pl\/en\/wp-json\/wp\/v2\/product\/980","targetHints":{"allow":["GET"]}}],"collection":[{"href":"https:\/\/akonda.pl\/en\/wp-json\/wp\/v2\/product"}],"about":[{"href":"https:\/\/akonda.pl\/en\/wp-json\/wp\/v2\/types\/product"}],"replies":[{"embeddable":true,"href":"https:\/\/akonda.pl\/en\/wp-json\/wp\/v2\/comments?post=980"}],"wp:featuredmedia":[{"embeddable":true,"href":"https:\/\/akonda.pl\/en\/wp-json\/wp\/v2\/media\/1561"}],"wp:attachment":[{"href":"https:\/\/akonda.pl\/en\/wp-json\/wp\/v2\/media?parent=980"}],"wp:term":[{"taxonomy":"product_brand","embeddable":true,"href":"https:\/\/akonda.pl\/en\/wp-json\/wp\/v2\/product_brand?post=980"},{"taxonomy":"product_cat","embeddable":true,"href":"https:\/\/akonda.pl\/en\/wp-json\/wp\/v2\/product_cat?post=980"},{"taxonomy":"product_tag","embeddable":true,"href":"https:\/\/akonda.pl\/en\/wp-json\/wp\/v2\/product_tag?post=980"}],"curies":[{"name":"wp","href":"https:\/\/api.w.org\/{rel}","templated":true}]}}